{"id":381,"date":"2025-12-05T14:01:52","date_gmt":"2025-12-05T12:01:52","guid":{"rendered":"https:\/\/webs.uab.cat\/desincare\/?page_id=381"},"modified":"2025-12-05T15:23:53","modified_gmt":"2025-12-05T13:23:53","slug":"consejo-asesor","status":"publish","type":"page","link":"https:\/\/webs.uab.cat\/desincare\/consejo-asesor\/","title":{"rendered":"CONSEJO ASESOR"},"content":{"rendered":"\n<h2 class=\"wp-block-heading\">\ud83c\udfdb\ufe0fConsejo Asesor<\/h2>\n\n\n\n<p>El proyecto cuenta con un Consejo Asesor formado por instituciones de distinta naturaleza cuyo trabajo se relaciona con el objeto de estudio. Dicho Consejo esta presente en todas las fases del plan de trabajo con el fin de generar un espacio de transferencia, articulando un mayor engranaje entre el conocimiento acad\u00e9mico y su traducci\u00f3n en acciones que permitan vislumbrar su aplicabilidad. <\/p>\n\n\n\n<p>Lo integran las siguientes instituciones:<\/p>\n\n\n\n<blockquote class=\"wp-block-quote is-layout-flow wp-block-quote-is-layout-flow\">\n<p class=\"has-normal-font-size\"><strong>Desinstitucionalizaci\u00f3n del cuidado de larga duraci\u00f3n, reto demogr\u00e1fico e inclusi\u00f3n social: reconocimiento y redistribuci\u00f3n del trabajo y las necesidades de cuidado<\/strong> (DESINCARE1)<\/p>\n<\/blockquote>\n\n\n\n<div class=\"wp-block-columns is-layout-flex wp-container-core-columns-is-layout-9d6595d7 wp-block-columns-is-layout-flex\">\n<div class=\"wp-block-column is-vertically-aligned-center is-layout-flow wp-block-column-is-layout-flow\" style=\"flex-basis:66.66%\">\n<ul class=\"wp-block-list\">\n<li class=\"has-small-font-size\">Direcci\u00f3 General de Cures, Organitzaci\u00f3 del Temps i Equitat en els Treballs<\/li>\n<\/ul>\n<\/div>\n\n\n\n<div class=\"wp-block-column is-layout-flow wp-block-column-is-layout-flow\" style=\"flex-basis:33.33%\">\n<figure class=\"wp-block-image size-full\"><a href=\"https:\/\/web.gencat.cat\/ca\/adreces-i-telefons\/detall\/index.html?codInf=21691\" target=\"_blank\" rel=\" noreferrer noopener\"><img loading=\"lazy\" decoding=\"async\" width=\"803\" height=\"346\" src=\"https:\/\/webs.uab.cat\/desincare\/wp-content\/uploads\/sites\/686\/2025\/12\/TempxCures_RGB_negre.jpg\" alt=\"\" class=\"wp-image-382\" srcset=\"https:\/\/webs.uab.cat\/desincare\/wp-content\/uploads\/sites\/686\/2025\/12\/TempxCures_RGB_negre.jpg 803w, https:\/\/webs.uab.cat\/desincare\/wp-content\/uploads\/sites\/686\/2025\/12\/TempxCures_RGB_negre-300x129.jpg 300w, https:\/\/webs.uab.cat\/desincare\/wp-content\/uploads\/sites\/686\/2025\/12\/TempxCures_RGB_negre-768x331.jpg 768w\" sizes=\"auto, (max-width: 803px) 100vw, 803px\" \/><\/a><\/figure>\n<\/div>\n<\/div>\n\n\n\n<div class=\"wp-block-columns is-layout-flex wp-container-core-columns-is-layout-9d6595d7 wp-block-columns-is-layout-flex\">\n<div class=\"wp-block-column is-vertically-aligned-center is-layout-flow wp-block-column-is-layout-flow\" style=\"flex-basis:66.66%\">\n<ul class=\"wp-block-list\">\n<li class=\"has-small-font-size\">Institut Catal\u00e0 de les Dones<\/li>\n<\/ul>\n<\/div>\n\n\n\n<div class=\"wp-block-column is-layout-flow wp-block-column-is-layout-flow\" style=\"flex-basis:33.33%\">\n<figure class=\"wp-block-image size-full\"><a href=\"https:\/\/dones.gencat.cat\/ca\/inici\" target=\"_blank\" rel=\" noreferrer noopener\"><img loading=\"lazy\" decoding=\"async\" width=\"654\" height=\"217\" src=\"https:\/\/webs.uab.cat\/desincare\/wp-content\/uploads\/sites\/686\/2025\/12\/icd_c2.jpg\" alt=\"\" class=\"wp-image-383\" srcset=\"https:\/\/webs.uab.cat\/desincare\/wp-content\/uploads\/sites\/686\/2025\/12\/icd_c2.jpg 654w, https:\/\/webs.uab.cat\/desincare\/wp-content\/uploads\/sites\/686\/2025\/12\/icd_c2-300x100.jpg 300w\" sizes=\"auto, (max-width: 654px) 100vw, 654px\" \/><\/a><\/figure>\n<\/div>\n<\/div>\n\n\n\n<div class=\"wp-block-columns is-layout-flex wp-container-core-columns-is-layout-9d6595d7 wp-block-columns-is-layout-flex\">\n<div class=\"wp-block-column is-vertically-aligned-center is-layout-flow wp-block-column-is-layout-flow\" style=\"flex-basis:66.66%\">\n<ul class=\"wp-block-list\">\n<li class=\"has-small-font-size\">Diputaci\u00f3 de Barcelona<\/li>\n<\/ul>\n<\/div>\n\n\n\n<div class=\"wp-block-column is-layout-flow wp-block-column-is-layout-flow\" style=\"flex-basis:33.33%\">\n<figure class=\"wp-block-image size-full\"><a href=\"https:\/\/www.diba.cat\/es\/\" target=\"_blank\" rel=\" noreferrer noopener\"><img loading=\"lazy\" decoding=\"async\" width=\"389\" height=\"129\" src=\"https:\/\/webs.uab.cat\/desincare\/wp-content\/uploads\/sites\/686\/2025\/12\/diputacio.png\" alt=\"\" class=\"wp-image-384\" srcset=\"https:\/\/webs.uab.cat\/desincare\/wp-content\/uploads\/sites\/686\/2025\/12\/diputacio.png 389w, https:\/\/webs.uab.cat\/desincare\/wp-content\/uploads\/sites\/686\/2025\/12\/diputacio-300x99.png 300w\" sizes=\"auto, (max-width: 389px) 100vw, 389px\" \/><\/a><\/figure>\n<\/div>\n<\/div>\n\n\n\n<div class=\"wp-block-columns is-layout-flex wp-container-core-columns-is-layout-9d6595d7 wp-block-columns-is-layout-flex\">\n<div class=\"wp-block-column is-vertically-aligned-center is-layout-flow wp-block-column-is-layout-flow\" style=\"flex-basis:66.66%\">\n<ul class=\"wp-block-list\">\n<li class=\"has-small-font-size\">Ajuntament de Barcelona<\/li>\n<\/ul>\n<\/div>\n\n\n\n<div class=\"wp-block-column is-layout-flow wp-block-column-is-layout-flow\" style=\"flex-basis:33.33%\">\n<figure class=\"wp-block-image size-full\"><a href=\"https:\/\/www.barcelona.cat\/es\" target=\"_blank\" rel=\" noreferrer noopener\"><img loading=\"lazy\" decoding=\"async\" width=\"2109\" height=\"568\" src=\"https:\/\/webs.uab.cat\/desincare\/wp-content\/uploads\/sites\/686\/2025\/12\/RGB_marca_Color.jpg\" alt=\"\" class=\"wp-image-386\" srcset=\"https:\/\/webs.uab.cat\/desincare\/wp-content\/uploads\/sites\/686\/2025\/12\/RGB_marca_Color.jpg 2109w, https:\/\/webs.uab.cat\/desincare\/wp-content\/uploads\/sites\/686\/2025\/12\/RGB_marca_Color-300x81.jpg 300w, https:\/\/webs.uab.cat\/desincare\/wp-content\/uploads\/sites\/686\/2025\/12\/RGB_marca_Color-1024x276.jpg 1024w, https:\/\/webs.uab.cat\/desincare\/wp-content\/uploads\/sites\/686\/2025\/12\/RGB_marca_Color-768x207.jpg 768w, https:\/\/webs.uab.cat\/desincare\/wp-content\/uploads\/sites\/686\/2025\/12\/RGB_marca_Color-1536x414.jpg 1536w, https:\/\/webs.uab.cat\/desincare\/wp-content\/uploads\/sites\/686\/2025\/12\/RGB_marca_Color-2048x552.jpg 2048w, https:\/\/webs.uab.cat\/desincare\/wp-content\/uploads\/sites\/686\/2025\/12\/RGB_marca_Color-1200x323.jpg 1200w, https:\/\/webs.uab.cat\/desincare\/wp-content\/uploads\/sites\/686\/2025\/12\/RGB_marca_Color-1980x533.jpg 1980w\" sizes=\"auto, (max-width: 2109px) 100vw, 2109px\" \/><\/a><\/figure>\n<\/div>\n<\/div>\n\n\n\n<div class=\"wp-block-columns is-layout-flex wp-container-core-columns-is-layout-9d6595d7 wp-block-columns-is-layout-flex\">\n<div class=\"wp-block-column is-vertically-aligned-center is-layout-flow wp-block-column-is-layout-flow\" style=\"flex-basis:66.66%\">\n<ul class=\"wp-block-list\">\n<li class=\"has-small-font-size\">Ajuntament del Prat de Llobregat<br><a href=\"https:\/\/www.barcelona.cat\/es\" target=\"_blank\" rel=\"noreferrer noopener\"><\/a><\/li>\n<\/ul>\n<\/div>\n\n\n\n<div class=\"wp-block-column is-layout-flow wp-block-column-is-layout-flow\" style=\"flex-basis:33.33%\">\n<figure class=\"wp-block-image size-full\"><a href=\"https:\/\/www.elprat.cat\/?lan=es#googtrans(ca|es)\" target=\"_blank\" rel=\" noreferrer noopener\"><img loading=\"lazy\" decoding=\"async\" width=\"1178\" height=\"372\" src=\"https:\/\/webs.uab.cat\/desincare\/wp-content\/uploads\/sites\/686\/2025\/12\/elprat_logo_b.jpg\" alt=\"\" class=\"wp-image-387\" srcset=\"https:\/\/webs.uab.cat\/desincare\/wp-content\/uploads\/sites\/686\/2025\/12\/elprat_logo_b.jpg 1178w, https:\/\/webs.uab.cat\/desincare\/wp-content\/uploads\/sites\/686\/2025\/12\/elprat_logo_b-300x95.jpg 300w, https:\/\/webs.uab.cat\/desincare\/wp-content\/uploads\/sites\/686\/2025\/12\/elprat_logo_b-1024x323.jpg 1024w, https:\/\/webs.uab.cat\/desincare\/wp-content\/uploads\/sites\/686\/2025\/12\/elprat_logo_b-768x243.jpg 768w\" sizes=\"auto, (max-width: 1178px) 100vw, 1178px\" \/><\/a><\/figure>\n<\/div>\n<\/div>\n\n\n\n<div class=\"wp-block-columns is-layout-flex wp-container-core-columns-is-layout-9d6595d7 wp-block-columns-is-layout-flex\">\n<div class=\"wp-block-column is-vertically-aligned-center is-layout-flow wp-block-column-is-layout-flow\" style=\"flex-basis:66.66%\">\n<ul class=\"wp-block-list\">\n<li class=\"has-small-font-size\">Suara Cooperativa<br><a href=\"https:\/\/www.barcelona.cat\/es\" target=\"_blank\" rel=\"noreferrer noopener\"><\/a><\/li>\n<\/ul>\n<\/div>\n\n\n\n<div class=\"wp-block-column is-layout-flow wp-block-column-is-layout-flow\" style=\"flex-basis:33.33%\">\n<figure class=\"wp-block-image size-full\"><a href=\"https:\/\/suara.coop\/es\"><img loading=\"lazy\" decoding=\"async\" width=\"394\" height=\"128\" src=\"https:\/\/webs.uab.cat\/desincare\/wp-content\/uploads\/sites\/686\/2025\/12\/suara.png\" alt=\"\" class=\"wp-image-388\" srcset=\"https:\/\/webs.uab.cat\/desincare\/wp-content\/uploads\/sites\/686\/2025\/12\/suara.png 394w, https:\/\/webs.uab.cat\/desincare\/wp-content\/uploads\/sites\/686\/2025\/12\/suara-300x97.png 300w\" sizes=\"auto, (max-width: 394px) 100vw, 394px\" \/><\/a><\/figure>\n<\/div>\n<\/div>\n\n\n\n<div class=\"wp-block-columns is-layout-flex wp-container-core-columns-is-layout-9d6595d7 wp-block-columns-is-layout-flex\">\n<div class=\"wp-block-column is-vertically-aligned-center is-layout-flow wp-block-column-is-layout-flow\" style=\"flex-basis:66.66%\">\n<ul class=\"wp-block-list\">\n<li class=\"has-small-font-size\">Incoop Cooperativa<br><a href=\"https:\/\/www.barcelona.cat\/es\" target=\"_blank\" rel=\"noreferrer noopener\"><\/a><\/li>\n<\/ul>\n<\/div>\n\n\n\n<div class=\"wp-block-column is-layout-flow wp-block-column-is-layout-flow\" style=\"flex-basis:33.33%\">\n<figure class=\"wp-block-image size-full\"><a href=\"https:\/\/incoop.cat\/#\"><img loading=\"lazy\" decoding=\"async\" width=\"306\" height=\"88\" src=\"https:\/\/webs.uab.cat\/desincare\/wp-content\/uploads\/sites\/686\/2025\/12\/incoop.jpg\" alt=\"\" class=\"wp-image-390\" srcset=\"https:\/\/webs.uab.cat\/desincare\/wp-content\/uploads\/sites\/686\/2025\/12\/incoop.jpg 306w, https:\/\/webs.uab.cat\/desincare\/wp-content\/uploads\/sites\/686\/2025\/12\/incoop-300x86.jpg 300w\" sizes=\"auto, (max-width: 306px) 100vw, 306px\" \/><\/a><\/figure>\n<\/div>\n<\/div>\n\n\n\n<div class=\"wp-block-columns is-layout-flex wp-container-core-columns-is-layout-9d6595d7 wp-block-columns-is-layout-flex\">\n<div class=\"wp-block-column is-vertically-aligned-center is-layout-flow wp-block-column-is-layout-flow\" style=\"flex-basis:66.66%\">\n<ul class=\"wp-block-list\">\n<li class=\"has-small-font-size\">Col\u00b7lectiu Punt6<br><a href=\"https:\/\/www.barcelona.cat\/es\" target=\"_blank\" rel=\"noreferrer noopener\"><\/a><\/li>\n<\/ul>\n<\/div>\n\n\n\n<div class=\"wp-block-column is-layout-flow wp-block-column-is-layout-flow\" style=\"flex-basis:33.33%\">\n<figure class=\"wp-block-image size-full\"><a href=\"https:\/\/www.punt6.org\/es\/es-col-lectiu-punt-6\/\"><img loading=\"lazy\" decoding=\"async\" width=\"1080\" height=\"495\" src=\"https:\/\/webs.uab.cat\/desincare\/wp-content\/uploads\/sites\/686\/2025\/12\/41149d2e-c5a2-4bdf-8362-30f425c5705e.png\" alt=\"\" class=\"wp-image-392\" srcset=\"https:\/\/webs.uab.cat\/desincare\/wp-content\/uploads\/sites\/686\/2025\/12\/41149d2e-c5a2-4bdf-8362-30f425c5705e.png 1080w, https:\/\/webs.uab.cat\/desincare\/wp-content\/uploads\/sites\/686\/2025\/12\/41149d2e-c5a2-4bdf-8362-30f425c5705e-300x138.png 300w, https:\/\/webs.uab.cat\/desincare\/wp-content\/uploads\/sites\/686\/2025\/12\/41149d2e-c5a2-4bdf-8362-30f425c5705e-1024x469.png 1024w, https:\/\/webs.uab.cat\/desincare\/wp-content\/uploads\/sites\/686\/2025\/12\/41149d2e-c5a2-4bdf-8362-30f425c5705e-768x352.png 768w\" sizes=\"auto, (max-width: 1080px) 100vw, 1080px\" \/><\/a><\/figure>\n<\/div>\n<\/div>\n\n\n\n<p><\/p>\n","protected":false},"excerpt":{"rendered":"<p>\ud83c\udfdb\ufe0fConsejo Asesor El proyecto cuenta con un Consejo Asesor formado por instituciones de distinta naturaleza cuyo trabajo se relaciona con el objeto de estudio. Dicho Consejo esta presente en todas las fases del plan de trabajo con el fin de generar un espacio de transferencia, articulando un mayor engranaje entre el conocimiento acad\u00e9mico y su [&hellip;]<\/p>\n","protected":false},"author":2648,"featured_media":0,"parent":0,"menu_order":4,"comment_status":"closed","ping_status":"closed","template":"","meta":{"footnotes":""},"class_list":["post-381","page","type-page","status-publish","hentry"],"_links":{"self":[{"href":"https:\/\/webs.uab.cat\/desincare\/wp-json\/wp\/v2\/pages\/381","targetHints":{"allow":["GET"]}}],"collection":[{"href":"https:\/\/webs.uab.cat\/desincare\/wp-json\/wp\/v2\/pages"}],"about":[{"href":"https:\/\/webs.uab.cat\/desincare\/wp-json\/wp\/v2\/types\/page"}],"author":[{"embeddable":true,"href":"https:\/\/webs.uab.cat\/desincare\/wp-json\/wp\/v2\/users\/2648"}],"replies":[{"embeddable":true,"href":"https:\/\/webs.uab.cat\/desincare\/wp-json\/wp\/v2\/comments?post=381"}],"version-history":[{"count":3,"href":"https:\/\/webs.uab.cat\/desincare\/wp-json\/wp\/v2\/pages\/381\/revisions"}],"predecessor-version":[{"id":423,"href":"https:\/\/webs.uab.cat\/desincare\/wp-json\/wp\/v2\/pages\/381\/revisions\/423"}],"wp:attachment":[{"href":"https:\/\/webs.uab.cat\/desincare\/wp-json\/wp\/v2\/media?parent=381"}],"curies":[{"name":"wp","href":"https:\/\/api.w.org\/{rel}","templated":true}]}}