{"id":42,"date":"2025-11-18T11:12:09","date_gmt":"2025-11-18T09:12:09","guid":{"rendered":"https:\/\/webs.uab.cat\/desincare\/?page_id=42"},"modified":"2025-12-03T10:20:55","modified_gmt":"2025-12-03T08:20:55","slug":"desincare-2","status":"publish","type":"page","link":"https:\/\/webs.uab.cat\/desincare\/proyecto\/desincare-2\/","title":{"rendered":"DESINCARE 2"},"content":{"rendered":"\n<blockquote class=\"wp-block-quote is-layout-flow wp-block-quote-is-layout-flow\">\n<p class=\"has-normal-font-size\"><strong>Desinstitucionalizaci\u00f3n del cuidado de larga duraci\u00f3n, reto demogr\u00e1fico e inclusi\u00f3n social: gobernanza y agencia de los actores territoriales en la gesti\u00f3n integral<\/strong> (DESINCARE 2)<\/p>\n<\/blockquote>\n\n\n\n<p><strong>Fecha de inicio<\/strong>: 01\/09\/2025<br><strong>Fecha de finalizaci\u00f3n<\/strong>: 31\/08\/2028<br><strong>Financiaci\u00f3n:<\/strong>\u00a0Agencia Estatal de Investigaci\u00f3n (AEI), Ministerio de Ciencia e Innovaci\u00f3n (MICINN), Fondo Europeo de Desarrollo Regional (FEDER)<br><strong>Referencia<\/strong>: PID2024-157266OB-C22<br><strong>Investigadora principal:<\/strong>\u00a0Matxalen Legarreta<\/p>\n\n\n\n<p><\/p>\n","protected":false},"excerpt":{"rendered":"<p>Desinstitucionalizaci\u00f3n del cuidado de larga duraci\u00f3n, reto demogr\u00e1fico e inclusi\u00f3n social: gobernanza y agencia de los actores territoriales en la gesti\u00f3n integral (DESINCARE 2) Fecha de inicio: 01\/09\/2025Fecha de finalizaci\u00f3n: 31\/08\/2028Financiaci\u00f3n:\u00a0Agencia Estatal de Investigaci\u00f3n (AEI), Ministerio de Ciencia e Innovaci\u00f3n (MICINN), Fondo Europeo de Desarrollo Regional (FEDER)Referencia: PID2024-157266OB-C22Investigadora principal:\u00a0Matxalen Legarreta<\/p>\n","protected":false},"author":2648,"featured_media":0,"parent":14,"menu_order":2,"comment_status":"closed","ping_status":"closed","template":"","meta":{"footnotes":""},"class_list":["post-42","page","type-page","status-publish","hentry"],"_links":{"self":[{"href":"https:\/\/webs.uab.cat\/desincare\/wp-json\/wp\/v2\/pages\/42","targetHints":{"allow":["GET"]}}],"collection":[{"href":"https:\/\/webs.uab.cat\/desincare\/wp-json\/wp\/v2\/pages"}],"about":[{"href":"https:\/\/webs.uab.cat\/desincare\/wp-json\/wp\/v2\/types\/page"}],"author":[{"embeddable":true,"href":"https:\/\/webs.uab.cat\/desincare\/wp-json\/wp\/v2\/users\/2648"}],"replies":[{"embeddable":true,"href":"https:\/\/webs.uab.cat\/desincare\/wp-json\/wp\/v2\/comments?post=42"}],"version-history":[{"count":4,"href":"https:\/\/webs.uab.cat\/desincare\/wp-json\/wp\/v2\/pages\/42\/revisions"}],"predecessor-version":[{"id":368,"href":"https:\/\/webs.uab.cat\/desincare\/wp-json\/wp\/v2\/pages\/42\/revisions\/368"}],"up":[{"embeddable":true,"href":"https:\/\/webs.uab.cat\/desincare\/wp-json\/wp\/v2\/pages\/14"}],"wp:attachment":[{"href":"https:\/\/webs.uab.cat\/desincare\/wp-json\/wp\/v2\/media?parent=42"}],"curies":[{"name":"wp","href":"https:\/\/api.w.org\/{rel}","templated":true}]}}