{"id":7,"date":"2025-11-04T13:29:18","date_gmt":"2025-11-04T11:29:18","guid":{"rendered":"https:\/\/webs.uab.cat\/desincare\/?page_id=7"},"modified":"2025-12-05T15:07:59","modified_gmt":"2025-12-05T13:07:59","slug":"presentacion","status":"publish","type":"page","link":"https:\/\/webs.uab.cat\/desincare\/presentacion\/","title":{"rendered":"PRESENTACI\u00d3N"},"content":{"rendered":"\n<h4 class=\"wp-block-heading\"><strong>El proyecto DESINCARE analiza la transici\u00f3n hacia un modelo de cuidados de larga duraci\u00f3n m\u00e1s justo, inclusivo y sostenible en un contexto de cambio demogr\u00e1fico.<\/strong><\/h4>\n\n\n\n<div class=\"wp-block-columns is-layout-flex wp-container-core-columns-is-layout-9d6595d7 wp-block-columns-is-layout-flex\">\n<div class=\"wp-block-column is-layout-flow wp-block-column-is-layout-flow\" style=\"flex-basis:33.33%\">\n<blockquote class=\"wp-block-quote is-layout-flow wp-block-quote-is-layout-flow\">\n<p class=\"has-verd-tropic-color has-text-color has-link-color has-large-font-size wp-elements-b1aafb30b0f8232b32bb095f29f806b8\"><strong><strong>OBJETIVO DEL PROYECTO<\/strong><\/strong><\/p>\n<\/blockquote>\n<\/div>\n\n\n\n<div class=\"wp-block-column is-layout-flow wp-block-column-is-layout-flow\" style=\"flex-basis:66.66%\">\n<p class=\"has-small-font-size\">El objetivo principal del proyecto coordinado es analizar la estrategia de desinstitucionalizaci\u00f3n del cuidado de larga duraci\u00f3n en la transici\u00f3n del modelo frente al reto demogr\u00e1fico y fijando la atenci\u00f3n en la inclusi\u00f3n social. Pretende estudiar los factores que contribuyen a su avance, as\u00ed como los que lo limitan o dificultan.<\/p>\n<\/div>\n<\/div>\n\n\n\n<div class=\"wp-block-columns is-layout-flex wp-container-core-columns-is-layout-9d6595d7 wp-block-columns-is-layout-flex\">\n<div class=\"wp-block-column is-layout-flow wp-block-column-is-layout-flow\" style=\"flex-basis:33.33%\">\n<blockquote class=\"wp-block-quote is-layout-flow wp-block-quote-is-layout-flow\">\n<p><\/p>\n\n\n\n<p class=\"has-verd-tropic-color has-text-color has-link-color has-large-font-size wp-elements-cd8e4e8d41e03b61f4c1b53f0883c2a8\"><strong><strong><strong><strong>CONTEXTO TERRITORIAL<\/strong><\/strong><\/strong><br><\/strong><\/p>\n<\/blockquote>\n<\/div>\n\n\n\n<div class=\"wp-block-column is-layout-flow wp-block-column-is-layout-flow\" style=\"flex-basis:66.66%\">\n<p class=\"has-small-font-size\">El an\u00e1lisis se centra en <strong>Catalunya <\/strong>y el <strong>Pa\u00eds Vasco<\/strong>, territorios que est\u00e1n impulsando iniciativas p\u00fablico-comunitarias tanto en servicios tradicionales (residencias, atenci\u00f3n domiciliaria, etc.) como en nuevos enfoques de integraci\u00f3n sociosanitaria. El proyecto busca comprender estas experiencias y aportar conocimiento \u00fatil para avanzar hacia la democratizaci\u00f3n de los cuidados con modelos m\u00e1s equitativos y justos socialmente.<\/p>\n<\/div>\n<\/div>\n\n\n\n<div class=\"wp-block-columns is-layout-flex wp-container-core-columns-is-layout-9d6595d7 wp-block-columns-is-layout-flex\">\n<div class=\"wp-block-column is-layout-flow wp-block-column-is-layout-flow\">\n<figure class=\"wp-block-image size-full\"><a href=\"https:\/\/webs.uab.cat\/desincare\/proyecto\/desincare-1\/\"><img loading=\"lazy\" decoding=\"async\" width=\"500\" height=\"500\" src=\"https:\/\/webs.uab.cat\/desincare\/wp-content\/uploads\/sites\/686\/2025\/12\/DESINCARE-2-2.png\" alt=\"\" class=\"wp-image-328\" srcset=\"https:\/\/webs.uab.cat\/desincare\/wp-content\/uploads\/sites\/686\/2025\/12\/DESINCARE-2-2.png 500w, https:\/\/webs.uab.cat\/desincare\/wp-content\/uploads\/sites\/686\/2025\/12\/DESINCARE-2-2-300x300.png 300w, https:\/\/webs.uab.cat\/desincare\/wp-content\/uploads\/sites\/686\/2025\/12\/DESINCARE-2-2-150x150.png 150w\" sizes=\"auto, (max-width: 500px) 100vw, 500px\" \/><\/a><\/figure>\n\n\n\n<div class=\"wp-block-buttons is-content-justification-center is-layout-flex wp-container-core-buttons-is-layout-16018d1d wp-block-buttons-is-layout-flex\">\n<div class=\"wp-block-button\"><a class=\"wp-block-button__link wp-element-button\" href=\"https:\/\/webs.uab.cat\/desincare\/proyecto\/desincare-1\/\">VER PROYECTO<\/a><\/div>\n<\/div>\n<\/div>\n\n\n\n<div class=\"wp-block-column is-layout-flow wp-block-column-is-layout-flow\">\n<figure class=\"wp-block-image size-full\"><a href=\"https:\/\/webs.uab.cat\/desincare\/proyecto\/desincare-2\/\"><img loading=\"lazy\" decoding=\"async\" width=\"500\" height=\"500\" src=\"https:\/\/webs.uab.cat\/desincare\/wp-content\/uploads\/sites\/686\/2025\/12\/DESINCARE-1-3.png\" alt=\"\" class=\"wp-image-329\" srcset=\"https:\/\/webs.uab.cat\/desincare\/wp-content\/uploads\/sites\/686\/2025\/12\/DESINCARE-1-3.png 500w, https:\/\/webs.uab.cat\/desincare\/wp-content\/uploads\/sites\/686\/2025\/12\/DESINCARE-1-3-300x300.png 300w, https:\/\/webs.uab.cat\/desincare\/wp-content\/uploads\/sites\/686\/2025\/12\/DESINCARE-1-3-150x150.png 150w\" sizes=\"auto, (max-width: 500px) 100vw, 500px\" \/><\/a><\/figure>\n\n\n\n<div class=\"wp-block-buttons is-content-justification-center is-layout-flex wp-container-core-buttons-is-layout-16018d1d wp-block-buttons-is-layout-flex\">\n<div class=\"wp-block-button\"><a class=\"wp-block-button__link wp-element-button\" href=\"https:\/\/webs.uab.cat\/desincare\/proyecto\/desincare-2\/\">VER PROYECTO<\/a><\/div>\n<\/div>\n<\/div>\n<\/div>\n\n\n\n<p><\/p>\n","protected":false},"excerpt":{"rendered":"<p>El proyecto DESINCARE analiza la transici\u00f3n hacia un modelo de cuidados de larga duraci\u00f3n m\u00e1s justo, inclusivo y sostenible en un contexto de cambio demogr\u00e1fico. OBJETIVO DEL PROYECTO El objetivo principal del proyecto coordinado es analizar la estrategia de desinstitucionalizaci\u00f3n del cuidado de larga duraci\u00f3n en la transici\u00f3n del modelo frente al reto demogr\u00e1fico y [&hellip;]<\/p>\n","protected":false},"author":2648,"featured_media":0,"parent":0,"menu_order":1,"comment_status":"closed","ping_status":"closed","template":"","meta":{"footnotes":""},"class_list":["post-7","page","type-page","status-publish","hentry"],"_links":{"self":[{"href":"https:\/\/webs.uab.cat\/desincare\/wp-json\/wp\/v2\/pages\/7","targetHints":{"allow":["GET"]}}],"collection":[{"href":"https:\/\/webs.uab.cat\/desincare\/wp-json\/wp\/v2\/pages"}],"about":[{"href":"https:\/\/webs.uab.cat\/desincare\/wp-json\/wp\/v2\/types\/page"}],"author":[{"embeddable":true,"href":"https:\/\/webs.uab.cat\/desincare\/wp-json\/wp\/v2\/users\/2648"}],"replies":[{"embeddable":true,"href":"https:\/\/webs.uab.cat\/desincare\/wp-json\/wp\/v2\/comments?post=7"}],"version-history":[{"count":13,"href":"https:\/\/webs.uab.cat\/desincare\/wp-json\/wp\/v2\/pages\/7\/revisions"}],"predecessor-version":[{"id":412,"href":"https:\/\/webs.uab.cat\/desincare\/wp-json\/wp\/v2\/pages\/7\/revisions\/412"}],"wp:attachment":[{"href":"https:\/\/webs.uab.cat\/desincare\/wp-json\/wp\/v2\/media?parent=7"}],"curies":[{"name":"wp","href":"https:\/\/api.w.org\/{rel}","templated":true}]}}