{"id":23,"date":"2009-05-08T11:22:32","date_gmt":"2009-05-08T11:22:32","guid":{"rendered":"https:\/\/webs.uab.cat\/diego-prior\/undergraduate-courses\/"},"modified":"2022-08-03T10:20:39","modified_gmt":"2022-08-03T10:20:39","slug":"undergraduate-courses","status":"publish","type":"page","link":"https:\/\/webs.uab.cat\/diego-prior\/undergraduate-courses\/","title":{"rendered":"Undergraduate courses"},"content":{"rendered":"\n<p><strong>An\u00e1lisis econ\u00f3mico y financiero de la empresa (c\u00f3digo asignatura 25052) (6,75 cr\u00e9ditos obligatorios en la licenciatura de Administraci\u00f3n y Direcci\u00f3n de Empresas y optativos en la licenciatura de Econom\u00eda, 2\u00ba ciclo)<\/strong><\/p>\n\n\n\n<p><strong> <a href=\"https:\/\/webs.uab.cat\/diego-prior\/analisis-economico-y-financiero-de-la-empresa\/\" data-type=\"page\" data-id=\"130\">programa de la asignatura<\/a><\/strong><\/p>\n\n\n\n<p><strong> Gesti\u00f3n en el sector p\u00fablico (c\u00f3digo asignatura 22309) (4,50 cr\u00e9ditos optativos en la licenciatura de Administraci\u00f3n y Direcci\u00f3n de Empresas y en la licenciatura de Econom\u00eda, 2\u00ba ciclo)<\/strong><\/p>\n\n\n\n<p><strong> <a href=\"https:\/\/webs.uab.cat\/diego-prior\/wp-content\/uploads\/sites\/107\/2016\/09\/Programa-2007_2008.doc\" data-type=\"attachment\" data-id=\"25\">programa de la asignatura<\/a><\/strong><\/p>\n\n\n\n<p><strong> Practicum en Contabilidad (c\u00f3digo asignatura 25103) (13,50 cr\u00e9ditos optativos en la licenciatura de Administraci\u00f3n y Direcci\u00f3n de Empresas, 2\u00ba ciclo)<\/strong><\/p>\n\n\n\n<p><strong> <a href=\"https:\/\/webs.uab.cat\/diego-prior\/wp-content\/uploads\/sites\/107\/2016\/09\/programa-2011-2012.docx\" data-type=\"attachment\" data-id=\"26\">programa de la asignatura<\/a><\/strong><\/p>\n\n\n\n<p><strong> <a href=\"https:\/\/webs.uab.cat\/diego-prior\/wp-content\/uploads\/sites\/107\/2016\/09\/fuentes_de_documentacion_2012_2013.docx\" data-type=\"attachment\" data-id=\"24\">Fuentes de documentaci\u00f3n<\/a><\/strong><\/p>\n","protected":false},"excerpt":{"rendered":"<p>An\u00e1lisis econ\u00f3mico y financiero de la empresa (c\u00f3digo asignatura 25052) (6,75 cr\u00e9ditos obligatorios en la licenciatura de Administraci\u00f3n y Direcci\u00f3n de Empresas y optativos en la licenciatura de Econom\u00eda, 2\u00ba ciclo) programa de la asignatura Gesti\u00f3n en el sector p\u00fablico (c\u00f3digo asignatura 22309) (4,50 cr\u00e9ditos optativos en la licenciatura de Administraci\u00f3n y Direcci\u00f3n de Empresas [&hellip;]<\/p>\n","protected":false},"author":20,"featured_media":0,"parent":0,"menu_order":0,"comment_status":"closed","ping_status":"closed","template":"","meta":{"footnotes":""},"class_list":["post-23","page","type-page","status-publish","hentry"],"_links":{"self":[{"href":"https:\/\/webs.uab.cat\/diego-prior\/wp-json\/wp\/v2\/pages\/23","targetHints":{"allow":["GET"]}}],"collection":[{"href":"https:\/\/webs.uab.cat\/diego-prior\/wp-json\/wp\/v2\/pages"}],"about":[{"href":"https:\/\/webs.uab.cat\/diego-prior\/wp-json\/wp\/v2\/types\/page"}],"author":[{"embeddable":true,"href":"https:\/\/webs.uab.cat\/diego-prior\/wp-json\/wp\/v2\/users\/20"}],"replies":[{"embeddable":true,"href":"https:\/\/webs.uab.cat\/diego-prior\/wp-json\/wp\/v2\/comments?post=23"}],"version-history":[{"count":1,"href":"https:\/\/webs.uab.cat\/diego-prior\/wp-json\/wp\/v2\/pages\/23\/revisions"}],"predecessor-version":[{"id":291,"href":"https:\/\/webs.uab.cat\/diego-prior\/wp-json\/wp\/v2\/pages\/23\/revisions\/291"}],"wp:attachment":[{"href":"https:\/\/webs.uab.cat\/diego-prior\/wp-json\/wp\/v2\/media?parent=23"}],"curies":[{"name":"wp","href":"https:\/\/api.w.org\/{rel}","templated":true}]}}