{"id":273,"date":"2011-10-26T13:46:38","date_gmt":"2011-10-26T13:46:38","guid":{"rendered":"https:\/\/webs.uab.cat\/diego-prior\/taller-de-eficiencia\/"},"modified":"2011-10-26T13:46:38","modified_gmt":"2011-10-26T13:46:38","slug":"taller-de-eficiencia","status":"publish","type":"page","link":"https:\/\/webs.uab.cat\/diego-prior\/taller-de-eficiencia\/","title":{"rendered":"TALLER DE EFICIENCIA (Castell\u00f3, Noviembre de 2019)"},"content":{"rendered":"<p>&nbsp;<\/p>\n<h1><strong>INTERNATIONAL CONFERENCE ON REGIONAL SCIENCE<\/strong><\/h1>\n<h1><strong>Taller de metodolog\u00edas para la medici\u00f3n de la productividad regional<\/strong><\/h1>\n<h3><a href=\"https:\/\/www.dropbox.com\/sh\/hbqhr5ihhmhkngx\/AACO-NGfFeEcJumx4QdiOXgpa?dl=0\">Material temas 01, 02<\/a><\/h3>\n<h3><a href=\"https:\/\/www.dropbox.com\/sh\/logkztso9raqdkf\/AAADusY4Uhuc9saxG2F1HLcda?dl=0\">Material temas 03, 04<\/a><\/h3>\n<h3><u><strong>Bibliograf\u00eda<\/strong><\/u><\/h3>\n<ul>\n<li>\n<h2><strong>Benchmarking with DEA, SFA and R\/ Peter Bogetof and Lars Otto <\/strong>Publicaci\u00f3n Springer, 2011 <strong>(*)<\/strong><\/h2>\n<\/li>\n<li>\n<h3><strong>The Measurement of productive efficiency and productivity growth [Recurs electr\u00f2nic] \/ edited by Harold O. Fried, C.A. Knox Lovell, Shelton S. Schmidt<\/strong> Publicaci\u00f3 Oxford : Oxford University Press, 2008<\/h3>\n<\/li>\n<li>\n<h3><strong>Modeling performance measurement: applications and implementation issues in DEA<\/strong> \/ Wade D. Cook, Joe Zhu Publicaci\u00f3 Berlin [etc.] : Springer Science &amp; Business Media, 2005<\/h3>\n<\/li>\n<li>\n<h3><strong>Data envelopment analysis : a comprehensive text with models, applications, references and DEA-Solver software<\/strong> W.W. Cooper, Seiford y Tone Boston [etc.] : Kluwer Academic, cop. 2007 2nd ed<\/h3>\n<\/li>\n<li>\n<h3><strong>Producer analysis in the service sector : with data envelopment analysis<\/strong> \/ Necmi K. Avkiran Edici\u00f3 2nd ed. Publicaci\u00f3 Camira : the author, cop. 2002<\/h3>\n<\/li>\n<\/ul>\n","protected":false},"excerpt":{"rendered":"<p>&nbsp; INTERNATIONAL CONFERENCE ON REGIONAL SCIENCE Taller de metodolog\u00edas para la medici\u00f3n de la productividad regional Material temas 01, 02 Material temas 03, 04 Bibliograf\u00eda Benchmarking with DEA, SFA and R\/ Peter Bogetof and Lars Otto Publicaci\u00f3n Springer, 2011 (*) The Measurement of productive efficiency and productivity growth [Recurs electr\u00f2nic] \/ edited by Harold O. [&hellip;]<\/p>\n","protected":false},"author":20,"featured_media":0,"parent":0,"menu_order":0,"comment_status":"closed","ping_status":"closed","template":"","meta":{"footnotes":""},"class_list":["post-273","page","type-page","status-publish","hentry"],"_links":{"self":[{"href":"https:\/\/webs.uab.cat\/diego-prior\/wp-json\/wp\/v2\/pages\/273","targetHints":{"allow":["GET"]}}],"collection":[{"href":"https:\/\/webs.uab.cat\/diego-prior\/wp-json\/wp\/v2\/pages"}],"about":[{"href":"https:\/\/webs.uab.cat\/diego-prior\/wp-json\/wp\/v2\/types\/page"}],"author":[{"embeddable":true,"href":"https:\/\/webs.uab.cat\/diego-prior\/wp-json\/wp\/v2\/users\/20"}],"replies":[{"embeddable":true,"href":"https:\/\/webs.uab.cat\/diego-prior\/wp-json\/wp\/v2\/comments?post=273"}],"version-history":[{"count":0,"href":"https:\/\/webs.uab.cat\/diego-prior\/wp-json\/wp\/v2\/pages\/273\/revisions"}],"wp:attachment":[{"href":"https:\/\/webs.uab.cat\/diego-prior\/wp-json\/wp\/v2\/media?parent=273"}],"curies":[{"name":"wp","href":"https:\/\/api.w.org\/{rel}","templated":true}]}}