{"id":114,"date":"2024-07-19T13:13:57","date_gmt":"2024-07-19T11:13:57","guid":{"rendered":"https:\/\/webs.uab.cat\/digart\/?page_id=114"},"modified":"2024-07-29T11:29:00","modified_gmt":"2024-07-29T09:29:00","slug":"dafne-muntanyola","status":"publish","type":"page","link":"https:\/\/webs.uab.cat\/digart\/equipo\/dafne-muntanyola\/","title":{"rendered":"DAFNE MUNTANYOLA"},"content":{"rendered":"\n<h2 class=\"wp-block-heading has-groc-caputxina-color has-text-color has-link-color has-large-font-size wp-elements-3bef994434ce8a47a28498428598fd2e\"><strong>DAFNE MUNTANYOLA SAURA<\/strong><\/h2>\n\n\n\n<div class=\"wp-block-columns is-layout-flex wp-container-core-columns-is-layout-9d6595d7 wp-block-columns-is-layout-flex\">\n<div class=\"wp-block-column is-layout-flow wp-block-column-is-layout-flow\" style=\"flex-basis:66.66%\">\n<p><\/p>\n\n\n\n<p class=\"has-normal-font-size\"><strong>Investigadora Principal<\/strong><\/p>\n\n\n\n<p>Dafne Muntanyola Saura es profesora agregada del departamento de sociolog\u00eda de la Universitat Aut\u00f2noma de Barcelona y vicedecana de Comunicaci\u00f3n, Profesionalizaci\u00f3n y TFG de la Facultad de CCPP y de Sociolog\u00eda de la UAB. <\/p>\n<\/div>\n\n\n\n<div class=\"wp-block-column is-layout-flow wp-block-column-is-layout-flow\" style=\"flex-basis:33.33%\">\n<figure class=\"wp-block-image size-full\"><img loading=\"lazy\" decoding=\"async\" width=\"525\" height=\"524\" src=\"https:\/\/webs.uab.cat\/digart\/wp-content\/uploads\/sites\/581\/2024\/07\/dafne_muntanyola.jpg\" alt=\"\" class=\"wp-image-149\" srcset=\"https:\/\/webs.uab.cat\/digart\/wp-content\/uploads\/sites\/581\/2024\/07\/dafne_muntanyola.jpg 525w, https:\/\/webs.uab.cat\/digart\/wp-content\/uploads\/sites\/581\/2024\/07\/dafne_muntanyola-300x300.jpg 300w, https:\/\/webs.uab.cat\/digart\/wp-content\/uploads\/sites\/581\/2024\/07\/dafne_muntanyola-150x150.jpg 150w\" sizes=\"auto, (max-width: 525px) 100vw, 525px\" \/><\/figure>\n<\/div>\n<\/div>\n\n\n\n<p>Sus investigaciones se centran en la sociolog\u00eda de la cultura y del arte, el trabajo art\u00edstico, las metodolog\u00edas mixtes y audiovisuales, el an\u00e1lisis por redes sociales, la etnograf\u00eda cognitiva y la mirada de g\u00e9nero.<\/p>\n\n\n\n<p>Ha sido investigadora postdoctoral en la Universit\u00e9 de Nice, en el departamento de ciencia cognitiva de la University de California, San Diego (UCSD), y en la Universidad Aut\u00f3noma de Madrid con las becas Caja Madrid, Fulbright-MEC y Alianza 4 Universidades.<\/p>\n\n\n\n<p>Tambi\u00e9n ha sido profesora invitada en UCSD, Trinity College-London y St Petersburg State University. Ha publicado m\u00e1s de 70 art\u00edculos en 5 idiomas en revistas como Poetics, Theory &amp; Psychology, Etnografia e Ricerca Qualitativa, Sociologie de l\u2019Art, Quality &amp; Quantity; Gender, Work &amp; Organization y RIS. Ha sido conferenciante invitada en m\u00e1s de 20 congresos Internacionales, como especialista en sociolog\u00eda cognitiva ha entrevistado y traducido a Cicourel y Kirsh (2007). Forma parte del consejo de redacci\u00f3n de la Revista Internacional de Sociolog\u00eda y de la Revista Espa\u00f1ola de Sociolog\u00eda y es aficionada a escribir rese\u00f1as de libros.<\/p>\n\n\n\n<p>Es co-coordinadora del Board of the Sociology of the Arts Research Network de la European Sociological Association (ESA) y miembro del Comit\u00e9 Ejecutivo de la FES (Federaci\u00f3n Espa\u00f1ola de Sociolog\u00eda) como Vocal para la Vocaci\u00f3n Sociol\u00f3gica.<\/p>\n","protected":false},"excerpt":{"rendered":"<p>DAFNE MUNTANYOLA SAURA Investigadora Principal Dafne Muntanyola Saura es profesora agregada del departamento de sociolog\u00eda de la Universitat Aut\u00f2noma de Barcelona y vicedecana de Comunicaci\u00f3n, Profesionalizaci\u00f3n y TFG de la Facultad de CCPP y de Sociolog\u00eda de la UAB. Sus investigaciones se centran en la sociolog\u00eda de la cultura y del arte, el trabajo art\u00edstico, [&hellip;]<\/p>\n","protected":false},"author":2648,"featured_media":0,"parent":13,"menu_order":1,"comment_status":"closed","ping_status":"closed","template":"","meta":{"footnotes":""},"class_list":["post-114","page","type-page","status-publish","hentry"],"_links":{"self":[{"href":"https:\/\/webs.uab.cat\/digart\/wp-json\/wp\/v2\/pages\/114","targetHints":{"allow":["GET"]}}],"collection":[{"href":"https:\/\/webs.uab.cat\/digart\/wp-json\/wp\/v2\/pages"}],"about":[{"href":"https:\/\/webs.uab.cat\/digart\/wp-json\/wp\/v2\/types\/page"}],"author":[{"embeddable":true,"href":"https:\/\/webs.uab.cat\/digart\/wp-json\/wp\/v2\/users\/2648"}],"replies":[{"embeddable":true,"href":"https:\/\/webs.uab.cat\/digart\/wp-json\/wp\/v2\/comments?post=114"}],"version-history":[{"count":9,"href":"https:\/\/webs.uab.cat\/digart\/wp-json\/wp\/v2\/pages\/114\/revisions"}],"predecessor-version":[{"id":236,"href":"https:\/\/webs.uab.cat\/digart\/wp-json\/wp\/v2\/pages\/114\/revisions\/236"}],"up":[{"embeddable":true,"href":"https:\/\/webs.uab.cat\/digart\/wp-json\/wp\/v2\/pages\/13"}],"wp:attachment":[{"href":"https:\/\/webs.uab.cat\/digart\/wp-json\/wp\/v2\/media?parent=114"}],"curies":[{"name":"wp","href":"https:\/\/api.w.org\/{rel}","templated":true}]}}