{"id":13,"date":"2024-07-11T12:58:36","date_gmt":"2024-07-11T10:58:36","guid":{"rendered":"https:\/\/webs.uab.cat\/digart\/?page_id=13"},"modified":"2025-09-22T10:31:48","modified_gmt":"2025-09-22T08:31:48","slug":"equipo","status":"publish","type":"page","link":"https:\/\/webs.uab.cat\/digart\/equipo\/","title":{"rendered":"EQUIPO"},"content":{"rendered":"\n<h2 class=\"wp-block-heading has-groc-caputxina-color has-text-color has-link-color wp-elements-834db7b03df8e82582c2334a5dc163eb\">INVESTIGADORA PRINCIPAL<\/h2>\n\n\n\n<div class=\"wp-block-columns is-layout-flex wp-container-core-columns-is-layout-9d6595d7 wp-block-columns-is-layout-flex\">\n<div class=\"wp-block-column is-layout-flow wp-block-column-is-layout-flow\" style=\"flex-basis:66.66%\">\n<p><\/p>\n\n\n\n<p class=\"has-blanc-coco-color has-text-color has-link-color wp-elements-89fe2e3c1e8ec954936fa2e77725d20a\">.<\/p>\n\n\n\n<p>Dafne Muntanyola Saura es profesora agregada del departamento de sociolog\u00eda de la Universitat Aut\u00f2noma de Barcelona y vicedecana de Comunicaci\u00f3n, Profesionalizaci\u00f3n y TFG de la Facultad de CCPP y de Sociolog\u00eda de la UAB.<\/p>\n\n\n\n<p class=\"has-groc-caputxina-color has-text-color has-link-color wp-elements-7bf646f3c404793621d67dad0827eee1\"><strong><em><a href=\"https:\/\/webs.uab.cat\/digart\/equipo\/dafne-muntanyola\/\">Ver m\u00e1s<\/a><\/em><\/strong><\/p>\n<\/div>\n\n\n\n<div class=\"wp-block-column is-layout-flow wp-block-column-is-layout-flow\" style=\"flex-basis:33.33%\">\n<figure class=\"wp-block-image size-full\"><a href=\"https:\/\/webs.uab.cat\/digart\/equipo\/dafne-muntanyola\/\"><img loading=\"lazy\" decoding=\"async\" width=\"300\" height=\"410\" src=\"https:\/\/webs.uab.cat\/digart\/wp-content\/uploads\/sites\/581\/2024\/07\/1.png\" alt=\"\" class=\"wp-image-224\" srcset=\"https:\/\/webs.uab.cat\/digart\/wp-content\/uploads\/sites\/581\/2024\/07\/1.png 300w, https:\/\/webs.uab.cat\/digart\/wp-content\/uploads\/sites\/581\/2024\/07\/1-220x300.png 220w\" sizes=\"auto, (max-width: 300px) 100vw, 300px\" \/><\/a><\/figure>\n<\/div>\n<\/div>\n\n\n\n<h2 class=\"wp-block-heading has-groc-caputxina-color has-text-color has-link-color wp-elements-1a64495c782667ae6c3e90cda8e736f2\">EQUIPO INVESTIGADOR<\/h2>\n\n\n\n<div class=\"wp-block-columns is-layout-flex wp-container-core-columns-is-layout-9d6595d7 wp-block-columns-is-layout-flex\">\n<div class=\"wp-block-column is-layout-flow wp-block-column-is-layout-flow\"><div class=\"wp-block-image\">\n<figure class=\"aligncenter size-medium\"><a href=\"https:\/\/webs.uab.cat\/digart\/equipo\/miquel-fernandez\/\"><img loading=\"lazy\" decoding=\"async\" width=\"220\" height=\"300\" src=\"https:\/\/webs.uab.cat\/digart\/wp-content\/uploads\/sites\/581\/2024\/07\/2-220x300.png\" alt=\"\" class=\"wp-image-225\" srcset=\"https:\/\/webs.uab.cat\/digart\/wp-content\/uploads\/sites\/581\/2024\/07\/2-220x300.png 220w, https:\/\/webs.uab.cat\/digart\/wp-content\/uploads\/sites\/581\/2024\/07\/2.png 300w\" sizes=\"auto, (max-width: 220px) 100vw, 220px\" \/><\/a><\/figure>\n<\/div><\/div>\n\n\n\n<div class=\"wp-block-column is-layout-flow wp-block-column-is-layout-flow\"><div class=\"wp-block-image\">\n<figure class=\"aligncenter size-medium\"><a href=\"https:\/\/webs.uab.cat\/digart\/equipo\/fernan-del-val\/\"><img loading=\"lazy\" decoding=\"async\" width=\"220\" height=\"300\" src=\"https:\/\/webs.uab.cat\/digart\/wp-content\/uploads\/sites\/581\/2024\/07\/3-220x300.png\" alt=\"\" class=\"wp-image-227\" srcset=\"https:\/\/webs.uab.cat\/digart\/wp-content\/uploads\/sites\/581\/2024\/07\/3-220x300.png 220w, https:\/\/webs.uab.cat\/digart\/wp-content\/uploads\/sites\/581\/2024\/07\/3.png 300w\" sizes=\"auto, (max-width: 220px) 100vw, 220px\" \/><\/a><\/figure>\n<\/div><\/div>\n<\/div>\n\n\n\n<div class=\"wp-block-columns is-layout-flex wp-container-core-columns-is-layout-9d6595d7 wp-block-columns-is-layout-flex\">\n<div class=\"wp-block-column is-layout-flow wp-block-column-is-layout-flow\"><div class=\"wp-block-image\">\n<figure class=\"aligncenter size-medium\"><a href=\"https:\/\/webs.uab.cat\/digart\/equipo\/agnes-lopez\/\"><img loading=\"lazy\" decoding=\"async\" width=\"220\" height=\"300\" src=\"https:\/\/webs.uab.cat\/digart\/wp-content\/uploads\/sites\/581\/2024\/07\/6-2-220x300.png\" alt=\"\" class=\"wp-image-138\" srcset=\"https:\/\/webs.uab.cat\/digart\/wp-content\/uploads\/sites\/581\/2024\/07\/6-2-220x300.png 220w, https:\/\/webs.uab.cat\/digart\/wp-content\/uploads\/sites\/581\/2024\/07\/6-2.png 300w\" sizes=\"auto, (max-width: 220px) 100vw, 220px\" \/><\/a><\/figure>\n<\/div><\/div>\n\n\n\n<div class=\"wp-block-column is-layout-flow wp-block-column-is-layout-flow\"><div class=\"wp-block-image\">\n<figure class=\"aligncenter size-medium\"><a href=\"https:\/\/webs.uab.cat\/digart\/equipo\/ruben-gutierrez\/\"><img loading=\"lazy\" decoding=\"async\" width=\"220\" height=\"300\" src=\"https:\/\/webs.uab.cat\/digart\/wp-content\/uploads\/sites\/581\/2024\/07\/10-220x300.png\" alt=\"\" class=\"wp-image-139\" srcset=\"https:\/\/webs.uab.cat\/digart\/wp-content\/uploads\/sites\/581\/2024\/07\/10-220x300.png 220w, https:\/\/webs.uab.cat\/digart\/wp-content\/uploads\/sites\/581\/2024\/07\/10.png 300w\" sizes=\"auto, (max-width: 220px) 100vw, 220px\" \/><\/a><\/figure>\n<\/div><\/div>\n<\/div>\n\n\n\n<div class=\"wp-block-columns is-layout-flex wp-container-core-columns-is-layout-9d6595d7 wp-block-columns-is-layout-flex\">\n<div class=\"wp-block-column is-layout-flow wp-block-column-is-layout-flow\"><div class=\"wp-block-image\">\n<figure class=\"aligncenter size-medium\"><a href=\"https:\/\/webs.uab.cat\/digart\/equipo\/gloria-romanello\/\"><img loading=\"lazy\" decoding=\"async\" width=\"220\" height=\"300\" src=\"https:\/\/webs.uab.cat\/digart\/wp-content\/uploads\/sites\/581\/2024\/07\/5-2-220x300.png\" alt=\"\" class=\"wp-image-180\" srcset=\"https:\/\/webs.uab.cat\/digart\/wp-content\/uploads\/sites\/581\/2024\/07\/5-2-220x300.png 220w, https:\/\/webs.uab.cat\/digart\/wp-content\/uploads\/sites\/581\/2024\/07\/5-2.png 300w\" sizes=\"auto, (max-width: 220px) 100vw, 220px\" \/><\/a><\/figure>\n<\/div><\/div>\n\n\n\n<div class=\"wp-block-column is-layout-flow wp-block-column-is-layout-flow\"><div class=\"wp-block-image\">\n<figure class=\"aligncenter size-medium\"><a href=\"https:\/\/webs.uab.cat\/digart\/equipo\/marc-barbeta\/\"><img loading=\"lazy\" decoding=\"async\" width=\"220\" height=\"300\" src=\"https:\/\/webs.uab.cat\/digart\/wp-content\/uploads\/sites\/581\/2024\/07\/4-3-220x300.png\" alt=\"\" class=\"wp-image-181\" srcset=\"https:\/\/webs.uab.cat\/digart\/wp-content\/uploads\/sites\/581\/2024\/07\/4-3-220x300.png 220w, https:\/\/webs.uab.cat\/digart\/wp-content\/uploads\/sites\/581\/2024\/07\/4-3.png 300w\" sizes=\"auto, (max-width: 220px) 100vw, 220px\" \/><\/a><\/figure>\n<\/div><\/div>\n<\/div>\n\n\n\n<div class=\"wp-block-columns is-layout-flex wp-container-core-columns-is-layout-9d6595d7 wp-block-columns-is-layout-flex\">\n<div class=\"wp-block-column is-layout-flow wp-block-column-is-layout-flow\"><div class=\"wp-block-image\">\n<figure class=\"aligncenter size-medium\"><a href=\"https:\/\/webs.uab.cat\/digart\/equipo\/alger-sans\/\"><img loading=\"lazy\" decoding=\"async\" width=\"220\" height=\"300\" src=\"https:\/\/webs.uab.cat\/digart\/wp-content\/uploads\/sites\/581\/2025\/09\/Equip-DIGART-1-220x300.png\" alt=\"\" class=\"wp-image-298\" srcset=\"https:\/\/webs.uab.cat\/digart\/wp-content\/uploads\/sites\/581\/2025\/09\/Equip-DIGART-1-220x300.png 220w, https:\/\/webs.uab.cat\/digart\/wp-content\/uploads\/sites\/581\/2025\/09\/Equip-DIGART-1.png 300w\" sizes=\"auto, (max-width: 220px) 100vw, 220px\" \/><\/a><\/figure>\n<\/div><\/div>\n\n\n\n<div class=\"wp-block-column is-layout-flow wp-block-column-is-layout-flow\"><div class=\"wp-block-image\">\n<figure class=\"aligncenter size-medium\"><a href=\"https:\/\/webs.uab.cat\/digart\/eduardo-leste\/\"><img loading=\"lazy\" decoding=\"async\" width=\"220\" height=\"300\" src=\"https:\/\/webs.uab.cat\/digart\/wp-content\/uploads\/sites\/581\/2024\/07\/7-1-220x300.png\" alt=\"\" class=\"wp-image-143\" srcset=\"https:\/\/webs.uab.cat\/digart\/wp-content\/uploads\/sites\/581\/2024\/07\/7-1-220x300.png 220w, https:\/\/webs.uab.cat\/digart\/wp-content\/uploads\/sites\/581\/2024\/07\/7-1.png 300w\" sizes=\"auto, (max-width: 220px) 100vw, 220px\" \/><\/a><\/figure>\n<\/div><\/div>\n<\/div>\n\n\n\n<div class=\"wp-block-columns is-layout-flex wp-container-core-columns-is-layout-9d6595d7 wp-block-columns-is-layout-flex\">\n<div class=\"wp-block-column is-layout-flow wp-block-column-is-layout-flow\"><div class=\"wp-block-image\">\n<figure class=\"aligncenter size-medium\"><a href=\"https:\/\/webs.uab.cat\/digart\/equipo\/david-kirsh\/\"><img loading=\"lazy\" decoding=\"async\" width=\"220\" height=\"300\" src=\"https:\/\/webs.uab.cat\/digart\/wp-content\/uploads\/sites\/581\/2024\/07\/11-220x300.png\" alt=\"\" class=\"wp-image-144\" srcset=\"https:\/\/webs.uab.cat\/digart\/wp-content\/uploads\/sites\/581\/2024\/07\/11-220x300.png 220w, https:\/\/webs.uab.cat\/digart\/wp-content\/uploads\/sites\/581\/2024\/07\/11.png 300w\" sizes=\"auto, (max-width: 220px) 100vw, 220px\" \/><\/a><\/figure>\n<\/div><\/div>\n\n\n\n<div class=\"wp-block-column is-layout-flow wp-block-column-is-layout-flow\"><div class=\"wp-block-image\">\n<figure class=\"aligncenter size-medium\"><a href=\"https:\/\/webs.uab.cat\/digart\/equipo\/irina-casanovas\/\"><img loading=\"lazy\" decoding=\"async\" width=\"220\" height=\"300\" src=\"https:\/\/webs.uab.cat\/digart\/wp-content\/uploads\/sites\/581\/2024\/07\/9-1-220x300.png\" alt=\"\" class=\"wp-image-145\" srcset=\"https:\/\/webs.uab.cat\/digart\/wp-content\/uploads\/sites\/581\/2024\/07\/9-1-220x300.png 220w, https:\/\/webs.uab.cat\/digart\/wp-content\/uploads\/sites\/581\/2024\/07\/9-1.png 300w\" sizes=\"auto, (max-width: 220px) 100vw, 220px\" \/><\/a><\/figure>\n<\/div><\/div>\n<\/div>\n\n\n\n<h2 class=\"wp-block-heading has-groc-caputxina-color has-text-color has-link-color wp-elements-e517aae41d6a025fc7a811ce4e79043f\">COLABORADORES<\/h2>\n\n\n\n<ul class=\"wp-block-list\">\n<li><strong>Anna Garafot Boluda<\/strong>, pr\u00e1cticas de grado en Sociolog\u00eda, 30\/09\/2024-31\/01\/2025<\/li>\n\n\n\n<li><strong>Claudia Huete Castiella<\/strong>, pr\u00e1cticas de grado en Sociolog\u00eda, 12\/01\/2025-12\/05\/2025<\/li>\n<\/ul>\n\n\n\n<p><\/p>\n","protected":false},"excerpt":{"rendered":"<p>INVESTIGADORA PRINCIPAL . Dafne Muntanyola Saura es profesora agregada del departamento de sociolog\u00eda de la Universitat Aut\u00f2noma de Barcelona y vicedecana de Comunicaci\u00f3n, Profesionalizaci\u00f3n y TFG de la Facultad de CCPP y de Sociolog\u00eda de la UAB. Ver m\u00e1s EQUIPO INVESTIGADOR COLABORADORES<\/p>\n","protected":false},"author":2648,"featured_media":0,"parent":0,"menu_order":3,"comment_status":"closed","ping_status":"closed","template":"","meta":{"footnotes":""},"class_list":["post-13","page","type-page","status-publish","hentry"],"_links":{"self":[{"href":"https:\/\/webs.uab.cat\/digart\/wp-json\/wp\/v2\/pages\/13","targetHints":{"allow":["GET"]}}],"collection":[{"href":"https:\/\/webs.uab.cat\/digart\/wp-json\/wp\/v2\/pages"}],"about":[{"href":"https:\/\/webs.uab.cat\/digart\/wp-json\/wp\/v2\/types\/page"}],"author":[{"embeddable":true,"href":"https:\/\/webs.uab.cat\/digart\/wp-json\/wp\/v2\/users\/2648"}],"replies":[{"embeddable":true,"href":"https:\/\/webs.uab.cat\/digart\/wp-json\/wp\/v2\/comments?post=13"}],"version-history":[{"count":27,"href":"https:\/\/webs.uab.cat\/digart\/wp-json\/wp\/v2\/pages\/13\/revisions"}],"predecessor-version":[{"id":303,"href":"https:\/\/webs.uab.cat\/digart\/wp-json\/wp\/v2\/pages\/13\/revisions\/303"}],"wp:attachment":[{"href":"https:\/\/webs.uab.cat\/digart\/wp-json\/wp\/v2\/media?parent=13"}],"curies":[{"name":"wp","href":"https:\/\/api.w.org\/{rel}","templated":true}]}}