{"id":2,"date":"2024-07-09T08:24:59","date_gmt":"2024-07-09T06:24:59","guid":{"rendered":"https:\/\/webs.uab.cat\/digart\/?page_id=2"},"modified":"2024-07-25T09:49:16","modified_gmt":"2024-07-25T07:49:16","slug":"https-webs-uab-cat-digart","status":"publish","type":"page","link":"https:\/\/webs.uab.cat\/digart\/","title":{"rendered":"INICIO"},"content":{"rendered":"\n<p>El giro digital en las disciplinas art\u00edsticas ha resultado en la progresiva sustituci\u00f3n profesional y acad\u00e9mica de los instrumentos anal\u00f3gicos por los digitales. Y las maneras de trabajar de las profesiones art\u00edsticas se han ido transformando.<\/p>\n\n\n\n<p>El giro digital constituye un proceso de institucionalizaci\u00f3n de pr\u00e1cticas sociales nuevas: los curr\u00edculums formativos cambian, los programas inform\u00e1ticos de moda tambi\u00e9n, y aparecen nuevos productos digitales, en forma de diagramas, modelos y&nbsp;renders.<\/p>\n\n\n\n<p>La pregunta de investigaci\u00f3n es: <strong>C\u00f3mo el giro digital en la formaci\u00f3n art\u00edstica ha cambiado la manera de proyectar, construir e imaginar de los artistas profesionales ya expertos?<\/strong><\/p>\n\n\n\n<p>El objetivo general del proyecto es identificar los cambios provocados por el giro digital en la pr\u00e1ctica art\u00edstica de profesionales consolidados. Compararemos el discurso y las pr\u00e1cticas de&nbsp;fot\u00f3graf@s, arquitect@s, editor@s de cine, dissenyador@s,&nbsp;core\u00f3graf@s, compositor@s musicales, reconocidos en su campo y vinculados en escuelas o centros de educaci\u00f3n superior art\u00edsticas, de dos generaciones diferentes, la mayor educada en el anal\u00f3gico, la otra en el digital.<\/p>\n\n\n\n<ul class=\"has-negre-eben-color has-text-color has-link-color wp-block-list wp-elements-a73e4996f114e35590140b7d73397392\">\n<li><strong>Fecha inicio:<\/strong>&nbsp;01\/09\/2023<\/li>\n\n\n\n<li><strong>Fecha fin:&nbsp;<\/strong>31\/08\/2026<\/li>\n\n\n\n<li><strong>Financiaci\u00f3n:<\/strong>&nbsp;Ministerio de Ciencia e Innovaci\u00f3n<\/li>\n\n\n\n<li><strong>Referencia:&nbsp;&nbsp;<\/strong>PID2022-140814NB-I00<\/li>\n\n\n\n<li><strong>Investigadora Principal:<\/strong>&nbsp;Dafne Muntanyola Saura (UAB)<\/li>\n\n\n\n<li><strong>Equipo investigador:<\/strong>&nbsp;Miquel Fern\u00e1ndez Gonz\u00e1lez (UV), Fernan del Val Ripolles (UNED)<\/li>\n\n\n\n<li><strong>Colaboradores: <\/strong>Agn\u00e8s L\u00f3pez, Rub\u00e9n Guti\u00e9rrez del Castillo, Gloria Romanello, Marc Barbeta, Alger Sans, Eduardo Leste, David Kirsh, Irina Casanovas<\/li>\n<\/ul>\n","protected":false},"excerpt":{"rendered":"<p>El giro digital en las disciplinas art\u00edsticas ha resultado en la progresiva sustituci\u00f3n profesional y acad\u00e9mica de los instrumentos anal\u00f3gicos por los digitales. Y las maneras de trabajar de las profesiones art\u00edsticas se han ido transformando. El giro digital constituye un proceso de institucionalizaci\u00f3n de pr\u00e1cticas sociales nuevas: los curr\u00edculums formativos cambian, los programas inform\u00e1ticos [&hellip;]<\/p>\n","protected":false},"author":2648,"featured_media":0,"parent":0,"menu_order":0,"comment_status":"closed","ping_status":"open","template":"","meta":{"footnotes":""},"class_list":["post-2","page","type-page","status-publish","hentry"],"_links":{"self":[{"href":"https:\/\/webs.uab.cat\/digart\/wp-json\/wp\/v2\/pages\/2","targetHints":{"allow":["GET"]}}],"collection":[{"href":"https:\/\/webs.uab.cat\/digart\/wp-json\/wp\/v2\/pages"}],"about":[{"href":"https:\/\/webs.uab.cat\/digart\/wp-json\/wp\/v2\/types\/page"}],"author":[{"embeddable":true,"href":"https:\/\/webs.uab.cat\/digart\/wp-json\/wp\/v2\/users\/2648"}],"replies":[{"embeddable":true,"href":"https:\/\/webs.uab.cat\/digart\/wp-json\/wp\/v2\/comments?post=2"}],"version-history":[{"count":8,"href":"https:\/\/webs.uab.cat\/digart\/wp-json\/wp\/v2\/pages\/2\/revisions"}],"predecessor-version":[{"id":172,"href":"https:\/\/webs.uab.cat\/digart\/wp-json\/wp\/v2\/pages\/2\/revisions\/172"}],"wp:attachment":[{"href":"https:\/\/webs.uab.cat\/digart\/wp-json\/wp\/v2\/media?parent=2"}],"curies":[{"name":"wp","href":"https:\/\/api.w.org\/{rel}","templated":true}]}}