{"id":230,"date":"2024-08-01T11:49:57","date_gmt":"2024-08-01T09:49:57","guid":{"rendered":"https:\/\/webs.uab.cat\/digart\/?page_id=230"},"modified":"2024-08-01T11:50:09","modified_gmt":"2024-08-01T09:50:09","slug":"agnes-lopez","status":"publish","type":"page","link":"https:\/\/webs.uab.cat\/digart\/equipo\/agnes-lopez\/","title":{"rendered":"AGN\u00c8S L\u00d3PEZ"},"content":{"rendered":"\n<h2 class=\"wp-block-heading has-groc-caputxina-color has-text-color has-link-color has-large-font-size wp-elements-04c8f65ca88a9bfb25951ebd94560c84\"><strong>AGN\u00c8S L\u00d3PEZ-R\u00cdO<\/strong><\/h2>\n\n\n\n<div class=\"wp-block-columns is-layout-flex wp-container-core-columns-is-layout-9d6595d7 wp-block-columns-is-layout-flex\">\n<div class=\"wp-block-column is-layout-flow wp-block-column-is-layout-flow\" style=\"flex-basis:66.66%\">\n<p><\/p>\n\n\n\n<p class=\"has-normal-font-size\"><strong>Equipo investigador<\/strong><\/p>\n\n\n\n<p>Agn\u00e8s L\u00f3pez-R\u00edo es Catedr\u00e1tica de An\u00e1lisis y Pr\u00e1ctica del Repertorio de la Danza Contempor\u00e1nea en el Conservatorio Superior de Danza \u2018Mar\u00eda de \u00c1vila\u2019 de Madrid, int\u00e9rprete, asesora art\u00edstica e investigadora de danza.<\/p>\n<\/div>\n\n\n\n<div class=\"wp-block-column is-layout-flow wp-block-column-is-layout-flow\" style=\"flex-basis:33.33%\">\n<figure class=\"wp-block-image size-full is-resized\"><img loading=\"lazy\" decoding=\"async\" width=\"1080\" height=\"1080\" src=\"https:\/\/webs.uab.cat\/digart\/wp-content\/uploads\/sites\/581\/2024\/08\/agns-lpez-ro.png\" alt=\"\" class=\"wp-image-231\" style=\"width:245px;height:auto\" srcset=\"https:\/\/webs.uab.cat\/digart\/wp-content\/uploads\/sites\/581\/2024\/08\/agns-lpez-ro.png 1080w, https:\/\/webs.uab.cat\/digart\/wp-content\/uploads\/sites\/581\/2024\/08\/agns-lpez-ro-300x300.png 300w, https:\/\/webs.uab.cat\/digart\/wp-content\/uploads\/sites\/581\/2024\/08\/agns-lpez-ro-1024x1024.png 1024w, https:\/\/webs.uab.cat\/digart\/wp-content\/uploads\/sites\/581\/2024\/08\/agns-lpez-ro-150x150.png 150w, https:\/\/webs.uab.cat\/digart\/wp-content\/uploads\/sites\/581\/2024\/08\/agns-lpez-ro-768x768.png 768w\" sizes=\"auto, (max-width: 1080px) 100vw, 1080px\" \/><\/figure>\n<\/div>\n<\/div>\n\n\n\n<p>Licenciada en Filolog\u00eda Hisp\u00e1nica por la Universitat de Val\u00e8ncia (2001). Adquiere<br>el Curso de Aptitud Pedag\u00f3gica (CAP) de la Universidad Complutense de Madrid<br>(2002). En 2014 obtiene el t\u00edtulo de M\u00e1ster en Gesti\u00f3n Cultural en la Universitat<br>Oberta de Catalunya.<\/p>\n\n\n\n<p>Como bailarina profesional ha trabajado en el Ballet Company der St\u00e4dtischen Theather Chemnitz (Alemania), bajo la direcci\u00f3n de T\u00f6rsten H\u00e4ndler; en Introdans, Arnhem (Holanda);  en el Staatstheather de Braunschweig (Alemania), bajo la direcci\u00f3n de Henning Paar yen la Wayne McGregor\/Random Dance Company en Londres (Reino Unido).<\/p>\n\n\n\n<p>Es durante este periodo entra a formar parte del departamento creativo de la compa\u00f1\u00eda, Creative Learning Projects, dependiente del Arts Council brit\u00e1nico que se encarga de dise\u00f1ar proyectos educativos que promueven la creatividad en j\u00f3venes y adultos con una concepci\u00f3n hol\u00edstica y actual de la educaci\u00f3n con la danza y el movimiento como potentes herramientas pedag\u00f3gicas e imparte cursos en diversas ciudades como Londres, Manchester, Roma, Chicago, Liverpool, Nueva York\u2026 A destacar los proyectos SENSE (Londres, 2008), comisionado por la Royal Opera House, o la Ceremonia de Apertura de los Campeonatos Mundiales de Nataci\u00f3n (Roma, 2009) junto con la Accademia Nazionale di Danza romana.<\/p>\n\n\n\n<p><br>Tambi\u00e9n participa en Distributed Coreographic Cognition (2009), que examina la<br>coordinaci\u00f3n entre el pensamiento coreogr\u00e1fico y la acci\u00f3n y las relaciones que se<br>establecen entre el\/la core\u00f3grafo\/a y los\/las int\u00e9rpretes durante el proceso creativo, en colaboraci\u00f3n con David Kirsch, del Departamento Cognitive Science de la San Diego University (EU), junto con Dafne Muntanyola Saura, que posteriormente se convertir\u00e1 en una de sus directoras de tesis.<br><br>Tambi\u00e9n ha sido docente invitada en varias instituciones de renombre como en las<br>Jornadas de Artes Esc\u00e9nicas de la Universidad Europea de Madrid, el Conservatorio<br>de Shangh\u00e1i (China), el Festival de Montpellier (Francia) en junio 2018, la Facultad de Historia del Arte de la Universitat de Val\u00e8ncia (2020) o Facultad de Filosof\u00eda de laUniversidad Complutense de Madrid (2021), con diferentes ponencias que introducen la danza en las aulas universitarias.<\/p>\n\n\n\n<p>Actualmente, colabora con el joven colectivo Kor\u2019sia, desde el punto de la<br>investigaci\u00f3n y el asesoramiento de piezas coreogr\u00e1ficas.<\/p>\n","protected":false},"excerpt":{"rendered":"<p>AGN\u00c8S L\u00d3PEZ-R\u00cdO Equipo investigador Agn\u00e8s L\u00f3pez-R\u00edo es Catedr\u00e1tica de An\u00e1lisis y Pr\u00e1ctica del Repertorio de la Danza Contempor\u00e1nea en el Conservatorio Superior de Danza \u2018Mar\u00eda de \u00c1vila\u2019 de Madrid, int\u00e9rprete, asesora art\u00edstica e investigadora de danza. Licenciada en Filolog\u00eda Hisp\u00e1nica por la Universitat de Val\u00e8ncia (2001). Adquiereel Curso de Aptitud Pedag\u00f3gica (CAP) de la Universidad [&hellip;]<\/p>\n","protected":false},"author":2648,"featured_media":0,"parent":13,"menu_order":4,"comment_status":"closed","ping_status":"closed","template":"","meta":{"footnotes":""},"class_list":["post-230","page","type-page","status-publish","hentry"],"_links":{"self":[{"href":"https:\/\/webs.uab.cat\/digart\/wp-json\/wp\/v2\/pages\/230","targetHints":{"allow":["GET"]}}],"collection":[{"href":"https:\/\/webs.uab.cat\/digart\/wp-json\/wp\/v2\/pages"}],"about":[{"href":"https:\/\/webs.uab.cat\/digart\/wp-json\/wp\/v2\/types\/page"}],"author":[{"embeddable":true,"href":"https:\/\/webs.uab.cat\/digart\/wp-json\/wp\/v2\/users\/2648"}],"replies":[{"embeddable":true,"href":"https:\/\/webs.uab.cat\/digart\/wp-json\/wp\/v2\/comments?post=230"}],"version-history":[{"count":1,"href":"https:\/\/webs.uab.cat\/digart\/wp-json\/wp\/v2\/pages\/230\/revisions"}],"predecessor-version":[{"id":232,"href":"https:\/\/webs.uab.cat\/digart\/wp-json\/wp\/v2\/pages\/230\/revisions\/232"}],"up":[{"embeddable":true,"href":"https:\/\/webs.uab.cat\/digart\/wp-json\/wp\/v2\/pages\/13"}],"wp:attachment":[{"href":"https:\/\/webs.uab.cat\/digart\/wp-json\/wp\/v2\/media?parent=230"}],"curies":[{"name":"wp","href":"https:\/\/api.w.org\/{rel}","templated":true}]}}