{"id":269,"date":"2024-10-09T11:51:49","date_gmt":"2024-10-09T09:51:49","guid":{"rendered":"https:\/\/webs.uab.cat\/digart\/?page_id=269"},"modified":"2024-10-09T11:51:49","modified_gmt":"2024-10-09T09:51:49","slug":"david-kirsh","status":"publish","type":"page","link":"https:\/\/webs.uab.cat\/digart\/equipo\/david-kirsh\/","title":{"rendered":"DAVID KIRSH"},"content":{"rendered":"\n<h2 class=\"wp-block-heading has-groc-caputxina-color has-text-color has-link-color has-large-font-size wp-elements-1c310113a7c0216819dae62cc20f7725\">DAVID KIRSH<\/h2>\n\n\n\n<div class=\"wp-block-columns is-layout-flex wp-container-core-columns-is-layout-9d6595d7 wp-block-columns-is-layout-flex\">\n<div class=\"wp-block-column is-layout-flow wp-block-column-is-layout-flow\" style=\"flex-basis:66.66%\">\n<p class=\"has-normal-font-size\"><strong>Equipo investigador<\/strong><\/p>\n\n\n\n<p>David Kirsh es Doctor en Filosof\u00eda por la Universidad de Oxford con la tesis Representation and rationality: foundations of cognitive science. Ha ocupado diversos cargos docentes o de profesor visitante en varios departamentos de todo el mundo. Actualmente es professor e investigador en la University of California, San Diego&nbsp;(UCSD) y Presidente de la Interactive Cognition Lab.<\/p>\n<\/div>\n\n\n\n<div class=\"wp-block-column is-layout-flow wp-block-column-is-layout-flow\" style=\"flex-basis:33.33%\">\n<figure class=\"wp-block-image size-full\"><img loading=\"lazy\" decoding=\"async\" width=\"450\" height=\"600\" src=\"https:\/\/webs.uab.cat\/digart\/wp-content\/uploads\/sites\/581\/2024\/10\/david-kirsh-idc_0.jpg\" alt=\"\" class=\"wp-image-271\" srcset=\"https:\/\/webs.uab.cat\/digart\/wp-content\/uploads\/sites\/581\/2024\/10\/david-kirsh-idc_0.jpg 450w, https:\/\/webs.uab.cat\/digart\/wp-content\/uploads\/sites\/581\/2024\/10\/david-kirsh-idc_0-225x300.jpg 225w\" sizes=\"auto, (max-width: 450px) 100vw, 450px\" \/><\/figure>\n<\/div>\n<\/div>\n\n\n\n<p>Ha trabajado sobre la creatividad en la danza y la arquitectura, el dise\u00f1o de productos interactives, centrandose en c\u00f3mo los seres humanos se relacionan cognitiva y emocionalmente con el entorno construido en Inform\u00e1tica, Danza, Arquitectura, Psicolog\u00eda, Tecnolog\u00eda Educativa y M\u00fasica.<\/p>\n\n\n\n<p>Sus l\u00edneas de investigaci\u00f3n incluyen la neurociencia cognitiva de la arquitectura, el dise\u00f1o interactivo, los aspectos cognitivos del dise\u00f1o multimedia, el pensamiento corporal y sensorial, la cognici\u00f3n incorporada, la arquitectura de la informaci\u00f3n y la interacci\u00f3n persona-ordenador.<\/p>\n","protected":false},"excerpt":{"rendered":"<p>DAVID KIRSH Equipo investigador David Kirsh es Doctor en Filosof\u00eda por la Universidad de Oxford con la tesis Representation and rationality: foundations of cognitive science. Ha ocupado diversos cargos docentes o de profesor visitante en varios departamentos de todo el mundo. Actualmente es professor e investigador en la University of California, San Diego&nbsp;(UCSD) y Presidente [&hellip;]<\/p>\n","protected":false},"author":2648,"featured_media":0,"parent":13,"menu_order":9,"comment_status":"closed","ping_status":"closed","template":"","meta":{"footnotes":""},"class_list":["post-269","page","type-page","status-publish","hentry"],"_links":{"self":[{"href":"https:\/\/webs.uab.cat\/digart\/wp-json\/wp\/v2\/pages\/269","targetHints":{"allow":["GET"]}}],"collection":[{"href":"https:\/\/webs.uab.cat\/digart\/wp-json\/wp\/v2\/pages"}],"about":[{"href":"https:\/\/webs.uab.cat\/digart\/wp-json\/wp\/v2\/types\/page"}],"author":[{"embeddable":true,"href":"https:\/\/webs.uab.cat\/digart\/wp-json\/wp\/v2\/users\/2648"}],"replies":[{"embeddable":true,"href":"https:\/\/webs.uab.cat\/digart\/wp-json\/wp\/v2\/comments?post=269"}],"version-history":[{"count":1,"href":"https:\/\/webs.uab.cat\/digart\/wp-json\/wp\/v2\/pages\/269\/revisions"}],"predecessor-version":[{"id":272,"href":"https:\/\/webs.uab.cat\/digart\/wp-json\/wp\/v2\/pages\/269\/revisions\/272"}],"up":[{"embeddable":true,"href":"https:\/\/webs.uab.cat\/digart\/wp-json\/wp\/v2\/pages\/13"}],"wp:attachment":[{"href":"https:\/\/webs.uab.cat\/digart\/wp-json\/wp\/v2\/media?parent=269"}],"curies":[{"name":"wp","href":"https:\/\/api.w.org\/{rel}","templated":true}]}}