{"id":291,"date":"2025-09-16T09:17:21","date_gmt":"2025-09-16T07:17:21","guid":{"rendered":"https:\/\/webs.uab.cat\/digart\/?page_id=291"},"modified":"2025-09-29T14:02:06","modified_gmt":"2025-09-29T12:02:06","slug":"difusion","status":"publish","type":"page","link":"https:\/\/webs.uab.cat\/digart\/difusion\/","title":{"rendered":"DIFUSI\u00d3N"},"content":{"rendered":"\n<h3 class=\"wp-block-heading has-normal-font-size\"><strong>Participaci\u00f3n en mesa redonda en el congreso ESARTS (Barcelona, 9 de septiembre de 2025)<\/strong><\/h3>\n\n\n\n<p class=\"has-small-font-size\">La investigadora <strong>Dafne Muntanyola-Saura<\/strong> (Universitat Aut\u00f2noma de Barcelona) fue <strong>chair<\/strong> de la mesa redonda <em>Art, AI and Other Discontents<\/em>, celebrada en el marco del <strong>ESArts Conference 2025. Questioning Artistic Hegemony: Old and New Mediations and Resistances in Algorithmic Capitalism<\/strong>, en la Universitat Aut\u00f2noma de Barcelona.<\/p>\n\n\n\n<p class=\"has-small-font-size\">En esta sesi\u00f3n se debatieron los retos y tensiones que plantea la irrupci\u00f3n de la inteligencia artificial en el \u00e1mbito de las artes, con la participaci\u00f3n de especialistas internacionales como Valerie Visanich (University of Malta) y Alger Sans Pinillos (Barcelona Supercomputing Center).<\/p>\n\n\n\n<p class=\"has-small-font-size\">Esta actividad reforz\u00f3 la proyecci\u00f3n acad\u00e9mica internacional de la investigaci\u00f3n en artes y tecnolog\u00edas, consolidando la presencia de la UAB en debates actuales sobre arte y sociedad.<\/p>\n\n\n\n<p><\/p>\n\n\n\n<h3 class=\"wp-block-heading has-normal-font-size\">Sesi\u00f3n organizada en el 5th ISA Forum of Sociology (Rabat, 6-11 de julio de 2025)<\/h3>\n\n\n\n<p class=\"has-small-font-size\">La investigadora <strong>Dafne Muntanyola-Saura<\/strong> (Universitat Aut\u00f2noma de Barcelona) y el investigador <strong>Fern\u00e1n del Val<\/strong> (UNED) organizaron la sesi\u00f3n JS-81.<strong> <\/strong><em>The Digital Turn in the Arts: Ethnographic Methods and Artistic Practices<\/em> en el marco del <strong>5th ISA Forum of Sociology: Knowing Justice in the Anthropocene<\/strong>, celebrado en Rabat (Marruecos) del 6 al 11 de julio de 2025.<\/p>\n\n\n\n<p class=\"has-small-font-size\">La sesi\u00f3n, coorganizada por los comit\u00e9s RC37 (Sociology of Arts) y RC57 (Visual Sociology), reuni\u00f3 a especialistas internacionales para debatir sobre el giro digital en las artes, los m\u00e9todos etnogr\u00e1ficos y las transformaciones de la pr\u00e1ctica art\u00edstica contempor\u00e1nea.<\/p>\n\n\n\n<p class=\"has-small-font-size\">En este espacio, Dafne Muntanyola-Saura y Fern\u00e1n del Val presentaron la comunicaci\u00f3n: <em>Cognitive abduction as a Resource for Conceptualizing Axiological Data in Ethnographic Fieldwork<\/em>, donde abordaron el uso de la abducci\u00f3n cognitiva como recurso metodol\u00f3gico para la conceptualizaci\u00f3n de datos axiol\u00f3gicos en el trabajo de campo etnogr\u00e1fico.<\/p>\n\n\n\n<p class=\"has-small-font-size\">Esta actividad refuerza la visibilidad internacional de la investigaci\u00f3n en artes y m\u00e9todos etnogr\u00e1ficos, y consolida la colaboraci\u00f3n acad\u00e9mica dentro de la <strong>International Sociological Association (ISA)<\/strong>.<\/p>\n\n\n\n<figure class=\"wp-block-image size-full\"><img loading=\"lazy\" decoding=\"async\" width=\"1024\" height=\"768\" src=\"https:\/\/webs.uab.cat\/digart\/wp-content\/uploads\/sites\/581\/2025\/09\/foto-ISA.jpeg\" alt=\"\" class=\"wp-image-306\" srcset=\"https:\/\/webs.uab.cat\/digart\/wp-content\/uploads\/sites\/581\/2025\/09\/foto-ISA.jpeg 1024w, https:\/\/webs.uab.cat\/digart\/wp-content\/uploads\/sites\/581\/2025\/09\/foto-ISA-300x225.jpeg 300w, https:\/\/webs.uab.cat\/digart\/wp-content\/uploads\/sites\/581\/2025\/09\/foto-ISA-768x576.jpeg 768w\" sizes=\"auto, (max-width: 1024px) 100vw, 1024px\" \/><\/figure>\n","protected":false},"excerpt":{"rendered":"<p>Participaci\u00f3n en mesa redonda en el congreso ESARTS (Barcelona, 9 de septiembre de 2025) La investigadora Dafne Muntanyola-Saura (Universitat Aut\u00f2noma de Barcelona) fue chair de la mesa redonda Art, AI and Other Discontents, celebrada en el marco del ESArts Conference 2025. Questioning Artistic Hegemony: Old and New Mediations and Resistances in Algorithmic Capitalism, en la [&hellip;]<\/p>\n","protected":false},"author":2648,"featured_media":0,"parent":0,"menu_order":7,"comment_status":"closed","ping_status":"closed","template":"","meta":{"footnotes":""},"class_list":["post-291","page","type-page","status-publish","hentry"],"_links":{"self":[{"href":"https:\/\/webs.uab.cat\/digart\/wp-json\/wp\/v2\/pages\/291","targetHints":{"allow":["GET"]}}],"collection":[{"href":"https:\/\/webs.uab.cat\/digart\/wp-json\/wp\/v2\/pages"}],"about":[{"href":"https:\/\/webs.uab.cat\/digart\/wp-json\/wp\/v2\/types\/page"}],"author":[{"embeddable":true,"href":"https:\/\/webs.uab.cat\/digart\/wp-json\/wp\/v2\/users\/2648"}],"replies":[{"embeddable":true,"href":"https:\/\/webs.uab.cat\/digart\/wp-json\/wp\/v2\/comments?post=291"}],"version-history":[{"count":9,"href":"https:\/\/webs.uab.cat\/digart\/wp-json\/wp\/v2\/pages\/291\/revisions"}],"predecessor-version":[{"id":320,"href":"https:\/\/webs.uab.cat\/digart\/wp-json\/wp\/v2\/pages\/291\/revisions\/320"}],"wp:attachment":[{"href":"https:\/\/webs.uab.cat\/digart\/wp-json\/wp\/v2\/media?parent=291"}],"curies":[{"name":"wp","href":"https:\/\/api.w.org\/{rel}","templated":true}]}}