{"id":22,"date":"2025-09-23T12:36:50","date_gmt":"2025-09-23T10:36:50","guid":{"rendered":"https:\/\/webs.uab.cat\/digineq\/?page_id=22"},"modified":"2026-03-17T07:25:15","modified_gmt":"2026-03-17T05:25:15","slug":"people","status":"publish","type":"page","link":"https:\/\/webs.uab.cat\/digineq\/people\/","title":{"rendered":"People"},"content":{"rendered":"\n<h5 class=\"wp-block-heading alignwide has-verd-tropic-transparent-background-color has-background\"><\/h5>\n\n\n\n<div class=\"wp-block-columns alignwide is-layout-flex wp-container-core-columns-is-layout-9d6595d7 wp-block-columns-is-layout-flex\">\n<div class=\"wp-block-column is-vertically-aligned-top is-layout-flow wp-block-column-is-layout-flow\"><div class=\"wp-block-image is-style-rounded wp-duotone-grayscale\">\n<figure class=\"aligncenter size-full is-resized\"><img loading=\"lazy\" decoding=\"async\" width=\"439\" height=\"439\" src=\"https:\/\/webs.uab.cat\/digineq\/wp-content\/uploads\/sites\/598\/2026\/02\/GRACIA-pablo-m-edited-1.jpg\" alt=\"\" class=\"wp-image-1313\" style=\"aspect-ratio:1;object-fit:contain;width:160px\" srcset=\"https:\/\/webs.uab.cat\/digineq\/wp-content\/uploads\/sites\/598\/2026\/02\/GRACIA-pablo-m-edited-1.jpg 439w, https:\/\/webs.uab.cat\/digineq\/wp-content\/uploads\/sites\/598\/2026\/02\/GRACIA-pablo-m-edited-1-300x300.jpg 300w, https:\/\/webs.uab.cat\/digineq\/wp-content\/uploads\/sites\/598\/2026\/02\/GRACIA-pablo-m-edited-1-100x100.jpg 100w\" sizes=\"auto, (max-width: 439px) 100vw, 439px\" \/><\/figure>\n<\/div>\n\n\n<p class=\"has-text-align-center has-small-font-size\"><strong><strong>Pablo Gracia<\/strong><\/strong><br>Research Professor at UAB\/CED<br><em>PI of DIGINEQ<\/em><br><a href=\"https:\/\/www.pablogracia-sociology.com\/\" target=\"_blank\" rel=\"noreferrer noopener\">Info<\/a><\/p>\n<\/div>\n\n\n\n<div class=\"wp-block-column is-vertically-aligned-top is-layout-flow wp-block-column-is-layout-flow\"><div class=\"wp-block-image is-style-rounded wp-duotone-grayscale\">\n<figure class=\"aligncenter size-full is-resized\"><img loading=\"lazy\" decoding=\"async\" width=\"463\" height=\"463\" src=\"https:\/\/webs.uab.cat\/digineq\/wp-content\/uploads\/sites\/598\/2026\/03\/Melissa-Bohnert-edited.jpeg\" alt=\"\" class=\"wp-image-1346\" style=\"aspect-ratio:1;object-fit:contain;width:160px\" srcset=\"https:\/\/webs.uab.cat\/digineq\/wp-content\/uploads\/sites\/598\/2026\/03\/Melissa-Bohnert-edited.jpeg 463w, https:\/\/webs.uab.cat\/digineq\/wp-content\/uploads\/sites\/598\/2026\/03\/Melissa-Bohnert-edited-300x300.jpeg 300w, https:\/\/webs.uab.cat\/digineq\/wp-content\/uploads\/sites\/598\/2026\/03\/Melissa-Bohnert-edited-100x100.jpeg 100w\" sizes=\"auto, (max-width: 463px) 100vw, 463px\" \/><\/figure>\n<\/div>\n\n\n<p class=\"has-text-align-center has-small-font-size\"><strong>Melissa Bohnert<\/strong><br>Assistant Professor at University College Dublin<br><em>Collaborator<\/em>                               <a href=\"https:\/\/people.ucd.ie\/melissa.bohnert\" data-type=\"link\" data-id=\"https:\/\/people.ucd.ie\/melissa.bohnert\">Info<\/a><\/p>\n<\/div>\n\n\n\n<div class=\"wp-block-column is-layout-flow wp-block-column-is-layout-flow\"><div class=\"wp-block-image is-style-rounded wp-duotone-grayscale\">\n<figure class=\"aligncenter size-full is-resized\"><img loading=\"lazy\" decoding=\"async\" width=\"419\" height=\"419\" src=\"https:\/\/webs.uab.cat\/digineq\/wp-content\/uploads\/sites\/598\/2026\/01\/Seyma-Celik-400p.jpg\" alt=\"\" class=\"wp-image-907\" style=\"aspect-ratio:1;object-fit:contain;width:160px\" srcset=\"https:\/\/webs.uab.cat\/digineq\/wp-content\/uploads\/sites\/598\/2026\/01\/Seyma-Celik-400p.jpg 419w, https:\/\/webs.uab.cat\/digineq\/wp-content\/uploads\/sites\/598\/2026\/01\/Seyma-Celik-400p-300x300.jpg 300w, https:\/\/webs.uab.cat\/digineq\/wp-content\/uploads\/sites\/598\/2026\/01\/Seyma-Celik-400p-100x100.jpg 100w\" sizes=\"auto, (max-width: 419px) 100vw, 419px\" \/><\/figure>\n<\/div>\n\n\n<p class=\"has-text-align-center has-small-font-size\"><strong>Seyma Celik<\/strong><br>Postdoctoral Researcher at<br>INVEST, Turku<br><em>Collaborator<\/em><br><a href=\"https:\/\/www.utu.fi\/en\/people\/seyma-celik\" data-type=\"link\" data-id=\"https:\/\/www.pablogracia-sociology.com\/\" target=\"_blank\" rel=\"noreferrer noopener\">Info<\/a><\/p>\n<\/div>\n\n\n\n<div class=\"wp-block-column is-layout-flow wp-block-column-is-layout-flow\"><div class=\"wp-block-image is-style-rounded wp-duotone-grayscale\">\n<figure class=\"aligncenter size-full is-resized\"><img loading=\"lazy\" decoding=\"async\" width=\"670\" height=\"670\" src=\"https:\/\/webs.uab.cat\/digineq\/wp-content\/uploads\/sites\/598\/2026\/02\/Yanling-Chen-750p-edited.jpg\" alt=\"\" class=\"wp-image-1311\" style=\"aspect-ratio:1;object-fit:contain;width:160px\" srcset=\"https:\/\/webs.uab.cat\/digineq\/wp-content\/uploads\/sites\/598\/2026\/02\/Yanling-Chen-750p-edited.jpg 670w, https:\/\/webs.uab.cat\/digineq\/wp-content\/uploads\/sites\/598\/2026\/02\/Yanling-Chen-750p-edited-300x300.jpg 300w, https:\/\/webs.uab.cat\/digineq\/wp-content\/uploads\/sites\/598\/2026\/02\/Yanling-Chen-750p-edited-100x100.jpg 100w\" sizes=\"auto, (max-width: 670px) 100vw, 670px\" \/><\/figure>\n<\/div>\n\n\n<p class=\"has-text-align-center has-small-font-size\"><strong>Yanling Chen<\/strong><br>PhD Researcher at UAB\/CED<br><a href=\"https:\/\/ced.cat\/directori\/yanling-chen\/\" data-type=\"link\" data-id=\"https:\/\/www.pablogracia-sociology.com\/\" target=\"_blank\" rel=\"noreferrer noopener\">Info<\/a><\/p>\n<\/div>\n\n\n\n<div class=\"wp-block-column is-vertically-aligned-top is-layout-flow wp-block-column-is-layout-flow\"><div class=\"wp-block-image is-style-rounded wp-duotone-grayscale\">\n<figure class=\"aligncenter size-full is-resized\"><img loading=\"lazy\" decoding=\"async\" width=\"728\" height=\"728\" src=\"https:\/\/webs.uab.cat\/digineq\/wp-content\/uploads\/sites\/598\/2026\/02\/Beyda-Cineli-750p-edited.jpg\" alt=\"\" class=\"wp-image-1314\" style=\"aspect-ratio:1;object-fit:contain;width:160px\" srcset=\"https:\/\/webs.uab.cat\/digineq\/wp-content\/uploads\/sites\/598\/2026\/02\/Beyda-Cineli-750p-edited.jpg 728w, https:\/\/webs.uab.cat\/digineq\/wp-content\/uploads\/sites\/598\/2026\/02\/Beyda-Cineli-750p-edited-300x300.jpg 300w, https:\/\/webs.uab.cat\/digineq\/wp-content\/uploads\/sites\/598\/2026\/02\/Beyda-Cineli-750p-edited-100x100.jpg 100w\" sizes=\"auto, (max-width: 728px) 100vw, 728px\" \/><\/figure>\n<\/div>\n\n\n<p class=\"has-text-align-center has-small-font-size\"><strong>Beyda Cineli<\/strong><br>Postdoctoral Researcher at UAB\/CED<br><a href=\"https:\/\/ced.cat\/en\/directori\/beyda-cineli\/\" target=\"_blank\" rel=\"noreferrer noopener\">Info<\/a><\/p>\n<\/div>\n<\/div>\n\n\n\n<h5 class=\"wp-block-heading alignwide has-verd-tropic-transparent-background-color has-background\"><\/h5>\n\n\n\n<div class=\"wp-block-columns alignwide is-layout-flex wp-container-core-columns-is-layout-9d6595d7 wp-block-columns-is-layout-flex\">\n<div class=\"wp-block-column is-vertically-aligned-top is-layout-flow wp-block-column-is-layout-flow\"><div class=\"wp-block-image is-style-rounded wp-duotone-grayscale\">\n<figure class=\"aligncenter size-full is-resized\"><img loading=\"lazy\" decoding=\"async\" width=\"750\" height=\"750\" src=\"https:\/\/webs.uab.cat\/digineq\/wp-content\/uploads\/sites\/598\/2026\/01\/Noelia-Janez-750p.jpg\" alt=\"\" class=\"wp-image-788\" style=\"aspect-ratio:1;object-fit:contain;width:160px\" srcset=\"https:\/\/webs.uab.cat\/digineq\/wp-content\/uploads\/sites\/598\/2026\/01\/Noelia-Janez-750p.jpg 750w, https:\/\/webs.uab.cat\/digineq\/wp-content\/uploads\/sites\/598\/2026\/01\/Noelia-Janez-750p-300x300.jpg 300w, https:\/\/webs.uab.cat\/digineq\/wp-content\/uploads\/sites\/598\/2026\/01\/Noelia-Janez-750p-100x100.jpg 100w\" sizes=\"auto, (max-width: 750px) 100vw, 750px\" \/><\/figure>\n<\/div>\n\n\n<p class=\"has-text-align-center has-small-font-size\"><strong>Noelia Donado Ja\u00f1ez<\/strong><br><em>Project Officer at UAB<\/em><br><a href=\"https:\/\/directori.uab.cat\/uabdirectori\/veureDetallPersona?cid=696b345a7954363745422f5241312f785458484247673d3d&amp;cole=PAS\" target=\"_blank\" rel=\"noreferrer noopener\">Info<\/a><\/p>\n<\/div>\n\n\n\n<div class=\"wp-block-column is-vertically-aligned-top is-layout-flow wp-block-column-is-layout-flow\"><div class=\"wp-block-image is-style-rounded wp-duotone-grayscale\">\n<figure class=\"aligncenter size-full is-resized\"><img loading=\"lazy\" decoding=\"async\" width=\"388\" height=\"388\" src=\"https:\/\/webs.uab.cat\/digineq\/wp-content\/uploads\/sites\/598\/2026\/02\/Roger-Fernandez_400p-edited.jpg\" alt=\"\" class=\"wp-image-1316\" style=\"aspect-ratio:1;object-fit:contain;width:160px\" srcset=\"https:\/\/webs.uab.cat\/digineq\/wp-content\/uploads\/sites\/598\/2026\/02\/Roger-Fernandez_400p-edited.jpg 388w, https:\/\/webs.uab.cat\/digineq\/wp-content\/uploads\/sites\/598\/2026\/02\/Roger-Fernandez_400p-edited-300x300.jpg 300w, https:\/\/webs.uab.cat\/digineq\/wp-content\/uploads\/sites\/598\/2026\/02\/Roger-Fernandez_400p-edited-100x100.jpg 100w\" sizes=\"auto, (max-width: 388px) 100vw, 388px\" \/><\/figure>\n<\/div>\n\n\n<p class=\"has-text-align-center has-small-font-size\"><strong>Roger Fern\u00e1ndez-Urbano<\/strong><br>Ram\u00f3n y Cajal Fellow at UB<br><em>Collaborator<\/em><br><a href=\"https:\/\/ced.cat\/en\/directori\/roger-fernandez-urbano\" target=\"_blank\" rel=\"noreferrer noopener\">Info<\/a><\/p>\n<\/div>\n\n\n\n<div class=\"wp-block-column is-layout-flow wp-block-column-is-layout-flow\"><div class=\"wp-block-image is-style-rounded wp-duotone-grayscale\">\n<figure class=\"aligncenter size-full is-resized\"><img loading=\"lazy\" decoding=\"async\" width=\"728\" height=\"729\" src=\"https:\/\/webs.uab.cat\/digineq\/wp-content\/uploads\/sites\/598\/2026\/02\/Paula-Gonzalez-Vila-750p-edited.jpg\" alt=\"\" class=\"wp-image-1317\" style=\"aspect-ratio:1;object-fit:contain;width:160px\" srcset=\"https:\/\/webs.uab.cat\/digineq\/wp-content\/uploads\/sites\/598\/2026\/02\/Paula-Gonzalez-Vila-750p-edited.jpg 728w, https:\/\/webs.uab.cat\/digineq\/wp-content\/uploads\/sites\/598\/2026\/02\/Paula-Gonzalez-Vila-750p-edited-300x300.jpg 300w, https:\/\/webs.uab.cat\/digineq\/wp-content\/uploads\/sites\/598\/2026\/02\/Paula-Gonzalez-Vila-750p-edited-100x100.jpg 100w\" sizes=\"auto, (max-width: 728px) 100vw, 728px\" \/><\/figure>\n<\/div>\n\n\n<p class=\"has-text-align-center has-small-font-size\"><strong>Paula Gonz\u00e1lez-Vila<\/strong><br>PhD Researcher at UAB<br><em>Collaborator<\/em><br><a href=\"https:\/\/portalrecerca.uab.cat\/es\/persons\/paula-gonz%C3%A1lez-vila\" target=\"_blank\" rel=\"noreferrer noopener\">Info<\/a><\/p>\n<\/div>\n\n\n\n<div class=\"wp-block-column is-layout-flow wp-block-column-is-layout-flow\"><div class=\"wp-block-image is-style-rounded wp-duotone-grayscale\">\n<figure class=\"aligncenter size-full is-resized\"><img loading=\"lazy\" decoding=\"async\" width=\"658\" height=\"658\" src=\"https:\/\/webs.uab.cat\/digineq\/wp-content\/uploads\/sites\/598\/2026\/02\/Giorgio-Nocerino-750p-edited.jpg\" alt=\"\" class=\"wp-image-1315\" style=\"aspect-ratio:1;object-fit:contain;width:160px\" srcset=\"https:\/\/webs.uab.cat\/digineq\/wp-content\/uploads\/sites\/598\/2026\/02\/Giorgio-Nocerino-750p-edited.jpg 658w, https:\/\/webs.uab.cat\/digineq\/wp-content\/uploads\/sites\/598\/2026\/02\/Giorgio-Nocerino-750p-edited-300x300.jpg 300w, https:\/\/webs.uab.cat\/digineq\/wp-content\/uploads\/sites\/598\/2026\/02\/Giorgio-Nocerino-750p-edited-100x100.jpg 100w\" sizes=\"auto, (max-width: 658px) 100vw, 658px\" \/><\/figure>\n<\/div>\n\n\n<p class=\"has-text-align-center has-small-font-size\"><strong>Giorgio Nocerino<\/strong><br>PhD Researcher at UAB\/CED<br><a href=\"https:\/\/ced.cat\/en\/directori\/giorgio-nocerino\" target=\"_blank\" rel=\"noreferrer noopener\">Info<\/a><\/p>\n<\/div>\n\n\n\n<div class=\"wp-block-column is-vertically-aligned-top is-layout-flow wp-block-column-is-layout-flow\"><div class=\"wp-block-image is-style-rounded wp-duotone-grayscale\">\n<figure class=\"aligncenter size-full is-resized\"><img loading=\"lazy\" decoding=\"async\" width=\"500\" height=\"500\" src=\"https:\/\/webs.uab.cat\/digineq\/wp-content\/uploads\/sites\/598\/2026\/03\/Thais.png\" alt=\"\" class=\"wp-image-1348\" style=\"aspect-ratio:1;object-fit:contain;width:160px\" srcset=\"https:\/\/webs.uab.cat\/digineq\/wp-content\/uploads\/sites\/598\/2026\/03\/Thais.png 500w, https:\/\/webs.uab.cat\/digineq\/wp-content\/uploads\/sites\/598\/2026\/03\/Thais-300x300.png 300w, https:\/\/webs.uab.cat\/digineq\/wp-content\/uploads\/sites\/598\/2026\/03\/Thais-100x100.png 100w\" sizes=\"auto, (max-width: 500px) 100vw, 500px\" \/><\/figure>\n<\/div>\n\n\n<p class=\"has-text-align-center has-small-font-size\"><strong>Thais Mena<\/strong><br>Research Technician at UAB\/CED                            <a href=\"https:\/\/www.cla.udl.cat\/researcher\/thais-mena-orduna\/\" data-type=\"link\" data-id=\"https:\/\/www.cla.udl.cat\/researcher\/thais-mena-orduna\/\">Info<\/a><\/p>\n<\/div>\n<\/div>\n\n\n\n<h5 class=\"wp-block-heading alignwide has-verd-tropic-transparent-background-color has-background\"><\/h5>\n\n\n\n<div class=\"wp-block-columns alignwide is-layout-flex wp-container-core-columns-is-layout-9d6595d7 wp-block-columns-is-layout-flex\">\n<div class=\"wp-block-column is-vertically-aligned-top is-layout-flow wp-block-column-is-layout-flow\"><div class=\"wp-block-image is-style-rounded wp-duotone-grayscale\">\n<figure class=\"aligncenter size-full is-resized\"><img loading=\"lazy\" decoding=\"async\" width=\"676\" height=\"676\" src=\"https:\/\/webs.uab.cat\/digineq\/wp-content\/uploads\/sites\/598\/2026\/02\/Maria-Rubio-750p-edited.jpg\" alt=\"\" class=\"wp-image-1312\" style=\"aspect-ratio:1;object-fit:contain;width:160px\" srcset=\"https:\/\/webs.uab.cat\/digineq\/wp-content\/uploads\/sites\/598\/2026\/02\/Maria-Rubio-750p-edited.jpg 676w, https:\/\/webs.uab.cat\/digineq\/wp-content\/uploads\/sites\/598\/2026\/02\/Maria-Rubio-750p-edited-300x300.jpg 300w, https:\/\/webs.uab.cat\/digineq\/wp-content\/uploads\/sites\/598\/2026\/02\/Maria-Rubio-750p-edited-100x100.jpg 100w\" sizes=\"auto, (max-width: 676px) 100vw, 676px\" \/><\/figure>\n<\/div>\n\n\n<p class=\"has-text-align-center has-small-font-size\"><strong>Maria Rubio-Caba\u00f1ez<\/strong><br>Postdoctoral Researcher at UAB\/CED<br><a href=\"https:\/\/sites.google.com\/view\/mariarubiocabanez\" target=\"_blank\" rel=\"noreferrer noopener\">Info<\/a><\/p>\n<\/div>\n\n\n\n<div class=\"wp-block-column is-vertically-aligned-top is-layout-flow wp-block-column-is-layout-flow\"><div class=\"wp-block-image is-style-rounded wp-duotone-grayscale\">\n<figure class=\"aligncenter size-full is-resized\"><img loading=\"lazy\" decoding=\"async\" width=\"750\" height=\"749\" src=\"https:\/\/webs.uab.cat\/digineq\/wp-content\/uploads\/sites\/598\/2026\/01\/Carlos-Sanchez-750p.jpg\" alt=\"\" class=\"wp-image-902\" style=\"aspect-ratio:1;object-fit:contain;width:160px\" srcset=\"https:\/\/webs.uab.cat\/digineq\/wp-content\/uploads\/sites\/598\/2026\/01\/Carlos-Sanchez-750p.jpg 750w, https:\/\/webs.uab.cat\/digineq\/wp-content\/uploads\/sites\/598\/2026\/01\/Carlos-Sanchez-750p-300x300.jpg 300w, https:\/\/webs.uab.cat\/digineq\/wp-content\/uploads\/sites\/598\/2026\/01\/Carlos-Sanchez-750p-100x100.jpg 100w\" sizes=\"auto, (max-width: 750px) 100vw, 750px\" \/><\/figure>\n<\/div>\n\n\n<p class=\"has-text-align-center has-small-font-size\"><strong>Carlos S\u00e1nchez<\/strong><br><em>Project Officer at CED<br><\/em><a href=\"https:\/\/ced.cat\/es\/directori\/carlos-sanchez\" target=\"_blank\" rel=\"noreferrer noopener\">Info<\/a><\/p>\n<\/div>\n\n\n\n<div class=\"wp-block-column is-layout-flow wp-block-column-is-layout-flow\"><div class=\"wp-block-image is-style-rounded wp-duotone-grayscale\">\n<figure class=\"aligncenter size-full is-resized\"><img loading=\"lazy\" decoding=\"async\" width=\"676\" height=\"677\" src=\"https:\/\/webs.uab.cat\/digineq\/wp-content\/uploads\/sites\/598\/2026\/02\/Lisa-Scanu-750p-edited-1.jpg\" alt=\"\" class=\"wp-image-1321\" style=\"aspect-ratio:1;object-fit:contain;width:160px\" srcset=\"https:\/\/webs.uab.cat\/digineq\/wp-content\/uploads\/sites\/598\/2026\/02\/Lisa-Scanu-750p-edited-1.jpg 676w, https:\/\/webs.uab.cat\/digineq\/wp-content\/uploads\/sites\/598\/2026\/02\/Lisa-Scanu-750p-edited-1-300x300.jpg 300w, https:\/\/webs.uab.cat\/digineq\/wp-content\/uploads\/sites\/598\/2026\/02\/Lisa-Scanu-750p-edited-1-100x100.jpg 100w\" sizes=\"auto, (max-width: 676px) 100vw, 676px\" \/><\/figure>\n<\/div>\n\n\n<p class=\"has-text-align-center has-small-font-size\"><strong>Lisa Scanu<\/strong><br>Research Technician at UAB\/CED<br><a href=\"https:\/\/directori.uab.cat\/uabdirectori\/veureDetallPersona?cid=3976562f487450767a4266514f7639583352526952773d3d&amp;cole=PASmeret\" target=\"_blank\" rel=\"noreferrer noopener\">Info<\/a><\/p>\n<\/div>\n\n\n\n<div class=\"wp-block-column is-layout-flow wp-block-column-is-layout-flow\"><div class=\"wp-block-image is-style-rounded wp-duotone-grayscale\">\n<figure class=\"aligncenter size-full is-resized\"><img loading=\"lazy\" decoding=\"async\" width=\"714\" height=\"714\" src=\"https:\/\/webs.uab.cat\/digineq\/wp-content\/uploads\/sites\/598\/2026\/02\/Meret-Stursberg-750p-edited.jpg\" alt=\"\" class=\"wp-image-1318\" style=\"aspect-ratio:1;object-fit:contain;width:160px\" srcset=\"https:\/\/webs.uab.cat\/digineq\/wp-content\/uploads\/sites\/598\/2026\/02\/Meret-Stursberg-750p-edited.jpg 714w, https:\/\/webs.uab.cat\/digineq\/wp-content\/uploads\/sites\/598\/2026\/02\/Meret-Stursberg-750p-edited-300x300.jpg 300w, https:\/\/webs.uab.cat\/digineq\/wp-content\/uploads\/sites\/598\/2026\/02\/Meret-Stursberg-750p-edited-100x100.jpg 100w\" sizes=\"auto, (max-width: 714px) 100vw, 714px\" \/><\/figure>\n<\/div>\n\n\n<p class=\"has-text-align-center has-small-font-size\"><strong>Meret Stursberg<\/strong><br>MA Student at GLOBED, UAB<br><em>Collaborator<\/em><br><a href=\"https:\/\/www.linkedin.com\/in\/meret-stursberg\/\" target=\"_blank\" rel=\"noreferrer noopener\">Info<\/a><\/p>\n<\/div>\n\n\n\n<div class=\"wp-block-column is-vertically-aligned-top is-layout-flow wp-block-column-is-layout-flow\"><div class=\"wp-block-image is-style-rounded wp-duotone-grayscale\">\n<figure class=\"aligncenter size-full is-resized\"><img loading=\"lazy\" decoding=\"async\" width=\"750\" height=\"750\" src=\"https:\/\/webs.uab.cat\/digineq\/wp-content\/uploads\/sites\/598\/2026\/01\/Giampiero-Tarantino_750p.jpg\" alt=\"\" class=\"wp-image-785\" style=\"aspect-ratio:1;object-fit:contain;width:160px\" srcset=\"https:\/\/webs.uab.cat\/digineq\/wp-content\/uploads\/sites\/598\/2026\/01\/Giampiero-Tarantino_750p.jpg 750w, https:\/\/webs.uab.cat\/digineq\/wp-content\/uploads\/sites\/598\/2026\/01\/Giampiero-Tarantino_750p-300x300.jpg 300w, https:\/\/webs.uab.cat\/digineq\/wp-content\/uploads\/sites\/598\/2026\/01\/Giampiero-Tarantino_750p-100x100.jpg 100w\" sizes=\"auto, (max-width: 750px) 100vw, 750px\" \/><\/figure>\n<\/div>\n\n\n<p class=\"has-text-align-center has-small-font-size\"><strong>Giampiero Tarantino<\/strong><br>Postdoctoral Researcher SDU<br><em>Collaborator<\/em><br><a href=\"https:\/\/portal.findresearcher.sdu.dk\/en\/persons\/gtarantino\" target=\"_blank\" rel=\"noreferrer noopener\">Info<\/a><\/p>\n<\/div>\n<\/div>\n\n\n\n<p><\/p>\n","protected":false},"excerpt":{"rendered":"<p>Pablo GraciaResearch Professor at UAB\/CEDPI of DIGINEQInfo Melissa BohnertAssistant Professor at University College DublinCollaborator Info Seyma CelikPostdoctoral Researcher atINVEST, TurkuCollaboratorInfo Yanling ChenPhD Researcher at UAB\/CEDInfo Beyda CineliPostdoctoral Researcher at UAB\/CEDInfo Noelia Donado Ja\u00f1ezProject Officer at UABInfo Roger Fern\u00e1ndez-UrbanoRam\u00f3n y Cajal Fellow at UBCollaboratorInfo Paula Gonz\u00e1lez-VilaPhD Researcher at UABCollaboratorInfo Giorgio NocerinoPhD Researcher at UAB\/CEDInfo Thais MenaResearch [&hellip;]<\/p>\n","protected":false},"author":2976,"featured_media":0,"parent":0,"menu_order":0,"comment_status":"closed","ping_status":"closed","template":"","meta":{"footnotes":""},"class_list":["post-22","page","type-page","status-publish","hentry"],"_links":{"self":[{"href":"https:\/\/webs.uab.cat\/digineq\/wp-json\/wp\/v2\/pages\/22","targetHints":{"allow":["GET"]}}],"collection":[{"href":"https:\/\/webs.uab.cat\/digineq\/wp-json\/wp\/v2\/pages"}],"about":[{"href":"https:\/\/webs.uab.cat\/digineq\/wp-json\/wp\/v2\/types\/page"}],"author":[{"embeddable":true,"href":"https:\/\/webs.uab.cat\/digineq\/wp-json\/wp\/v2\/users\/2976"}],"replies":[{"embeddable":true,"href":"https:\/\/webs.uab.cat\/digineq\/wp-json\/wp\/v2\/comments?post=22"}],"version-history":[{"count":99,"href":"https:\/\/webs.uab.cat\/digineq\/wp-json\/wp\/v2\/pages\/22\/revisions"}],"predecessor-version":[{"id":1367,"href":"https:\/\/webs.uab.cat\/digineq\/wp-json\/wp\/v2\/pages\/22\/revisions\/1367"}],"wp:attachment":[{"href":"https:\/\/webs.uab.cat\/digineq\/wp-json\/wp\/v2\/media?parent=22"}],"curies":[{"name":"wp","href":"https:\/\/api.w.org\/{rel}","templated":true}]}}