{"id":109,"date":"2016-01-19T13:43:45","date_gmt":"2016-01-19T11:43:45","guid":{"rendered":"https:\/\/webs.uab.cat\/dimcom\/pagina\/"},"modified":"2022-11-21T16:08:48","modified_gmt":"2022-11-21T14:08:48","slug":"pagina","status":"publish","type":"page","link":"https:\/\/webs.uab.cat\/dimcom\/","title":{"rendered":"DIMCOM. Community dimension, personal networks, and social exclusion."},"content":{"rendered":"\n<p class=\"has-accent-background-color has-background\"><strong>\u201cDimensi\u00f3n comunitaria, redes sociales y exclusi\u00f3n social\u201d <\/strong>(Acr\u00f3nimo: DIMCOM). Proyecto I + D + i. Retos de Investigaci\u00f3n. Ministerio de Ciencia, Innovaci\u00f3n y Universidades.<br><br>IP: Hugo Valenzuela y Miranda J. Lubbers. Ref. PID2019-111251RB-I00. Periodo: Junio 2019- junio 2023.<br><br>Investigadores\/as: JL Molina, Roser Fern\u00e1ndez, Paula Escribano. Raphael Cantillana<br><br>Palabras clave: \u201cinclusi\u00f3n social\u201d, \u201cprecariedad\u201d, \u201ccomunidad\u201d, \u201credes personales\u201d, \u201cantropolog\u00eda\u201d, \u201csalud y bienestar\u201d, trabajo y precarizaci\u00f3n.<\/p>\n\n\n\n<p>\u200b<\/p>\n\n\n\n<h2 class=\"wp-block-heading\"><strong>Introducci\u00f3n<\/strong><\/h2>\n\n\n\n<p>El aumento de la desigualdad es una caracter\u00edstica global. El porcentaje de poblaci\u00f3n en situaci\u00f3n de exclusi\u00f3n est\u00e1 en sus m\u00e1ximos hist\u00f3ricos desde que se inici\u00f3 la serie en los a\u00f1os 70 (OECD 2015; OECD 2016). En Espa\u00f1a, el 18% de la poblaci\u00f3n (8,5 millones) est\u00e1 estancado en la exclusi\u00f3n (1,2 millones m\u00e1s que antes de la crisis) y, de estos, la mitad (4,1 millones) se encuentra en situaci\u00f3n de exclusi\u00f3n social severa, con cerca de dos millones en situaci\u00f3n de necesidad extrema (Fundaci\u00f3n-FOESSA, 2019).<\/p>\n\n\n\n<p>Pero del conjunto de la sociedad espa\u00f1ola \u201cintegrada\u201d, dos tercios de su poblaci\u00f3n, alrededor de 6 millones constituyen la llamada sociedad insegura o precariado (Standing, 2013): personas en riesgo de exclusi\u00f3n, con gran inseguridad en t\u00e9rminos de ingresos y vivienda y con imposibilidad de adoptar estrategias formativas. Una caracter\u00edstica del precariado no es el nivel de salarios ni ingresos, sino la falta de apoyo de la comunidad en momentos de necesidad, la falta de beneficios empresariales o estatales garantizados y la falta de beneficios privados para complementar los ingresos (Standing, 2013:5).<\/p>\n\n\n\n<p>Las relaciones familiares y las amistades tienen un papel importante en el bienestar y, en particular, en la salud mental de la poblaci\u00f3n (Berkman, 1995; Cohen &amp; Wills, 1985; Gottlieb, 1981), pero esto no se ha analizado en el caso del precariado. Este proyecto propone explorar la contribuci\u00f3n de esta dimensi\u00f3n comunitaria al \u201csocial income\u201d (ingreso social) de esa \u201csociedad insegura\u201d, formada por diversos colectivos: j\u00f3venes con empleos precarios, madres solteras, emigrantes y personas desempleadas o con trabajos precarios y\/o informales que carecen de vivienda propia, entre otros.<\/p>\n\n\n\n<p>El concepto de ingreso social (Standing, 2013) est\u00e1 compuesto de 6 elementos: (a) auto-producci\u00f3n de bienes y servicios, (b) salarios, (c) valor del apoyo recibido por familia y comunidad local, (d) los beneficios otorgados por empresas y organizaciones a sus trabajadores, (e) servicios directos o indirectos financiados por el estado y (f) intereses privados de ahorros e inversiones.<\/p>\n\n\n\n<p>Las iniciativas comunitarias organizadas de forma horizontal generan redes de apoyo fuertes, durables y empoderadoras (Small, 2010; Mazelis, 2017).<\/p>\n\n\n\n<h2 class=\"wp-block-heading\"><strong>Objetivos<\/strong><\/h2>\n\n\n\n<p>El objetivo inicial de DIMCOM es analizar la dimensi\u00f3n social del precariado. Bajo un \u00e1ngulo m\u00e1s amplio, no obstante, nos cuestionamos dee qu\u00e9 manera las condiciones laborales deplorables afectan a las relaciones sociales e impactan emocional e ideol\u00f3gicamente en el individuo (lo que Allison denomina \u201caniquilaci\u00f3n del esp\u00edritu\u201d 2013: 70; Cf. Mol\u00e9 2012: 25; Ab\u00e9l\u00e8s, 2010).. Es decir, \u00bfc\u00f3mo la din\u00e1mica precaria se filtra en las relaciones cotidianas?, \u00bfc\u00f3mo se experimenta ese proceso, qu\u00e9 nuevas formas de relaciones y transformaci\u00f3n sociales se producen? (relaciones emocionales, de pareja, de amigos, familiares, etc.)<\/p>\n\n\n\n<h2 class=\"wp-block-heading\"><strong>Preguntas<\/strong><\/h2>\n\n\n\n<p>\u00bfC\u00f3mo influyen las relaciones sociales (de familiares y amigos) en el bienestar y la salud mental del \u201cindividuo precario\u201d?, \u00bfQu\u00e9 tipo de interacciones personales, sociales y comunitarias tiene este sector precario?, \u00bfCu\u00e1l es la contribuci\u00f3n de esa dimensi\u00f3n comunitaria al \u201csocial income\u201d (ingreso social)?<\/p>\n\n\n\n<figure class=\"wp-block-table\"><table><tbody><tr><td>Contribuci\u00f3n de la dimensi\u00f3n comunitaria al ingreso social<\/td><td>&nbsp;<br>Social incomeincluye:<\/td><td>1. Autoproducci\u00f3n (de bienes y servicios)2. Salario3. Valor del apoyo familiar y comunitario4. Beneficios otorgados por empresas y organizaciones a sus trabajadores5. Servicios directos o indirectos financiados por el estado6. Intereses de ahorros e inversiones<\/td><\/tr><\/tbody><\/table><\/figure>\n\n\n<div class=\"wp-block-image\">\n<figure class=\"aligncenter\"><img loading=\"lazy\" decoding=\"async\" width=\"205\" height=\"57\" src=\"https:\/\/webs.uab.cat\/dimcom\/wp-content\/uploads\/sites\/279\/2016\/01\/logouab.jpg\" alt=\"\" class=\"wp-image-108\"\/><\/figure>\n<\/div>","protected":false},"excerpt":{"rendered":"<p>\u201cDimensi\u00f3n comunitaria, redes sociales y exclusi\u00f3n social\u201d (Acr\u00f3nimo: DIMCOM). Proyecto I + D + i. Retos de Investigaci\u00f3n. Ministerio de Ciencia, Innovaci\u00f3n y Universidades. IP: Hugo Valenzuela y Miranda J. Lubbers. Ref. PID2019-111251RB-I00. Periodo: Junio 2019- junio 2023. Investigadores\/as: JL Molina, Roser Fern\u00e1ndez, Paula Escribano. Raphael Cantillana Palabras clave: \u201cinclusi\u00f3n social\u201d, \u201cprecariedad\u201d, \u201ccomunidad\u201d, \u201credes personales\u201d, [&hellip;]<\/p>\n","protected":false},"author":20,"featured_media":0,"parent":0,"menu_order":0,"comment_status":"closed","ping_status":"closed","template":"","meta":{"footnotes":""},"class_list":["post-109","page","type-page","status-publish","hentry"],"_links":{"self":[{"href":"https:\/\/webs.uab.cat\/dimcom\/wp-json\/wp\/v2\/pages\/109","targetHints":{"allow":["GET"]}}],"collection":[{"href":"https:\/\/webs.uab.cat\/dimcom\/wp-json\/wp\/v2\/pages"}],"about":[{"href":"https:\/\/webs.uab.cat\/dimcom\/wp-json\/wp\/v2\/types\/page"}],"author":[{"embeddable":true,"href":"https:\/\/webs.uab.cat\/dimcom\/wp-json\/wp\/v2\/users\/20"}],"replies":[{"embeddable":true,"href":"https:\/\/webs.uab.cat\/dimcom\/wp-json\/wp\/v2\/comments?post=109"}],"version-history":[{"count":2,"href":"https:\/\/webs.uab.cat\/dimcom\/wp-json\/wp\/v2\/pages\/109\/revisions"}],"predecessor-version":[{"id":205,"href":"https:\/\/webs.uab.cat\/dimcom\/wp-json\/wp\/v2\/pages\/109\/revisions\/205"}],"wp:attachment":[{"href":"https:\/\/webs.uab.cat\/dimcom\/wp-json\/wp\/v2\/media?parent=109"}],"curies":[{"name":"wp","href":"https:\/\/api.w.org\/{rel}","templated":true}]}}