{"id":129,"date":"2016-05-02T10:12:17","date_gmt":"2016-05-02T08:12:17","guid":{"rendered":"https:\/\/webs.uab.cat\/dimcom\/metodologia\/"},"modified":"2022-11-21T16:07:31","modified_gmt":"2022-11-21T14:07:31","slug":"metodologia","status":"publish","type":"page","link":"https:\/\/webs.uab.cat\/dimcom\/metodologia\/","title":{"rendered":"Metodolog\u00eda"},"content":{"rendered":"\n<h2 class=\"wp-block-heading\">Parte <strong>cualitativa<\/strong>.<\/h2>\n\n\n\n<p>Cada entrevista semiestructurada ten\u00eda una duraci\u00f3n aproximada de 1 hora y 30 minutos. Todas fueron presenciales y se realizaron en diferentes lugares, en ocasiones era el propio domicilio de la persona entrevistada y en otras era en cafeter\u00edas o en la v\u00eda p\u00fablica. Cada entrevista fue grabada para su posterior transcripci\u00f3n, con el consentimiento previo de la persona entrevistada. En la investigaci\u00f3n se buscaba analizar a trav\u00e9s de estas herramientas, las distintas dimensiones de la precariedad, como la dimensi\u00f3n material (trabajo, educaci\u00f3n), la relacional (relaciones de trabajo, relaciones de amistades, familia\u2026), la ideol\u00f3gica (aspectos \u00e9ticos, culturales\u2026) o la esfera subjetiva (emociones, malestar, etc.).<\/p>\n\n\n\n<h2 class=\"wp-block-heading\">Parte <strong>cuantitativa<\/strong>.<\/h2>\n\n\n\n<p>El cuestionario se realizaba al finalizar la entrevista semiestructurada y se recog\u00edan datos cuantitativos para comparar posteriormente los perfiles recogidos. La duraci\u00f3n aproximada de cada cuestionario fue de unos 30 minutos. Al hablar sobre aspectos personales durante la entrevista, el nivel de rapport y confianza era elevado. El hecho de que tanto el cuestionario como el formato (realizado con network canvas) permitieran una interacci\u00f3n entre entrevistador y entrevistados, hizo que los cuestionarios se completaran de manera r\u00e1pida y amena para ambas partes.<\/p>\n\n\n\n<h2 class=\"wp-block-heading\"><strong>Red personal<\/strong><\/h2>\n\n\n\n<p>Se finaliza el cuestionario con una red personal de la persona entrevistada, y que da informaci\u00f3n de sus apoyos por parte de amistades y familiares.<\/p>\n\n\n<div class=\"wp-block-image\">\n<figure class=\"aligncenter\"><img loading=\"lazy\" decoding=\"async\" width=\"320\" height=\"330\" src=\"https:\/\/webs.uab.cat\/dimcom\/wp-content\/uploads\/sites\/279\/2016\/05\/whatsapp_image_2022-07-28_at_2.27.11_pm_0_0.jpeg\" alt=\"\" class=\"wp-image-128\" srcset=\"https:\/\/webs.uab.cat\/dimcom\/wp-content\/uploads\/sites\/279\/2016\/05\/whatsapp_image_2022-07-28_at_2.27.11_pm_0_0.jpeg 320w, https:\/\/webs.uab.cat\/dimcom\/wp-content\/uploads\/sites\/279\/2016\/05\/whatsapp_image_2022-07-28_at_2.27.11_pm_0_0-291x300.jpeg 291w\" sizes=\"auto, (max-width: 320px) 100vw, 320px\" \/><\/figure>\n<\/div>","protected":false},"excerpt":{"rendered":"<p>Parte cualitativa. Cada entrevista semiestructurada ten\u00eda una duraci\u00f3n aproximada de 1 hora y 30 minutos. Todas fueron presenciales y se realizaron en diferentes lugares, en ocasiones era el propio domicilio de la persona entrevistada y en otras era en cafeter\u00edas o en la v\u00eda p\u00fablica. Cada entrevista fue grabada para su posterior transcripci\u00f3n, con el [&hellip;]<\/p>\n","protected":false},"author":20,"featured_media":0,"parent":0,"menu_order":0,"comment_status":"closed","ping_status":"closed","template":"","meta":{"footnotes":""},"class_list":["post-129","page","type-page","status-publish","hentry"],"_links":{"self":[{"href":"https:\/\/webs.uab.cat\/dimcom\/wp-json\/wp\/v2\/pages\/129","targetHints":{"allow":["GET"]}}],"collection":[{"href":"https:\/\/webs.uab.cat\/dimcom\/wp-json\/wp\/v2\/pages"}],"about":[{"href":"https:\/\/webs.uab.cat\/dimcom\/wp-json\/wp\/v2\/types\/page"}],"author":[{"embeddable":true,"href":"https:\/\/webs.uab.cat\/dimcom\/wp-json\/wp\/v2\/users\/20"}],"replies":[{"embeddable":true,"href":"https:\/\/webs.uab.cat\/dimcom\/wp-json\/wp\/v2\/comments?post=129"}],"version-history":[{"count":1,"href":"https:\/\/webs.uab.cat\/dimcom\/wp-json\/wp\/v2\/pages\/129\/revisions"}],"predecessor-version":[{"id":203,"href":"https:\/\/webs.uab.cat\/dimcom\/wp-json\/wp\/v2\/pages\/129\/revisions\/203"}],"wp:attachment":[{"href":"https:\/\/webs.uab.cat\/dimcom\/wp-json\/wp\/v2\/media?parent=129"}],"curies":[{"name":"wp","href":"https:\/\/api.w.org\/{rel}","templated":true}]}}