{"id":34,"date":"2016-01-19T13:43:45","date_gmt":"2016-01-19T13:43:45","guid":{"rendered":"https:\/\/webs.uab.cat\/dinamos\/pagina\/"},"modified":"2023-02-13T20:09:09","modified_gmt":"2023-02-13T20:09:09","slug":"pagina","status":"publish","type":"page","link":"https:\/\/webs.uab.cat\/dinamos\/","title":{"rendered":"Presentaci\u00f3n"},"content":{"rendered":"\n<h2 class=\"wp-block-heading\">Din\u00e1micas de movilidad social en Espa\u00f1a<\/h2>\n\n\n\n<div class=\"wp-block-media-text is-stacked-on-mobile\" style=\"grid-template-columns:25% auto\"><figure class=\"wp-block-media-text__media\"><img loading=\"lazy\" decoding=\"async\" width=\"270\" height=\"268\" src=\"https:\/\/webs.uab.cat\/dinamos\/wp-content\/uploads\/sites\/157\/2016\/01\/logodinamos.png\" alt=\"\" class=\"wp-image-27 size-full\" srcset=\"https:\/\/webs.uab.cat\/dinamos\/wp-content\/uploads\/sites\/157\/2016\/01\/logodinamos.png 270w, https:\/\/webs.uab.cat\/dinamos\/wp-content\/uploads\/sites\/157\/2016\/01\/logodinamos-150x150.png 150w\" sizes=\"auto, (max-width: 270px) 100vw, 270px\" \/><\/figure><div class=\"wp-block-media-text__content\">\n<p class=\"has-small-font-size\"><strong>DINAMOS <\/strong>es el acr\u00f3nimo de <em>Din\u00e1micas de movilidad social en Espa\u00f1a<\/em>, proyecto coordinado que cuenta con la financiaci\u00f3n del Ministerio de Ciencia e Innovaci\u00f3n en el marco de los programas estatales de Generaci\u00f3n de Conocimiento y Fortalecimiento Cient\u00edfico y Tecnol\u00f3gico del Sistema de I+D+i y de I+D+i orientada a los Retos de la Sociedad, convocatoria <a rel=\"noreferrer noopener\" href=\"https:\/\/www.ciencia.gob.es\/portal\/site\/MICINN\/menuitem.791459a43fdf738d70fd325001432ea0\/?vgnextoid=6ee6cda50b1bb610VgnVCM1000001d04140aRCRD&amp;vgnextchannel=b24e067c468a4610VgnVCM1000001d04140aRCRD&amp;vgnextfmt=formato2&amp;id3=59e6cda50b1bb610VgnVCM1000001d04140a____\" target=\"_blank\">2019<\/a>.<\/p>\n<\/div><\/div>\n\n\n\n<p>Como proyecto coordinado est\u00e1 formado por dos subproyectos:<\/p>\n\n\n\n<ul class=\"wp-block-list\"><li><strong>DINAMOS1 <\/strong>(Referencia PID2019-106548GB-C21): <strong>Movilidad social intrageneracional y trayectorias ocupacionales segmentadas<\/strong>, coordinado por el Centro de Estudios Sociol\u00f3gicos sobre la Vida Cotidiana y el Trabajo de la Universitat Aut\u00f2noma de Barcelona, siendo el investigador principal el Dr. Pedro-L\u00f3pez-Rold\u00e1n.<br>&nbsp;<\/li><li><strong>DINAMOS2 <\/strong>(Referencia PID2019-106548GA-C22): <strong>Movilidad social intergeneracional: la educaci\u00f3n como mecanismo explicativo<\/strong>, coordinado desde el Departamento de Sociolog\u00eda de la Universidad Pablo de Olavide, siendo la investigadora principal la Dra. Sandra Fachelli. Cuenta con la colaboraci\u00f3n de investigadores\/as de la Universidad de La Laguna y de la Universidad de Sevilla.<\/li><\/ul>\n\n\n\n<p>El proyecto cient\u00edfico se destina a investigar las din\u00e1micas del cambio social y de transmisi\u00f3n de las desigualdades sociales que podemos observar a lo largo del tiempo, tanto en t\u00e9rminos de movilidad social intrageneracional como de movilidad social intergeneracional, centradas especialmente en los \u00e1mbitos ocupacional y educativo.<\/p>\n\n\n\n<p><img loading=\"lazy\" decoding=\"async\" width=\"225\" height=\"225\" class=\"wp-image-170\" style=\"width: 30px\" src=\"https:\/\/webs.uab.cat\/dinamos\/wp-content\/uploads\/sites\/157\/2023\/02\/video1.png\" alt=\"\" srcset=\"https:\/\/webs.uab.cat\/dinamos\/wp-content\/uploads\/sites\/157\/2023\/02\/video1.png 225w, https:\/\/webs.uab.cat\/dinamos\/wp-content\/uploads\/sites\/157\/2023\/02\/video1-150x150.png 150w\" sizes=\"auto, (max-width: 225px) 100vw, 225px\" \/> <strong><span style=\"color: #8b4513\"><strong>V\u00eddeos del proyecto<\/strong><\/span><\/strong><br>\u2013 <a rel=\"noreferrer noopener\" href=\"https:\/\/upotv.upo.es\/video\/magic\/9ang8drly1ogw000ss0oco4008gkg4w\" target=\"_blank\">Presentaci\u00f3n del Proyecto Din\u00e1micas de Movilidad Social en Espa\u00f1a<\/a><br>\u2013 <a rel=\"noreferrer noopener\" href=\"https:\/\/upotv.upo.es\/video\/magic\/sczb9firv74og4o4c4sog8s048cggww\" target=\"_blank\">Estratificaci\u00f3n ocupacional en Espa\u00f1a: una comparaci\u00f3n entre Andaluc\u00eda y Catalu\u00f1a<\/a><br>\u2013 <a href=\"https:\/\/upotv.upo.es\/video\/magic\/l5ltlj5wyk0swc4ss84csgowggsk04w\">Las entrevistas biogr\u00e1ficas con \u201cParrillas de Vida\u201d<\/a><\/p>\n\n\n\n<div class=\"wp-block-group is-nowrap is-layout-flex wp-container-core-group-is-layout-ad2f72ca wp-block-group-is-layout-flex\">\n<figure class=\"wp-block-image size-full is-resized\"><img loading=\"lazy\" decoding=\"async\" src=\"https:\/\/webs.uab.cat\/dinamos\/wp-content\/uploads\/sites\/157\/2016\/01\/logouab.jpg\" alt=\"\" class=\"wp-image-28\" width=\"188\" height=\"105\" srcset=\"https:\/\/webs.uab.cat\/dinamos\/wp-content\/uploads\/sites\/157\/2016\/01\/logouab.jpg 713w, https:\/\/webs.uab.cat\/dinamos\/wp-content\/uploads\/sites\/157\/2016\/01\/logouab-300x169.jpg 300w\" sizes=\"auto, (max-width: 188px) 100vw, 188px\" \/><\/figure>\n\n\n\n<figure class=\"wp-block-image size-full is-resized\"><img loading=\"lazy\" decoding=\"async\" src=\"https:\/\/webs.uab.cat\/dinamos\/wp-content\/uploads\/sites\/157\/2016\/01\/logo-quit.jpg\" alt=\"\" class=\"wp-image-29\" width=\"204\" height=\"55\" srcset=\"https:\/\/webs.uab.cat\/dinamos\/wp-content\/uploads\/sites\/157\/2016\/01\/logo-quit.jpg 800w, https:\/\/webs.uab.cat\/dinamos\/wp-content\/uploads\/sites\/157\/2016\/01\/logo-quit-300x81.jpg 300w, https:\/\/webs.uab.cat\/dinamos\/wp-content\/uploads\/sites\/157\/2016\/01\/logo-quit-768x208.jpg 768w\" sizes=\"auto, (max-width: 204px) 100vw, 204px\" \/><\/figure>\n\n\n\n<figure class=\"wp-block-image size-full is-resized is-style-default\"><img loading=\"lazy\" decoding=\"async\" src=\"https:\/\/webs.uab.cat\/dinamos\/wp-content\/uploads\/sites\/157\/2016\/01\/logoupo.jpg\" alt=\"\" class=\"wp-image-30\" width=\"160\" height=\"75\" srcset=\"https:\/\/webs.uab.cat\/dinamos\/wp-content\/uploads\/sites\/157\/2016\/01\/logoupo.jpg 800w, https:\/\/webs.uab.cat\/dinamos\/wp-content\/uploads\/sites\/157\/2016\/01\/logoupo-300x138.jpg 300w, https:\/\/webs.uab.cat\/dinamos\/wp-content\/uploads\/sites\/157\/2016\/01\/logoupo-768x354.jpg 768w\" sizes=\"auto, (max-width: 160px) 100vw, 160px\" \/><\/figure>\n\n\n\n<figure class=\"wp-block-image size-full is-resized\"><img loading=\"lazy\" decoding=\"async\" src=\"https:\/\/webs.uab.cat\/dinamos\/wp-content\/uploads\/sites\/157\/2016\/01\/logo-socioupo.png\" alt=\"\" class=\"wp-image-31\" width=\"191\" height=\"64\" \/><\/figure>\n<\/div>\n\n\n\n<div class=\"wp-block-group is-content-justification-center is-nowrap is-layout-flex wp-container-core-group-is-layout-499140ed wp-block-group-is-layout-flex\">\n<figure class=\"wp-block-image size-full is-resized\"><img loading=\"lazy\" decoding=\"async\" src=\"https:\/\/webs.uab.cat\/dinamos\/wp-content\/uploads\/sites\/157\/2016\/01\/logomin.png\" alt=\"\" class=\"wp-image-32\" width=\"325\" height=\"65\" srcset=\"https:\/\/webs.uab.cat\/dinamos\/wp-content\/uploads\/sites\/157\/2016\/01\/logomin.png 800w, https:\/\/webs.uab.cat\/dinamos\/wp-content\/uploads\/sites\/157\/2016\/01\/logomin-300x61.png 300w, https:\/\/webs.uab.cat\/dinamos\/wp-content\/uploads\/sites\/157\/2016\/01\/logomin-768x156.png 768w\" sizes=\"auto, (max-width: 325px) 100vw, 325px\" \/><\/figure>\n\n\n\n<figure class=\"wp-block-image size-full is-resized\"><img loading=\"lazy\" decoding=\"async\" src=\"https:\/\/webs.uab.cat\/dinamos\/wp-content\/uploads\/sites\/157\/2016\/01\/logo_aei_sin_fondo.jpg\" alt=\"\" class=\"wp-image-33\" width=\"108\" height=\"150\" srcset=\"https:\/\/webs.uab.cat\/dinamos\/wp-content\/uploads\/sites\/157\/2016\/01\/logo_aei_sin_fondo.jpg 432w, https:\/\/webs.uab.cat\/dinamos\/wp-content\/uploads\/sites\/157\/2016\/01\/logo_aei_sin_fondo-216x300.jpg 216w\" sizes=\"auto, (max-width: 108px) 100vw, 108px\" \/><\/figure>\n<\/div>\n","protected":false},"excerpt":{"rendered":"<p>Din\u00e1micas de movilidad social en Espa\u00f1a DINAMOS es el acr\u00f3nimo de Din\u00e1micas de movilidad social en Espa\u00f1a, proyecto coordinado que cuenta con la financiaci\u00f3n del Ministerio de Ciencia e Innovaci\u00f3n en el marco de los programas estatales de Generaci\u00f3n de Conocimiento y Fortalecimiento Cient\u00edfico y Tecnol\u00f3gico del Sistema de I+D+i y de I+D+i orientada a [&hellip;]<\/p>\n","protected":false},"author":20,"featured_media":0,"parent":0,"menu_order":0,"comment_status":"closed","ping_status":"closed","template":"","meta":{"footnotes":""},"class_list":["post-34","page","type-page","status-publish","hentry"],"_links":{"self":[{"href":"https:\/\/webs.uab.cat\/dinamos\/wp-json\/wp\/v2\/pages\/34","targetHints":{"allow":["GET"]}}],"collection":[{"href":"https:\/\/webs.uab.cat\/dinamos\/wp-json\/wp\/v2\/pages"}],"about":[{"href":"https:\/\/webs.uab.cat\/dinamos\/wp-json\/wp\/v2\/types\/page"}],"author":[{"embeddable":true,"href":"https:\/\/webs.uab.cat\/dinamos\/wp-json\/wp\/v2\/users\/20"}],"replies":[{"embeddable":true,"href":"https:\/\/webs.uab.cat\/dinamos\/wp-json\/wp\/v2\/comments?post=34"}],"version-history":[{"count":18,"href":"https:\/\/webs.uab.cat\/dinamos\/wp-json\/wp\/v2\/pages\/34\/revisions"}],"predecessor-version":[{"id":188,"href":"https:\/\/webs.uab.cat\/dinamos\/wp-json\/wp\/v2\/pages\/34\/revisions\/188"}],"wp:attachment":[{"href":"https:\/\/webs.uab.cat\/dinamos\/wp-json\/wp\/v2\/media?parent=34"}],"curies":[{"name":"wp","href":"https:\/\/api.w.org\/{rel}","templated":true}]}}