{"id":37,"date":"2016-04-26T14:53:56","date_gmt":"2016-04-26T14:53:56","guid":{"rendered":"https:\/\/webs.uab.cat\/dinamos\/publicaciones\/"},"modified":"2023-11-22T06:54:06","modified_gmt":"2023-11-22T06:54:06","slug":"publicaciones","status":"publish","type":"page","link":"https:\/\/webs.uab.cat\/dinamos\/publicaciones\/","title":{"rendered":"Publicaciones"},"content":{"rendered":"\n<h2 class=\"wp-block-heading\"><span style=\"color: #8b4513\"><strong>Producci\u00f3n cient\u00edfica del proyecto<\/strong><\/span><\/h2>\n\n\n\n<p class=\"has-text-align-center\"><a href=\"#pub\">Publicaciones <\/a>| <a href=\"#con\">Congresos y seminarios<\/a> | <a href=\"#vid\">V\u00eddeos<\/a><\/p>\n\n\n\n<p id=\"pub\"><span style=\"color: #8b4513\"><strong>a) Publicaciones de art\u00edculos y cap\u00edtulos de libro<\/strong><\/span><\/p>\n\n\n\n<ul class=\"wp-block-list\">\n<li>Fachelli, S.; Jorrat, J. R. &amp; L\u00f3pez-Rold\u00e1n, P. (2021). <span style=\"color: #008000\"><strong>Intergenerational class mobility over birth cohorts in Argentina and Spain<\/strong><\/span>. Revista Espa\u00f1ola de Sociolog\u00eda, 30, 3, a59, 1-20. <a rel=\"noopener\" href=\"https:\/\/doi.org\/10.22325\/fes\/res.2021.59\" target=\"_blank\">https:\/\/doi.org\/10.22325\/fes\/res.2021.59<\/a><\/li>\n\n\n\n<li>Ch\u00e1vez Molina, E. y Fern\u00e1ndez Meli\u00e1n, M.C. (2021). <strong><span style=\"color: #008000\">La relaci\u00f3n entre la formaci\u00f3n superior y la inserci\u00f3n profesional en pa\u00edses latinoamericanos<\/span><\/strong>. Monogr\u00e1fico \u201cImpacto de la Educaci\u00f3n Superior en la sostenibilidad de los Pa\u00edses en V\u00edas de Desarrollo\u201d. Revista de Educaci\u00f3n y Derecho, 23. <a href=\"https:\/\/doi.org\/10.1344\/REYD2021.23.34433&nbsp;\">https:\/\/doi.org\/10.1344\/REYD2021.23.34433&nbsp;<\/a><\/li>\n\n\n\n<li>Marqu\u00e9s Perales, I. y Fachelli, S. (2021). <span style=\"color: #008000\"><strong>El impacto de la educaci\u00f3n superior en la clase social: una aproximaci\u00f3n desde el origen social<\/strong><\/span>. Monogr\u00e1fico \u201cImpacto de la Educaci\u00f3n Superior en la sostenibilidad de los Pa\u00edses en V\u00edas de Desarrollo\u201d. Revista de Educaci\u00f3n y Derecho, 23. <a href=\"https:\/\/doi.org\/10.1344\/REYD2021.23.34435&nbsp;\">https:\/\/doi.org\/10.1344\/REYD2021.23.34435&nbsp;<\/a><\/li>\n\n\n\n<li>Fachelli, S.;&nbsp;Fern\u00e1ndez Toboso, E.&nbsp;(2021). <span style=\"color: #008000\"><strong>The value of university internships<\/strong><\/span>.&nbsp;Revista de Educaci\u00f3n, 40, 127-148. <a rel=\"noopener\" href=\"https:\/\/revistas.unav.edu\/index.php\/estudios-sobre-educacion\/article\/view\/40208\/34941\" target=\"_blank\">https:\/\/revistas.unav.edu\/index.php\/estudios-sobre-educacion\/article\/view\/40208\/34941<\/a><\/li>\n\n\n\n<li>Segura-Carrillo, C. (2021). <span style=\"color: #008000\"><strong>Notas para el dise\u00f1o metodol\u00f3gico en el estudio de la movilidad social y las trayectorias laborales<\/strong><\/span>. Cuestiones de sociolog\u00eda, 24, e116. <a href=\"https:\/\/doi.org\/10.24215\/23468904e116\">https:\/\/doi.org\/10.24215\/23468904e116<\/a><\/li>\n\n\n\n<li>Zawadsky, J. (2021). <span style=\"color: #008000\"><strong>Comparando pobreza laboral: Los casos de Chile y Espa\u00f1a<\/strong><\/span>. Cuestiones de Sociolog\u00eda, 24, e110. <a rel=\"noopener\" href=\"https:\/\/doi.org\/10.24215\/23468904e110&nbsp;\" target=\"_blank\">https:\/\/doi.org\/10.24215\/23468904e110&nbsp;<\/a><\/li>\n\n\n\n<li>L\u00f3pez Rold\u00e1n; P.; Fachelli, S. (2022). <span style=\"color: #008000\"><strong>Comparative Analysis of Social Inequalities in the Latin American Labour Market<\/strong><\/span>. En P. Vommaro and P. Baisotti (Eds.), Persistence and Emergencies of Inequalities in Latin America. A Multidimensional Approach. Cham: Springer, 225-245. <a rel=\"noreferrer noopener\" href=\"https:\/\/link.springer.com\/chapter\/10.1007\/978-3-030-90495-1_13\" target=\"_blank\">https:\/\/link.springer.com\/chapter\/10.1007\/978-3-030-90495-1_13 <\/a><\/li>\n\n\n\n<li>L\u00f3pez-Rold\u00e1n, P.;&nbsp;Fachelli, S.&nbsp;(2022). <strong><span style=\"color: #008000\">La influencia de la educaci\u00f3n y de la experiencia laboral en la movilidad social: estudio de las cohortes nacidas entre 1926 y 1981 en Espa\u00f1a<\/span><\/strong>. Revista Espa\u00f1ola de Investigaciones Sociol\u00f3gicas, 179: 3-26. <a rel=\"noreferrer noopener\" href=\"https:\/\/reis.cis.es\/REIS\/PDF\/REIS_179_051655195736731.pdf\" target=\"_blank\">https:\/\/reis.cis.es\/REIS\/PDF\/REIS_179_051655195736731.pdf<\/a><\/li>\n\n\n\n<li>Fachelli, S.; L\u00f3pez-Rold\u00e1n, P. (2022). <strong><span style=\"color: #008000\"><strong>Propuesta de construcci\u00f3n de dos indicadores compuestos de estratificaci\u00f3n social. An\u00e1lisis comparado entre Espa\u00f1a y Argentina<\/strong><\/span><\/strong>. EMPIRIA. Revista de Metodolog\u00eda de Ciencias Sociales, 55, julio, 97-129. <a rel=\"noreferrer noopener\" href=\"https:\/\/doi.org\/10.5944\/empiria.55.2022.34183\" target=\"_blank\">https:\/\/doi.org\/10.5944\/empiria.55.2022.34183<\/a><\/li>\n\n\n\n<li>Mart\u00ednez-Garc\u00eda, J. S. (2023). <strong><span style=\"color: #008000\"><strong>Karl Marx, Erik O. Wright y Pierre Bourdieu: Hacia una generalizaci\u00f3n de la teor\u00eda del capital<\/strong><\/span><\/strong>. Revista Espa\u00f1ola de Sociolog\u00eda, 32, 1. <a rel=\"noreferrer noopener\" href=\"https:\/\/doi-org.are.uab.cat\/10.22325\/fes\/res.2023.146\" target=\"_blank\">https:\/\/doi-org.are.uab.cat\/10.22325\/fes\/res.2023.146<\/a><\/li>\n\n\n\n<li>Martin Artiles, A. (2023). <strong><mark style=\"background-color:var(--color-blanc);color:var(--color-marca-primari)\" class=\"has-inline-color\">\u00bfRepresentan los sindicatos a la clase trabajadora? Ideolog\u00eda y pol\u00edtica en Espa\u00f1a (2002-2020)<\/mark><\/strong>. Sociolog\u00eda del Trabajo, 102, 37-52. <a rel=\"noreferrer noopener\" href=\"https:\/\/dx.doi.org\/10.5209\/stra.85831\" target=\"_blank\">https:\/\/dx.doi.org\/10.5209\/stra.85831 <\/a><\/li>\n\n\n\n<li>Fachelli, S.; L\u00f3pez-Rold\u00e1n, P.; Segura-Carrillo, C. (2023).&nbsp;<strong><mark style=\"background-color:var(--color-blanc);color:var(--color-marca-primari)\" class=\"has-inline-color\">La incidencia de la experiencia laboral en la movilidad social intergeneracional en Espa\u00f1a<\/mark><\/strong>.&nbsp;<em>Revista Internacional de Sociolog\u00eda<\/em>, 81, 2, 1-23. &nbsp;<a rel=\"noreferrer noopener\" href=\"https:\/\/doi.org\/10.3989\/ris.2023.81.2.M22b-005\" target=\"_blank\">https:\/\/doi.org\/10.3989\/ris.2023.81.2.M22b-005<\/a>.<\/li>\n\n\n\n<li>Marqu\u00e9s-Perales, I.; Fachelli, S.; L\u00f3pez-Rold\u00e1n, P. (2023).&nbsp;<strong><mark style=\"background-color:var(--color-blanc);color:var(--color-marca-primari)\" class=\"has-inline-color\">Using the decomposition of the mutual information index as an alternative approach to the study of educational inequality trends in Spaina<\/mark><\/strong>. Research in Social Stratification and Mobility, 87.&nbsp;<a rel=\"noreferrer noopener\" href=\"https:\/\/doi.org\/10.1016\/j.rssm.2023.100827\" target=\"_blank\">https:\/\/doi.org\/10.1016\/j.rssm.2023.100827<\/a><\/li>\n\n\n\n<li>Carrasquer, P.; Zawadsky, J. (2023). <strong><mark style=\"background-color:var(--color-blanc);color:var(--color-marca-primari)\" class=\"has-inline-color\">El suelo pegajoso y la movilidad ocupacional de las mujeres y los hombres en Espa\u00f1a<\/mark><\/strong>. <em>Revista Internacional de Sociolog\u00eda<\/em> (pr\u00f3ximamente).<\/li>\n\n\n\n<li>Mart\u00edn Artiles, A. (2023). <strong><mark style=\"background-color:var(--color-blanc);color:var(--color-marca-primari)\" class=\"has-inline-color\">Clases, comportamiento pol\u00edtico y sindical (Espa\u00f1a 2002-2020) <\/mark><\/strong>. <em>Gaceta Sindical<\/em> .<\/li>\n<\/ul>\n\n\n\n<p id=\"con\"><span style=\"color: #8b4513\"><strong>b) Presentaciones en congresos y seminarios<\/strong><\/span><\/p>\n\n\n\n<ul class=\"wp-block-list\">\n<li><span style=\"color: #8b4513\">V Encuentro Intercongresual\u00a0del Comit\u00e9 de Sociolog\u00eda del Trabajo de la FES. Madrid, 10 y 11 de diciembre de 2020<\/span><br>L\u00f3pez-Rold\u00e1n, P.; Fachelli, S.\u00a0 <strong>Comparando la segmentaci\u00f3n del mercado laboral en Europa y Am\u00e9rica Latina<\/strong><\/li>\n\n\n\n<li><span style=\"color: #8b4513\">Video&nbsp;de la comunicaci\u00f3n presentada en el <em>X Congreso Andaluz de Sociolog\u00eda. <\/em>\u00dabeda<em>,&nbsp;<\/em>21-23 de enero de 2021<\/span><br>Fachelli, S.; L\u00f3pez-Rold\u00e1n, P.&nbsp;<strong>Din\u00e1micas de movilidad social en Espa\u00f1a. El efecto de la experiencia laboral sobre la movilidad social intergeneracional<\/strong><br><a href=\"https:\/\/ddd.uab.cat\/record\/237014\">https:\/\/ddd.uab.cat\/record\/237014<\/a><\/li>\n\n\n\n<li><span style=\"color: #8b4513\">IV ISA Forum (International Sociological Association). Porto Alegre, 23-27 de febrero de 2021<\/span><br>-Marqu\u00e9s-Perales, I.; Fachelli, S.; L\u00f3pez-Rold\u00e1n, P.\u00a0<strong>Margins reloaded.\u00a0The Mutual Information Index As a New Approach to Educational Regularities<\/strong><br>-Fachelli, S.; Sol\u00eds, P. <strong>Social Mobility in a Comparative Perspective between Europe and Latin America<\/strong><br>-Segura Carrillo, C. <strong>An\u00e1lisis comparado de la movilidad social entre Chile y Espa\u00f1a y su relaci\u00f3n con los itinerarios educativos y las trayectorias laborales<\/strong><br>-Segura Carrillo, C.; Jarpa Sandoval, B. <strong>Logro educativo intergeneracional en perspectiva comparada entre Espa\u00f1a y Chile<\/strong><br>-Zawadsky, J. <strong>An\u00e1lisis comparado de la pobreza laboral en\u00a0Chile y\u00a0Espa\u00f1a<\/strong><\/li>\n\n\n\n<li><span style=\"color: #8b4513\">Mid-term Conference of the ISA-RC55 Research Committee on Social Indicators. Fiesole (Florence, Italy) 22-23 April 2021.<\/span><br>Fachelli, S.; L\u00f3pez-Rold\u00e1n, P.\u00a0<strong>Comparative Perspectives on Social Indicators<\/strong><\/li>\n\n\n\n<li><span style=\"color: #8b4513\">Research Committee 28 on Social Stratification &#8211; Spring Meeting Turku (Finland), 2-4 de Junio\u00a0de\u00a02021<\/span><br>Fachelli,S., Marqu\u00e9s-Perales, I.; L\u00f3pez-Rold\u00e1n, P.\u00a0<strong>New evidences in the relationship between inequality and social mobility. A compassion among 10 countries from Europe and Latin America.<\/strong><\/li>\n\n\n\n<li><span style=\"color: #8b4513\">15th Conference of the European Sociological Association. Barcelona, 31 de agosto a 3 de septiembre\u00a0de 2021<\/span><br>-L\u00f3pez-Rold\u00e1n, P. <strong>Comparing Intergenerational Social Mobility over Birth Cohorts and Across Age between Spain and France<\/strong><br>-Semenza, R.; L\u00f3pez-Rold\u00e1n, P. <strong>Comparing Inequalities in the Labour Market from a Segmentation Perspective between Italy and Spain<\/strong><br>-Marqu\u00e9s-Perales, I.; Fachelli, S.;\u00a0L\u00f3pez-Rold\u00e1n, P. <strong>Structural and Net Changes in Educational Inequalities in Spain<\/strong><br>-Fachelli, S.; Marqu\u00e9s-Perales, I.\u00a0<strong>Social Mobility from a\u00a0Comparative Perspective among some Southern European Countries<\/strong><br>-Zawadsky, J.\u00a0<strong>Comparing Labor Trajectories in Poverty: The Cases of Chile and Spain<\/strong><br>-Jarpa, B.; Segura, C.\u00a0<strong>Relationship between Social Origin and the Start of University Studies: A Comparison among Spain and Chile<\/strong><\/li>\n\n\n\n<li><span style=\"color: #8b4513\">VIII Reuni\u00f3n Intercongresos CI-06 Estratificaci\u00f3n y Desigualdad Social de la Federaci\u00f3n Espa\u00f1ola de Sociolog\u00eda. Sevilla, 9 y 10 de septiembre de 2021<\/span><br>-Navarro Ardoy, L.; Lubi\u00e1n Grana, C.; Carlos Alonso C. <strong>El an\u00e1lisis de las din\u00e1micas de movilidad social a trav\u00e9s de historias de vida: el uso de las parrillas de vida desde un enfoque procesual<\/strong><br>-Fleta, A. <strong>Historia y estructura social. Una aproximaci\u00f3n sociohist\u00f3rica a Andaluc\u00eda y Catalu\u00f1a<\/strong><br>-Cascales, M. <strong>La segregaci\u00f3n del empleo femenino en Espa\u00f1a<\/strong><br>-Marqu\u00e9s-Perales, I.; Fachelli, S.; L\u00f3pez-Rold\u00e1n, P. <strong>Recargando los m\u00e1rgenes&#8230; La influencia de los cambios estructurales y relativos en las desigualdades educativas en Espa\u00f1a<\/strong><\/li>\n\n\n\n<li><span style=\"color: #8b4513\">I Reuni\u00f3n Intercongresos CI-41 Sociolog\u00eda Comparada entre Europa y Am\u00e9rica Latina de la Federaci\u00f3n Espa\u00f1ola de Sociolog\u00eda. Sevilla, 9 y 10 de septiembre de 2021<\/span><br>-Fachelli, S.; Marqu\u00e9s-Perales, I.; L\u00f3pez-Rold\u00e1n, P. <strong>An\u00e1lisis comparado de la movilidad social entre Europa y Am\u00e9rica Latina<\/strong><br>-Zawadsky, J. <strong>Comparando pobreza laboral: los casos de Chile y Espa\u00f1a<\/strong> \u00a0<br>-Segura-Carrillo, C. <strong>Movilidad Social: An\u00e1lisis entre Chile y Espa\u00f1a<\/strong><br>-Baeza-Cabello, C. <strong>Las trayectorias laborales de los trabajadores aut\u00f3nomos: an\u00e1lisis comparado del mercado laboral en Chile y Espa\u00f1a en el contexto de la pandemia COVID19<\/strong>\u00a0<\/li>\n\n\n\n<li><span style=\"color: #8b4513\">Seminario Internacional Desigualdad y Movilidad Social (DEMOSAL)<\/span>.\u00a0Ciudad de M\u00e9xico, 3 al 5 de noviembre de 2021.<br>Segura-Carrillo, C. <strong>Movilidad Social en Chile y Espa\u00f1a<\/strong><br>Zawadsky, J.\u00a0<strong>Comparing in-work poverty: the cases of Chile and Spain<\/strong>.<\/li>\n\n\n\n<li><span style=\"color: #8b4513\">XIV Jornadas de Sociolog\u00eda de la Universidad de Buenos Aires, , Buenos Aires, Argentina, 1-5 de noviembre de 202<\/span>1<br>-Segura-Carrillo, C. <strong>Movilidad Social en perspectiva comparada<\/strong><br>-Zawadsky, J.\u00a0<strong>Comparing in-work poverty: the cases of Chile and Spain<\/strong><\/li>\n\n\n\n<li><span style=\"color: #8b4513\">Research Committee 28 on Social Stratification (ISA) &#8211; Spring Meeting. London, 21-23 de abril de 2022<\/span><br>Marqu\u00e9s-Perales, I.; Fachelli, S.;\u00a0L\u00f3pez-Rold\u00e1n, P. <strong>The influence of structural and relative changes in educational inequalities in Spain<\/strong><br>Fachelli, S.; Dalle, P.; Jorrat, R.; Riveiro, M.<strong> Historical evolution of intergenerational class mobility and educational effects in urban Argentina over periods: 1960-2017\u00a0<\/strong><\/li>\n\n\n\n<li><span style=\"color: #8b4513\">Seminarios del Equipo de Investigaci\u00f3n Sociedades en Movimiento (ESOMI), A Coru\u00f1a,\u00a030 de mayo\u00a0de 2022<\/span><br>Lubi\u00e1n, C. <strong>Avances y resultados del proyecto de investigaci\u00f3n &#8220;Movilidad social intergeneracional: la educaci\u00f3n como mecanismo explicativo (DINAMOS2)\u201d<\/strong>.<\/li>\n\n\n\n<li><span style=\"color: #8b4513\">XIV\u00a0Congreso Espa\u00f1ol de Sociolog\u00eda. Murcia,\u00a029 de junio a 2 de lulio de 2022<\/span><br>-L\u00f3pez Rold\u00e1n, P.; Fachelli, S.; Segura, C. L<strong>a incidencia de la movilidad intrageneracional en la movilidad social intergeneracional en Espa\u00f1a<\/strong><br>-L\u00f3pez-Rold\u00e1n , P.; Fachelli, S. <strong>An\u00e1lisis Comparado de las Desigualdades Sociales en el Mercado Laboral Latinoamericano<\/strong><br>-Polonio, A. y Fachelli. S.<strong> La desigualdad socio-ocupacional y educativa en Andaluc\u00eda y Catalu\u00f1a<\/strong><br>-Lubi\u00e1n, C., Carmona, C. A. y Navarro Ardoy, L. <strong>El uso de la entrevista biogr\u00e1fica y la parrilla de vida para el an\u00e1lisis de los procesos de movilidad social<\/strong><br>-Baeza Cabello, C. <strong>Trayectorias laborales de los aut\u00f3nomos: an\u00e1lisis comparado del mercado laboral en Chile y Espa\u00f1a<\/strong> <br>-Baeza, C.; Lope, A. <strong>La incidencia de las pol\u00edticas de formaci\u00f3n dirigida al empleo sobre las trayectorias ocupacionales<\/strong>\u00a0\u00a0<br>-Carrasquer, P. y Zawadsky, J. <strong>El suelo pegajoso y la movilidad ocupacional de las mujeres y los hombres en Espa\u00f1a<\/strong><br>-Zawadsky, J. <strong>Determinantes y caracteristicas de la pobreza laboral en Chile y Espa\u00f1a\u00a0<\/strong>\u00a0 <br>-Segura-Carrillo, C. <strong>Chile y Espa\u00f1a en perspectiva comparada: Procesos de Movilidad Social <\/strong><br>-Cascales, M. <strong>Estudio comparado en Andaluc\u00eda y Catalu\u00f1a de la desigualdad interg\u00e9nero a trav\u00e9s de un \u00cdndice de Segmentaci\u00f3n de G\u00e9nero en el Mercado Laboral<\/strong>\u00a0\u00a0\u00a0\u00a0\u00a0\u00a0\u00a0\u00a0\u00a0\u00a0\u00a0\u00a0\u00a0\u00a0\u00a0\u00a0\u00a0\u00a0\u00a0\u00a0\u00a0\u00a0\u00a0\u00a0\u00a0\u00a0\u00a0\u00a0\u00a0\u00a0\u00a0\u00a0\u00a0\u00a0\u00a0\u00a0\u00a0\u00a0\u00a0\u00a0\u00a0\u00a0\u00a0\u00a0\u00a0\u00a0\u00a0\u00a0\u00a0\u00a0\u00a0\u00a0\u00a0\u00a0<br>-Ch\u00e1vez Molina, E. y Mart\u00edn Artiles, A. <strong>Las estrategias de los Observatorios Laborales en Am\u00e9rica Latina y Europa<\/strong><\/li>\n\n\n\n<li><span style=\"color: #8b4513\">Seminario en el Instituto de Investigaciones Gino Germani (UBA). Buenos Aires, 12 de agosto de 2022<\/span><br>Fachelli, S. y L\u00f3pez-Rold\u00e1n, P. <strong>Hacia la igualdad de g\u00e9nero. La experiencia europea y m\u00e1s all\u00e1<\/strong><\/li>\n\n\n\n<li><span style=\"color: #8b4513\">XIII\u00a0ILERA Congress. Barcelona, 8-10 septiembre 2022<\/span><br>Cascales, M. <strong>Comparative study in Andalusia and Catalonia of inter-gender labour inequality through a Labour Market Gender Segmentation Index<\/strong><\/li>\n\n\n\n<li><span style=\"color: #8b4513\">XI Congreso Andaluz de Sociolog\u00eda. C\u00f3rdoba, 24 y 25 de noviembre de 2022<\/span><br>Fachelli, S., Marqu\u00e9s-Perales, I., L\u00f3pez-Rold\u00e1n, P. y Gil-Hern\u00e1ndez, C. J. <strong>Simposio: Nuevos retos de los an\u00e1lisis de movilidad social. Movilidad, estratificaci\u00f3n y perspectiva de g\u00e9nero<\/strong><br>-Carmona, C. A., Navarro Ardoy, L. y Lubian, C. <strong>Implicaciones del uso de la &#8220;parrilla de vida&#8221; en el estudio de la movilidad social<\/strong><br>-Segura, C., L\u00f3pez-Rold\u00e1n, P. y Fachelli, S. <strong>El efecto de la movilidad intrageneracional y de la educaci\u00f3n en la movilidad intergeneracional en Andaluc\u00eda y Catalu\u00f1a<\/strong><br>-L\u00f3pez-Rold\u00e1n, P., Fachelli, S. y Garc\u00eda Gonz\u00e1lez, A. <strong>An\u00e1lisis comparado de la estratificaci\u00f3n ocupacional entre Andaluc\u00eda y Catalu\u00f1a<\/strong><br>-Cascales, M. <strong>\u00bfRevoluci\u00f3n estancada? An\u00e1lisis de la distribuci\u00f3n del trabajo reproductivo en las parejas convivientes en Andaluc\u00eda<\/strong><br>-Jim\u00e9nez, J. R. <strong>Procesos de etnoestratificaci\u00f3n en el mercado laboral espa\u00f1ol: El caso de Andaluc\u00eda y Catalu\u00f1a a revisi\u00f3n<\/strong><br>-Baeza, C. <strong>An\u00e1lisis de las desigualdades socio-ocupacionales: el caso del trabajo aut\u00f3nomo<\/strong><br>Quintero, R. <strong>Desigualdad, g\u00e9nero y nivel de desarrollo<\/strong><\/li>\n\n\n\n<li><span style=\"color: #8b4513\">Seminario Permanente de Sociolog\u00eda de la Educaci\u00f3n (GRISE, UCM). Madrid, 14 de diciembre de 2022<\/span><br>Fachelli, S.; Marqu\u00e9s-Perales, I.; L\u00f3pez-Rold\u00e1n, P. <strong>El \u00edndice de informaci\u00f3n mutua para el estudio de la evoluci\u00f3n de la desigualdad de oportunidades educativas en Espa\u00f1a<\/strong><\/li>\n\n\n\n<li><span style=\"color: #8b4513\">Seminarios Uni-GRET (Grup en Educaci\u00f3 i Treball de la UAB). Bellaterra, 30 de enero de 2023<\/span><br>Fachelli, S.; Marqu\u00e9s-Perales, I.; L\u00f3pez-Rold\u00e1n, P. <strong>El \u00edndice de informaci\u00f3n mutua para el estudio de las DOE en Espa\u00f1a<\/strong><\/li>\n\n\n\n<li><span style=\"color: #8b4513\">Workshop: La sociolog\u00eda del Trabajo, docencia e investigaci\u00f3n. Comit\u00e9 de Sociolog\u00eda del Trabajo de la FES. Palma de Mallorca, 24 y 25 de febrero de 2023.<\/span><br>L\u00f3pez-Rold\u00e1n, P.; Fachelli, S. <strong>La investigaci\u00f3n colaborativa: la sociolog\u00eda del trabajo y el estudio de las desigualdades y la estratificaci\u00f3n social<\/strong><\/li>\n\n\n\n<li><span style=\"color: #8b4513\">Seminario Centro de Estudios Sociol\u00f3gicos sobre la Vida Cotidiana y el Trabajo. Universidad Aut\u00f3noma de Barcelona, Barcelona, 23 de Mayo 2023<\/span> . <br>Mar\u00eda Cascales. <strong>\u00bfRevoluci\u00f3n estancada? Reflexiones te\u00f3ricas y an\u00e1lisis emp\u00edrico a trav\u00e9s de la distribuci\u00f3n del trabajo reproductivo en parejas convivientes en Andaluc\u00eda<\/strong><\/li>\n\n\n\n<li><span style=\"color: #8b4513\">Research Committee 28 on Social Stratification (ISA) &#8211; Spring Meeting.  Paris, 24-26 de mayo de 2023<\/span>. <br>Marqu\u00e9s-Perales, I.; Fachelli, S.; L\u00f3pez-Rold\u00e1n, P. \u00a0<strong>Social Mobility and compositional change. A Comparison between Latin American and European Countries<\/strong><\/li>\n\n\n\n<li><span style=\"color: #8b4513\">Seminario del Grupo de Estudios sobre Desigualdad y Movilidad Social del Instituto de Investigaciones Gino Germani, Universidad de Buenos Aires<\/span><em>. <\/em>16 de junio de 2023.<br>Navarro Ardoy, L.&nbsp;<strong>Nuevas herramientas de an\u00e1lisis en movilidad social: el uso de la \u2018grilla de vida\u2019and compositional change<\/strong><\/li>\n\n\n\n<li><span style=\"color: #8b4513\">XX ISA World Congress of Sociology. Melbourne, 25 de junio a 1 de julio de 2023.<\/span><br>-Fachelli, S.; Marqu\u00e9s-Perales, I.; L\u00f3pez-Rold\u00e1n, P. \u00a0<strong>Social Mobility under Mutual Index View. A Comparison between Early and Late Industrialized Countries<\/strong><br>-L\u00f3pez-Rold\u00e1n, P.; Fachelli, S. \u00a0<strong>Composite indicators of social stratification to compare inequalities among countries: the case of Spain and Argentina<\/strong><br>-Segura-Carrillo, C.  <strong>Chile and Spain in a comparative perspective: social mobility processes<\/strong><\/li>\n\n\n\n<li><span style=\"color: #8b4513\">IX Reuni\u00f3n Intercongresos CI-06 Desigualdad y Estratificaci\u00f3n<\/span> <span style=\"color: #8b4513\">Social de la Federaci\u00f3n Espa\u00f1ola de Sociolog\u00eda, Oviedo, 6 y 7 de septiembre de 2023.<\/span><br>-Pedro L\u00f3pez-Rold\u00e1n y Sandra Fachelli. <strong>Indicadores compuestos de estratificaci\u00f3n social para comparar desigualdades entre pa\u00edses: el caso de Espa\u00f1a y Argentina<\/strong><br>-Jos\u00e9 Zawadsky y Pedro L\u00f3pez-Rold\u00e1n. <strong>Trayectorias de trabajadoras y trabajadores en situaci\u00f3n de pobreza<\/strong><br>-Mar\u00eda Cascales. Te<strong>ndencias de la Estratificaci\u00f3n de ingresos por clase social y g\u00e9nero en Espa\u00f1a (2006-2019)<\/strong><br>-Claudia Baeza. <strong>Una propuesta tipol\u00f3gica del trabajo aut\u00f3nomo en Espa\u00f1a. an\u00e1lisis comparado entre Andaluc\u00eda y Catalu\u00f1a<\/strong><br>-Juan Ram\u00f3n Jim\u00e9nez  y Sandra Fachelli. <strong>M\u00e1s all\u00e1 del t\u00edtulo: un estudio sobre las trayectorias laborales y los salarios de los graduados universitarios despu\u00e9s de la crisis econ\u00f3mica<\/strong><br>-Cristian Segura Carrillo. <strong>Chile y Espa\u00f1a en perspectiva comparada: Procesos de movilidad social<\/strong><br>-Mar\u00eda Cascales. <strong>An\u00e1lisis de la divisi\u00f3n sexual del trabajo dom\u00e9stico a trav\u00e9s de una tipolog\u00eda de perfiles<\/strong><br>-Juan Ram\u00f3n Jim\u00e9nez y Mar\u00eda Cascales. <strong>Din\u00e1micas de movilidad social y la llegada del primer hijo: an\u00e1lisis comparado basado en la teor\u00eda del castigo a la maternidad<\/strong><br>-Abraham Garc\u00eda Gonz\u00e1lez.<strong> Relaciones entre la movilidad social y la salud<\/strong><br>-Ildefonso Marqu\u00e9s Perales. <strong>Boceto de una teor\u00eda sobre la movilidad social en los pa\u00edses de industrializaci\u00f3n tard\u00eda<\/strong><\/li>\n\n\n\n<li><span style=\"color: #8b4513\">IX Congreso de la Red Espa\u00f1ola de Pol\u00edtica Social, Mallorca, 25, 26 y 27 de Octubre 2023<\/span> <br>-Mar\u00eda Cascales. <strong>Cambios, continuidades y resistencias en los imaginarios sobre los tiempos y los trabajos<\/strong><br>-Mar\u00eda Cascales. <strong>\u00bfRevoluci\u00f3n incompleta? An\u00e1lisis de la distribuci\u00f3n del trabajo reproductivo en las parejas convivientes en Andaluc\u00eda<\/strong><\/li>\n<\/ul>\n\n\n\n<p id=\"vid\"><span style=\"color: #8b4513\"><strong>c) V\u00eddeos del proyecto<\/strong><\/span><br>\u2013&nbsp;<a rel=\"noreferrer noopener\" href=\"https:\/\/ddd.uab.cat\/record\/237014\" target=\"_blank\">Din\u00e1micas de movilidad social en Espa\u00f1a. El efecto de la experiencia laboral sobre la movilidad social intergeneracional<\/a><br>\u2013&nbsp;<a rel=\"noreferrer noopener\" href=\"https:\/\/upotv.upo.es\/video\/magic\/9ang8drly1ogw000ss0oco4008gkg4w\" target=\"_blank\">Presentaci\u00f3n del Proyecto Din\u00e1micas de Movilidad Social en Espa\u00f1a<\/a><br>\u2013&nbsp;<a href=\"https:\/\/upotv.upo.es\/video\/magic\/l5ltlj5wyk0swc4ss84csgowggsk04w\">Estratificaci\u00f3n ocupacional en Espa\u00f1a: una comparaci\u00f3n entre Andaluc\u00eda y Catalu\u00f1a<\/a><br>\u2013&nbsp;<a rel=\"noreferrer noopener\" href=\"https:\/\/upotv.upo.es\/video\/magic\/9ang8drly1ogw000ss0oco4008gkg4w\" target=\"_blank\">Las entrevistas biogr\u00e1ficas con \u201cParrillas de Vida\u201d<\/a><\/p>\n","protected":false},"excerpt":{"rendered":"<p>Producci\u00f3n cient\u00edfica del proyecto Publicaciones | Congresos y seminarios | V\u00eddeos a) Publicaciones de art\u00edculos y cap\u00edtulos de libro b) Presentaciones en congresos y seminarios c) V\u00eddeos del proyecto\u2013&nbsp;Din\u00e1micas de movilidad social en Espa\u00f1a. El efecto de la experiencia laboral sobre la movilidad social intergeneracional\u2013&nbsp;Presentaci\u00f3n del Proyecto Din\u00e1micas de Movilidad Social en Espa\u00f1a\u2013&nbsp;Estratificaci\u00f3n ocupacional en [&hellip;]<\/p>\n","protected":false},"author":20,"featured_media":0,"parent":0,"menu_order":0,"comment_status":"closed","ping_status":"closed","template":"","meta":{"footnotes":""},"class_list":["post-37","page","type-page","status-publish","hentry"],"_links":{"self":[{"href":"https:\/\/webs.uab.cat\/dinamos\/wp-json\/wp\/v2\/pages\/37","targetHints":{"allow":["GET"]}}],"collection":[{"href":"https:\/\/webs.uab.cat\/dinamos\/wp-json\/wp\/v2\/pages"}],"about":[{"href":"https:\/\/webs.uab.cat\/dinamos\/wp-json\/wp\/v2\/types\/page"}],"author":[{"embeddable":true,"href":"https:\/\/webs.uab.cat\/dinamos\/wp-json\/wp\/v2\/users\/20"}],"replies":[{"embeddable":true,"href":"https:\/\/webs.uab.cat\/dinamos\/wp-json\/wp\/v2\/comments?post=37"}],"version-history":[{"count":39,"href":"https:\/\/webs.uab.cat\/dinamos\/wp-json\/wp\/v2\/pages\/37\/revisions"}],"predecessor-version":[{"id":217,"href":"https:\/\/webs.uab.cat\/dinamos\/wp-json\/wp\/v2\/pages\/37\/revisions\/217"}],"wp:attachment":[{"href":"https:\/\/webs.uab.cat\/dinamos\/wp-json\/wp\/v2\/media?parent=37"}],"curies":[{"name":"wp","href":"https:\/\/api.w.org\/{rel}","templated":true}]}}