{"id":45,"date":"2020-07-22T07:51:04","date_gmt":"2020-07-22T07:51:04","guid":{"rendered":"https:\/\/webs.uab.cat\/dinamos\/objetivos-del-proyecto\/"},"modified":"2023-02-13T16:14:48","modified_gmt":"2023-02-13T16:14:48","slug":"objetivos-del-proyecto","status":"publish","type":"page","link":"https:\/\/webs.uab.cat\/dinamos\/objetivos-del-proyecto\/","title":{"rendered":"Objetivos"},"content":{"rendered":"\n<h2 class=\"wp-block-heading\">Objetivos del proyecto<\/h2>\n\n\n\n<p>El <strong>objetivo general<\/strong> del proyecto es investigar de forma coordinada los procesos de movilidad social en Espa\u00f1a a la luz de los \u00faltimos datos existentes en nuestro pa\u00eds, dando cuenta, primero, de las din\u00e1micas espec\u00edficas en t\u00e9rminos de movilidad intrageneracional e intergeneracional, e interrelacionando a continuaci\u00f3n ambos fen\u00f3menos.<\/p>\n\n\n\n<p>De forma espec\u00edfica el proyecto busca:<\/p>\n\n\n\n<ol class=\"wp-block-list\"><li><strong>Movilidad intrageneracional y trayectorias segmentadas<\/strong><br>Conocer qu\u00e9 trayectorias en el mercado de trabajo en Espa\u00f1a se han configurado en el per\u00edodo 2000-2019, tras el ciclo econ\u00f3mico expansivo (2000 a 2007), en el que se favoreci\u00f3 la movilidad intrageneracional y las trayectorias ascendentes, \u00e9stas resultaron bloqueadas tras los efectos generados por la gran recesi\u00f3n (2008-2015) y que muy lentamente se reestablecen en la fase actual de recuperaci\u00f3n. Se trata de ver los resultados en t\u00e9rminos de movilidad intrageneracional y desigualdad social, elaborando un modelo explicativo de la movilidad y de las trayectorias segmentadas. La irrupci\u00f3n de la pandemia del Covid-19 en 2020 plantea un nuevo escenario para el estudio.<\/li><li><strong>Movilidad social intergeneracional<\/strong><br>Conocer los patrones y niveles de movilidad social intergeneracional en t\u00e9rminos absolutos y relativos, estableciendo los mecanismos explicativos vinculados a la desigualdad de oportunidades educativas, los retornos de clase a la educaci\u00f3n y el efecto directo del origen sobre el destino social, as\u00ed como el efecto indirecto mediado por la educaci\u00f3n.<\/li><li><strong>Interrelaci\u00f3n movilidad intrageneracional e intergeneracional<\/strong><br>Analizar la interrelaci\u00f3n entre las din\u00e1micas de movilidad social intrageneracional e intergeneracional, buscando determinar en qu\u00e9 medida incide la primera sobre la segunda.<\/li><li><strong>An\u00e1lisis territorial<\/strong><br>Realizar un an\u00e1lisis comparativo para diferenciar las din\u00e1micas de movilidad del territorio espa\u00f1ol. Considerando las diferentes Comunidades Aut\u00f3nomas se pretende dar cuenta de las especificidades estructurales de las din\u00e1micas estudiadas en los objetivos precedentes. De forma particular se estudiar\u00e1n los casos de Andaluc\u00eda y Catalu\u00f1a.<\/li><li><strong>An\u00e1lisis biogr\u00e1fico<\/strong><br>Profundizar, desde el punto de vista de la trayectoria biogr\u00e1fica de las personas (como articulaci\u00f3n de los \u00e1mbitos educativo, productivo y reproductivo), el conocimiento de los tipos de estrategias desarrolladas y la movilizaci\u00f3n de recursos de las personas en las din\u00e1micas de movilidad social identificadas y tipificadas en los an\u00e1lisis previos.\n<p>&nbsp;<\/p>\n<p>De forma complementaria, se plantean los objetivos siguientes:<\/p>\n<\/li><li><strong>Internacionalizaci\u00f3n<\/strong><br>Derivar elementos para sentar las bases de un proyecto de investigaci\u00f3n para el an\u00e1lisis comparativo internacional con una Comisi\u00f3n de Seguimiento de investigadores\/as del \u00e1mbito nacional e internacional que permitir\u00e1 proyectar la realizaci\u00f3n de una investigaci\u00f3n sobre esta tem\u00e1tica comparando Europa y Am\u00e9rica Latina.<\/li><li><strong>Pol\u00edticas p\u00fablicas<\/strong><br>Extraer conclusiones para un diagn\u00f3stico sobre las condiciones de desigualdad social en Espa\u00f1a que ayuden a formular propuestas que orienten las pol\u00edticas p\u00fablicas de nuestro pa\u00eds, en particular sobre empleo para mejorar las condiciones de los segmentos menos favorecidos del mercado laboral, as\u00ed como acciones que favorezcan el acceso a trayectorias ascendentes en el marco de la segmentaci\u00f3n del mercado de trabajo.<\/li><\/ol>\n","protected":false},"excerpt":{"rendered":"<p>Objetivos del proyecto El objetivo general del proyecto es investigar de forma coordinada los procesos de movilidad social en Espa\u00f1a a la luz de los \u00faltimos datos existentes en nuestro pa\u00eds, dando cuenta, primero, de las din\u00e1micas espec\u00edficas en t\u00e9rminos de movilidad intrageneracional e intergeneracional, e interrelacionando a continuaci\u00f3n ambos fen\u00f3menos. De forma espec\u00edfica el [&hellip;]<\/p>\n","protected":false},"author":20,"featured_media":0,"parent":0,"menu_order":0,"comment_status":"closed","ping_status":"closed","template":"","meta":{"footnotes":""},"class_list":["post-45","page","type-page","status-publish","hentry"],"_links":{"self":[{"href":"https:\/\/webs.uab.cat\/dinamos\/wp-json\/wp\/v2\/pages\/45","targetHints":{"allow":["GET"]}}],"collection":[{"href":"https:\/\/webs.uab.cat\/dinamos\/wp-json\/wp\/v2\/pages"}],"about":[{"href":"https:\/\/webs.uab.cat\/dinamos\/wp-json\/wp\/v2\/types\/page"}],"author":[{"embeddable":true,"href":"https:\/\/webs.uab.cat\/dinamos\/wp-json\/wp\/v2\/users\/20"}],"replies":[{"embeddable":true,"href":"https:\/\/webs.uab.cat\/dinamos\/wp-json\/wp\/v2\/comments?post=45"}],"version-history":[{"count":2,"href":"https:\/\/webs.uab.cat\/dinamos\/wp-json\/wp\/v2\/pages\/45\/revisions"}],"predecessor-version":[{"id":180,"href":"https:\/\/webs.uab.cat\/dinamos\/wp-json\/wp\/v2\/pages\/45\/revisions\/180"}],"wp:attachment":[{"href":"https:\/\/webs.uab.cat\/dinamos\/wp-json\/wp\/v2\/media?parent=45"}],"curies":[{"name":"wp","href":"https:\/\/api.w.org\/{rel}","templated":true}]}}