{"id":143,"date":"2016-01-19T13:43:45","date_gmt":"2016-01-19T11:43:45","guid":{"rendered":"https:\/\/webs.uab.cat\/drelates\/pagina-2\/"},"modified":"2016-07-26T11:03:21","modified_gmt":"2016-07-26T09:03:21","slug":"pagina-2","status":"publish","type":"page","link":"https:\/\/webs.uab.cat\/drelates\/es\/","title":{"rendered":"P\u00e1gina"},"content":{"rendered":"<p class=\"rtejustify rteindent1\">El <strong>Grupo de Investigaci\u00f3n Derechos de los Trabajadores Espa\u00f1oles y Extranjeros<\/strong> (DRELATES) fue reconocido como grupo emergente por la Generalidad de Catalu\u00f1a en el a\u00f1o 2009. Actualmente cuenta con el reconocimiento de la Generalidad de Catalu\u00f1a como Grupo Consolidado desde 2014 (2014 SGR 264). Est\u00e1 formado por un grupo de profesores y profesoras de Derecho del Trabajo y de la Seguridad Social de la Universidad Aut\u00f3noma de Barcelona, \u200b\u200balgunos de los cuales han colaborado regularmente en su labor investigadora desde hace muchos a\u00f1os. La b\u00fasqueda de los miembros del grupo se ha centrado en los \u00faltimos a\u00f1os en materias como el r\u00e9gimen jur\u00eddico del empleo de las personas con discapacidad y en situaci\u00f3n de exclusi\u00f3n y en riesgo de exclusi\u00f3n social, la participaci\u00f3n de la administraci\u00f3n p\u00fablica y los representantes de los trabajadores en los procesos de reestructuraci\u00f3n empresarial, la responsabilidad social empresarial, el r\u00e9gimen jur\u00eddico del empleo de los trabajadores de edad y el estudio de las permanentes reformas legislativas en materia de Derecho del Trabajo y de la Seguridad social.<\/p>\n","protected":false},"excerpt":{"rendered":"<p>El Grupo de Investigaci\u00f3n Derechos de los Trabajadores Espa\u00f1oles y Extranjeros (DRELATES) fue reconocido como grupo emergente por la Generalidad de Catalu\u00f1a en el a\u00f1o 2009. Actualmente cuenta con el reconocimiento de la Generalidad de Catalu\u00f1a como Grupo Consolidado desde 2014 (2014 SGR 264). Est\u00e1 formado por un grupo de profesores y profesoras de Derecho [&hellip;]<\/p>\n","protected":false},"author":20,"featured_media":0,"parent":0,"menu_order":0,"comment_status":"closed","ping_status":"closed","template":"","meta":{"footnotes":""},"class_list":["post-143","page","type-page","status-publish","hentry"],"_links":{"self":[{"href":"https:\/\/webs.uab.cat\/drelates\/es\/wp-json\/wp\/v2\/pages\/143","targetHints":{"allow":["GET"]}}],"collection":[{"href":"https:\/\/webs.uab.cat\/drelates\/es\/wp-json\/wp\/v2\/pages"}],"about":[{"href":"https:\/\/webs.uab.cat\/drelates\/es\/wp-json\/wp\/v2\/types\/page"}],"author":[{"embeddable":true,"href":"https:\/\/webs.uab.cat\/drelates\/es\/wp-json\/wp\/v2\/users\/20"}],"replies":[{"embeddable":true,"href":"https:\/\/webs.uab.cat\/drelates\/es\/wp-json\/wp\/v2\/comments?post=143"}],"version-history":[{"count":0,"href":"https:\/\/webs.uab.cat\/drelates\/es\/wp-json\/wp\/v2\/pages\/143\/revisions"}],"wp:attachment":[{"href":"https:\/\/webs.uab.cat\/drelates\/es\/wp-json\/wp\/v2\/media?parent=143"}],"curies":[{"name":"wp","href":"https:\/\/api.w.org\/{rel}","templated":true}]}}