{"id":149,"date":"2019-02-20T16:55:10","date_gmt":"2019-02-20T14:55:10","guid":{"rendered":"https:\/\/webs.uab.cat\/drelates\/proyectos\/"},"modified":"2019-04-23T20:58:33","modified_gmt":"2019-04-23T18:58:33","slug":"proyectos","status":"publish","type":"page","link":"https:\/\/webs.uab.cat\/drelates\/es\/proyectos\/","title":{"rendered":"Proyectos"},"content":{"rendered":"<p><a href=\"http:\/\/grupsderecerca.uab.cat\/drelates\/es\/content\/proyectos-en-curso\"><strong><u>Proyectos en curso&nbsp;<\/u><\/strong><\/a><\/p>\n<p><strong>T\u00edtulo del proyecto:<\/strong> <a href=\"http:\/\/grupsderecerca.uab.cat\/drelates\/es\/content\/la-representaci%C3%B3-laboral-les-empreses-disperses-i-en-xarxa-problem%C3%A0tica-disfuncions-i\">La representaci\u00f3n laboral en las empresas dispersas y en red: problem\u00e1tica, disfunciones y propuestas correctoras.<\/a><\/p>\n<p><strong>Entidad de realizaci\u00f3n:<\/strong> Universidad Aut\u00f3noma de Barcelona.<\/p>\n<p><strong>Investigador principal 1:<\/strong> Xavier Sol\u00e0 Monells<\/p>\n<p><strong>Investigador principal 2: <\/strong>Ricardo Esteban Legarreta.<\/p>\n<p><strong>Entidad financiadora:<\/strong> Ministerio de Econom\u00eda, Industria y Competitividad.<\/p>\n<p><strong>N\u00famero de investigadores:<\/strong>&nbsp;7<\/p>\n<p><strong>Duraci\u00f3n:<\/strong> 3 a\u00f1os.<\/p>\n<p>&nbsp;<\/p>\n<p><a href=\"http:\/\/grupsderecerca.uab.cat\/drelates\/es\/content\/proyectos-finalizados\"><strong><u>Proyectos finalizados&nbsp;<\/u><\/strong><\/a><\/p>\n<p><strong>T\u00edtulo del proyecto:<\/strong> El impacto de la normativa en el empleo de los trabajadores de edad, evaluaci\u00f3n y propuestas de mejora.<\/p>\n<p><strong>Entidad de realizaci\u00f3n:<\/strong> Universidad Aut\u00f3noma de Barcelona.<\/p>\n<p><strong>Investigador principal:<\/strong> Ricardo Esteban Legarreta.<\/p>\n<p><strong>Entidad financiadora:<\/strong> Ministerio de Econom\u00eda y Competitividad.<\/p>\n<p><strong>N\u00famero de investigadores:<\/strong> 8<\/p>\n<p><strong>Fechas:<\/strong> 1 de enero de 2014 a 31 de diciembre de 2012.<\/p>\n<p><strong>Importe concedido: <\/strong>37.510,00 \u20ac<\/p>\n<p>&nbsp;<\/p>\n","protected":false},"excerpt":{"rendered":"<p>Proyectos en curso&nbsp; T\u00edtulo del proyecto: La representaci\u00f3n laboral en las empresas dispersas y en red: problem\u00e1tica, disfunciones y propuestas correctoras. Entidad de realizaci\u00f3n: Universidad Aut\u00f3noma de Barcelona. Investigador principal 1: Xavier Sol\u00e0 Monells Investigador principal 2: Ricardo Esteban Legarreta. Entidad financiadora: Ministerio de Econom\u00eda, Industria y Competitividad. N\u00famero de investigadores:&nbsp;7 Duraci\u00f3n: 3 a\u00f1os. &nbsp; [&hellip;]<\/p>\n","protected":false},"author":20,"featured_media":0,"parent":0,"menu_order":0,"comment_status":"closed","ping_status":"closed","template":"","meta":{"footnotes":""},"class_list":["post-149","page","type-page","status-publish","hentry"],"_links":{"self":[{"href":"https:\/\/webs.uab.cat\/drelates\/es\/wp-json\/wp\/v2\/pages\/149","targetHints":{"allow":["GET"]}}],"collection":[{"href":"https:\/\/webs.uab.cat\/drelates\/es\/wp-json\/wp\/v2\/pages"}],"about":[{"href":"https:\/\/webs.uab.cat\/drelates\/es\/wp-json\/wp\/v2\/types\/page"}],"author":[{"embeddable":true,"href":"https:\/\/webs.uab.cat\/drelates\/es\/wp-json\/wp\/v2\/users\/20"}],"replies":[{"embeddable":true,"href":"https:\/\/webs.uab.cat\/drelates\/es\/wp-json\/wp\/v2\/comments?post=149"}],"version-history":[{"count":0,"href":"https:\/\/webs.uab.cat\/drelates\/es\/wp-json\/wp\/v2\/pages\/149\/revisions"}],"wp:attachment":[{"href":"https:\/\/webs.uab.cat\/drelates\/es\/wp-json\/wp\/v2\/media?parent=149"}],"curies":[{"name":"wp","href":"https:\/\/api.w.org\/{rel}","templated":true}]}}