{"id":150,"date":"2019-04-23T21:00:14","date_gmt":"2019-04-23T19:00:14","guid":{"rendered":"https:\/\/webs.uab.cat\/drelates\/proyectos-finalizados\/"},"modified":"2019-04-23T21:00:14","modified_gmt":"2019-04-23T19:00:14","slug":"proyectos-finalizados","status":"publish","type":"page","link":"https:\/\/webs.uab.cat\/drelates\/es\/proyectos-finalizados\/","title":{"rendered":"Proyectos finalizados"},"content":{"rendered":"<p><strong>T\u00edtulo del proyecto:<\/strong> El impacto de la normativa en el empleo de los trabajadores de edad, evaluaci\u00f3n y propuestas de mejora.<\/p>\n<p><strong>Entidad de realizaci\u00f3n:<\/strong> Universidad Aut\u00f3noma de Barcelona.<\/p>\n<p><strong>Investigador principal: <\/strong>Ricardo Esteban Legarreta.<\/p>\n<p><strong>Entidad financiadora: <\/strong>Ministerio de Econom\u00eda y Competitividad.<\/p>\n<p><strong>N\u00famero de investigadores<\/strong>: 8<\/p>\n<p><strong>Fechas: <\/strong>1 de enero de 2014 a 31 de diciembre de 2012.<\/p>\n<p><strong>Importe concedido:<\/strong> 37.510,00 \u20ac<\/p>\n","protected":false},"excerpt":{"rendered":"<p>T\u00edtulo del proyecto: El impacto de la normativa en el empleo de los trabajadores de edad, evaluaci\u00f3n y propuestas de mejora. Entidad de realizaci\u00f3n: Universidad Aut\u00f3noma de Barcelona. Investigador principal: Ricardo Esteban Legarreta. Entidad financiadora: Ministerio de Econom\u00eda y Competitividad. N\u00famero de investigadores: 8 Fechas: 1 de enero de 2014 a 31 de diciembre de [&hellip;]<\/p>\n","protected":false},"author":20,"featured_media":0,"parent":0,"menu_order":0,"comment_status":"closed","ping_status":"closed","template":"","meta":{"footnotes":""},"class_list":["post-150","page","type-page","status-publish","hentry"],"_links":{"self":[{"href":"https:\/\/webs.uab.cat\/drelates\/es\/wp-json\/wp\/v2\/pages\/150","targetHints":{"allow":["GET"]}}],"collection":[{"href":"https:\/\/webs.uab.cat\/drelates\/es\/wp-json\/wp\/v2\/pages"}],"about":[{"href":"https:\/\/webs.uab.cat\/drelates\/es\/wp-json\/wp\/v2\/types\/page"}],"author":[{"embeddable":true,"href":"https:\/\/webs.uab.cat\/drelates\/es\/wp-json\/wp\/v2\/users\/20"}],"replies":[{"embeddable":true,"href":"https:\/\/webs.uab.cat\/drelates\/es\/wp-json\/wp\/v2\/comments?post=150"}],"version-history":[{"count":0,"href":"https:\/\/webs.uab.cat\/drelates\/es\/wp-json\/wp\/v2\/pages\/150\/revisions"}],"wp:attachment":[{"href":"https:\/\/webs.uab.cat\/drelates\/es\/wp-json\/wp\/v2\/media?parent=150"}],"curies":[{"name":"wp","href":"https:\/\/api.w.org\/{rel}","templated":true}]}}