{"id":151,"date":"2019-03-21T16:47:53","date_gmt":"2019-03-21T14:47:53","guid":{"rendered":"https:\/\/webs.uab.cat\/drelates\/proyectos-en-curso\/"},"modified":"2019-04-23T21:01:25","modified_gmt":"2019-04-23T19:01:25","slug":"proyectos-en-curso","status":"publish","type":"page","link":"https:\/\/webs.uab.cat\/drelates\/es\/proyectos-en-curso\/","title":{"rendered":"Proyectos en curso"},"content":{"rendered":"<p><strong>T\u00edtulo del proyecto:<\/strong>&nbsp;<a href=\"http:\/\/grupsderecerca.uab.cat\/drelates\/es\/content\/la-representaci%C3%B3-laboral-les-empreses-disperses-i-en-xarxa-problem%C3%A0tica-disfuncions-i\">La representaci\u00f3n laboral en las empresas dispersas y en red: problem\u00e1tica, disfunciones y propuestas correctoras.<\/a><\/p>\n<p><strong>Entidad de realizaci\u00f3n:<\/strong>&nbsp;Universidad Aut\u00f3noma de Barcelona.<\/p>\n<p><strong>Investigador principal 1:<\/strong>&nbsp;Xavier Sol\u00e0 Monells<\/p>\n<p><strong>Investigador principal 2:&nbsp;<\/strong>Ricardo Esteban Legarreta.<\/p>\n<p><strong>Entidad financiadora:<\/strong>&nbsp;Ministerio de Econom\u00eda, Industria y Competitividad.<\/p>\n<p><strong>N\u00famero de investigadores:<\/strong>&nbsp;7<\/p>\n<p><strong>Duraci\u00f3n:<\/strong>&nbsp;3 a\u00f1os.<\/p>\n","protected":false},"excerpt":{"rendered":"<p>T\u00edtulo del proyecto:&nbsp;La representaci\u00f3n laboral en las empresas dispersas y en red: problem\u00e1tica, disfunciones y propuestas correctoras. Entidad de realizaci\u00f3n:&nbsp;Universidad Aut\u00f3noma de Barcelona. Investigador principal 1:&nbsp;Xavier Sol\u00e0 Monells Investigador principal 2:&nbsp;Ricardo Esteban Legarreta. Entidad financiadora:&nbsp;Ministerio de Econom\u00eda, Industria y Competitividad. N\u00famero de investigadores:&nbsp;7 Duraci\u00f3n:&nbsp;3 a\u00f1os.<\/p>\n","protected":false},"author":20,"featured_media":0,"parent":0,"menu_order":0,"comment_status":"closed","ping_status":"closed","template":"","meta":{"footnotes":""},"class_list":["post-151","page","type-page","status-publish","hentry"],"_links":{"self":[{"href":"https:\/\/webs.uab.cat\/drelates\/es\/wp-json\/wp\/v2\/pages\/151","targetHints":{"allow":["GET"]}}],"collection":[{"href":"https:\/\/webs.uab.cat\/drelates\/es\/wp-json\/wp\/v2\/pages"}],"about":[{"href":"https:\/\/webs.uab.cat\/drelates\/es\/wp-json\/wp\/v2\/types\/page"}],"author":[{"embeddable":true,"href":"https:\/\/webs.uab.cat\/drelates\/es\/wp-json\/wp\/v2\/users\/20"}],"replies":[{"embeddable":true,"href":"https:\/\/webs.uab.cat\/drelates\/es\/wp-json\/wp\/v2\/comments?post=151"}],"version-history":[{"count":0,"href":"https:\/\/webs.uab.cat\/drelates\/es\/wp-json\/wp\/v2\/pages\/151\/revisions"}],"wp:attachment":[{"href":"https:\/\/webs.uab.cat\/drelates\/es\/wp-json\/wp\/v2\/media?parent=151"}],"curies":[{"name":"wp","href":"https:\/\/api.w.org\/{rel}","templated":true}]}}