{"id":107,"date":"2016-01-19T13:43:45","date_gmt":"2016-01-19T11:43:45","guid":{"rendered":"https:\/\/webs.uab.cat\/drelates\/pagina\/"},"modified":"2022-09-29T16:11:22","modified_gmt":"2022-09-29T14:11:22","slug":"pagina","status":"publish","type":"page","link":"https:\/\/webs.uab.cat\/drelates\/","title":{"rendered":"Presentaci\u00f3"},"content":{"rendered":"\n<p>El <strong>Grup de Recerca Drets dels Treballadors Espanyols i Estrangers (DRELATES)<\/strong> va ser reconegut com a grup emergent per la Generalitat de Catalunya l\u2019any 2009. Actualment compta amb el reconeixement de la Generalitat de Catalunya com a Grup Consolidat des de 2014 (2014 SGR 264). Est\u00e0 format per un grup de professors i professores de Dret del Treball i de la Seguretat Social de la Universitat Aut\u00f2noma de Barcelona, alguns dels quals han col\u00b7laborat regularment en la seva tasca investigadora des de fa molts anys. La recerca dels membres del grup s\u2019ha centrat en els darrers anys en mat\u00e8ries com el r\u00e8gim jur\u00eddic de l\u2019ocupaci\u00f3 de les persones amb discapacitat i en situaci\u00f3 d\u2019exclusi\u00f3 i en risc d\u2019exclusi\u00f3 social, la participaci\u00f3 de l\u2019administraci\u00f3 p\u00fablica i dels representants dels treballadors en els processos de reestructuraci\u00f3 empresarial, la responsabilitat social empresarial, el r\u00e8gim jur\u00eddic de l\u2019ocupaci\u00f3 dels treballadors d\u2019edat i l\u2019estudi de les permanents reformes legislatives en mat\u00e8ria de Dret del Treball i de la Seguretat Social.<\/p>\n","protected":false},"excerpt":{"rendered":"<p>El Grup de Recerca Drets dels Treballadors Espanyols i Estrangers (DRELATES) va ser reconegut com a grup emergent per la Generalitat de Catalunya l\u2019any 2009. Actualment compta amb el reconeixement de la Generalitat de Catalunya com a Grup Consolidat des de 2014 (2014 SGR 264). Est\u00e0 format per un grup de professors i professores de [&hellip;]<\/p>\n","protected":false},"author":20,"featured_media":0,"parent":0,"menu_order":0,"comment_status":"closed","ping_status":"closed","template":"","meta":{"footnotes":""},"class_list":["post-107","page","type-page","status-publish","hentry"],"_links":{"self":[{"href":"https:\/\/webs.uab.cat\/drelates\/wp-json\/wp\/v2\/pages\/107","targetHints":{"allow":["GET"]}}],"collection":[{"href":"https:\/\/webs.uab.cat\/drelates\/wp-json\/wp\/v2\/pages"}],"about":[{"href":"https:\/\/webs.uab.cat\/drelates\/wp-json\/wp\/v2\/types\/page"}],"author":[{"embeddable":true,"href":"https:\/\/webs.uab.cat\/drelates\/wp-json\/wp\/v2\/users\/20"}],"replies":[{"embeddable":true,"href":"https:\/\/webs.uab.cat\/drelates\/wp-json\/wp\/v2\/comments?post=107"}],"version-history":[{"count":2,"href":"https:\/\/webs.uab.cat\/drelates\/wp-json\/wp\/v2\/pages\/107\/revisions"}],"predecessor-version":[{"id":289,"href":"https:\/\/webs.uab.cat\/drelates\/wp-json\/wp\/v2\/pages\/107\/revisions\/289"}],"wp:attachment":[{"href":"https:\/\/webs.uab.cat\/drelates\/wp-json\/wp\/v2\/media?parent=107"}],"curies":[{"name":"wp","href":"https:\/\/api.w.org\/{rel}","templated":true}]}}