{"id":136,"date":"2016-04-26T14:50:35","date_gmt":"2016-04-26T12:50:35","guid":{"rendered":"https:\/\/webs.uab.cat\/drelates\/publicacions\/"},"modified":"2022-10-06T09:28:31","modified_gmt":"2022-10-06T07:28:31","slug":"publicacions","status":"publish","type":"page","link":"https:\/\/webs.uab.cat\/drelates\/publicacions\/","title":{"rendered":"Publicacions"},"content":{"rendered":"\n<h2 class=\"wp-block-heading\"><strong>Publicacions col\u00b7lectives. Les publicacions individuals es poden consultar a l&#8217;espai de cada membre del grup.<\/strong><\/h2>\n\n\n\n<p>P\u00c9REZ AMOR\u00d3S, F.; ROJO\u00a0TORRECILLA, E. (Directores), \u201cLa intervenci\u00f3n p\u00fablica en los procesos de modificaci\u00f3n y reestructuraci\u00f3n empresarial\u201d. Ed. Bomarzo, Albacete, 2012, 365 p\u00e1gs. ISBN 978-84-15000-50-1<\/p>\n\n\n\n<p>AMAUGER-LATTES, M.C. y ESTEBAN LEGARRETA, R.: (Directores): &#8220;La protecci\u00f3n del empleo de los trabajadores de edad. Una perspectiva franco-espa\u00f1ola&#8221;. Tirant lo Blanch, Valencia, 2013,\u00a0 ISBN: 978-84-9053-079-5<\/p>\n\n\n\n<p>ESTEBAN LEGARRETA, R. y P\u00c9REZ AMOR\u00d3S, F. (Directores): \u00a0La aplicaci\u00f3n del Derecho del Trabajo en los Centros Especiales de Empleo, Tirant lo Blanch, Valencia, 2009,\u00a0 ISBN: 978-84-9876-538-0<\/p>\n\n\n\n<p>P\u00c9REZ AMOR\u00d3S, F.; ROJO\u00a0TORRECILLA, E. (Directores), \u201cBalance de la reforma laboral de 2012\u201d. Ed. Bomarzo, Albacete, 2016, 376 p\u00e1gs. ISBN 978-84-16608-32-4.<\/p>\n\n\n\n<p>ESTEBAN, R., P\u00c9REZ AMOR\u00d3S, F.; CISCART, N., FEIJ\u00d3O, M., &amp; FUST\u00c9, J. (2005). &#8220;El marc catal\u00e0 de relacions laboral i de la protecci\u00f3 social. Vol. II&#8221;. Barcelona: Generalitat de Catalunya. Consell de Treball Econ\u00f3mic i Social de Catalunya.&nbsp;<\/p>\n","protected":false},"excerpt":{"rendered":"<p>Publicacions col\u00b7lectives. Les publicacions individuals es poden consultar a l&#8217;espai de cada membre del grup. P\u00c9REZ AMOR\u00d3S, F.; ROJO\u00a0TORRECILLA, E. (Directores), \u201cLa intervenci\u00f3n p\u00fablica en los procesos de modificaci\u00f3n y reestructuraci\u00f3n empresarial\u201d. Ed. Bomarzo, Albacete, 2012, 365 p\u00e1gs. ISBN 978-84-15000-50-1 AMAUGER-LATTES, M.C. y ESTEBAN LEGARRETA, R.: (Directores): &#8220;La protecci\u00f3n del empleo de los trabajadores de [&hellip;]<\/p>\n","protected":false},"author":20,"featured_media":0,"parent":0,"menu_order":0,"comment_status":"closed","ping_status":"closed","template":"","meta":{"footnotes":""},"class_list":["post-136","page","type-page","status-publish","hentry"],"_links":{"self":[{"href":"https:\/\/webs.uab.cat\/drelates\/wp-json\/wp\/v2\/pages\/136","targetHints":{"allow":["GET"]}}],"collection":[{"href":"https:\/\/webs.uab.cat\/drelates\/wp-json\/wp\/v2\/pages"}],"about":[{"href":"https:\/\/webs.uab.cat\/drelates\/wp-json\/wp\/v2\/types\/page"}],"author":[{"embeddable":true,"href":"https:\/\/webs.uab.cat\/drelates\/wp-json\/wp\/v2\/users\/20"}],"replies":[{"embeddable":true,"href":"https:\/\/webs.uab.cat\/drelates\/wp-json\/wp\/v2\/comments?post=136"}],"version-history":[{"count":1,"href":"https:\/\/webs.uab.cat\/drelates\/wp-json\/wp\/v2\/pages\/136\/revisions"}],"predecessor-version":[{"id":298,"href":"https:\/\/webs.uab.cat\/drelates\/wp-json\/wp\/v2\/pages\/136\/revisions\/298"}],"wp:attachment":[{"href":"https:\/\/webs.uab.cat\/drelates\/wp-json\/wp\/v2\/media?parent=136"}],"curies":[{"name":"wp","href":"https:\/\/api.w.org\/{rel}","templated":true}]}}