{"id":144,"date":"2019-02-20T16:55:10","date_gmt":"2019-02-20T14:55:10","guid":{"rendered":"https:\/\/webs.uab.cat\/drelates\/projectes-0\/"},"modified":"2022-09-29T15:02:40","modified_gmt":"2022-09-29T13:02:40","slug":"projectes-0","status":"publish","type":"page","link":"https:\/\/webs.uab.cat\/drelates\/projectes-0\/","title":{"rendered":"Projectes"},"content":{"rendered":"\n<h2 class=\"wp-block-heading\"><a href=\"https:\/\/webs.uab.cat\/drelates\/projectes-en-curs\/\" data-type=\"page\" data-id=\"145\"><strong><u>Projectes en curs\u00a0<\/u><\/strong><\/a><\/h2>\n\n\n\n<p><strong>T\u00edtol del projecte: <\/strong><a href=\"https:\/\/webs.uab.cat\/drelates\/la-representacio-laboral-les-empreses-disperses-i-en-xarxa-problematica-disfuncions-i\/\" data-type=\"page\" data-id=\"152\">La representaci\u00f3 laboral a les empreses disperses i en xarxa: problem\u00e0tica, disfuncions i propostes correctores.<\/a><\/p>\n\n\n\n<p><strong>Entitat de realitzaci\u00f3:<\/strong> Universitat Aut\u00f2noma de Barcelona.<\/p>\n\n\n\n<p><strong>Investigador principal 1: <\/strong>Xavier Sol\u00e0 Monells<\/p>\n\n\n\n<p><strong>Investigador principal 2:<\/strong> Ricardo Esteban Legarreta.<\/p>\n\n\n\n<p><strong>Entitat finan\u00e7adora: <\/strong>Ministeri d&#8217;Economia, Ind\u00fastria i Competitivitat.<\/p>\n\n\n\n<p><strong>Nombre d&#8217;investigadors:<\/strong> 7<\/p>\n\n\n\n<p><strong>Durada: <\/strong>3 anys.<\/p>\n\n\n\n<h2 class=\"wp-block-heading\"><a href=\"https:\/\/webs.uab.cat\/drelates\/projectes-finalitzats\/\" data-type=\"page\" data-id=\"146\"><u><strong>Projectes finalitzats\u00a0<\/strong><\/u><\/a><\/h2>\n\n\n\n<p><strong>T\u00edtol del projecte:<\/strong> L&#8217;impacte de la normativa en l&#8217;ocupaci\u00f3 dels treballadors d&#8217;edat, avaluaci\u00f3 i propostes de millora.<\/p>\n\n\n\n<p><strong>Entitat de realitzaci\u00f3:<\/strong> Universitat Aut\u00f2noma de Barcelona.<\/p>\n\n\n\n<p><strong>Investigador principal:<\/strong> Ricardo Esteban Legarreta.<\/p>\n\n\n\n<p><strong>Entitat finan\u00e7adora:<\/strong> Ministeri d&#8217;Economia i Competitivitat.<\/p>\n\n\n\n<p><strong>Nombre d&#8217;investigadors:<\/strong> 8<\/p>\n\n\n\n<p><strong>Dates:<\/strong> 1 de gener de 2014 a 31 de desembre del 2012.<\/p>\n\n\n\n<p><strong>Import concedit:<\/strong> 37.510,00 \u20ac<\/p>\n","protected":false},"excerpt":{"rendered":"<p>Projectes en curs\u00a0 T\u00edtol del projecte: La representaci\u00f3 laboral a les empreses disperses i en xarxa: problem\u00e0tica, disfuncions i propostes correctores. Entitat de realitzaci\u00f3: Universitat Aut\u00f2noma de Barcelona. Investigador principal 1: Xavier Sol\u00e0 Monells Investigador principal 2: Ricardo Esteban Legarreta. Entitat finan\u00e7adora: Ministeri d&#8217;Economia, Ind\u00fastria i Competitivitat. Nombre d&#8217;investigadors: 7 Durada: 3 anys. Projectes finalitzats\u00a0 [&hellip;]<\/p>\n","protected":false},"author":20,"featured_media":0,"parent":0,"menu_order":0,"comment_status":"closed","ping_status":"closed","template":"","meta":{"footnotes":""},"class_list":["post-144","page","type-page","status-publish","hentry"],"_links":{"self":[{"href":"https:\/\/webs.uab.cat\/drelates\/wp-json\/wp\/v2\/pages\/144","targetHints":{"allow":["GET"]}}],"collection":[{"href":"https:\/\/webs.uab.cat\/drelates\/wp-json\/wp\/v2\/pages"}],"about":[{"href":"https:\/\/webs.uab.cat\/drelates\/wp-json\/wp\/v2\/types\/page"}],"author":[{"embeddable":true,"href":"https:\/\/webs.uab.cat\/drelates\/wp-json\/wp\/v2\/users\/20"}],"replies":[{"embeddable":true,"href":"https:\/\/webs.uab.cat\/drelates\/wp-json\/wp\/v2\/comments?post=144"}],"version-history":[{"count":1,"href":"https:\/\/webs.uab.cat\/drelates\/wp-json\/wp\/v2\/pages\/144\/revisions"}],"predecessor-version":[{"id":242,"href":"https:\/\/webs.uab.cat\/drelates\/wp-json\/wp\/v2\/pages\/144\/revisions\/242"}],"wp:attachment":[{"href":"https:\/\/webs.uab.cat\/drelates\/wp-json\/wp\/v2\/media?parent=144"}],"curies":[{"name":"wp","href":"https:\/\/api.w.org\/{rel}","templated":true}]}}