{"id":145,"date":"2019-03-21T16:47:53","date_gmt":"2019-03-21T14:47:53","guid":{"rendered":"https:\/\/webs.uab.cat\/drelates\/projectes-en-curs\/"},"modified":"2022-09-29T15:03:11","modified_gmt":"2022-09-29T13:03:11","slug":"projectes-en-curs","status":"publish","type":"page","link":"https:\/\/webs.uab.cat\/drelates\/projectes-en-curs\/","title":{"rendered":"Projectes en curs"},"content":{"rendered":"\n<p><strong>T\u00edtol del projecte:\u00a0<\/strong><a href=\"https:\/\/webs.uab.cat\/drelates\/la-representacio-laboral-les-empreses-disperses-i-en-xarxa-problematica-disfuncions-i\/\" data-type=\"page\" data-id=\"152\">La representaci\u00f3 laboral a les empreses disperses i en xarxa: problem\u00e0tica, disfuncions i propostes correctores.<\/a><\/p>\n\n\n\n<p><strong>Entitat de realitzaci\u00f3:<\/strong>&nbsp;Universitat Aut\u00f2noma de Barcelona.<\/p>\n\n\n\n<p><strong>Investigador principal 1:&nbsp;<\/strong>Xavier Sol\u00e0 Monells<\/p>\n\n\n\n<p><strong>Investigador principal 2:<\/strong>&nbsp;Ricardo Esteban Legarreta.<\/p>\n\n\n\n<p><strong>Entitat finan\u00e7adora:&nbsp;<\/strong>Ministeri d&#8217;Economia, Ind\u00fastria i Competitivitat.<\/p>\n\n\n\n<p><strong>Nombre d&#8217;investigadors:<\/strong>&nbsp;7<\/p>\n\n\n\n<p><strong>Durada:&nbsp;<\/strong>3 anys.<\/p>\n","protected":false},"excerpt":{"rendered":"<p>T\u00edtol del projecte:\u00a0La representaci\u00f3 laboral a les empreses disperses i en xarxa: problem\u00e0tica, disfuncions i propostes correctores. Entitat de realitzaci\u00f3:&nbsp;Universitat Aut\u00f2noma de Barcelona. Investigador principal 1:&nbsp;Xavier Sol\u00e0 Monells Investigador principal 2:&nbsp;Ricardo Esteban Legarreta. Entitat finan\u00e7adora:&nbsp;Ministeri d&#8217;Economia, Ind\u00fastria i Competitivitat. Nombre d&#8217;investigadors:&nbsp;7 Durada:&nbsp;3 anys.<\/p>\n","protected":false},"author":20,"featured_media":0,"parent":0,"menu_order":0,"comment_status":"closed","ping_status":"closed","template":"","meta":{"footnotes":""},"class_list":["post-145","page","type-page","status-publish","hentry"],"_links":{"self":[{"href":"https:\/\/webs.uab.cat\/drelates\/wp-json\/wp\/v2\/pages\/145","targetHints":{"allow":["GET"]}}],"collection":[{"href":"https:\/\/webs.uab.cat\/drelates\/wp-json\/wp\/v2\/pages"}],"about":[{"href":"https:\/\/webs.uab.cat\/drelates\/wp-json\/wp\/v2\/types\/page"}],"author":[{"embeddable":true,"href":"https:\/\/webs.uab.cat\/drelates\/wp-json\/wp\/v2\/users\/20"}],"replies":[{"embeddable":true,"href":"https:\/\/webs.uab.cat\/drelates\/wp-json\/wp\/v2\/comments?post=145"}],"version-history":[{"count":1,"href":"https:\/\/webs.uab.cat\/drelates\/wp-json\/wp\/v2\/pages\/145\/revisions"}],"predecessor-version":[{"id":243,"href":"https:\/\/webs.uab.cat\/drelates\/wp-json\/wp\/v2\/pages\/145\/revisions\/243"}],"wp:attachment":[{"href":"https:\/\/webs.uab.cat\/drelates\/wp-json\/wp\/v2\/media?parent=145"}],"curies":[{"name":"wp","href":"https:\/\/api.w.org\/{rel}","templated":true}]}}