{"id":146,"date":"2019-03-21T16:49:45","date_gmt":"2019-03-21T14:49:45","guid":{"rendered":"https:\/\/webs.uab.cat\/drelates\/projectes-finalitzats\/"},"modified":"2019-03-21T16:49:45","modified_gmt":"2019-03-21T14:49:45","slug":"projectes-finalitzats","status":"publish","type":"page","link":"https:\/\/webs.uab.cat\/drelates\/projectes-finalitzats\/","title":{"rendered":"Projectes finalitzats"},"content":{"rendered":"<p><strong>T\u00edtol del projecte:<\/strong>&nbsp;L&#8217;impacte de la normativa en l&#8217;ocupaci\u00f3 dels treballadors d&#8217;edat, avaluaci\u00f3 i propostes de millora.<\/p>\n<p><strong>Entitat de realitzaci\u00f3:<\/strong>&nbsp;Universitat Aut\u00f2noma de Barcelona.<\/p>\n<p><strong>Investigador principal:<\/strong>&nbsp;Ricardo Esteban Legarreta.<\/p>\n<p><strong>Entitat finan\u00e7adora:<\/strong>&nbsp;Ministeri d&#8217;Economia i Competitivitat.<\/p>\n<p><strong>Nombre d&#8217;investigadors:<\/strong>&nbsp;8<\/p>\n<p><strong>Dates:<\/strong>&nbsp;1 de gener de 2014 a 31 de desembre del 2012.<\/p>\n<p><strong>Import concedit:<\/strong>&nbsp;37.510,00 \u20ac<\/p>\n","protected":false},"excerpt":{"rendered":"<p>T\u00edtol del projecte:&nbsp;L&#8217;impacte de la normativa en l&#8217;ocupaci\u00f3 dels treballadors d&#8217;edat, avaluaci\u00f3 i propostes de millora. Entitat de realitzaci\u00f3:&nbsp;Universitat Aut\u00f2noma de Barcelona. Investigador principal:&nbsp;Ricardo Esteban Legarreta. Entitat finan\u00e7adora:&nbsp;Ministeri d&#8217;Economia i Competitivitat. Nombre d&#8217;investigadors:&nbsp;8 Dates:&nbsp;1 de gener de 2014 a 31 de desembre del 2012. Import concedit:&nbsp;37.510,00 \u20ac<\/p>\n","protected":false},"author":20,"featured_media":0,"parent":0,"menu_order":0,"comment_status":"closed","ping_status":"closed","template":"","meta":{"footnotes":""},"class_list":["post-146","page","type-page","status-publish","hentry"],"_links":{"self":[{"href":"https:\/\/webs.uab.cat\/drelates\/wp-json\/wp\/v2\/pages\/146","targetHints":{"allow":["GET"]}}],"collection":[{"href":"https:\/\/webs.uab.cat\/drelates\/wp-json\/wp\/v2\/pages"}],"about":[{"href":"https:\/\/webs.uab.cat\/drelates\/wp-json\/wp\/v2\/types\/page"}],"author":[{"embeddable":true,"href":"https:\/\/webs.uab.cat\/drelates\/wp-json\/wp\/v2\/users\/20"}],"replies":[{"embeddable":true,"href":"https:\/\/webs.uab.cat\/drelates\/wp-json\/wp\/v2\/comments?post=146"}],"version-history":[{"count":0,"href":"https:\/\/webs.uab.cat\/drelates\/wp-json\/wp\/v2\/pages\/146\/revisions"}],"wp:attachment":[{"href":"https:\/\/webs.uab.cat\/drelates\/wp-json\/wp\/v2\/media?parent=146"}],"curies":[{"name":"wp","href":"https:\/\/api.w.org\/{rel}","templated":true}]}}