{"id":1338,"date":"2015-07-30T11:48:39","date_gmt":"2015-07-30T09:48:39","guid":{"rendered":"http:\/\/blogs.uab.cat\/dretsautor\/?page_id=1338"},"modified":"2022-05-17T09:47:45","modified_gmt":"2022-05-17T07:47:45","slug":"avis-legal","status":"publish","type":"page","link":"https:\/\/webs.uab.cat\/dretsautor\/avis-legal\/","title":{"rendered":"Av\u00eds legal"},"content":{"rendered":"<p><strong>Dades identificatives del lloc web<\/strong><\/p>\n<p>Aquest lloc web\u00a0<a href=\"http:\/\/www.uab.cat\/\">&#8220;www.uab.cat<\/a>&#8221; \/ &#8220;<a href=\"http:\/\/www.uab.cat\/\">www.uab.es&#8221;<\/a>\u00a0\u00e9s propietat de la Universitat Aut\u00f2noma de Barcelona (UAB) i constitueix el seu lloc oficial a internet.<\/p>\n<p>La seu i domicili social de la UNIVERSITAT AUT\u00d2NOMA DE BARCELONA \u00e9s:<\/p>\n<p>Campus de la UAB<br \/>\n08193 Bellaterra (Cerdanyola del Vall\u00e8s)<br \/>\nCIF: Q0818002H<\/p>\n<p><strong>Condicions d\u2019\u00fas i limitaci\u00f3 de responsabilitat<\/strong><\/p>\n<p>L\u2019\u00fas del lloc web implica acceptar les condicions que estableix aquest document.<\/p>\n<p>La UAB no pot garantir que tota la informaci\u00f3 que s&#8217;ofereix en el seu lloc web sigui correcta ni es trobi permanentment actualitzada, i far\u00e0 tots els esfor\u00e7os necessaris per esmenar al m\u00e9s aviat possible les possibles defici\u00e8ncies que se&#8217;n detectin.<\/p>\n<p>La UAB es reserva la facultat de fer modificacions i actualitzacions del seu lloc web en qualsevol moment sense necessitat d\u2019av\u00eds previ.<\/p>\n<p>La UAB no garanteix l\u2019acc\u00e9s continu als elements i a la informaci\u00f3 continguda en el seu lloc web, ni la seva correcta visualitzaci\u00f3 o desc\u00e0rrega que es puguin veure impedits o interromputs per factors o circumst\u00e0ncies que escapen al seu control.<\/p>\n<p>La UAB no assumeix cap responsabilitat per eventuals danys i perjudicis per interfer\u00e8ncies, avaries, desconnexions o qualsevol altre factor o circumst\u00e0ncia aliens al seu control.<\/p>\n<p>La UAB no garanteix que el seu lloc i els seus servidors estiguin lliures de virus i de programes malignes de qualsevol tipus, i no es fa responsable d\u2019eventuals danys i perjudicis causats per l\u2019acc\u00e9s al seu lloc web o per la impossibilitat d\u2019accedir-hi.<\/p>\n<p>La UAB no es fa responsable de la informaci\u00f3 ni de la resta de continguts de tercers enlla\u00e7ats al seu lloc web.<\/p>\n<p>La UAB no es fa responsable de la mala praxi o utilitzaci\u00f3 fraudulenta de la informaci\u00f3 continguda en el seu lloc web i es reserva l&#8217;eventual utilitzaci\u00f3 de les mesures legals pertinents per a la protecci\u00f3 de la seva imatge o interessos.<\/p>\n<p>En relaci\u00f3 amb les imatges de persones que apareixen al seu lloc web, aquestes s\u00f3n publicades respectant el dret a la imatge pr\u00f2pia, s\u2019utilitzen \u00fanicament per informar i donar a con\u00e8ixer l\u2019activitat de la UAB i en cap cas es cedeixen a terceres persones sense el perm\u00eds corresponent.<\/p>\n<p>La informaci\u00f3 continguda al lloc web de la UAB no substitueix en cap cas la publicitat de lleis, disposicions generals i actes administratius que han de ser publicats en els diaris, butlletins oficials o altres sistemes que es determinin.<\/p>\n<p><strong>Drets de propietat intel\u00b7lectual i llic\u00e8ncies d&#8217;\u00fas obert<\/strong><\/p>\n<p>1. El lloc web www.uab.cat i tots els seus continguts s\u00f3n propietat de la Universitat Aut\u00f2noma de Barcelona o d&#8217;altres organismes que han autoritzat l&#8217;\u00fas i difusi\u00f3 d&#8217;aquests continguts a la Universitat Aut\u00f2noma de Barcelona.<\/p>\n<p>2. Tota la informaci\u00f3 que cont\u00e9, sempre que no es digui expressament el contrari, est\u00e0 sotmesa a una llic\u00e8ncia Creative Commons Reconeixement &#8211; No Comercial (CC BY NC), que en permet la c\u00f2pia, distribuci\u00f3 i comunicaci\u00f3 p\u00fablica, aix\u00ed com la creaci\u00f3 d&#8217;obres derivades sense finalitat comercial, sempre que se citi la font.<\/p>\n<p><a href=\"https:\/\/creativecommons.org\/licenses\/by-nc\/4.0\/\"><img loading=\"lazy\" decoding=\"async\" src=\"https:\/\/www.uab.cat\/servlet\/BlobServer?blobkey=id&amp;blobnocache=true&amp;blobwhere=1345737273329&amp;blobheader=application&amp;blobcol=urlimg&amp;blobtable=Imatge\" alt=\"Identificaci\u00f3 de la llic\u00e8ncia Creative Commons Reconeixement - No Comercial (CC BY NC)\" width=\"160\" height=\"56\" \/><\/a><\/p>\n<p>3. Pel que fa a les marques, fotografies, imatges, signes distintius i logotips que apareixen en aquest lloc web s\u00f3n propietat exclusiva de la Universitat Aut\u00f2noma de Barcelona, sempre que no s&#8217;indiqui una titularitat diferent, estan protegits per la legislaci\u00f3 vigent aplicable i no poden ser reprodu\u00efts, excepte quan apareguin dins dels ginys facilitats per la Universitat Aut\u00f2noma de Barcelona.<\/p>\n<p><strong>Jurisdicci\u00f3 i lleis aplicables<\/strong><\/p>\n<p>Aquest lloc web es regeix per les lleis espanyoles independentment de l&#8217;entorn legal de l&#8217;usuari, i qualsevol litigi que se&#8217;n susciti es dirimir\u00e0 en els tribunals espanyols.<\/p>\n<p>Vegeu tamb\u00e9:<\/p>\n<ul>\n<li><a href=\"https:\/\/www.uab.cat\/web\/coneix-la-uab-cei\/itineraris\/proteccio-de-dades-1345668257177.html\">Apartat protecci\u00f3 de dades<\/a><\/li>\n<li><a href=\"https:\/\/seuelectronica.uab.cat\/\">Seu Electr\u00f2nica<\/a><\/li>\n<\/ul>\n","protected":false},"excerpt":{"rendered":"<p>Dades identificatives del lloc web Aquest lloc web\u00a0&#8220;www.uab.cat&#8221; \/ &#8220;www.uab.es&#8221;\u00a0\u00e9s propietat de la Universitat Aut\u00f2noma de Barcelona (UAB) i constitueix el seu lloc oficial a internet. La seu i domicili social de la UNIVERSITAT AUT\u00d2NOMA DE BARCELONA \u00e9s: Campus de la UAB 08193 Bellaterra (Cerdanyola del Vall\u00e8s) CIF: Q0818002H Condicions d\u2019\u00fas i limitaci\u00f3 de responsabilitat [&hellip;]<\/p>\n","protected":false},"author":1734,"featured_media":0,"parent":0,"menu_order":0,"comment_status":"closed","ping_status":"closed","template":"","meta":{"footnotes":""},"class_list":["post-1338","page","type-page","status-publish","hentry"],"_links":{"self":[{"href":"https:\/\/webs.uab.cat\/dretsautor\/wp-json\/wp\/v2\/pages\/1338","targetHints":{"allow":["GET"]}}],"collection":[{"href":"https:\/\/webs.uab.cat\/dretsautor\/wp-json\/wp\/v2\/pages"}],"about":[{"href":"https:\/\/webs.uab.cat\/dretsautor\/wp-json\/wp\/v2\/types\/page"}],"author":[{"embeddable":true,"href":"https:\/\/webs.uab.cat\/dretsautor\/wp-json\/wp\/v2\/users\/1734"}],"replies":[{"embeddable":true,"href":"https:\/\/webs.uab.cat\/dretsautor\/wp-json\/wp\/v2\/comments?post=1338"}],"version-history":[{"count":0,"href":"https:\/\/webs.uab.cat\/dretsautor\/wp-json\/wp\/v2\/pages\/1338\/revisions"}],"wp:attachment":[{"href":"https:\/\/webs.uab.cat\/dretsautor\/wp-json\/wp\/v2\/media?parent=1338"}],"curies":[{"name":"wp","href":"https:\/\/api.w.org\/{rel}","templated":true}]}}