{"id":2685,"date":"2022-11-15T11:40:24","date_gmt":"2022-11-15T09:40:24","guid":{"rendered":"https:\/\/webs.uab.cat\/dretsautor\/?page_id=2685"},"modified":"2024-05-24T08:48:58","modified_gmt":"2024-05-24T06:48:58","slug":"categories","status":"publish","type":"page","link":"https:\/\/webs.uab.cat\/dretsautor\/","title":{"rendered":"Inici"},"content":{"rendered":"\n<div class=\"wp-block-columns alignwide is-layout-flex wp-container-core-columns-is-layout-9d6595d7 wp-block-columns-is-layout-flex\">\n<div class=\"wp-block-column is-layout-flow wp-block-column-is-layout-flow\">\n<p>Aquest web cont\u00e9 un recull de preguntes m\u00e9s freq\u00fcents (PMF) que aporten informaci\u00f3 en mat\u00e8ria de propietat intel\u00b7lectual i acc\u00e9s obert, de car\u00e0cter orientatiu i sense que es puguin considerar, en cap cas, assessorament jur\u00eddic per part de la Universitat Aut\u00f2noma de Barcelona. Hi podeu accedir fent una cerca a la casella o b\u00e9 navegant per les carpetes tem\u00e0tiques.  <\/p>\n<\/div>\n\n\n\n<div class=\"wp-block-column is-layout-flow wp-block-column-is-layout-flow\"><form role=\"search\" method=\"get\" action=\"https:\/\/webs.uab.cat\/dretsautor\/\" class=\"wp-block-search__button-outside wp-block-search__text-button wp-block-search\"    ><label class=\"wp-block-search__label screen-reader-text\" for=\"wp-block-search__input-1\" >Cerca<\/label><div class=\"wp-block-search__inside-wrapper\" ><input class=\"wp-block-search__input\" id=\"wp-block-search__input-1\" placeholder=\"\" value=\"\" type=\"search\" name=\"s\" required \/><button aria-label=\"Cerca\" class=\"wp-block-search__button has-background has-accent-background-color wp-element-button\" type=\"submit\" >Cerca<\/button><\/div><\/form>\n\n\n<p>Cerqueu les paraules que defineixen la vostra consulta, en catal\u00e0. Si escriviu una paraula o una frase entre cometes, als resultats nom\u00e9s s&#8217;inclouen p\u00e0gines amb les mateixes paraules en ordre id\u00e8ntic al contingut de les cometes.<\/p>\n<\/div>\n<\/div>\n\n\n<ul class=\"wp-block-categories-list alignwide wp-block-categories\">\t<li class=\"cat-item cat-item-2\"><a href=\"https:\/\/webs.uab.cat\/dretsautor\/category\/acces-obert\/\">Acc\u00e9s obert<\/a> (23)\n<\/li>\n\t<li class=\"cat-item cat-item-3\"><a href=\"https:\/\/webs.uab.cat\/dretsautor\/category\/creative-commons\/\">Creative Commons<\/a> (7)\n<\/li>\n\t<li class=\"cat-item cat-item-4\"><a href=\"https:\/\/webs.uab.cat\/dretsautor\/category\/dades-de-recerca\/\">Dades de recerca<\/a> (22)\n<\/li>\n\t<li class=\"cat-item cat-item-5\"><a href=\"https:\/\/webs.uab.cat\/dretsautor\/category\/dades-personals\/\">Dades personals<\/a> (23)\n<\/li>\n\t<li class=\"cat-item cat-item-6\"><a href=\"https:\/\/webs.uab.cat\/dretsautor\/category\/diposit-digital-de-documents\/\">Dip\u00f2sit digital de documents<\/a> (9)\n<\/li>\n\t<li class=\"cat-item cat-item-7\"><a href=\"https:\/\/webs.uab.cat\/dretsautor\/category\/docencia-i-material-docent\/\">Doc\u00e8ncia i material docent<\/a> (19)\n<\/li>\n\t<li class=\"cat-item cat-item-8\"><a href=\"https:\/\/webs.uab.cat\/dretsautor\/category\/generalitats\/\">Generalitats<\/a> (51)\n<\/li>\n\t<li class=\"cat-item cat-item-9\"><a href=\"https:\/\/webs.uab.cat\/dretsautor\/category\/imatges-i-audiovisuals\/\">Imatges i Audiovisuals<\/a> (21)\n<\/li>\n\t<li class=\"cat-item cat-item-10\"><a href=\"https:\/\/webs.uab.cat\/dretsautor\/category\/plagi\/\">Plagi<\/a> (14)\n<\/li>\n\t<li class=\"cat-item cat-item-11\"><a href=\"https:\/\/webs.uab.cat\/dretsautor\/category\/publicacio\/\">Publicaci\u00f3<\/a> (19)\n<\/li>\n\t<li class=\"cat-item cat-item-12\"><a href=\"https:\/\/webs.uab.cat\/dretsautor\/category\/recursos-digitals\/\">Recursos digitals<\/a> (5)\n<\/li>\n\t<li class=\"cat-item cat-item-13\"><a href=\"https:\/\/webs.uab.cat\/dretsautor\/category\/tesis-doctorals\/\">Tesis doctorals<\/a> (11)\n<\/li>\n<\/ul>","protected":false},"excerpt":{"rendered":"<p>Aquest web cont\u00e9 un recull de preguntes m\u00e9s freq\u00fcents (PMF) que aporten informaci\u00f3 en mat\u00e8ria de propietat intel\u00b7lectual i acc\u00e9s obert, de car\u00e0cter orientatiu i sense que es puguin considerar, en cap cas, assessorament jur\u00eddic per part de la Universitat Aut\u00f2noma de Barcelona. Hi podeu accedir fent una cerca a la casella o b\u00e9 navegant [&hellip;]<\/p>\n","protected":false},"author":7,"featured_media":0,"parent":0,"menu_order":0,"comment_status":"closed","ping_status":"closed","template":"","meta":{"footnotes":""},"class_list":["post-2685","page","type-page","status-publish","hentry"],"_links":{"self":[{"href":"https:\/\/webs.uab.cat\/dretsautor\/wp-json\/wp\/v2\/pages\/2685","targetHints":{"allow":["GET"]}}],"collection":[{"href":"https:\/\/webs.uab.cat\/dretsautor\/wp-json\/wp\/v2\/pages"}],"about":[{"href":"https:\/\/webs.uab.cat\/dretsautor\/wp-json\/wp\/v2\/types\/page"}],"author":[{"embeddable":true,"href":"https:\/\/webs.uab.cat\/dretsautor\/wp-json\/wp\/v2\/users\/7"}],"replies":[{"embeddable":true,"href":"https:\/\/webs.uab.cat\/dretsautor\/wp-json\/wp\/v2\/comments?post=2685"}],"version-history":[{"count":16,"href":"https:\/\/webs.uab.cat\/dretsautor\/wp-json\/wp\/v2\/pages\/2685\/revisions"}],"predecessor-version":[{"id":2760,"href":"https:\/\/webs.uab.cat\/dretsautor\/wp-json\/wp\/v2\/pages\/2685\/revisions\/2760"}],"wp:attachment":[{"href":"https:\/\/webs.uab.cat\/dretsautor\/wp-json\/wp\/v2\/media?parent=2685"}],"curies":[{"name":"wp","href":"https:\/\/api.w.org\/{rel}","templated":true}]}}