{"id":39,"date":"2024-09-01T12:23:16","date_gmt":"2024-09-01T10:23:16","guid":{"rendered":"https:\/\/webs.uab.cat\/dynsys\/?page_id=39"},"modified":"2026-02-11T17:35:16","modified_gmt":"2026-02-11T15:35:16","slug":"theses","status":"publish","type":"page","link":"https:\/\/webs.uab.cat\/dynsys\/theses\/","title":{"rendered":"Theses"},"content":{"rendered":"\n<h2 class=\"wp-block-heading\"><strong>Defended PhD theses <\/strong><\/h2>\n\n\n\n<ul class=\"wp-block-list\">\n<li>Contributions to the study of global attraction dynamics. Gonzalo Cousillas. Advisors: Armengol Gasull and Jorge Groisman (UREP). Defense date: 2025-09-16. Universidad de la Republica (Uruguay)<\/li>\n\n\n\n<li>Flow map parameterization methods for invariant tori in Hamiltonian systems. \u00c1lvaro Fern\u00e1ndez-Mora. Advisors: Alex Haro (UB) and Josep M. Mondelo. Defense date: 2025-06-05. Universitat de Barcelona<\/li>\n\n\n\n<li>Nilpotent centers on center manifolds, cyclicity of Hopf centers and the period function near a persistent polycycle. Lucas Queiroz. Advisor: Claudio Pessoa (UNESP) and Jordi Villadelprat. Defense date: 2024-08-02. Universidade Estadual Paulista (Brazil)<\/li>\n\n\n\n<li>Limit cycles of continuous and discontinuous piecewise differential systems separated by straight line and formed by two arbitrary quadratic centers. Imane Benabdallah. Advisors: Rebiha Benterki and Jaume Llibre Defense date: 2024-06-12. Mohamed El Bachir El Ibrahimi University of Bordj Bou Arr\u00e9ridj (Algeria)<\/li>\n\n\n\n<li>Limit cycles of discontinuous piecewise differential systems separated by a non\u2013regular line and formed by an arbitrary linear center and an arbitrary quadratic center. Baymout Louiza. Advisors: Rebiha Benterki and Jaume Llibre Defense date: 2024-06-11. Mohamed El Bachir El Ibrahimi University of Bordj Bou Arr\u00e9ridj (Algeria)<\/li>\n\n\n\n<li>Computational approximation to some dynamical systems problems, Salvador Borr\u00f3s. Advisor: Llu\u00eds Alsed\u00e0. Defense date: 2024-01-10. UAB.<\/li>\n\n\n\n<li>Maxwell\u2019s Ring Restricted N + 1\u2212Body Problem with Manev Potential, Mauricio Ascencio, Advisors: Esther Barrab\u00e9s (UPC), Josep Maria Cors, Claudio Vidal (UBIOBIO). Defense date: 2023-05-12. Univesidad del Bio-Bio (Chile)<\/li>\n\n\n\n<li>The period function for some planar piecewise vector fields, Mirianne A. S. Santos. Advisors: Alex C. Rezende (UFSCAR), Joan Torregrosa. Defense date: 2023-04-27. Universidade Federal de Sao Carlos (Brazil)<\/li>\n\n\n\n<li>Contributions to the study of periodic orbits and invariant manifolds in dynamical systems. Clara Cuf\u00ed-Cabr\u00e9. Advisors: Jaume Llibre, Ernest Fontich (UB). Defense date: 2023-02-15. UAB<\/li>\n\n\n\n<li>Crossing limit cycles for planar piecewise linear differential separated by curves, Anacleto Hoyos, Mar\u00eda Elisa. Advisors: Claudio Vidal (UBIOBIO), Jaume Llibre, Valls, Claudia (IST). Defense date: 2022-07-20. Univesidad del Bio-Bio (Chile)<\/li>\n\n\n\n<li>Qualitative dynamics of planar and spatial Lotka-Volterra and Kolmogorov systems, \u00c9rika Diz Pita. Advisors: Jaume Llibre, M. Victoria Otero (USC). Defense date: 2022-07-06. Universidade de Santiago de Compostela.<\/li>\n\n\n\n<li>Structural stability, centers and limit cycles for smooth and nonsmooth tridimensional vector fields with invariant bidimensional spheres, Ana Livia Rodero. Advisors: Joan Torregrosa, Claudio Buzzi (UNESP). Defense date: 2022-01-31. Universidade Estadual Paulista (Brazil)<\/li>\n<\/ul>\n\n\n\n<h2 class=\"wp-block-heading\"><strong>Ongoing PhD theses<\/strong><\/h2>\n\n\n\n<ul class=\"wp-block-list\">\n<li>Mapeig card\u00edac electr\u00f3-anat\u00f2mic no invasiu: Modelitzaci\u00f3 i problema invers (COR-MAP). Jorge Vicente Puig. Advisors: Ismael Hern\u00e1ndez (Corify Care S.L. \u2013 Doctorat Industrial) i Judit Chamorro. 2022 DI 00022, DIN2022-012606. UAB<\/li>\n\n\n\n<li>Study of the dynamics of center manifolds of Hamiltonian saddle x centers and their connections. Miquel Barcelona. Advisors: Alex Haro and Josep M. Mondelo. UAB<\/li>\n\n\n\n<li>Mathematical determinants of transients and ecosystems resilience close to tipping points. Teodoro Mayayo. Advisors: Josep Sardany\u00e9s and Joan Torregrosa. UAB<\/li>\n\n\n\n<li>Quadratic systems with invariant algebraic curves. Integrability and phase portraits. Huaxin Ou. Advisor: Jaume Llibre. UAB<\/li>\n\n\n\n<li>Limit cycles in distinct classes of differential systems. Jie Li. Advisor: Jaume Llibre. UAB<\/li>\n\n\n\n<li>Complex trees: Dynamical Systems on fractals and their applications. Bernat Espigul\u00e9. Advisors: David Juher, Joan Salda\u00f1a (Universitat de Girona), UdG.<\/li>\n<\/ul>\n\n\n\n<h2 class=\"wp-block-heading\"><strong>Defended Master Theses<\/strong><\/h2>\n\n\n\n<ul class=\"wp-block-list\">\n<li>Artificial Intelligence in Electrocardiography: Prediction Models for Atrial Fibrillation. Est\u00edbaliz Alonso Ruip\u00e9rez. Advisors: Marc Boher (AQuAS, Gencat), Judit Chamorro Servent. UAB. 2023-2024.<\/li>\n\n\n\n<li>Local Codimension-1 Bifurcations In Planar Filippov Systems. Teodoro Mayayo. Advisors: Immaculada Baldom\u00e1 (UPC) and Joan Torregrosa. UAB 2023-2024.<\/li>\n\n\n\n<li>&#8220;Side channel attack against the Mbed TLS implementation of the RSA algorithm&#8221;, Victor Mic\u00f3 Biosca. Advisor: David Juher, Data Science Master, UdG, 2022-2023.<\/li>\n\n\n\n<li>Regularization methods for Electrocardiographic Imaging. Jorge Vicente Puig. Advisors: Andreu Climent (Corify Care S.L.), Judit Chamorro Servent. 2021-2022.<\/li>\n\n\n\n<li>3D printed biohybrid soft valve for gastroesophageal reflux disease (GERD). Ibtissam Ghailan Tribak. Advisors: Samuel Sanchez (IBEC), Maria Guix (IBEC), Judit Chamorro Servent. UAB. 2021-2022<\/li>\n<\/ul>\n\n\n\n<p><\/p>\n","protected":false},"excerpt":{"rendered":"<p>Defended PhD theses Ongoing PhD theses Defended Master Theses<\/p>\n","protected":false},"author":46,"featured_media":0,"parent":0,"menu_order":60,"comment_status":"closed","ping_status":"closed","template":"","meta":{"footnotes":""},"class_list":["post-39","page","type-page","status-publish","hentry"],"_links":{"self":[{"href":"https:\/\/webs.uab.cat\/dynsys\/wp-json\/wp\/v2\/pages\/39","targetHints":{"allow":["GET"]}}],"collection":[{"href":"https:\/\/webs.uab.cat\/dynsys\/wp-json\/wp\/v2\/pages"}],"about":[{"href":"https:\/\/webs.uab.cat\/dynsys\/wp-json\/wp\/v2\/types\/page"}],"author":[{"embeddable":true,"href":"https:\/\/webs.uab.cat\/dynsys\/wp-json\/wp\/v2\/users\/46"}],"replies":[{"embeddable":true,"href":"https:\/\/webs.uab.cat\/dynsys\/wp-json\/wp\/v2\/comments?post=39"}],"version-history":[{"count":15,"href":"https:\/\/webs.uab.cat\/dynsys\/wp-json\/wp\/v2\/pages\/39\/revisions"}],"predecessor-version":[{"id":116,"href":"https:\/\/webs.uab.cat\/dynsys\/wp-json\/wp\/v2\/pages\/39\/revisions\/116"}],"wp:attachment":[{"href":"https:\/\/webs.uab.cat\/dynsys\/wp-json\/wp\/v2\/media?parent=39"}],"curies":[{"name":"wp","href":"https:\/\/api.w.org\/{rel}","templated":true}]}}