{"id":133,"date":"2019-10-14T10:13:58","date_gmt":"2019-10-14T10:13:58","guid":{"rendered":"https:\/\/webs.uab.cat\/eact\/conferences\/"},"modified":"2025-07-10T10:26:15","modified_gmt":"2025-07-10T10:26:15","slug":"conferences","status":"publish","type":"page","link":"https:\/\/webs.uab.cat\/eact\/en\/conferences\/","title":{"rendered":"Conferences"},"content":{"rendered":"<p>EACT (2019). &#8220;La evaluaci\u00f3n de competencias en la adquisici\u00f3n de la competencia traductora. El proyecto EACT&#8221;. Seminario Internazionale\u00a0Valutazione e testing per la traduzione, l\u2019interpretazione e la competenza linguistica.\u00a0Dipartimento di Interpretazione e Traduzione, Universit\u00e0 di Bologna, 29\/10\/2019.\u00a0Speaker: Amparo Hurtado Albir.\u00a0\u00a0<a href=\"https:\/\/ddd.uab.cat\/record\/269459\"><strong>Link to PPT presentation<\/strong><\/a><\/p>\n<p>EACT (2021). &#8220;The EACT Project: evaluation in the acquisition of translation competence&#8221;. International Conference on Translation, Interpreting &amp; Cognition (ICTIC 3).\u00a0Dipartimento di Interpretazione e Traduzione, Universit\u00e0 di Bologna, 04\/11\/2021. Speakers: Mar\u00eda del Mar Haro and\u00a0Catherine Way.\u00a0<a href=\"https:\/\/ddd.uab.cat\/record\/258428\"><strong>Link to PPT presentation<\/strong><\/a><\/p>\n<p>EACT (2022). &#8220;El Proyecto EACT : Evaluaci\u00f3n en la adquisici\u00f3n de la competencia traductora&#8221;.\u00a010th International Conference of AIETI,\u00a0Universidade do Minho, 16\/06\/2022. Speakers: Rosa Agost Can\u00f3s, Jos\u00e9 Tom\u00e1s Conde Ruano, Lara Dom\u00ednguez Ara\u00fajo and\u00a0Amparo Hurtado Albir.\u00a0<strong><a href=\"https:\/\/ddd.uab.cat\/record\/259909\">Link to PPT presentation<\/a><\/strong><\/p>\n<p>EACT (2024) &#8220;La evaluaci\u00f3n en la formaci\u00f3n en traducci\u00f3n. El proyecto EACT&#8221;. XI Congreso Internacional AIETI. Universidad del Pa\u00eds Vasco \/ Euskal Herriko Unibertsitatea. 29-31\/05\/2024. Speakers: Jos\u00e9 Tom\u00e1s Conde Ruano and Amparo Hurtado Albir.\u00a0 <a href=\"https:\/\/ddd.uab.cat\/record\/294938\"><strong>Link to presentation<\/strong><\/a><\/p>\n<p>EACT (2024) &#8220;Translation Tutors&#8217; Assessment Perceptions and Practices: Results from the EACT Project&#8221;. XI Congreso Internacional AIETI. Universidad del Pa\u00eds Vasco \/ Euskal Herriko Unibertsitatea. 29-31\/05\/2024. Speaker: Elsa Huertas Barros. <a href=\"https:\/\/ddd.uab.cat\/record\/294939\"><strong>Link to presentation<\/strong><\/a><\/p>\n<p>EACT (2024) &#8220;Elaboraci\u00f3n y validaci\u00f3n de procedimientos de evaluaci\u00f3n para medir niveles de competencia traductora. La investigaci\u00f3n de EACT&#8221;. XI Congreso Internacional AIETI. Universidad del Pa\u00eds Vasco \/ Euskal Herriko Unibertsitatea. 29-31\/05\/2024. Speakers: Amparo Hurtado Albir, Ane Irizar Melero, Elizabete Manterola Agirrezabalaga. <a href=\"https:\/\/ddd.uab.cat\/record\/294940\"><strong>Link to presentation<\/strong><\/a><\/p>\n<p>EACT (2025) \u201cEvaluating Different Levels of Translation Competence. The EACT Project\u201d.\u00a011th EST Congress.\u00a0 University of Leeds. 30\/06\/2025 \u2013 03\/07\/2025. Speakers: Elsa Huertas Barros, Amparo Hurtado Albir, Elizabete Manterola Agirrezabalaga. \u00a0<strong><a href=\"https:\/\/ddd.uab.cat\/record\/315624\" target=\"_blank\" rel=\"noopener\">Link to presentation<\/a><\/strong><\/p>\n","protected":false},"excerpt":{"rendered":"<p>EACT (2019). &#8220;La evaluaci\u00f3n de competencias en la adquisici\u00f3n de la competencia traductora. El proyecto EACT&#8221;. Seminario Internazionale\u00a0Valutazione e testing per la traduzione, l\u2019interpretazione e la competenza linguistica.\u00a0Dipartimento di Interpretazione e Traduzione, Universit\u00e0 di Bologna, 29\/10\/2019.\u00a0Speaker: Amparo Hurtado Albir.\u00a0\u00a0Link to PPT presentation EACT (2021). &#8220;The EACT Project: evaluation in the acquisition of translation competence&#8221;. International [&hellip;]<\/p>\n","protected":false},"author":20,"featured_media":0,"parent":0,"menu_order":0,"comment_status":"closed","ping_status":"closed","template":"","meta":{"footnotes":""},"class_list":["post-133","page","type-page","status-publish","hentry"],"_links":{"self":[{"href":"https:\/\/webs.uab.cat\/eact\/en\/wp-json\/wp\/v2\/pages\/133","targetHints":{"allow":["GET"]}}],"collection":[{"href":"https:\/\/webs.uab.cat\/eact\/en\/wp-json\/wp\/v2\/pages"}],"about":[{"href":"https:\/\/webs.uab.cat\/eact\/en\/wp-json\/wp\/v2\/types\/page"}],"author":[{"embeddable":true,"href":"https:\/\/webs.uab.cat\/eact\/en\/wp-json\/wp\/v2\/users\/20"}],"replies":[{"embeddable":true,"href":"https:\/\/webs.uab.cat\/eact\/en\/wp-json\/wp\/v2\/comments?post=133"}],"version-history":[{"count":3,"href":"https:\/\/webs.uab.cat\/eact\/en\/wp-json\/wp\/v2\/pages\/133\/revisions"}],"predecessor-version":[{"id":313,"href":"https:\/\/webs.uab.cat\/eact\/en\/wp-json\/wp\/v2\/pages\/133\/revisions\/313"}],"wp:attachment":[{"href":"https:\/\/webs.uab.cat\/eact\/en\/wp-json\/wp\/v2\/media?parent=133"}],"curies":[{"name":"wp","href":"https:\/\/api.w.org\/{rel}","templated":true}]}}