{"id":125,"date":"2016-05-02T10:11:58","date_gmt":"2016-05-02T10:11:58","guid":{"rendered":"https:\/\/webs.uab.cat\/eact\/miembros\/"},"modified":"2022-08-05T11:43:27","modified_gmt":"2022-08-05T11:43:27","slug":"miembros","status":"publish","type":"page","link":"https:\/\/webs.uab.cat\/eact\/es\/miembros\/","title":{"rendered":"Miembros"},"content":{"rendered":"\n<figure class=\"wp-block-table\"><table><tbody><tr><td>\n<h3><span style=\"font-size: 18px;\"><strong>Universitat Aut\u00f2noma de Barcelona<\/strong><\/span><\/h3>\n<\/td><td>&nbsp;<\/td><\/tr><tr><td>\n<p><strong>Dra. Amparo Hurtado Albir (investigadora principal)<\/strong><\/p>\n<p><a href=\"mailto:Amparo.Hurtado@uab.cat\">Amparo.Hurtado@uab.cat<\/a><\/p>\n<p><a href=\"https:\/\/grupsderecerca.uab.cat\/pacte\/es\" target=\"_blank\" rel=\"noopener\">Grupo PACTE<\/a><\/p>\n<p>&nbsp;<\/p>\n<\/td><td><img loading=\"lazy\" decoding=\"async\" class=\" size-full wp-image-33\" style=\"float: left;\" src=\"https:\/\/webs.uab.cat\/eact\/wp-content\/uploads\/sites\/128\/2016\/05\/hurtado_ok.png\" alt=\"\" width=\"156\" height=\"200\"><\/td><\/tr><tr><td>\n<p><strong>Dra. Anabel Gal\u00e1n-Ma\u00f1as<\/strong><\/p>\n<p><a href=\"mailto:Isabel.Galan@uab.cat\">Isabel.Galan@uab.cat<\/a><\/p>\n<p><a href=\"https:\/\/pagines.uab.cat\/anabelgalan\/\">Web personal<\/a> |&nbsp;<a href=\"https:\/\/grupsderecerca.uab.cat\/pacte\/es\" target=\"_blank\" rel=\"noopener\">Grupo PACTE<\/a><\/p>\n<p>&nbsp;<\/p>\n<\/td><td><img loading=\"lazy\" decoding=\"async\" class=\" size-full wp-image-38\" style=\"float: left;\" src=\"https:\/\/webs.uab.cat\/eact\/wp-content\/uploads\/sites\/128\/2016\/05\/anabel_0.jpg\" alt=\"\" width=\"156\" height=\"200\"><\/td><\/tr><tr><td>\n<p><strong>Dra. Patricia L\u00f3pez Garcia<\/strong><\/p>\n<p><a href=\"mailto:Patricia.Lopez@uab.cat\">Patricia.Lopez@uab.cat<\/a><\/p>\n<p>&nbsp;<\/p>\n<\/td><td><img loading=\"lazy\" decoding=\"async\" class=\" size-full wp-image-43\" style=\"float: left;\" src=\"https:\/\/webs.uab.cat\/eact\/wp-content\/uploads\/sites\/128\/2016\/05\/lopez_ok.jpg\" alt=\"\" width=\"156\" height=\"200\"><\/td><\/tr><tr><td>\n<p><strong>Dr. Christian Olalla-Soler<\/strong><\/p>\n<p><a href=\"mailto:Christian.Olalla@uab.cat\">Christian.Olalla@uab.cat<\/a><\/p>\n<p><a href=\"https:\/\/orcid.org\/0000-0001-9251-476X\" target=\"_blank\" rel=\"noopener\">Web personal<\/a> |&nbsp;<a href=\"https:\/\/grupsderecerca.uab.cat\/pacte\/es\" target=\"_blank\" rel=\"noopener\">Grupo PACTE<\/a><\/p>\n<\/td><td><img loading=\"lazy\" decoding=\"async\" class=\" size-full wp-image-48\" style=\"float: left;\" src=\"https:\/\/webs.uab.cat\/eact\/wp-content\/uploads\/sites\/128\/2016\/05\/olalla_ok.png\" alt=\"\" width=\"156\" height=\"200\"><\/td><\/tr><tr><td>\n<p><strong>Dra. Laura Asquerino Egoscoz\u00e1bal<\/strong><\/p>\n<p><a href=\"mailto:laura.asquerino@uam.es\">laura.asquerino@uam.es<\/a><\/p>\n<p><a href=\"https:\/\/grupsderecerca.uab.cat\/pacte\/es\" target=\"_blank\" rel=\"noopener\">Grupo PACTE<\/a><\/p>\n<\/td><td><img loading=\"lazy\" decoding=\"async\" class=\" size-full wp-image-53\" style=\"float: left;\" src=\"https:\/\/webs.uab.cat\/eact\/wp-content\/uploads\/sites\/128\/2016\/05\/asquerino_ok.png\" alt=\"\" width=\"156\" height=\"200\"><\/td><\/tr><tr><td>\n<p><strong>Gabriele Grauwinkel<\/strong><\/p>\n<p><a href=\"mailto:Gabriele.Grauwinkel@uab.cat\">Gabriele.Grauwinkel@uab.cat<\/a><\/p>\n<p><a href=\"https:\/\/grupsderecerca.uab.cat\/pacte\/es\" target=\"_blank\" rel=\"noopener\">Grupo PACTE<\/a><\/p>\n<\/td><td><img loading=\"lazy\" decoding=\"async\" class=\" size-full wp-image-58\" src=\"https:\/\/webs.uab.cat\/eact\/wp-content\/uploads\/sites\/128\/2016\/05\/grauwinkel_ok_0.png\" alt=\"\" width=\"156\" height=\"200\"><\/td><\/tr><tr><td>\n<p><strong>Olga&nbsp;J\u0119czmyk Nowak<\/strong><\/p>\n<p><a href=\"mailto:olga.jeczmyk@e-campus.uab.cat\">Olga.Jeczmyk@e-campus.uab.cat<\/a><\/p>\n<p><a href=\"https:\/\/grupsderecerca.uab.cat\/pacte\/es\" target=\"_blank\" rel=\"noopener\">Grupo PACTE<\/a><\/p>\n<\/td><td><img loading=\"lazy\" decoding=\"async\" class=\" size-full wp-image-63\" style=\"float: left;\" src=\"https:\/\/webs.uab.cat\/eact\/wp-content\/uploads\/sites\/128\/2016\/05\/jeczmyk_ok.jpg\" alt=\"\" width=\"156\" height=\"200\"><\/td><\/tr><tr><td>\n<p><strong>Lourdes Gay Punzano<\/strong><\/p>\n<p><a href=\"https:\/\/lourdes.gay@uab.cat\">lourdes.gay@uab.cat<\/a><\/p>\n<p><a href=\"https:\/\/orcid.org\/0000-0002-4401-8283\">Web personal<\/a><\/p>\n<\/td><td>&nbsp;<\/td><\/tr><tr><td>\n<p><strong>Ane Irizar Melero<\/strong><\/p>\n<p><a href=\"mailto:ane.irizar@uab.cat\">ane.irizar@uab.cat&nbsp;<\/a><\/p>\n<p><a href=\"https:\/\/orcid.org\/0000-0001-8293-8980\">Web personal<\/a><\/p>\n<p>&nbsp;<\/p>\n<\/td><td><img loading=\"lazy\" decoding=\"async\" class=\" size-full wp-image-68\" src=\"https:\/\/webs.uab.cat\/eact\/wp-content\/uploads\/sites\/128\/2016\/05\/irizar2_0.jpg\" alt=\"\" width=\"156\" height=\"200\"><\/td><\/tr><tr><td>\n<p><strong>Dra. Sonia Gonz\u00e1lez Cruz<\/strong><\/p>\n<p><a href=\"mailto:soniaglcruz@gmail.com\">soniaglcruz@gmail.com<\/a><\/p>\n<p><a href=\"https:\/\/orcid.org\/0000-0001-7323-0315\">Web personal<\/a><\/p>\n<p>&nbsp;<\/p>\n<\/td><td><img loading=\"lazy\" decoding=\"async\" class=\" size-full wp-image-73\" src=\"https:\/\/webs.uab.cat\/eact\/wp-content\/uploads\/sites\/128\/2016\/05\/gonzalezcruz_2_0.png\" alt=\"\" width=\"156\" height=\"200\"><\/td><\/tr><tr><td>\n<h3><span style=\"font-size: 18px;\"><strong>Universidad de Granada<\/strong><\/span><\/h3>\n<\/td><td>&nbsp;<\/td><\/tr><tr><td>\n<p><strong>Dra. Guadalupe Soriano Barabino<\/strong><\/p>\n<p><a href=\"mailto:barabino@ugr.es\">barabino@ugr.es<\/a><\/p>\n<p><a href=\"https:\/\/investigacion.ugr.es\/ugrinvestiga\/static\/Buscador\/*\/investigadores\/ficha\/47547\" target=\"_blank\" rel=\"noopener\">Web personal<\/a> |&nbsp;<a href=\"https:\/\/www.ugr.es\/~avanti\/index.html\" target=\"_blank\" rel=\"noopener\">Grupo AVANTI<\/a><\/p>\n<\/td><td><img loading=\"lazy\" decoding=\"async\" class=\" size-full wp-image-78\" style=\"float: left;\" src=\"https:\/\/webs.uab.cat\/eact\/wp-content\/uploads\/sites\/128\/2016\/05\/soriano_ok.png\" alt=\"\" width=\"156\" height=\"200\"><\/td><\/tr><tr><td>\n<p><strong>Dra. Catherine Way<\/strong><\/p>\n<p><a href=\"mailto:cway@ugr.es\">cway@ugr.es<\/a><\/p>\n<p><a href=\"https:\/\/ugr.academia.edu\/CatherineWay\" target=\"_blank\" rel=\"noopener\">Web personal<\/a> |&nbsp;<a href=\"https:\/\/www.ugr.es\/~avanti\/index.html\" target=\"_blank\" rel=\"noopener\">Grupo AVANTI<\/a><\/p>\n<\/td><td><img loading=\"lazy\" decoding=\"async\" class=\" size-full wp-image-83\" style=\"float: left;\" src=\"https:\/\/webs.uab.cat\/eact\/wp-content\/uploads\/sites\/128\/2016\/05\/way_ok.jpg\" alt=\"\" width=\"156\" height=\"200\"><\/td><\/tr><tr><td>\n<p><strong>Dra. Mar\u00eda del Mar Haro Soler<\/strong><\/p>\n<p><a href=\"mailto:mmarharosoler@ugr.es\">mmarharosoler@ugr.es<\/a><\/p>\n<p><a href=\"https:\/\/orcid.org\/0000-0001-8467-8932\">Web personal 1<\/a> | <a href=\"https:\/\/www.researchgate.net\/profile\/Maria-Del-Mar-Haro-Soler\">Web personal 2<\/a><\/p>\n<\/td><td><img loading=\"lazy\" decoding=\"async\" class=\" size-full wp-image-88\" src=\"https:\/\/webs.uab.cat\/eact\/wp-content\/uploads\/sites\/128\/2016\/05\/haro_2_0.jpg\" alt=\"\" width=\"156\" height=\"200\"><\/td><\/tr><tr><td>\n<h3><span style=\"font-size: 18px;\"><strong>Universitat Jaume I<\/strong><\/span><\/h3>\n<\/td><td>&nbsp;<\/td><\/tr><tr><td>\n<p><strong>Dra. Rosa Agost<\/strong><\/p>\n<p><a href=\"mailto:agost@trad.uji.es\">agost@trad.uji.es<\/a><\/p>\n<p><a href=\"https:\/\/orcid.org\/0000-0002-1656-4332\" target=\"_blank\" rel=\"noopener\">Web personal<\/a><\/p>\n<\/td><td><img loading=\"lazy\" decoding=\"async\" class=\" size-full wp-image-93\" style=\"float: left;\" src=\"https:\/\/webs.uab.cat\/eact\/wp-content\/uploads\/sites\/128\/2016\/05\/agost_ok.png\" alt=\"\" width=\"156\" height=\"200\"><\/td><\/tr><tr><td>\n<p><strong>Dra. Cristina Garc\u00eda de Toro<\/strong><\/p>\n<p><a href=\"mailto:garciat@trad.uji.es\">garciat@trad.uji.es<\/a><\/p>\n<p><a href=\"https:\/\/www.uji.es\/departaments\/trad\/base\/estructura\/personal?p_departamento=99&amp;p_profesor=64885\" target=\"_blank\" rel=\"noopener\">Web personal<\/a><\/p>\n<\/td><td><img loading=\"lazy\" decoding=\"async\" class=\" size-full wp-image-98\" style=\"float: left;\" src=\"https:\/\/webs.uab.cat\/eact\/wp-content\/uploads\/sites\/128\/2016\/05\/garcia_ok.png\" alt=\"\" width=\"156\" height=\"200\"><\/td><\/tr><tr><td>\n<h3><span style=\"font-size: 18px;\"><strong>Universidad del Pa\u00eds Vasco<\/strong><\/span><\/h3>\n<\/td><td>&nbsp;<\/td><\/tr><tr><td>\n<p><strong>Dr. Jos\u00e9 Tom\u00e1s Conde Ruano<\/strong><\/p>\n<p><a href=\"https:\/\/tomas.conde@ehu.es\">tomas.conde@ehu.es<\/a><\/p>\n<p><a href=\"https:\/\/orcid.org\/0000-0002-4089-5019\" target=\"_blank\" rel=\"noopener\">Web personal<\/a><\/p>\n<\/td><td><img loading=\"lazy\" decoding=\"async\" class=\" size-full wp-image-103\" style=\"float: left;\" src=\"https:\/\/webs.uab.cat\/eact\/wp-content\/uploads\/sites\/128\/2016\/05\/conde_ok.png\" alt=\"\" width=\"156\" height=\"200\"><\/td><\/tr><tr><td>\n<p><strong>Dra. Elizabete Manterola Agirrezabalaga<\/strong><\/p>\n<p><a href=\"mailto:elizabete.manterola@ehu.eus\">elizabete.manterola@ehu.eus<\/a><\/p>\n<p><a href=\"https:\/\/www.ehu.eus\/tralima\/\" target=\"_blank\" rel=\"noopener\">Grupo TRALIMA-ITZULIK<\/a><\/p>\n<\/td><td><img loading=\"lazy\" decoding=\"async\" class=\" size-full wp-image-108\" style=\"float: left;\" src=\"https:\/\/webs.uab.cat\/eact\/wp-content\/uploads\/sites\/128\/2016\/05\/manterola_ok.png\" alt=\"\" width=\"156\" height=\"200\"><\/td><\/tr><tr><td>\n<h3><span style=\"font-size: 18px;\"><strong>Universidade de Vigo<\/strong><\/span><\/h3>\n<\/td><td>&nbsp;<\/td><\/tr><tr><td>\n<p><strong>Dra. Ana Luna Alonso<\/strong><\/p>\n<p><a href=\"mailto:aluna@uvigo.gal\">aluna@uvigo.gal<\/a><\/p>\n<p><a href=\"https:\/\/bitraga.gal\/membros\/ana-luna-alonso\/\" target=\"_blank\" rel=\"noopener\">Grupo Bitraga<\/a><\/p>\n<\/td><td><img loading=\"lazy\" decoding=\"async\" class=\" size-full wp-image-113\" style=\"float: left;\" src=\"https:\/\/webs.uab.cat\/eact\/wp-content\/uploads\/sites\/128\/2016\/05\/eact_analuna.png\" alt=\"\" width=\"156\" height=\"200\"><\/td><\/tr><tr><td>\n<p><strong>Dra. Lara Dom\u00ednguez Ara\u00fajo<\/strong><\/p>\n<p><a href=\"mailto:laradoar@uvigo.es\">laradoar@uvigo.es<\/a><\/p>\n<p><a href=\"https:\/\/laradominguezaraujo.academia.edu\/research\" target=\"_blank\" rel=\"noopener\">Web personal<\/a><\/p>\n<\/td><td><img loading=\"lazy\" decoding=\"async\" class=\" size-full wp-image-118\" style=\"float: left;\" src=\"https:\/\/webs.uab.cat\/eact\/wp-content\/uploads\/sites\/128\/2016\/05\/dominguez_ok.png\" alt=\"\" width=\"156\" height=\"200\"><\/td><\/tr><tr><td>\n<h3><span style=\"font-size: 18px;\"><strong>University of Westminster<\/strong><\/span><\/h3>\n<\/td><td>&nbsp;<\/td><\/tr><tr><td>\n<p><strong>Dra. Elsa Huertas Barros<\/strong><\/p>\n<p><a href=\"mailto:E.Huertasbarros@westminster.ac.uk\">E.Huertasbarros@westminster.ac.uk<\/a><\/p>\n<p><a href=\"https:\/\/www.westminster.ac.uk\/about-us\/our-people\/directory\/huertas-barros-elsa\">Web personal<\/a><\/p>\n<p>&nbsp;<\/p>\n<\/td><td><img loading=\"lazy\" decoding=\"async\" class=\" size-full wp-image-123\" style=\"float: left;\" src=\"https:\/\/webs.uab.cat\/eact\/wp-content\/uploads\/sites\/128\/2016\/05\/huertas_ok.jpg\" alt=\"\" width=\"156\" height=\"200\"><\/td><\/tr><\/tbody><\/table><\/figure>\n","protected":false},"excerpt":{"rendered":"<p>Universitat Aut\u00f2noma de Barcelona &nbsp; Dra. Amparo Hurtado Albir (investigadora principal) Amparo.Hurtado@uab.cat Grupo PACTE &nbsp; Dra. Anabel Gal\u00e1n-Ma\u00f1as Isabel.Galan@uab.cat Web personal |&nbsp;Grupo PACTE &nbsp; Dra. Patricia L\u00f3pez Garcia Patricia.Lopez@uab.cat &nbsp; Dr. Christian Olalla-Soler Christian.Olalla@uab.cat Web personal |&nbsp;Grupo PACTE Dra. Laura Asquerino Egoscoz\u00e1bal laura.asquerino@uam.es Grupo PACTE Gabriele Grauwinkel Gabriele.Grauwinkel@uab.cat Grupo PACTE Olga&nbsp;J\u0119czmyk Nowak Olga.Jeczmyk@e-campus.uab.cat Grupo PACTE [&hellip;]<\/p>\n","protected":false},"author":20,"featured_media":0,"parent":0,"menu_order":0,"comment_status":"closed","ping_status":"closed","template":"","meta":{"footnotes":""},"class_list":["post-125","page","type-page","status-publish","hentry"],"_links":{"self":[{"href":"https:\/\/webs.uab.cat\/eact\/es\/wp-json\/wp\/v2\/pages\/125","targetHints":{"allow":["GET"]}}],"collection":[{"href":"https:\/\/webs.uab.cat\/eact\/es\/wp-json\/wp\/v2\/pages"}],"about":[{"href":"https:\/\/webs.uab.cat\/eact\/es\/wp-json\/wp\/v2\/types\/page"}],"author":[{"embeddable":true,"href":"https:\/\/webs.uab.cat\/eact\/es\/wp-json\/wp\/v2\/users\/20"}],"replies":[{"embeddable":true,"href":"https:\/\/webs.uab.cat\/eact\/es\/wp-json\/wp\/v2\/comments?post=125"}],"version-history":[{"count":1,"href":"https:\/\/webs.uab.cat\/eact\/es\/wp-json\/wp\/v2\/pages\/125\/revisions"}],"predecessor-version":[{"id":243,"href":"https:\/\/webs.uab.cat\/eact\/es\/wp-json\/wp\/v2\/pages\/125\/revisions\/243"}],"wp:attachment":[{"href":"https:\/\/webs.uab.cat\/eact\/es\/wp-json\/wp\/v2\/media?parent=125"}],"curies":[{"name":"wp","href":"https:\/\/api.w.org\/{rel}","templated":true}]}}