{"id":149,"date":"2019-11-24T20:38:32","date_gmt":"2019-11-24T20:38:32","guid":{"rendered":"https:\/\/webs.uab.cat\/eact\/estekak\/"},"modified":"2023-04-05T15:49:29","modified_gmt":"2023-04-05T15:49:29","slug":"estekak","status":"publish","type":"page","link":"https:\/\/webs.uab.cat\/eact\/eu\/estekak\/","title":{"rendered":"Estekak"},"content":{"rendered":"\n<p><strong>NACT Proiektua<\/strong><\/p>\n\n\n\n<p><strong><a href=\"http:\/\/www.ealta.eu.org\/\" target=\"_blank\" rel=\"noopener\">European Association for Language Testing and Assessment<\/a><\/strong><\/p>\n\n\n\n<p><strong><a href=\"https:\/\/pagines.uab.cat\/arpa\/es\" target=\"_blank\" rel=\"noopener\">Aula de Recursos para la Evaluaci\u00f3n<\/a><\/strong><\/p>\n\n\n\n<p><strong><a href=\"https:\/\/www.uab.cat\/web\/detall-de-noticia\/eact-un-projecte-per-avancar-en-l-avaluacio-de-l-adquisicio-de-la-competencia-traductora-1345469002000.html?noticiaid=1345875748383\">UABDivulga | EACT: un proyecto para avanzar en la evaluaci\u00f3n de la adquisici\u00f3n de la competencia traductora<\/a><\/strong><\/p>\n\n\n\n<p><strong><a href=\"https:\/\/www.uab.cat\/web\/sala-de-premsa\/detall-noticia\/proposen-criteris-i-procediments-d-avaluacio-per-establir-nivells-de-competencia-en-la-formacio-en-traduccio-1345829508832.html?detid=1345879556597\">UAB Sala de prensa | Proponen criterios y procedimientos de evaluaci\u00f3n para establecer niveles de competencia en la formaci\u00f3n en traducci\u00f3n<\/a><\/strong><\/p>\n","protected":false},"excerpt":{"rendered":"<p>NACT Proiektua European Association for Language Testing and Assessment Aula de Recursos para la Evaluaci\u00f3n UABDivulga | EACT: un proyecto para avanzar en la evaluaci\u00f3n de la adquisici\u00f3n de la competencia traductora UAB Sala de prensa | Proponen criterios y procedimientos de evaluaci\u00f3n para establecer niveles de competencia en la formaci\u00f3n en traducci\u00f3n<\/p>\n","protected":false},"author":20,"featured_media":0,"parent":0,"menu_order":0,"comment_status":"closed","ping_status":"closed","template":"","meta":{"footnotes":""},"class_list":["post-149","page","type-page","status-publish","hentry"],"_links":{"self":[{"href":"https:\/\/webs.uab.cat\/eact\/eu\/wp-json\/wp\/v2\/pages\/149","targetHints":{"allow":["GET"]}}],"collection":[{"href":"https:\/\/webs.uab.cat\/eact\/eu\/wp-json\/wp\/v2\/pages"}],"about":[{"href":"https:\/\/webs.uab.cat\/eact\/eu\/wp-json\/wp\/v2\/types\/page"}],"author":[{"embeddable":true,"href":"https:\/\/webs.uab.cat\/eact\/eu\/wp-json\/wp\/v2\/users\/20"}],"replies":[{"embeddable":true,"href":"https:\/\/webs.uab.cat\/eact\/eu\/wp-json\/wp\/v2\/comments?post=149"}],"version-history":[{"count":2,"href":"https:\/\/webs.uab.cat\/eact\/eu\/wp-json\/wp\/v2\/pages\/149\/revisions"}],"predecessor-version":[{"id":282,"href":"https:\/\/webs.uab.cat\/eact\/eu\/wp-json\/wp\/v2\/pages\/149\/revisions\/282"}],"wp:attachment":[{"href":"https:\/\/webs.uab.cat\/eact\/eu\/wp-json\/wp\/v2\/media?parent=149"}],"curies":[{"name":"wp","href":"https:\/\/api.w.org\/{rel}","templated":true}]}}