{"id":159,"date":"2016-04-26T14:53:43","date_gmt":"2016-04-26T14:53:43","guid":{"rendered":"https:\/\/webs.uab.cat\/eact\/publicacions_ga\/"},"modified":"2022-08-05T11:46:03","modified_gmt":"2022-08-05T11:46:03","slug":"publicacions_ga","status":"publish","type":"page","link":"https:\/\/webs.uab.cat\/eact\/gl\/publicacions_ga\/","title":{"rendered":"Publicaci\u00f3ns"},"content":{"rendered":"\n<p><strong><a href=\"https:\/\/webs.uab.cat\/eact\/gl\/publicacionsproxecto\/\" data-type=\"page\" data-id=\"160\">Publicaci\u00f3ns derivadas do proxecto<\/a><\/strong><\/p>\n\n\n\n<p><strong><a href=\"https:\/\/webs.uab.cat\/eact\/gl\/publicacionsdemembros\/\" data-type=\"page\" data-id=\"161\">Publicaci\u00f3ns sobre avaliaci\u00f3n de membros do equipo<\/a><\/strong><\/p>\n","protected":false},"excerpt":{"rendered":"<p>Publicaci\u00f3ns derivadas do proxecto Publicaci\u00f3ns sobre avaliaci\u00f3n de membros do equipo<\/p>\n","protected":false},"author":20,"featured_media":0,"parent":0,"menu_order":0,"comment_status":"closed","ping_status":"closed","template":"","meta":{"footnotes":""},"class_list":["post-159","page","type-page","status-publish","hentry"],"_links":{"self":[{"href":"https:\/\/webs.uab.cat\/eact\/gl\/wp-json\/wp\/v2\/pages\/159","targetHints":{"allow":["GET"]}}],"collection":[{"href":"https:\/\/webs.uab.cat\/eact\/gl\/wp-json\/wp\/v2\/pages"}],"about":[{"href":"https:\/\/webs.uab.cat\/eact\/gl\/wp-json\/wp\/v2\/types\/page"}],"author":[{"embeddable":true,"href":"https:\/\/webs.uab.cat\/eact\/gl\/wp-json\/wp\/v2\/users\/20"}],"replies":[{"embeddable":true,"href":"https:\/\/webs.uab.cat\/eact\/gl\/wp-json\/wp\/v2\/comments?post=159"}],"version-history":[{"count":1,"href":"https:\/\/webs.uab.cat\/eact\/gl\/wp-json\/wp\/v2\/pages\/159\/revisions"}],"predecessor-version":[{"id":248,"href":"https:\/\/webs.uab.cat\/eact\/gl\/wp-json\/wp\/v2\/pages\/159\/revisions\/248"}],"wp:attachment":[{"href":"https:\/\/webs.uab.cat\/eact\/gl\/wp-json\/wp\/v2\/media?parent=159"}],"curies":[{"name":"wp","href":"https:\/\/api.w.org\/{rel}","templated":true}]}}