{"id":237,"date":"2018-09-03T15:14:42","date_gmt":"2018-09-03T15:14:42","guid":{"rendered":"https:\/\/webs.uab.cat\/easit\/inici-2\/"},"modified":"2024-06-26T07:30:16","modified_gmt":"2024-06-26T07:30:16","slug":"inici-2","status":"publish","type":"page","link":"https:\/\/webs.uab.cat\/easit\/de\/","title":{"rendered":"Start"},"content":{"rendered":"\n<script src=\"https:\/\/cdn-eu.readspeaker.com\/script\/10610\/webReader\/webReader.js?pids=wr\" type=\"text\/javascript\" id=\"rs_req_Init\"><\/script>\n\n\n<div class=\"rs_skip rsbtn rs_preserve\" id=\"readspeaker_button1\">\n  <a rel=\"nofollow\" class=\"rsbtn_play\" title=\"Um den Text anzuh&ouml;ren, verwenden Sie bitte ReadSpeaker webReader\" href=\"https:\/\/app-eu.readspeaker.com\/cgi-bin\/rsent?customerid=10610&amp;lang=de_de&amp;readid=READIDeasitiniciDE&amp;url=https:\/\/webs.uab.cat\/easit\/de\/\">\n        <span class=\"rsbtn_left rsimg rspart\"><span class=\"rsbtn_text\"><span>Vorlesen<\/span><\/span><\/span>\n        <span class=\"rsbtn_right rsimg rsplay rspart\"><\/span>\n    <\/a>\n<\/div><p>&nbsp;<\/p>\n<div id=\"READIDeasitiniciDE\">\n<p>Alle Personen sollen Inhalte leichter verstehen k\u00f6nnen.<\/p>\n<p>Deshalb gibt es EASIT.<\/p>\n<p>EASIT ist ein Projekt.<\/p><p>&nbsp;<\/p>\n<p>Im EASIT-Projekt geht es um\u00a0<strong>leicht verst\u00e4ndliche Inhalte<\/strong>.<\/p>\n<p>&nbsp;<\/p>\n<p>Leicht verst\u00e4ndliche Inhalte helfen Personen mit Einschr\u00e4nkungen in der Kommunikation.<\/p>\n<p>&nbsp;<\/p>\n<p>Personen mit Einschr\u00e4nkungen in der Kommunikation sind zum Beispiel:<\/p>\n<ul>\n  <li>Menschen mit geistiger Behinderung.<\/li>\n  <li>Menschen mit Lern\u2219schwierigkeiten.<\/li>\n  <li>Fremdsprachen\u2219lerner.<\/li>\n<\/ul>\n<p>Leicht verst\u00e4ndliche Inhalte k\u00f6nnen in Leichter Sprache sein.<\/p>\n<p>&nbsp;<\/p>\n<p>Und leicht verst\u00e4ndliche Inhalte k\u00f6nnen in Einfacher Sprache sein.<\/p>\n<p>&nbsp;<\/p>\n<p>EASIT ist die Abk\u00fcrzung f\u00fcr\u00a0<strong>E<\/strong>asy\u00a0<strong>A<\/strong>ccess for\u00a0<strong>S<\/strong>ocial\u00a0<strong>I<\/strong>nclusion\u00a0<strong>T<\/strong>raining.<\/p>\n<p>&nbsp;<\/p>\n<p>EASIT bedeutet: Ausbildung in leichter Zug\u00e4nglichkeit f\u00fcr mehr Teilhabe.<\/p>\n<p>&nbsp;<\/p>\n<p>In diesem Projekt geht es um die Ausbildung von Experten f\u00fcr leicht verst\u00e4ndliche Inhalte.<\/p>\n<p>&nbsp;<\/p>\n<p>Das Projekt hat am 1. September 2018 angefangen.<\/p>\n<p>&nbsp;<\/p>\n<p>Und das Projekt endet am 31. August 2021.<\/p>\n<p>&nbsp;<\/p>\n<p>Unsere Internet\u00b7seite ist in Leichter Sprache.<\/p>\n<p>&nbsp;<\/p>\n<p>So k\u00f6nnen mehr Personen die Informationen verstehen.<\/p>\n<p>&nbsp;<\/p>\n<p>Aber unsere Internet\u2219seite hat auch schwierige W\u00f6rter.<\/p>\n<p>&nbsp;<\/p>\n<p>Wir haben diese W\u00f6rter\u00a0<strong>fett\u2219gedruckt<\/strong>.<\/p>\n<p>Und wir erkl\u00e4ren diese W\u00f6rter im Text.<\/p>\n<p>Wir wollen Experten ausbilden.<\/p>\n<p>&nbsp;<\/p>\n<p>Diese Experten sollen wissen:<\/p>\n<p>\u00a0\u00a0\u00a0\u00a0\u00a0\u00a0 So macht man Inhalte leicht verst\u00e4ndlich.<\/p>\n<p>Daf\u00fcr brauchen die Experten Lehr\u2219materialien.<\/p>\n<p>Im EASIT-Projekt werden wir diese Lehr\u2219materialien entwickeln.<\/p>\n<p>&nbsp;<\/p>\n<p>Die Lehr\u2219materialen zeigen:<\/p>\n<p>\u00a0\u00a0\u00a0\u00a0\u00a0\u00a0 So macht man Inhalte leicht verst\u00e4ndlich.<\/p>\n<p>&nbsp;<\/p>\n<p>Mit den Lehr\u2219materialen k\u00f6nnen Personen dann Experten f\u00fcr leicht verst\u00e4ndliche Inhalte werden.<\/p>\n<p>Und diese Experten k\u00f6nnen auch\u00a0<strong>audio\u2219visuelle Inhalte\u00a0<\/strong>leicht verst\u00e4ndlich machen.<\/p>\n<p>Audio\u00b7visuelle Inhalte haben Bild und Ton.<\/p>\n<p>Audio\u2219visuelle Inhalte sind zum Beispiel Videos.<\/p>\n<p>&nbsp;<\/p>\n<p>Auf unserer Internet\u2219seite finden Sie Informationen \u00fcber:<\/p>\n<ul>\n  <li>Welche Personen arbeiten an dem EASIT-Projekt?<\/li>\n  <li>Was sind die Ergebnisse von dem EASIT-Projekt?<\/li>\n  <li>Welche Veranstaltungen gibt es zu dem EASIT-Projekt?<\/li>\n  <li>Welche Neuigkeiten gibt es zu dem EASIT-Projekt?<\/li>\n  <li>Wie k\u00f6nnen Sie uns erreichen?<\/li>\n  <\/ul>\n<p>&nbsp;<\/p>\n<p>Sie m\u00f6chten die verschiedenen Informationen lesen?<\/p>\n<p>Dann k\u00a8\u00f6nnen Sie auf die Links in dieser Internet\u00b7seite klicken.<\/p>\n<p>Oder Sie k\u00f6nnen auf die 6 grau gef\u00e4rbten Reiter ganz oben auf dieser Internet\u2219seite klicken.<\/p>\n<p>&nbsp;<\/p>\n<p>EASIT ist ein europ\u00e4isches Projekt.<\/p>\n<p>Die EU finanziert das EASIT-Projekt.<\/p>\n<p>Die Projekt\u2219nummer von EASIT ist 2018-1-ES01-KA203-050275.<\/p>\n<p>Sie haben Fragen zum EASIT-Projekt?<\/p>\n<p>Dann k\u00f6nnen Sie Anna Matamala fragen.<\/p>\n<p>Anna Matamala ist die\u00a0<strong>Projekt\u2219koordinatorin.<\/strong><\/p>\n<p>&nbsp;<\/p>\n<p>Anna Matamala lenkt das Projekt.<\/p>\n<p>Sie k\u00f6nnen Anna Matamala eine Mail schreiben.<\/p>\n<p>Hier ist die E-Mail-Adresse von Anna Matamala:<\/p>\n<p><a href=\"mailto:anna.matamala@uab.cat\">anna.matamala@uab.cat<\/a><\/p>\n<\/div>\n","protected":false},"excerpt":{"rendered":"<p>Vorlesen &nbsp; Alle Personen sollen Inhalte leichter verstehen k\u00f6nnen. Deshalb gibt es EASIT. EASIT ist ein Projekt. &nbsp; Im EASIT-Projekt geht es um\u00a0leicht verst\u00e4ndliche Inhalte. &nbsp; Leicht verst\u00e4ndliche Inhalte helfen Personen mit Einschr\u00e4nkungen in der Kommunikation. &nbsp; Personen mit Einschr\u00e4nkungen in der Kommunikation sind zum Beispiel: Menschen mit geistiger Behinderung. Menschen mit Lern\u2219schwierigkeiten. Fremdsprachen\u2219lerner. Leicht [&hellip;]<\/p>\n","protected":false},"author":20,"featured_media":0,"parent":0,"menu_order":0,"comment_status":"closed","ping_status":"closed","template":"","meta":{"footnotes":""},"class_list":["post-237","page","type-page","status-publish","hentry"],"_links":{"self":[{"href":"https:\/\/webs.uab.cat\/easit\/de\/wp-json\/wp\/v2\/pages\/237","targetHints":{"allow":["GET"]}}],"collection":[{"href":"https:\/\/webs.uab.cat\/easit\/de\/wp-json\/wp\/v2\/pages"}],"about":[{"href":"https:\/\/webs.uab.cat\/easit\/de\/wp-json\/wp\/v2\/types\/page"}],"author":[{"embeddable":true,"href":"https:\/\/webs.uab.cat\/easit\/de\/wp-json\/wp\/v2\/users\/20"}],"replies":[{"embeddable":true,"href":"https:\/\/webs.uab.cat\/easit\/de\/wp-json\/wp\/v2\/comments?post=237"}],"version-history":[{"count":8,"href":"https:\/\/webs.uab.cat\/easit\/de\/wp-json\/wp\/v2\/pages\/237\/revisions"}],"predecessor-version":[{"id":4423,"href":"https:\/\/webs.uab.cat\/easit\/de\/wp-json\/wp\/v2\/pages\/237\/revisions\/4423"}],"wp:attachment":[{"href":"https:\/\/webs.uab.cat\/easit\/de\/wp-json\/wp\/v2\/media?parent=237"}],"curies":[{"name":"wp","href":"https:\/\/api.w.org\/{rel}","templated":true}]}}