{"id":239,"date":"2018-09-25T08:35:05","date_gmt":"2018-09-25T08:35:05","guid":{"rendered":"https:\/\/webs.uab.cat\/easit\/dyslexiforbundet-2\/"},"modified":"2024-05-16T07:35:20","modified_gmt":"2024-05-16T07:35:20","slug":"dyslexiforbundet-2","status":"publish","type":"page","link":"https:\/\/webs.uab.cat\/easit\/de\/dyslexiforbundet-2\/","title":{"rendered":"Dyslexif\u00f6rbundet"},"content":{"rendered":"\n<script src=\"https:\/\/cdn-eu.readspeaker.com\/script\/10610\/webReader\/webReader.js?pids=wr\" type=\"text\/javascript\" id=\"rs_req_Init\"><\/script>\n\n<div class=\"rs_skip rsbtn rs_preserve\" id=\"readspeaker_button1\">\n  <a rel=\"nofollow\" class=\"rsbtn_play\" title=\"Um den Text anzuh&ouml;ren, verwenden Sie bitte ReadSpeaker webReader\" href=\"https:\/\/app-eu.readspeaker.com\/cgi-bin\/rsent?customerid=10610&amp;lang=de_de&amp;readid=READIDdyslexiforbundet2DE&amp;url=https:\/\/webs.uab.cat\/easit\/de\/dyslexiforbundet-2\/\">\n        <span class=\"rsbtn_left rsimg rspart\"><span class=\"rsbtn_text\"><span>Vorlesen<\/span><\/span><\/span>\n        <span class=\"rsbtn_right rsimg rsplay rspart\"><\/span>\n    <\/a>\n<\/div><p>&nbsp;<\/p>\n<div id=\"READIDdyslexiforbundet2DE\">\n<p><strong>Dyslexif\u00f6rbundet<\/strong><\/p>\n<p>Wir sind Dyslexi\u2219f\u00f6rbundet.<\/p>\n<p>Wir sind ein schwedischer Verband.<\/p>\n<p>Und wir sind gemeinn\u00fctzig.<\/p>\n<p>Wir unterst\u00fctzen Personen mit Dyslexie.<\/p>\n<p>Dyslexie ist eine Lese- und Rechtschreib\u2219st\u00f6rung:<\/p>\n<p>Manche Personen haben Probleme zu lesen.<\/p>\n<p>Manche Personen haben Probleme zu schreiben.<\/p>\n<p>Und manche Personen haben Probleme zu rechnen.<\/p>\n<p>Wir unterst\u00fctzen diese Personen.<\/p>\n<p>\u00a0<\/p>\n<p>So arbeiten wir:<\/p>\n<ul>\n  <li>Wir beraten und unterst\u00fctzen.<\/li>\n<\/ul>\n<ul>\n  <li>Wir informieren.<\/li>\n<\/ul>\n<ul>\n  <li>Wir bilden weiter.<\/li>\n<\/ul>\n<ul>\n  <li>Wir setzen uns f\u00fcr die Belange von Personen mit Dyslexie ein.<\/li>\n<\/ul>\n<ul>\n  <li>Wir machen Veranstaltungen.<\/li>\n<\/ul>\n<ul>\n  <li>Und wir machen Projekte.<\/li>\n<\/ul>\n<p>\u00a0<\/p>\n<p><strong>Was ist Dyslexie?<\/strong><\/p>\n<p>Manche Personen haben Probleme zu lesen.<\/p>\n<p>Und manche Personen haben Probleme zu rechnen.<\/p>\n<p>Ein Grund daf\u00fcr ist oft Dyslexie.<\/p>\n<p>\u00a0<\/p>\n<p>Es gibt aber auch andere Gr\u00fcnde:<\/p>\n<p>Manche Personen haben Probleme zu verstehen.<\/p>\n<p>Manche Personen haben Probleme zu lernen.<\/p>\n<p>Und manche Personen haben Probleme sich Dinge zu merken.<\/p>\n<p>Auch diesen Personen kann das Lesen und Schreiben schwerfallen.<\/p>\n<p>\u00a0<\/p>\n<p>In Schweden haben 5 bis 8 Prozent von den Menschen Dyslexie.<\/p>\n<p>Das hei\u00dft:<\/p>\n<p>Von 100 Personen haben 5 bis 8 Menschen Dyslexie.<\/p>\n<p>\u00a0<\/p>\n<p>In Schweden gibt es aber noch mehr Personen mit Problemen beim Lesen und Schreiben:<\/p>\n<p>Insgesamt hat in Schweden jede 5. Person Probleme mit dem Lesen.<\/p>\n<p>\u00a0<\/p>\n<p>Lese- und Rechtschreib\u2219st\u00f6rungen k\u00f6nnen zu Miss\u2219erfolg in der Schule f\u00fchren.<\/p>\n<p>Lese- und Rechtschreib\u2219st\u00f6rungen k\u00f6nnen auch zu Miss\u2219erfolg bei der Arbeit f\u00fchren.<\/p>\n<p>Oft kommt es dann zu Ausgrenzung.<\/p>\n<p>Und einem schlechten Selbst\u2219vertrauen.<\/p>\n<p>\u00a0<\/p>\n<p>Wie k\u00f6nnen wir das verhindern?<\/p>\n<ul>\n  <li>Indem wir Kindern mit Problemen beim Lesen und Schreiben helfen.<\/li>\n<\/ul>\n<ul>\n  <li>Indem wir sofort handeln.<\/li>\n<\/ul>\n<ul>\n  <li>Indem wir mit bew\u00e4hrten Methoden arbeiten.<\/li>\n<\/ul>\n<ul>\n  <li>Indem wir unterst\u00fctzende Hilfs\u00b7mittel zulassen.<\/li>\n<\/ul>\n<p>Texte sollen leicht verst\u00e4ndlich sein.<\/p>\n<p>Dazu geh\u00f6ren auch verschiedene M\u00f6glichkeiten wie zum Beispiel:<\/p>\n<ul>\n  <li>Das Vorlesen von Texten.<\/li>\n<\/ul>\n<ul>\n  <li>Bilder.<\/li>\n<\/ul>\n<ul>\n  <li>Oder Videos.<\/li>\n<\/ul>\n<p>Wir wollen Probleme beim Lesen und Schreiben verhindern.<\/p>\n<p>Deshalb schaffen wir eine verst\u00e4ndnisvolle Umgebung<\/p>\n<p>\u00a0<\/p>\n<p><strong>Projekte<\/strong><\/p>\n<p>Dyslexi\u2219f\u00f6rbundet macht verschiedene Projekte.<\/p>\n<p>Eins von den Projekten ist: Begriplig text.<\/p>\n<p>Begriplig ist schwedisch und hei\u00dft: verst\u00e4ndlich.<\/p>\n<p>In dem Projekt geht es um diese Fragen:<\/p>\n<ul>\n  <li>Was macht Texte leicht lesbar?<\/li>\n<\/ul>\n<ul>\n  <li>Was macht Texte leicht verst\u00e4ndlich?<\/li>\n<\/ul>\n<p>\u00a0<\/p>\n<p><strong>Wer hat diesen Text geschrieben?<\/strong><\/p>\n<p>Ester Hedberg hat diesen Text geschrieben.<\/p>\n<p>Ester Hedberg arbeitet bei Dyslexi\u2219f\u00f6rbundet.<\/p>\n<p>Sie m\u00f6chten Ester Hedberg eine Frage stellen?<\/p>\n<p>Dann k\u00f6nnen Sie Ester Hedberg eine E-Mail schreiben.<\/p>\n<p>Hier ist die E-Mail-Adresse von Ester Hedberg:<\/p>\n<p><a href=\"mailto:ester.hedberg@dyslexi.org\">ester.hedberg@dyslexi.org<\/a><\/p>\n<p>\u00a0<\/p>\n<p>Das ist der Link zu der Seite von Dyslexi\u2219f\u00f6rbundet:<\/p>\n<p><a href=\"http:\/\/www.dyslexi.org\/\">http:\/\/www.dyslexi.org<\/a><\/p>\n<p>\u00a0<\/p>\n<p>Das ist der Link zu der Seite von dem Projekt Begriplig text:<\/p>\n<p><a href=\"http:\/\/www.begripligtext.se\/\">http:\/\/www.begripligtext.se<\/a><\/p>\n<\/div>\n","protected":false},"excerpt":{"rendered":"<p>Vorlesen &nbsp; Dyslexif\u00f6rbundet Wir sind Dyslexi\u2219f\u00f6rbundet. Wir sind ein schwedischer Verband. Und wir sind gemeinn\u00fctzig. Wir unterst\u00fctzen Personen mit Dyslexie. Dyslexie ist eine Lese- und Rechtschreib\u2219st\u00f6rung: Manche Personen haben Probleme zu lesen. Manche Personen haben Probleme zu schreiben. Und manche Personen haben Probleme zu rechnen. Wir unterst\u00fctzen diese Personen. \u00a0 So arbeiten wir: Wir beraten [&hellip;]<\/p>\n","protected":false},"author":20,"featured_media":0,"parent":0,"menu_order":0,"comment_status":"closed","ping_status":"closed","template":"","meta":{"footnotes":""},"class_list":["post-239","page","type-page","status-publish","hentry"],"_links":{"self":[{"href":"https:\/\/webs.uab.cat\/easit\/de\/wp-json\/wp\/v2\/pages\/239","targetHints":{"allow":["GET"]}}],"collection":[{"href":"https:\/\/webs.uab.cat\/easit\/de\/wp-json\/wp\/v2\/pages"}],"about":[{"href":"https:\/\/webs.uab.cat\/easit\/de\/wp-json\/wp\/v2\/types\/page"}],"author":[{"embeddable":true,"href":"https:\/\/webs.uab.cat\/easit\/de\/wp-json\/wp\/v2\/users\/20"}],"replies":[{"embeddable":true,"href":"https:\/\/webs.uab.cat\/easit\/de\/wp-json\/wp\/v2\/comments?post=239"}],"version-history":[{"count":1,"href":"https:\/\/webs.uab.cat\/easit\/de\/wp-json\/wp\/v2\/pages\/239\/revisions"}],"predecessor-version":[{"id":3937,"href":"https:\/\/webs.uab.cat\/easit\/de\/wp-json\/wp\/v2\/pages\/239\/revisions\/3937"}],"wp:attachment":[{"href":"https:\/\/webs.uab.cat\/easit\/de\/wp-json\/wp\/v2\/media?parent=239"}],"curies":[{"name":"wp","href":"https:\/\/api.w.org\/{rel}","templated":true}]}}