{"id":240,"date":"2018-09-25T08:35:27","date_gmt":"2018-09-25T08:35:27","guid":{"rendered":"https:\/\/webs.uab.cat\/easit\/rtv-slowenien\/"},"modified":"2024-05-16T07:36:26","modified_gmt":"2024-05-16T07:36:26","slug":"rtv-slowenien","status":"publish","type":"page","link":"https:\/\/webs.uab.cat\/easit\/de\/rtv-slowenien\/","title":{"rendered":"RTV Slowenien"},"content":{"rendered":"\n<script src=\"https:\/\/cdn-eu.readspeaker.com\/script\/10610\/webReader\/webReader.js?pids=wr\" type=\"text\/javascript\" id=\"rs_req_Init\"><\/script>\n\n<div class=\"rs_skip rsbtn rs_preserve\" id=\"readspeaker_button1\">\n  <a rel=\"nofollow\" class=\"rsbtn_play\" title=\"Um den Text anzuh&ouml;ren, verwenden Sie bitte ReadSpeaker webReader\" href=\"https:\/\/app-eu.readspeaker.com\/cgi-bin\/rsent?customerid=10610&amp;lang=de_de&amp;readid=READIDslowenienDE&amp;url=https:\/\/webs.uab.cat\/easit\/de\/rtv-slowenien\/\">\n        <span class=\"rsbtn_left rsimg rspart\"><span class=\"rsbtn_text\"><span>Vorlesen<\/span><\/span><\/span>\n        <span class=\"rsbtn_right rsimg rsplay rspart\"><\/span>\n    <\/a>\n<\/div><p>&nbsp;<\/p>\n<div id=\"READIDslowenienDE\">\n<p><strong>RTV Slowenien<\/strong><\/p>\n<p><strong>Geschichte<\/strong><\/p>\n<p>RTV Slowenien ist eine wichtige Institution.<\/p>\n<p>Eine Institution ist eine Einrichtung.<\/p>\n<p>RTV ist die Abk\u00fcrzung f\u00fcr:\u00a0<strong>R<\/strong>adio und\u00a0<strong>TV<\/strong>.<\/p>\n<p>\u00a0<\/p>\n<p>RTV Slowenien ist sehr wichtig f\u00fcr Slowenien und seine Kultur.<\/p>\n<p>RTV Slowenien gibt es n\u00e4mlich schon sehr lange:<\/p>\n<p><strong>Radio Slowenien<\/strong>\u00a0gibt es schon seit 90 Jahren.<\/p>\n<p>Und\u00a0<strong>TV Slowenien<\/strong>\u00a0gibt es schon seit 60 Jahren.<\/p>\n<p>RTV Slowenien hie\u00df fr\u00fcher RTV Ljubljana.<\/p>\n<p>Ljubljana ist die Hauptstadt von Slowenien.<\/p>\n<p>\u00a0<\/p>\n<p><strong>Programme<\/strong><\/p>\n<p>RTV Slowenien hat 8 Radio-Programme und 5 TV-Programme.<\/p>\n<p>3 von den TV-Programmen sind national.<\/p>\n<p>Das hei\u00dft:<\/p>\n<p>Diese 3 Programme sind f\u00fcr alle B\u00fcrger von Slowenien.<\/p>\n<p>1 Programm ist auf Italienisch.<\/p>\n<p>Dieses Programm ist f\u00fcr italienische B\u00fcrger in Slowenien.<\/p>\n<p>1 Programm ist auf Ungarisch.<\/p>\n<p>Dieses Programm ist f\u00fcr ungarische B\u00fcrger in Slowenien.<\/p>\n<p>Italienische und ungarische B\u00fcrger in Slowenien sind Minderheiten.<\/p>\n<p>\u00a0<\/p>\n<p><strong>Teletext<\/strong><\/p>\n<p>RTV Slowenien hat auch\u00a0<strong>Teletext<\/strong>.<\/p>\n<p>Der Teletext sieht \u00e4hnlich aus wie das Internet.<\/p>\n<p>Im Teletext gibt es viele verschiedene Informationen.<\/p>\n<p>Diese Informationen werden auf dem TV-Bildschirm angezeigt.<\/p>\n<p>Der Teletext zeigt:<\/p>\n<ul>\n  <li>die Nachrichten<\/li>\n<\/ul>\n<ul>\n  <li>das Wetter<\/li>\n<\/ul>\n<ul>\n  <li>Programm\u2219informationen<\/li>\n<\/ul>\n<ul>\n  <li>und andere Informationen.<\/li>\n<\/ul>\n<p>Im Teletext k\u00f6nnen Zuschauer auch Untertitel f\u00fcr TV-Sendungen einschalten.<\/p>\n<p>Den Teletext gibt es schon sehr lange.<\/p>\n<p>\u00a0<\/p>\n<p><strong>Zug\u00e4ngliche Informationen<\/strong><\/p>\n<p>RTV Slowenien hat auch ein Multimedia\u00b7zentrum.<\/p>\n<p>Das Multimedia\u00b7zentrum ist eine sehr n\u00fctzliche Internet\u2219seite.<\/p>\n<p>Das Multimedia\u00b7zentrum hat viele verschiedene Funktionen.<\/p>\n<p>Einige von diesen Funktionen sind extra f\u00fcr Menschen mit Behinderungen.<\/p>\n<p>Menschen mit Behinderungen schauen auch TV.<\/p>\n<p>Und Menschen mit Behinderungen haben ein Recht auf zug\u00e4ngliche Informationen.<\/p>\n<p>Daf\u00fcr gibt es das Multimedia\u00b7zentrum von RTV Slowenien.<\/p>\n<p>\u00a0<\/p>\n<p>Geh\u00f6rlose oder schwer\u2219h\u00f6rige Personen k\u00f6nnen Untertitel nutzen.<\/p>\n<p>Untertitel sind Texte auf dem Bildschirm.<\/p>\n<p>Diese Texte beschreiben das gesprochene Wort.<\/p>\n<p>Und diese Texte beschreiben Ger\u00e4usche.<\/p>\n<p>So k\u00f6nnen auch geh\u00f6rlose und schwerh\u00f6rige Personen TV schauen.<\/p>\n<p>Die meisten Programme haben Untertitel.<\/p>\n<p>\u00a0<\/p>\n<p>Manche Geh\u00f6rlose brauchen Geb\u00e4rdensprache.<\/p>\n<p>Deshalb \u00fcbersetzt ein Geb\u00e4rdensprach\u2219dolmetscher das Programm in die slowenische Geb\u00e4rdensprache.<\/p>\n<p>Das hei\u00dft:<\/p>\n<p>Ein Geb\u00e4rdensprach\u2219dolmetscher zeigt die Inhalte mit seinen H\u00e4nden.<\/p>\n<p>Geh\u00f6rlose k\u00f6nnen mehr als 1 Stunde am Tag TV mit Geb\u00e4rdensprache ansehen.<\/p>\n<p>\u00a0<\/p>\n<p>RTV Slowenien hat auch ein Programm mit Audio\u2219deskription.<\/p>\n<p>Audiodeskription ist f\u00fcr blinde oder sehgesch\u00e4digte Personen.<\/p>\n<p>Audio\u2219deskription bedeutet:<\/p>\n<p>Ein Sprecher beschreibt das Bild und die Handlung.<\/p>\n<p>Und es gibt ein weiteres barriere\u2219freies Angebot f\u00fcr blinde und sehgesch\u00e4digte Personen: den Audio\u2219kanal.<\/p>\n<p>Blinde und sehgesch\u00e4digte Personen k\u00f6nnen den Audio\u2219kanal<\/p>\n<p>am TV einschalten.<\/p>\n<p>So k\u00f6nnen auch blinde und sehgesch\u00e4digte Personen<\/p>\n<p>die Inhalte anh\u00f6ren.<\/p>\n<p>Es gibt Untertitel zum Anh\u00f6ren.<\/p>\n<p>Und es gibt Audio\u2219deskription.<\/p>\n<p>\u00a0<\/p>\n<p>RTV Slowenien hat ein weiteres besonderes Angebot:<\/p>\n<p>Dieses Angebot macht Programme in Radio und TV f\u00fcr alle zug\u00e4nglich.<\/p>\n<p>\u00a0<\/p>\n<p>RTV Slowenien ist Partner in 2 Erasmus+ Projekten f\u00fcr Barriere\u2219freiheit.<\/p>\n<p>Erasmus+ ist ein Bildungs\u2219programm in Europa.<\/p>\n<p>\u00a0<\/p>\n<p>Das eine Projekt hei\u00dft ADLAB PRO.<\/p>\n<p>ADLAB ist die Abk\u00fcrzung f\u00fcr:\u00a0<strong>A<\/strong>udio\u2219<strong>d<\/strong>eskription im\u00a0<strong>Lab<\/strong>or.<\/p>\n<p><strong>PRO<\/strong>\u00a0ist die Abk\u00fcrzung f\u00fcr: Berufs<strong>pro<\/strong>fil.<\/p>\n<p>In diesem Labor entsteht ein neues Berufsprofil.<\/p>\n<p>Das Projekt ADLAB PRO hat im Jahr 2016 angefangen und endet 2019.<\/p>\n<p>\u00a0<\/p>\n<p>Das andere Projekt hei\u00dft EASIT.<\/p>\n<p>EASIT ist die Abk\u00fcrzung f\u00fcr:\u00a0<strong>E<\/strong>asy\u00a0<strong>A<\/strong>ccess for\u00a0<strong>S<\/strong>ocial\u00a0<strong>I<\/strong>nclusion\u00a0<strong>T<\/strong>raining.<\/p>\n<p>EASIT bedeutet: Ausbildung in leichter Zug\u00e4nglichkeit f\u00fcr mehr Teilhabe.<\/p>\n<p>In diesem Projekt geht es um die Ausbildung von Experten f\u00fcr leicht verst\u00e4ndliche Inhalte.<\/p>\n<p>Das Projekt EASIT hat im Jahr 2018 angefangen und endet 2021.<\/p>\n<p>\u00a0<\/p>\n<p><strong>Zusammen arbeiten<\/strong><\/p>\n<p>RTV Slowenien ist Mitglied in der EBU.<\/p>\n<p>EBU ist die Abk\u00fcrzung f\u00fcr:\u00a0<strong>E<\/strong>uropean\u00a0<strong>B<\/strong>roadcasting\u00a0<strong>U<\/strong>nion.<\/p>\n<p>Die EBU ist eine Europ\u00e4ische Rundfunk\u2219union.<\/p>\n<p>Das hei\u00dft:<\/p>\n<p>RTV Slowenien arbeitet mit anderen Gruppen und Personen<\/p>\n<p>in Europa zusammen.<\/p>\n<p>Dazu geh\u00f6ren:<\/p>\n<ul>\n  <li>nationale Radio\u00b7sender und Fernseh\u00b7sender<\/li>\n<\/ul>\n<ul>\n  <li>freie Produzenten<\/li>\n<\/ul>\n<ul>\n  <li>Universit\u00e4ten<\/li>\n<\/ul>\n<ul>\n  <li>und weitere Organisationen.<\/li>\n<\/ul>\n<p>\u00a0<\/p>\n<p><strong>Wer hat diesen Text geschrieben?<\/strong><\/p>\n<p>Veronika Rot hat diesen Text geschrieben.<\/p>\n<p>Veronika Rot arbeitet bei RTV Slowenien.<\/p>\n<p>Sie m\u00f6chten Veronika Rot eine Frage stellen?<\/p>\n<p>Dann k\u00f6nnen Sie Veronika Rot eine E-Mail schreiben.<\/p>\n<p>Hier ist die E-Mail-Adresse von Veronika Rot:<\/p>\n<p><a href=\"mailto:Veronika.Rot@rtvslo.si\">Veronika.Rot@rtvslo.si<\/a><\/p>\n<\/div>\n","protected":false},"excerpt":{"rendered":"<p>Vorlesen &nbsp; RTV Slowenien Geschichte RTV Slowenien ist eine wichtige Institution. Eine Institution ist eine Einrichtung. RTV ist die Abk\u00fcrzung f\u00fcr:\u00a0Radio und\u00a0TV. \u00a0 RTV Slowenien ist sehr wichtig f\u00fcr Slowenien und seine Kultur. RTV Slowenien gibt es n\u00e4mlich schon sehr lange: Radio Slowenien\u00a0gibt es schon seit 90 Jahren. Und\u00a0TV Slowenien\u00a0gibt es schon seit 60 Jahren. [&hellip;]<\/p>\n","protected":false},"author":20,"featured_media":0,"parent":0,"menu_order":0,"comment_status":"closed","ping_status":"closed","template":"","meta":{"footnotes":""},"class_list":["post-240","page","type-page","status-publish","hentry"],"_links":{"self":[{"href":"https:\/\/webs.uab.cat\/easit\/de\/wp-json\/wp\/v2\/pages\/240","targetHints":{"allow":["GET"]}}],"collection":[{"href":"https:\/\/webs.uab.cat\/easit\/de\/wp-json\/wp\/v2\/pages"}],"about":[{"href":"https:\/\/webs.uab.cat\/easit\/de\/wp-json\/wp\/v2\/types\/page"}],"author":[{"embeddable":true,"href":"https:\/\/webs.uab.cat\/easit\/de\/wp-json\/wp\/v2\/users\/20"}],"replies":[{"embeddable":true,"href":"https:\/\/webs.uab.cat\/easit\/de\/wp-json\/wp\/v2\/comments?post=240"}],"version-history":[{"count":1,"href":"https:\/\/webs.uab.cat\/easit\/de\/wp-json\/wp\/v2\/pages\/240\/revisions"}],"predecessor-version":[{"id":3938,"href":"https:\/\/webs.uab.cat\/easit\/de\/wp-json\/wp\/v2\/pages\/240\/revisions\/3938"}],"wp:attachment":[{"href":"https:\/\/webs.uab.cat\/easit\/de\/wp-json\/wp\/v2\/media?parent=240"}],"curies":[{"name":"wp","href":"https:\/\/api.w.org\/{rel}","templated":true}]}}