{"id":241,"date":"2018-09-25T08:35:41","date_gmt":"2018-09-25T08:35:41","guid":{"rendered":"https:\/\/webs.uab.cat\/easit\/sdi-munchen-2\/"},"modified":"2024-05-16T07:37:32","modified_gmt":"2024-05-16T07:37:32","slug":"sdi-munchen-2","status":"publish","type":"page","link":"https:\/\/webs.uab.cat\/easit\/de\/sdi-munchen-2\/","title":{"rendered":"SDI M\u00fcnchen"},"content":{"rendered":"\n<script src=\"https:\/\/cdn-eu.readspeaker.com\/script\/10610\/webReader\/webReader.js?pids=wr\" type=\"text\/javascript\" id=\"rs_req_Init\"><\/script>\n\n<div class=\"rs_skip rsbtn rs_preserve\" id=\"readspeaker_button1\">\n  <a rel=\"nofollow\" class=\"rsbtn_play\" title=\"Um den Text anzuh&ouml;ren, verwenden Sie bitte ReadSpeaker webReader\" href=\"https:\/\/app-eu.readspeaker.com\/cgi-bin\/rsent?customerid=10610&amp;lang=de_de&amp;readid=READIDmunchenDE&amp;url=https:\/\/webs.uab.cat\/easit\/de\/sdi-munchen-2\/\">\n        <span class=\"rsbtn_left rsimg rspart\"><span class=\"rsbtn_text\"><span>Vorlesen<\/span><\/span><\/span>\n        <span class=\"rsbtn_right rsimg rsplay rspart\"><\/span>\n    <\/a>\n<\/div><p>&nbsp;<\/p>\n<div id=\"READIDmunchenDE\">\n  <h1><strong>SDI M\u00fcnchen<\/strong><\/h1>\n  <p>Hochschule f\u00fcr angewandte Sprachen<\/p>\n  <p><strong>SDI M\u00fcnchen<\/strong><\/p>\n  <p>\u00a0<\/p>\n  <p>Wir sind das SDI M\u00fcnchen.<\/p>\n  <p><strong>SDI<\/strong>\u00a0ist die Abk\u00fcrzung f\u00fcr:\u00a0<strong>S<\/strong>prachen und\u00a0<strong>D<\/strong>olmetscher\u00a0<strong>I<\/strong>nstitut.<\/p>\n  <p>Das SDI ist an der Hochschule f\u00fcr angewandte Sprachen in M\u00fcnchen.<\/p>\n  <p>\u00a0\u00a0\u00a0\u00a0\u00a0\u00a0 M\u00fcnchen ist eine Stadt in Deutschland.<\/p>\n  <p>\u00a0<\/p>\n  <p>An unserer Hochschule bilden wir Studierende in\u00a0<strong>Kommunikation\u00a0<\/strong>aus.<\/p>\n  <p>Kommunikation hei\u00dft:<\/p>\n  <p>In verschiedenen Sprachen sprechen und schreiben k\u00f6nnen.<\/p>\n  <p>Kommunikation hei\u00dft auch:<\/p>\n  <ul>\n    <li>Unsere Studierenden kennen verschiedene L\u00e4nder.<\/li>\n  <\/ul>\n  <ul>\n    <li>Unsere Studierenden verstehen verschiedene Sprachen.<\/li>\n  <\/ul>\n  <ul>\n    <li>Und unsere Studierenden kennen verschiedene Kulturen.<\/li>\n  <\/ul>\n  <p>\u00a0<\/p>\n  <p>An unserer Hochschule lernen die Studierenden verschiedene Sprachen.<\/p>\n  <p>Die Studierenden k\u00f6nnen diese Sprachen bei uns lernen:<\/p>\n  <ul>\n    <li>Spanisch<\/li>\n  <\/ul>\n  <ul>\n    <li>Franz\u00f6sisch<\/li>\n  <\/ul>\n  <ul>\n    <li>Russisch<\/li>\n  <\/ul>\n  <ul>\n    <li>Italienisch<\/li>\n  <\/ul>\n  <ul>\n    <li>Deutsch<\/li>\n  <\/ul>\n  <ul>\n    <li>und Englisch.<\/li>\n  <\/ul>\n  <p>\u00a0<\/p>\n  <p>Die Studierenden lernen:<\/p>\n  <ul>\n    <li>Das Sprechen und Schreiben in der Sprache.<\/li>\n  <\/ul>\n  <ul>\n    <li>Viele Dinge \u00fcber die verschiedenen L\u00e4nder kennen.<\/li>\n  <\/ul>\n  <p>Zum Beispiel das Essen.<\/p>\n  <p>Das Wetter.<\/p>\n  <p>Die Landschaft.<\/p>\n  <p>Oder die Politik<\/p>\n  <ul>\n    <li>Viele Dinge \u00fcber die Menschen in diesen L\u00e4ndern.<\/li>\n  <\/ul>\n  <p>\u00a0<\/p>\n  <p><strong>Wer hat diesen Text geschrieben?<\/strong><\/p>\n  <p>Roc\u00edo Bernab\u00e9 hat diesen Text geschrieben.<\/p>\n  <p>Roc\u00edo Bernab\u00e9 arbeitet an der Hochschule M\u00fcnchen.<\/p>\n  <p>Sie m\u00f6chten Roc\u00edo Bernab\u00e9 Fragen \u00fcber die Hochschule stellen?<\/p>\n  <p>Dann k\u00f6nnen Sie Roc\u00edo Bernab\u00e9 eine E-Mail schreiben.<\/p>\n  <p>Hier ist die E-Mail-Adresse von Roc\u00edo Bernab\u00e9:<\/p>\n  <p><a href=\"mailto:rocio.bernabe@sdi-muenchen.de\">rocio.bernabe@sdi-muenchen.de<\/a><\/p>\n  <p>\u00a0<\/p>\n  <p>Sie k\u00f6nnen auch die Internet\u2219seite von der Hochschule M\u00fcnchen besuchen.<\/p>\n  <p>Hier ist der Link zu der Internet\u2219seite:<\/p>\n  <p><a href=\"http:\/\/www.sdi-muenchen.de\/\">www.sdi-muenchen.de<\/a><\/p>\n  <p>&nbsp;<\/p>\n<\/div>\n","protected":false},"excerpt":{"rendered":"<p>Vorlesen &nbsp; SDI M\u00fcnchen Hochschule f\u00fcr angewandte Sprachen SDI M\u00fcnchen \u00a0 Wir sind das SDI M\u00fcnchen. SDI\u00a0ist die Abk\u00fcrzung f\u00fcr:\u00a0Sprachen und\u00a0Dolmetscher\u00a0Institut. Das SDI ist an der Hochschule f\u00fcr angewandte Sprachen in M\u00fcnchen. \u00a0\u00a0\u00a0\u00a0\u00a0\u00a0 M\u00fcnchen ist eine Stadt in Deutschland. \u00a0 An unserer Hochschule bilden wir Studierende in\u00a0Kommunikation\u00a0aus. Kommunikation hei\u00dft: In verschiedenen Sprachen sprechen und schreiben [&hellip;]<\/p>\n","protected":false},"author":20,"featured_media":0,"parent":0,"menu_order":0,"comment_status":"closed","ping_status":"closed","template":"","meta":{"footnotes":""},"class_list":["post-241","page","type-page","status-publish","hentry"],"_links":{"self":[{"href":"https:\/\/webs.uab.cat\/easit\/de\/wp-json\/wp\/v2\/pages\/241","targetHints":{"allow":["GET"]}}],"collection":[{"href":"https:\/\/webs.uab.cat\/easit\/de\/wp-json\/wp\/v2\/pages"}],"about":[{"href":"https:\/\/webs.uab.cat\/easit\/de\/wp-json\/wp\/v2\/types\/page"}],"author":[{"embeddable":true,"href":"https:\/\/webs.uab.cat\/easit\/de\/wp-json\/wp\/v2\/users\/20"}],"replies":[{"embeddable":true,"href":"https:\/\/webs.uab.cat\/easit\/de\/wp-json\/wp\/v2\/comments?post=241"}],"version-history":[{"count":1,"href":"https:\/\/webs.uab.cat\/easit\/de\/wp-json\/wp\/v2\/pages\/241\/revisions"}],"predecessor-version":[{"id":3939,"href":"https:\/\/webs.uab.cat\/easit\/de\/wp-json\/wp\/v2\/pages\/241\/revisions\/3939"}],"wp:attachment":[{"href":"https:\/\/webs.uab.cat\/easit\/de\/wp-json\/wp\/v2\/media?parent=241"}],"curies":[{"name":"wp","href":"https:\/\/api.w.org\/{rel}","templated":true}]}}