{"id":242,"date":"2018-09-25T08:35:58","date_gmt":"2018-09-25T08:35:58","guid":{"rendered":"https:\/\/webs.uab.cat\/easit\/stiftung-universitat-hildesheim-2\/"},"modified":"2024-05-16T07:38:27","modified_gmt":"2024-05-16T07:38:27","slug":"stiftung-universitat-hildesheim-2","status":"publish","type":"page","link":"https:\/\/webs.uab.cat\/easit\/de\/stiftung-universitat-hildesheim-2\/","title":{"rendered":"Stiftung Universit\u00e4t Hildesheim"},"content":{"rendered":"\n<script src=\"https:\/\/cdn-eu.readspeaker.com\/script\/10610\/webReader\/webReader.js?pids=wr\" type=\"text\/javascript\" id=\"rs_req_Init\"><\/script>\n\n<div class=\"rs_skip rsbtn rs_preserve\" id=\"readspeaker_button1\">\n  <a rel=\"nofollow\" class=\"rsbtn_play\" title=\"Um den Text anzuh&ouml;ren, verwenden Sie bitte ReadSpeaker webReader\" href=\"https:\/\/app-eu.readspeaker.com\/cgi-bin\/rsent?customerid=10610&amp;lang=de_de&amp;readid=READIDhildesheim1DE&amp;url=https:\/\/webs.uab.cat\/easit\/de\/stiftung-universitat-hildesheim-2\/\">\n        <span class=\"rsbtn_left rsimg rspart\"><span class=\"rsbtn_text\"><span>Vorlesen<\/span><\/span><\/span>\n        <span class=\"rsbtn_right rsimg rsplay rspart\"><\/span>\n    <\/a>\n<\/div><p>&nbsp;<\/p>\n<div id=\"READIDhildesheim1DE\">\n<p><strong>Stiftung Universit\u00e4t Hildesheim<\/strong><\/p>\n<p>Wir sind die SUH.<\/p>\n<p>SUH ist die Abk\u00fcrzung f\u00fcr:\u00a0<strong>S<\/strong>tiftung\u00a0<strong>U<\/strong>niversit\u00e4t\u00a0<strong>H<\/strong>ildesheim.<\/p>\n<p>Unsere Universit\u00e4t ist in Hildesheim.<\/p>\n<p>Hildesheim ist eine Stadt in Nord\u00b7deutschland.<\/p>\n<p>\u00a0<\/p>\n<p>Die SUH hat eine\u00a0<strong>Forschungs\u00b7stelle<\/strong>\u00a0<strong>Leichte Sprache<\/strong>.<\/p>\n<p>Eine\u00a0<strong>Forschungs\u00b7stelle<\/strong>\u00a0ist eine Gruppe von Personen.<\/p>\n<p>Diese Personen erforschen eine spezielle Sache.<\/p>\n<p>Die\u00a0<strong>Forschungs\u00b7stelle<\/strong>\u00a0an der SUH erforscht Leichte Sprache.<\/p>\n<p>\u00a0<\/p>\n<p><strong>Was macht die Forschungs\u00b7stelle?<\/strong><\/p>\n<p>Die Forschungsstelle hat viele verschiedene Aufgaben:<\/p>\n<ul>\n  <li>Die Forschungs\u00b7stelle erforscht Leichte Sprache in Deutschland.<\/li>\n<\/ul>\n<ul>\n  <li>Die Forschungs\u00b7stelle bildet \u00dcbersetzer f\u00fcr Leichte Sprache aus.<\/li>\n<\/ul>\n<p>Und die Forschungs\u00b7stelle erstellt Lehr\u2219materialien<\/p>\n<p>f\u00fcr diese Ausbildung.<\/p>\n<ul>\n  <li>Die Forschungs\u00b7stelle macht Leichte Sprache in Deutschland bekannt.<\/li>\n<\/ul>\n<ul>\n  <li>Die Forschungs\u00b7stelle macht Projekte \u00fcber Leichte Sprache.<\/li>\n<\/ul>\n<p>Daf\u00fcr arbeitet die Forschungs\u00b7stelle mit vielen Partnern in Deutschland zusammen.<\/p>\n<p>\u00a0<\/p>\n<p>Die SUH ist ein Partner im EASIT-Projekt.<\/p>\n<p>2 Mitarbeiter von der SUH arbeiten im EASIT-Projekt mit:<\/p>\n<ul>\n  <li>Das sind Christiane Maa\u00df.<\/li>\n<\/ul>\n<p>Christiane Maa\u00df ist die Chefin von der Forschungs\u00b7stelle Leichte\u00a0Sprache.<\/p>\n<ul>\n  <li>Und\u00a0Sergio Hern\u00e1ndez.<\/li>\n<\/ul>\n<p>Sergio Hern\u00e1ndez ist ein Mitarbeiter in der Forschungs\u00b7stelle Leichte Sprache.<\/p>\n<p>\u00a0<\/p>\n<p><strong>Wer hat diesen Text geschrieben?<\/strong><\/p>\n<p>Sergio Hern\u00e1ndez hat diesen Text geschrieben.<\/p>\n<p>Sergio Hern\u00e1ndez arbeitet an der SUH.<\/p>\n<p>Sie m\u00f6chten Sergio Hern\u00e1ndez eine Frage zur Forschungs\u00b7stelle Leichte Sprache oder zur SUH stellen?<\/p>\n<p>Dann k\u00f6nnen Sie Sergio Hern\u00e1ndez eine E-Mail schreiben.<\/p>\n<p>Hier ist die E-Mail-Adresse von Sergio Hern\u00e1ndez:<\/p>\n<p><a href=\"mailto:hernande@uni-hildesheim.de\">hernande@uni-hildesheim.de<\/a><\/p>\n<\/div>\n","protected":false},"excerpt":{"rendered":"<p>Vorlesen &nbsp; Stiftung Universit\u00e4t Hildesheim Wir sind die SUH. SUH ist die Abk\u00fcrzung f\u00fcr:\u00a0Stiftung\u00a0Universit\u00e4t\u00a0Hildesheim. Unsere Universit\u00e4t ist in Hildesheim. Hildesheim ist eine Stadt in Nord\u00b7deutschland. \u00a0 Die SUH hat eine\u00a0Forschungs\u00b7stelle\u00a0Leichte Sprache. Eine\u00a0Forschungs\u00b7stelle\u00a0ist eine Gruppe von Personen. Diese Personen erforschen eine spezielle Sache. Die\u00a0Forschungs\u00b7stelle\u00a0an der SUH erforscht Leichte Sprache. \u00a0 Was macht die Forschungs\u00b7stelle? Die Forschungsstelle [&hellip;]<\/p>\n","protected":false},"author":20,"featured_media":0,"parent":0,"menu_order":0,"comment_status":"closed","ping_status":"closed","template":"","meta":{"footnotes":""},"class_list":["post-242","page","type-page","status-publish","hentry"],"_links":{"self":[{"href":"https:\/\/webs.uab.cat\/easit\/de\/wp-json\/wp\/v2\/pages\/242","targetHints":{"allow":["GET"]}}],"collection":[{"href":"https:\/\/webs.uab.cat\/easit\/de\/wp-json\/wp\/v2\/pages"}],"about":[{"href":"https:\/\/webs.uab.cat\/easit\/de\/wp-json\/wp\/v2\/types\/page"}],"author":[{"embeddable":true,"href":"https:\/\/webs.uab.cat\/easit\/de\/wp-json\/wp\/v2\/users\/20"}],"replies":[{"embeddable":true,"href":"https:\/\/webs.uab.cat\/easit\/de\/wp-json\/wp\/v2\/comments?post=242"}],"version-history":[{"count":1,"href":"https:\/\/webs.uab.cat\/easit\/de\/wp-json\/wp\/v2\/pages\/242\/revisions"}],"predecessor-version":[{"id":3940,"href":"https:\/\/webs.uab.cat\/easit\/de\/wp-json\/wp\/v2\/pages\/242\/revisions\/3940"}],"wp:attachment":[{"href":"https:\/\/webs.uab.cat\/easit\/de\/wp-json\/wp\/v2\/media?parent=242"}],"curies":[{"name":"wp","href":"https:\/\/api.w.org\/{rel}","templated":true}]}}