{"id":247,"date":"2018-09-03T15:16:19","date_gmt":"2018-09-03T15:16:19","guid":{"rendered":"https:\/\/webs.uab.cat\/easit\/ergebnisse\/"},"modified":"2024-06-25T09:04:05","modified_gmt":"2024-06-25T09:04:05","slug":"ergebnisse","status":"publish","type":"page","link":"https:\/\/webs.uab.cat\/easit\/de\/ergebnisse\/","title":{"rendered":"Ergebnisse"},"content":{"rendered":"\n<script src=\"https:\/\/cdn-eu.readspeaker.com\/script\/10610\/webReader\/webReader.js?pids=wr\" type=\"text\/javascript\" id=\"rs_req_Init\"><\/script>\n\n<div class=\"rs_skip rsbtn rs_preserve\" id=\"readspeaker_button1\">\n  <a rel=\"nofollow\" class=\"rsbtn_play\" title=\"Um den Text anzuh&ouml;ren, verwenden Sie bitte ReadSpeaker webReader\" href=\"https:\/\/app-eu.readspeaker.com\/cgi-bin\/rsent?customerid=10610&amp;lang=de_de&amp;readid=READIDergebnisseDE&amp;url=https:\/\/webs.uab.cat\/easit\/de\/ergebnisse\/\">\n        <span class=\"rsbtn_left rsimg rspart\"><span class=\"rsbtn_text\"><span>Vorlesen<\/span><\/span><\/span>\n        <span class=\"rsbtn_right rsimg rsplay rspart\"><\/span>\n    <\/a>\n<\/div><p>&nbsp;<\/p>\n<div id=\"READIDergebnisseDE\">\n<p>Das EASIT-Projekt bringt Ergebnisse.<\/p>\n<p>Die Ergebnisse nennen wir\u00a0<strong>Outputs<\/strong>.<\/p>\n<p>Diese Outputs sind sehr wichtig f\u00fcr das Projekt.<\/p>\n<p>Outputs k\u00f6nnen verschiedene Dinge sein.<\/p>\n<p>&nbsp;<\/p>\n<p>Zum Beispiel geh\u00f6ren dazu:<\/p>\n<ul>\n  <li>Texte<\/li>\n<\/ul>\n<ul>\n  <li>Videos<\/li>\n<\/ul>\n<ul>\n  <li>Oder Lern\u00b7materialien.<\/li>\n<\/ul>\n<p>\u00a0<\/p>\n<p>Die Partner im EASIT-Projekt erstellen die Outputs.<\/p>\n<p>Jeder kann die Outputs nutzen.<\/p>\n<p>Die Outputs sind frei zug\u00e4nglich.<\/p>\n<p>Und die Outputs kosten\u00a0<strong>nichts<\/strong>.<\/p>\n<p>\u00a0<\/p>\n<p>Es gibt 6 Outputs im EASIT-Projekt:<\/p>\n<ul>\n  <li><a href=\"http:\/\/webs.uab.cat\/easit\/de\/content\/output-1\">\u00dcbungen\u00a0<\/a><\/li>\n<\/ul>\n<ul>\n  <li><a href=\"http:\/\/webs.uab.cat\/easit\/de\/content\/output-2\">Empfehlungen f\u00fcr audio\u00b7visuelle Informationen.<\/a><\/li>\n<\/ul>\n<ul>\n  <li><a href=\"http:\/\/webs.uab.cat\/easit\/de\/content\/output-3\">Was Experten wissen m\u00fcssen<\/a><\/li>\n<\/ul>\n<ul>\n  <li><a href=\"http:\/\/webs.uab.cat\/easit\/de\/content\/output-4\">Was Experten lernen m\u00fcssen<\/a><\/li>\n<\/ul>\n<ul>\n  <li><a href=\"http:\/\/webs.uab.cat\/easit\/de\/content\/output-5\">Lehr\u00b7materialien<\/a><\/li>\n<\/ul>\n<ul>\n  <li><a href=\"http:\/\/webs.uab.cat\/easit\/de\/content\/output-6\">Zertifizierung<\/a><\/li>\n<\/ul>\n<\/div>\n","protected":false},"excerpt":{"rendered":"<p>Vorlesen &nbsp; Das EASIT-Projekt bringt Ergebnisse. Die Ergebnisse nennen wir\u00a0Outputs. Diese Outputs sind sehr wichtig f\u00fcr das Projekt. Outputs k\u00f6nnen verschiedene Dinge sein. &nbsp; Zum Beispiel geh\u00f6ren dazu: Texte Videos Oder Lern\u00b7materialien. \u00a0 Die Partner im EASIT-Projekt erstellen die Outputs. Jeder kann die Outputs nutzen. Die Outputs sind frei zug\u00e4nglich. Und die Outputs kosten\u00a0nichts. \u00a0 [&hellip;]<\/p>\n","protected":false},"author":20,"featured_media":0,"parent":0,"menu_order":0,"comment_status":"closed","ping_status":"closed","template":"","meta":{"footnotes":""},"class_list":["post-247","page","type-page","status-publish","hentry"],"_links":{"self":[{"href":"https:\/\/webs.uab.cat\/easit\/de\/wp-json\/wp\/v2\/pages\/247","targetHints":{"allow":["GET"]}}],"collection":[{"href":"https:\/\/webs.uab.cat\/easit\/de\/wp-json\/wp\/v2\/pages"}],"about":[{"href":"https:\/\/webs.uab.cat\/easit\/de\/wp-json\/wp\/v2\/types\/page"}],"author":[{"embeddable":true,"href":"https:\/\/webs.uab.cat\/easit\/de\/wp-json\/wp\/v2\/users\/20"}],"replies":[{"embeddable":true,"href":"https:\/\/webs.uab.cat\/easit\/de\/wp-json\/wp\/v2\/comments?post=247"}],"version-history":[{"count":2,"href":"https:\/\/webs.uab.cat\/easit\/de\/wp-json\/wp\/v2\/pages\/247\/revisions"}],"predecessor-version":[{"id":4213,"href":"https:\/\/webs.uab.cat\/easit\/de\/wp-json\/wp\/v2\/pages\/247\/revisions\/4213"}],"wp:attachment":[{"href":"https:\/\/webs.uab.cat\/easit\/de\/wp-json\/wp\/v2\/media?parent=247"}],"curies":[{"name":"wp","href":"https:\/\/api.w.org\/{rel}","templated":true}]}}