{"id":248,"date":"2018-09-25T08:42:20","date_gmt":"2018-09-25T08:42:20","guid":{"rendered":"https:\/\/webs.uab.cat\/easit\/output-1\/"},"modified":"2024-06-25T09:05:11","modified_gmt":"2024-06-25T09:05:11","slug":"output-1","status":"publish","type":"page","link":"https:\/\/webs.uab.cat\/easit\/de\/output-1\/","title":{"rendered":"Output 1"},"content":{"rendered":"\n<script src=\"https:\/\/cdn-eu.readspeaker.com\/script\/10610\/webReader\/webReader.js?pids=wr\" type=\"text\/javascript\" id=\"rs_req_Init\"><\/script>\n\n<div class=\"rs_skip rsbtn rs_preserve\" id=\"readspeaker_button1\">\n  <a rel=\"nofollow\" class=\"rsbtn_play\" title=\"Um den Text anzuh&ouml;ren, verwenden Sie bitte ReadSpeaker webReader\" href=\"https:\/\/app-eu.readspeaker.com\/cgi-bin\/rsent?customerid=10610&amp;lang=de_de&amp;readid=READIDoutput1DE&amp;url=https:\/\/webs.uab.cat\/easit\/de\/output-1\/\">\n        <span class=\"rsbtn_left rsimg rspart\"><span class=\"rsbtn_text\"><span>Vorlesen<\/span><\/span><\/span>\n        <span class=\"rsbtn_right rsimg rsplay rspart\"><\/span>\n    <\/a>\n<\/div><p>&nbsp;<\/p>\n<div id=\"READIDoutput1DE\">\n<p>Sie m\u00f6chten den Output 1 herunterladen?<\/p>\n<p>Dann klicken Sie\u00a0<strong><u><a href=\"https:\/\/ddd.uab.cat\/record\/203967\">hier<\/a><\/u><\/strong>.<\/p>\n<p>\u00a0<\/p>\n<p>Hauptzielgruppe:<\/p>\n<p>Experten aus Wissenschaft und Praxis,<\/p>\n<p>die im Bereich der Erstellung<\/p>\n<p>und Erforschung von Inhalten<\/p>\n<p>in verst\u00e4ndlicher Sprache t\u00e4tig sind.<\/p>\n<p>\u00a0<\/p>\n<p><br>\n  <a href=\"https:\/\/webs.uab.cat\/easit\/wp-content\/uploads\/sites\/159\/2022\/09\/easit-website-output_1-de.mp3\"><img loading=\"lazy\" decoding=\"async\" alt=\"MP3 Downloaden\" height=\"60\" src=\"https:\/\/webs.uab.cat\/easit\/wp-content\/uploads\/sites\/159\/2018\/09\/file-music-download-audio-mp3-sound-44525_1-e1662452321417.png\" width=\"60\" srcset=\"https:\/\/webs.uab.cat\/easit\/wp-content\/uploads\/sites\/159\/2018\/09\/file-music-download-audio-mp3-sound-44525_1-e1662452321417.png 256w, https:\/\/webs.uab.cat\/easit\/wp-content\/uploads\/sites\/159\/2018\/09\/file-music-download-audio-mp3-sound-44525_1-150x150.png 150w\" sizes=\"auto, (max-width: 60px) 100vw, 60px\"><\/a><\/p>\n<p>\u00a0<\/p>\n<p><strong>Output 1. \u00dcbung und Ausbildung<\/strong><\/p>\n<p>Informationen sollen leicht verst\u00e4ndlich sein.<\/p>\n<p>F\u00fcr diese Aufgabe brauchen wir ausgebildete Experten.<\/p>\n<p>Bis jetzt gibt es nur wenige Ausbildungen f\u00fcr diesen Beruf.<\/p>\n<p>Aber die Ausbildung ist wichtig.<\/p>\n<p>\u00a0<\/p>\n<p>Wir m\u00f6chten mehr \u00fcber die Ausbildung in verschiedenen europ\u00e4ischen L\u00e4ndern wissen.<\/p>\n<p>Und wir m\u00f6chten mehr \u00fcber die \u00dcbung in verschiedenen europ\u00e4ischen L\u00e4ndern wissen.<\/p>\n<p>Deshalb werden wir mit verschiedenen Personen sprechen.<\/p>\n<p>Diese Personen:<\/p>\n<ul>\n  <li>erstellen Informationen in Leichter Sprache.<\/li>\n<\/ul>\n<ul>\n  <li>\u00dcbersetzen Informationen.<\/li>\n<\/ul>\n<p>Oder passen Informationen an.<\/p>\n<ul>\n  <li>Pr\u00fcfen Texte in Leichter Sprache.<\/li>\n<\/ul>\n<ul>\n  <li>Unterrichten andere zum Thema Leichte Sprache<\/li>\n<\/ul>\n<p>\u00a0<\/p>\n<p>Die Ergebnisse werden wir sammeln und aufschreiben.<\/p>\n<p>Die Ergebnisse werden in vielen Bereichen sehr n\u00fctzlich sein.<\/p>\n<p>\u00a0<\/p>\n<p>Sie m\u00f6chten mehr \u00fcber die Ergebnisse wissen?<\/p>\n<p>Dann k\u00f6nnen Sie Elisa Perego fragen.<\/p>\n<p>Elisa Perego hat diesen Text geschrieben.<\/p>\n<p>Elisa Perego ist f\u00fcr die Sammlung von den Ergebnissen verantwortlich.<\/p>\n<p>Hier ist die E-Mail-Adresse von Elisa Perego:<\/p>\n<p><u><strong><a href=\"mailto:eperego@units.it\">eperego@units.it<\/a><\/strong><\/u><\/p>\n<\/div>\n","protected":false},"excerpt":{"rendered":"<p>Vorlesen &nbsp; Sie m\u00f6chten den Output 1 herunterladen? Dann klicken Sie\u00a0hier. \u00a0 Hauptzielgruppe: Experten aus Wissenschaft und Praxis, die im Bereich der Erstellung und Erforschung von Inhalten in verst\u00e4ndlicher Sprache t\u00e4tig sind. \u00a0 \u00a0 Output 1. \u00dcbung und Ausbildung Informationen sollen leicht verst\u00e4ndlich sein. F\u00fcr diese Aufgabe brauchen wir ausgebildete Experten. Bis jetzt gibt es [&hellip;]<\/p>\n","protected":false},"author":20,"featured_media":0,"parent":0,"menu_order":0,"comment_status":"closed","ping_status":"closed","template":"","meta":{"footnotes":""},"class_list":["post-248","page","type-page","status-publish","hentry"],"_links":{"self":[{"href":"https:\/\/webs.uab.cat\/easit\/de\/wp-json\/wp\/v2\/pages\/248","targetHints":{"allow":["GET"]}}],"collection":[{"href":"https:\/\/webs.uab.cat\/easit\/de\/wp-json\/wp\/v2\/pages"}],"about":[{"href":"https:\/\/webs.uab.cat\/easit\/de\/wp-json\/wp\/v2\/types\/page"}],"author":[{"embeddable":true,"href":"https:\/\/webs.uab.cat\/easit\/de\/wp-json\/wp\/v2\/users\/20"}],"replies":[{"embeddable":true,"href":"https:\/\/webs.uab.cat\/easit\/de\/wp-json\/wp\/v2\/comments?post=248"}],"version-history":[{"count":3,"href":"https:\/\/webs.uab.cat\/easit\/de\/wp-json\/wp\/v2\/pages\/248\/revisions"}],"predecessor-version":[{"id":4214,"href":"https:\/\/webs.uab.cat\/easit\/de\/wp-json\/wp\/v2\/pages\/248\/revisions\/4214"}],"wp:attachment":[{"href":"https:\/\/webs.uab.cat\/easit\/de\/wp-json\/wp\/v2\/media?parent=248"}],"curies":[{"name":"wp","href":"https:\/\/api.w.org\/{rel}","templated":true}]}}