{"id":249,"date":"2018-09-25T08:42:29","date_gmt":"2018-09-25T08:42:29","guid":{"rendered":"https:\/\/webs.uab.cat\/easit\/output-2\/"},"modified":"2024-06-25T09:05:59","modified_gmt":"2024-06-25T09:05:59","slug":"output-2","status":"publish","type":"page","link":"https:\/\/webs.uab.cat\/easit\/de\/output-2\/","title":{"rendered":"Output 2"},"content":{"rendered":"\n<script src=\"https:\/\/cdn-eu.readspeaker.com\/script\/10610\/webReader\/webReader.js?pids=wr\" type=\"text\/javascript\" id=\"rs_req_Init\"><\/script>\n\n<div class=\"rs_skip rsbtn rs_preserve\" id=\"readspeaker_button1\">\n  <a rel=\"nofollow\" class=\"rsbtn_play\" title=\"Um den Text anzuh&ouml;ren, verwenden Sie bitte ReadSpeaker webReader\" href=\"https:\/\/app-eu.readspeaker.com\/cgi-bin\/rsent?customerid=10610&amp;lang=de_de&amp;readid=READIDoutput2DE&amp;url=https:\/\/webs.uab.cat\/easit\/de\/output-2\/\">\n        <span class=\"rsbtn_left rsimg rspart\"><span class=\"rsbtn_text\"><span>Vorlesen<\/span><\/span><\/span>\n        <span class=\"rsbtn_right rsimg rsplay rspart\"><\/span>\n    <\/a>\n<\/div><p>&nbsp;<\/p>\n<div id=\"READIDoutput2DE\">\n<p>Sie m\u00f6chten den Output 2 herunterladen?<\/p>\n<p>Dann klicken Sie\u00a0<strong><u><a href=\"https:\/\/ddd.uab.cat\/record\/204739\">hier<\/a><\/u><\/strong>.\u00a0<\/p>\n<p>\u00a0<\/p>\n<p>Hauptzielgruppe:<\/p>\n<p>Experten aus Wissenschaft und Praxis,<\/p>\n<p>die im Bereich der Erstellung<\/p>\n<p>und Erforschung von Inhalten<\/p>\n<p>in verst\u00e4ndlicher Sprache t\u00e4tig sind.<\/p>\n<p><br>\n  <a href=\"https:\/\/webs.uab.cat\/easit\/wp-content\/uploads\/sites\/159\/2022\/09\/easit-website-output_2-de.mp3\"><img loading=\"lazy\" decoding=\"async\" alt=\"MP3 Downloaden\" height=\"31\" src=\"https:\/\/webs.uab.cat\/easit\/wp-content\/uploads\/sites\/159\/2018\/09\/file-music-download-audio-mp3-sound-44525_1-e1662452321417.png\" width=\"31\" srcset=\"https:\/\/webs.uab.cat\/easit\/wp-content\/uploads\/sites\/159\/2018\/09\/file-music-download-audio-mp3-sound-44525_1-e1662452321417.png 256w, https:\/\/webs.uab.cat\/easit\/wp-content\/uploads\/sites\/159\/2018\/09\/file-music-download-audio-mp3-sound-44525_1-150x150.png 150w\" sizes=\"auto, (max-width: 60px) 100vw, 60px\"><\/a><\/p>\n<p>&nbsp;<\/p>\n<p><strong>Output 2. Empfehlungen f\u00fcr audio\u00b7visuelle Informationen<\/strong><\/p>\n<p>\u00a0<\/p>\n<p><strong>Empfehlungen<\/strong>\u00a0sind eine Liste mit Tipps.<\/p>\n<p>Empfehlungen helfen Personen dabei:<\/p>\n<ul>\n  <li>Dinge einheitlich zu machen.<\/li>\n<\/ul>\n<ul>\n  <li>Dinge richtig zu erledigen.<\/li>\n<\/ul>\n<p>Manchmal sind Empfehlungen schwer verst\u00e4ndlich.<\/p>\n<p>Deshalb brauchen manche Personen beim ersten Lesen Hilfe von einer anderen Person.<\/p>\n<p>\u00a0<\/p>\n<p>Bestimmte Personen erstellen Empfehlungen.<\/p>\n<p>Diese Personen hei\u00dfen\u00a0<strong>Experten<\/strong>.<\/p>\n<p>Experten wissen sehr viel \u00fcber ein Thema.<\/p>\n<p>Die Experten wissen zum Beispiel:<\/p>\n<p>Wie mache ich Informationen leicht verst\u00e4ndlich?<\/p>\n<p>\u00a0<\/p>\n<p>Wir sprechen mit diesen Experten.<\/p>\n<p>Wir m\u00f6chten n\u00e4mlich wissen:<\/p>\n<p>Wie k\u00f6nnen wir audio\u00b7visuelle Informationen leicht verst\u00e4ndlich machen?<\/p>\n<p><strong>Audio\u00b7visuelle Informationen\u00a0<\/strong>haben Bild und Ton.<\/p>\n<p>Audio\u00b7visuelle Informationen sind zum Beispiel Sendungen im Fernsehen.<\/p>\n<p>Oder Videos auf YouTube.<\/p>\n<p>Dann erstellen wir Empfehlungen.<\/p>\n<p>Mit diesen Empfehlungen k\u00f6nnen Personen audio\u00b7visuelle Informationen leicht verst\u00e4ndlich machen.<\/p>\n<p>Und dann kann jeder diese Empfehlungen benutzen.<\/p>\n<p>\u00a0<\/p>\n<p>Sie m\u00f6chten mehr \u00fcber die Empfehlungen wissen?<\/p>\n<p>Dann k\u00f6nnen Sie Roc\u00edo Bernab\u00e9 fragen.<\/p>\n<p>Roc\u00edo Bernab\u00e9 hat diesen Text geschrieben.<\/p>\n<p>Und Roc\u00edo Bernab\u00e9 ist verantwortlich f\u00fcr Output 2.<\/p>\n<p>Hier ist die E-Mail-Adresse von Roc\u00edo Bernab\u00e9:<\/p>\n<p><u><strong><a href=\"mailto:Rocio.Bernabe@sdi-muenchen.de\">Rocio.Bernabe@sdi-muenchen.de<\/a><\/strong><\/u><\/p>\n<\/div>\n","protected":false},"excerpt":{"rendered":"<p>Vorlesen &nbsp; Sie m\u00f6chten den Output 2 herunterladen? Dann klicken Sie\u00a0hier.\u00a0 \u00a0 Hauptzielgruppe: Experten aus Wissenschaft und Praxis, die im Bereich der Erstellung und Erforschung von Inhalten in verst\u00e4ndlicher Sprache t\u00e4tig sind. &nbsp; Output 2. Empfehlungen f\u00fcr audio\u00b7visuelle Informationen \u00a0 Empfehlungen\u00a0sind eine Liste mit Tipps. Empfehlungen helfen Personen dabei: Dinge einheitlich zu machen. Dinge richtig [&hellip;]<\/p>\n","protected":false},"author":20,"featured_media":0,"parent":0,"menu_order":0,"comment_status":"closed","ping_status":"closed","template":"","meta":{"footnotes":""},"class_list":["post-249","page","type-page","status-publish","hentry"],"_links":{"self":[{"href":"https:\/\/webs.uab.cat\/easit\/de\/wp-json\/wp\/v2\/pages\/249","targetHints":{"allow":["GET"]}}],"collection":[{"href":"https:\/\/webs.uab.cat\/easit\/de\/wp-json\/wp\/v2\/pages"}],"about":[{"href":"https:\/\/webs.uab.cat\/easit\/de\/wp-json\/wp\/v2\/types\/page"}],"author":[{"embeddable":true,"href":"https:\/\/webs.uab.cat\/easit\/de\/wp-json\/wp\/v2\/users\/20"}],"replies":[{"embeddable":true,"href":"https:\/\/webs.uab.cat\/easit\/de\/wp-json\/wp\/v2\/comments?post=249"}],"version-history":[{"count":4,"href":"https:\/\/webs.uab.cat\/easit\/de\/wp-json\/wp\/v2\/pages\/249\/revisions"}],"predecessor-version":[{"id":4215,"href":"https:\/\/webs.uab.cat\/easit\/de\/wp-json\/wp\/v2\/pages\/249\/revisions\/4215"}],"wp:attachment":[{"href":"https:\/\/webs.uab.cat\/easit\/de\/wp-json\/wp\/v2\/media?parent=249"}],"curies":[{"name":"wp","href":"https:\/\/api.w.org\/{rel}","templated":true}]}}