{"id":252,"date":"2018-09-25T08:42:53","date_gmt":"2018-09-25T08:42:53","guid":{"rendered":"https:\/\/webs.uab.cat\/easit\/output-5\/"},"modified":"2024-06-25T09:07:45","modified_gmt":"2024-06-25T09:07:45","slug":"output-5","status":"publish","type":"page","link":"https:\/\/webs.uab.cat\/easit\/de\/output-5\/","title":{"rendered":"Output 5"},"content":{"rendered":"\n<script src=\"https:\/\/cdn-eu.readspeaker.com\/script\/10610\/webReader\/webReader.js?pids=wr\" type=\"text\/javascript\" id=\"rs_req_Init\"><\/script>\n\n<div class=\"rs_skip rsbtn rs_preserve\" id=\"readspeaker_button1\">\n  <a rel=\"nofollow\" class=\"rsbtn_play\" title=\"Um den Text anzuh&ouml;ren, verwenden Sie bitte ReadSpeaker webReader\" href=\"https:\/\/app-eu.readspeaker.com\/cgi-bin\/rsent?customerid=10610&amp;lang=de_de&amp;readid=READIDoutput5DE&amp;url=https:\/\/webs.uab.cat\/easit\/de\/output-5\/\">\n        <span class=\"rsbtn_left rsimg rspart\"><span class=\"rsbtn_text\"><span>Vorlesen<\/span><\/span><\/span>\n        <span class=\"rsbtn_right rsimg rsplay rspart\"><\/span>\n    <\/a>\n<\/div><p>&nbsp;<\/p>\n<div id=\"READIDoutput5DE\">\n<p>Sie m\u00f6chten den Output 5\u00a0herunterladen?<\/p>\n<p>Dann klicken Sie\u00a0<strong><u><a href=\"https:\/\/ddd.uab.cat\/record\/248286\">hier<\/a><\/u><\/strong>.<\/p>\n<p>\u00a0<\/p>\n<p>Hauptzielgruppe: Lehrkr\u00e4fte.<\/p>\n<p>Lehrmaterialien k\u00f6nnen aber auch<\/p>\n<p>f\u00fcr Experten und Autodidakten<\/p>\n<p>relevant sein.<\/p>\n<p><br>\n  <a href=\"https:\/\/webs.uab.cat\/easit\/wp-content\/uploads\/sites\/159\/2022\/09\/easit-website-output_5-de.mp3\"><img loading=\"lazy\" decoding=\"async\" alt=\"MP3 Downloaden\" height=\"26\" src=\"https:\/\/webs.uab.cat\/easit\/wp-content\/uploads\/sites\/159\/2018\/09\/file-music-download-audio-mp3-sound-44525_1-e1662452321417.png\" width=\"25\" srcset=\"https:\/\/webs.uab.cat\/easit\/wp-content\/uploads\/sites\/159\/2018\/09\/file-music-download-audio-mp3-sound-44525_1-e1662452321417.png 256w, https:\/\/webs.uab.cat\/easit\/wp-content\/uploads\/sites\/159\/2018\/09\/file-music-download-audio-mp3-sound-44525_1-150x150.png 150w\" sizes=\"auto, (max-width: 60px) 100vw, 60px\"><\/a><\/p>\n<p>&nbsp;<\/p>\n<p><strong>Output 5.\u00a0<\/strong><strong>Lehr\u00b7materialien.<\/strong><\/p>\n<p>\u00a0<\/p>\n<p>EASIT macht\u00a0<strong>Lehr\u00b7materialien<\/strong>.<\/p>\n<p>Lehr\u2219materialien k\u00f6nnen zum Beispiel Videos sein.<\/p>\n<p>Oder Texte.<\/p>\n<p>Die Lehr\u00b7materialien erkl\u00e4ren:<\/p>\n<ul>\n  <li>So schreibt man in Leichter Sprache.<\/li>\n<\/ul>\n<ul>\n  <li>Und so passt man leichte Inhalte an verschiedene Bed\u00fcrfnisse an.<\/li>\n<\/ul>\n<p>\u00a0<\/p>\n<p>Die Lehr\u00b7materialien werden in verschiedenen Sprachen sein.<\/p>\n<p>Zum Beispiel in:<\/p>\n<ul>\n  <li>Katalanisch.<\/li>\n<\/ul>\n<ul>\n  <li>Englisch.<\/li>\n<\/ul>\n<ul>\n  <li>Italienisch.<\/li>\n<\/ul>\n<ul>\n  <li>Galicisch.<\/li>\n<\/ul>\n<ul>\n  <li>Deutsch.<\/li>\n<\/ul>\n<ul>\n  <li>Spanisch.<\/li>\n<\/ul>\n<ul>\n  <li>Slowenisch.<\/li>\n<\/ul>\n<ul>\n  <li>Und Schwedisch.<\/li>\n<\/ul>\n<p>Die Lehr\u00b7materialien werden frei zug\u00e4nglich sein.<\/p>\n<p>Und die Lehr\u2219materialien werden\u00a0<strong>nichts<\/strong>\u00a0kosten.<\/p>\n<p>So kann jeder die Lehr\u00b7materialien nutzen.<\/p>\n<p>Zum Beispiel:<\/p>\n<ul>\n  <li>Im Unterricht an der Universit\u00e4t.<\/li>\n<\/ul>\n<ul>\n  <li>In der Arbeit von einem Verband.<\/li>\n<\/ul>\n<ul>\n  <li>Oder zu Hause.<\/li>\n<\/ul>\n<p>\u00a0<\/p>\n<p>Sie m\u00f6chten mehr \u00fcber die Lehr\u00b7materialien wissen?<\/p>\n<p>Dann k\u00f6nnen Sie Anna Matamala fragen.<\/p>\n<p>Anna Matamala hat diesen Text geschrieben.<\/p>\n<p>Und Anna Matamala ist verantwortlich f\u00fcr die Lehr\u00b7materialien.<\/p>\n<p>Hier ist die E-Mail-Adresse von Anna Matamala:<\/p>\n<p><strong><u><a href=\"mailto:anna.matamala@uab.cat\">anna.matamala@uab.cat<\/a><\/u><\/strong><\/p>\n<\/div>\n","protected":false},"excerpt":{"rendered":"<p>Vorlesen &nbsp; Sie m\u00f6chten den Output 5\u00a0herunterladen? Dann klicken Sie\u00a0hier. \u00a0 Hauptzielgruppe: Lehrkr\u00e4fte. Lehrmaterialien k\u00f6nnen aber auch f\u00fcr Experten und Autodidakten relevant sein. &nbsp; Output 5.\u00a0Lehr\u00b7materialien. \u00a0 EASIT macht\u00a0Lehr\u00b7materialien. Lehr\u2219materialien k\u00f6nnen zum Beispiel Videos sein. Oder Texte. Die Lehr\u00b7materialien erkl\u00e4ren: So schreibt man in Leichter Sprache. Und so passt man leichte Inhalte an verschiedene Bed\u00fcrfnisse [&hellip;]<\/p>\n","protected":false},"author":20,"featured_media":0,"parent":0,"menu_order":0,"comment_status":"closed","ping_status":"closed","template":"","meta":{"footnotes":""},"class_list":["post-252","page","type-page","status-publish","hentry"],"_links":{"self":[{"href":"https:\/\/webs.uab.cat\/easit\/de\/wp-json\/wp\/v2\/pages\/252","targetHints":{"allow":["GET"]}}],"collection":[{"href":"https:\/\/webs.uab.cat\/easit\/de\/wp-json\/wp\/v2\/pages"}],"about":[{"href":"https:\/\/webs.uab.cat\/easit\/de\/wp-json\/wp\/v2\/types\/page"}],"author":[{"embeddable":true,"href":"https:\/\/webs.uab.cat\/easit\/de\/wp-json\/wp\/v2\/users\/20"}],"replies":[{"embeddable":true,"href":"https:\/\/webs.uab.cat\/easit\/de\/wp-json\/wp\/v2\/comments?post=252"}],"version-history":[{"count":4,"href":"https:\/\/webs.uab.cat\/easit\/de\/wp-json\/wp\/v2\/pages\/252\/revisions"}],"predecessor-version":[{"id":4218,"href":"https:\/\/webs.uab.cat\/easit\/de\/wp-json\/wp\/v2\/pages\/252\/revisions\/4218"}],"wp:attachment":[{"href":"https:\/\/webs.uab.cat\/easit\/de\/wp-json\/wp\/v2\/media?parent=252"}],"curies":[{"name":"wp","href":"https:\/\/api.w.org\/{rel}","templated":true}]}}