{"id":253,"date":"2018-09-25T08:42:59","date_gmt":"2018-09-25T08:42:59","guid":{"rendered":"https:\/\/webs.uab.cat\/easit\/output-6\/"},"modified":"2024-06-25T09:08:15","modified_gmt":"2024-06-25T09:08:15","slug":"output-6","status":"publish","type":"page","link":"https:\/\/webs.uab.cat\/easit\/de\/output-6\/","title":{"rendered":"Output 6"},"content":{"rendered":"\n<script src=\"https:\/\/cdn-eu.readspeaker.com\/script\/10610\/webReader\/webReader.js?pids=wr\" type=\"text\/javascript\" id=\"rs_req_Init\"><\/script>\n\n<div class=\"rs_skip rsbtn rs_preserve\" id=\"readspeaker_button1\">\n  <a rel=\"nofollow\" class=\"rsbtn_play\" title=\"Um den Text anzuh&ouml;ren, verwenden Sie bitte ReadSpeaker webReader\" href=\"https:\/\/app-eu.readspeaker.com\/cgi-bin\/rsent?customerid=10610&amp;lang=de_de&amp;readid=READIDoutput6DE&amp;url=https:\/\/webs.uab.cat\/easit\/de\/output-6\/\">\n        <span class=\"rsbtn_left rsimg rspart\"><span class=\"rsbtn_text\"><span>Vorlesen<\/span><\/span><\/span>\n        <span class=\"rsbtn_right rsimg rsplay rspart\"><\/span>\n    <\/a>\n<\/div><p>&nbsp;<\/p>\n<div id=\"READIDoutput6DE\">\n<p>Sie m\u00f6chten den Output 6 herunterladen?<\/p>\n<p>Dann klicken Sie\u00a0<strong><u><a href=\"http:\/\/ddd.uab.cat\/record\/248864\">hier<\/a><\/u><\/strong>.<\/p>\n<p>\u00a0<\/p>\n<p>Hauptzielgruppe:<\/p>\n<p>Alle Personen,\u00a0die sich<\/p>\n<p>f\u00fcr eine zertifizierte Weiterbildung interessieren.<\/p>\n<p><br>\n  <a href=\"https:\/\/webs.uab.cat\/easit\/wp-content\/uploads\/sites\/159\/2022\/09\/easit-website-output_6-de.mp3\"><img loading=\"lazy\" decoding=\"async\" alt=\"MP3 Downloaden\" height=\"25\" src=\"https:\/\/webs.uab.cat\/easit\/wp-content\/uploads\/sites\/159\/2018\/09\/file-music-download-audio-mp3-sound-44525_1-e1662452321417.png\" width=\"24\" srcset=\"https:\/\/webs.uab.cat\/easit\/wp-content\/uploads\/sites\/159\/2018\/09\/file-music-download-audio-mp3-sound-44525_1-e1662452321417.png 256w, https:\/\/webs.uab.cat\/easit\/wp-content\/uploads\/sites\/159\/2018\/09\/file-music-download-audio-mp3-sound-44525_1-150x150.png 150w\" sizes=\"auto, (max-width: 60px) 100vw, 60px\"><\/a><\/p>\n<p>&nbsp;<\/p>\n<p><strong>Output 6. Zertifizierung<\/strong><\/p>\n<p>Im EASIT-Projekt m\u00f6chten wir Vorschl\u00e4ge erarbeiten.<\/p>\n<p>Diese Vorschl\u00e4ge sind f\u00fcr eine Zertifizierung.<\/p>\n<p>Eine Zertifizierung ist wie eine Ausbildung.<\/p>\n<p>Das hei\u00dft:<\/p>\n<p>Personen machen eine Weiterbildung.<\/p>\n<p>Am Ende von der Weiterbildung bekommen die Personen dann eine Urkunde.<\/p>\n<p>Die Urkunde sagt:<\/p>\n<p>Diese Person kann eine bestimmte Sache sehr gut.<\/p>\n<p>Diese Person ist jetzt ein Experte.<\/p>\n<p>Im EASIT-Projekt soll es so eine Zertifizierung f\u00fcr Experten geben:<\/p>\n<p>Diese Experten k\u00f6nnen (dann) n\u00e4mlich Inhalte leicht verst\u00e4ndlich machen.<\/p>\n<p>Deshalb fragen wir Personen in anderen Projekten:<\/p>\n<ul>\n  <li>Wie bildet ihr Experten f\u00fcr leicht verst\u00e4ndliche Inhalte aus?<\/li>\n<\/ul>\n<ul>\n  <li>Und wie zertifiziert ihr diese Experten?<\/li>\n<\/ul>\n<p>\u00a0<\/p>\n<p>Wir werden die Experten\u00a0<strong>nicht<\/strong>\u00a0zertifizieren.<\/p>\n<p>Und wir werden den Experten\u00a0<strong>keine<\/strong>\u00a0Urkunde geben.<\/p>\n<p>Aber wir erarbeiten Vorschl\u00e4ge f\u00fcr die Weiterbildung.<\/p>\n<p>Und wir erarbeiten Vorschl\u00e4ge f\u00fcr die Zertifizierung.<\/p>\n<p>Sie m\u00f6chten mehr \u00fcber die Zertifizierung wissen?<\/p>\n<p>Dann k\u00f6nnen Sie Anna Matamala fragen.<\/p>\n<p>Anna Matamala hat diesen Text geschrieben.<\/p>\n<p>Und Anna Matamala ist f\u00fcr die Zertifizierung verantwortlich.<\/p>\n<p>Hier ist die E-Mail\u00b7adresse von Anna Matamala:<\/p>\n<p><strong><u><a href=\"mailto:anna.matamala@uab.cat\">anna.matamala@uab.cat<\/a><\/u><\/strong><\/p>\n<\/div>\n","protected":false},"excerpt":{"rendered":"<p>Vorlesen &nbsp; Sie m\u00f6chten den Output 6 herunterladen? Dann klicken Sie\u00a0hier. \u00a0 Hauptzielgruppe: Alle Personen,\u00a0die sich f\u00fcr eine zertifizierte Weiterbildung interessieren. &nbsp; Output 6. Zertifizierung Im EASIT-Projekt m\u00f6chten wir Vorschl\u00e4ge erarbeiten. Diese Vorschl\u00e4ge sind f\u00fcr eine Zertifizierung. Eine Zertifizierung ist wie eine Ausbildung. Das hei\u00dft: Personen machen eine Weiterbildung. Am Ende von der Weiterbildung bekommen [&hellip;]<\/p>\n","protected":false},"author":20,"featured_media":0,"parent":0,"menu_order":0,"comment_status":"closed","ping_status":"closed","template":"","meta":{"footnotes":""},"class_list":["post-253","page","type-page","status-publish","hentry"],"_links":{"self":[{"href":"https:\/\/webs.uab.cat\/easit\/de\/wp-json\/wp\/v2\/pages\/253","targetHints":{"allow":["GET"]}}],"collection":[{"href":"https:\/\/webs.uab.cat\/easit\/de\/wp-json\/wp\/v2\/pages"}],"about":[{"href":"https:\/\/webs.uab.cat\/easit\/de\/wp-json\/wp\/v2\/types\/page"}],"author":[{"embeddable":true,"href":"https:\/\/webs.uab.cat\/easit\/de\/wp-json\/wp\/v2\/users\/20"}],"replies":[{"embeddable":true,"href":"https:\/\/webs.uab.cat\/easit\/de\/wp-json\/wp\/v2\/comments?post=253"}],"version-history":[{"count":4,"href":"https:\/\/webs.uab.cat\/easit\/de\/wp-json\/wp\/v2\/pages\/253\/revisions"}],"predecessor-version":[{"id":4219,"href":"https:\/\/webs.uab.cat\/easit\/de\/wp-json\/wp\/v2\/pages\/253\/revisions\/4219"}],"wp:attachment":[{"href":"https:\/\/webs.uab.cat\/easit\/de\/wp-json\/wp\/v2\/media?parent=253"}],"curies":[{"name":"wp","href":"https:\/\/api.w.org\/{rel}","templated":true}]}}