{"id":255,"date":"2018-09-25T08:44:26","date_gmt":"2018-09-25T08:44:26","guid":{"rendered":"https:\/\/webs.uab.cat\/easit\/veranstaltung-1\/"},"modified":"2024-06-25T09:10:32","modified_gmt":"2024-06-25T09:10:32","slug":"veranstaltung-1","status":"publish","type":"page","link":"https:\/\/webs.uab.cat\/easit\/de\/veranstaltung-1\/","title":{"rendered":"Veranstaltung 1"},"content":{"rendered":"\n<script src=\"https:\/\/cdn-eu.readspeaker.com\/script\/10610\/webReader\/webReader.js?pids=wr\" type=\"text\/javascript\" id=\"rs_req_Init\"><\/script>\n\n<div class=\"rs_skip rsbtn rs_preserve\" id=\"readspeaker_button1\">\n  <a rel=\"nofollow\" class=\"rsbtn_play\" title=\"Um den Text anzuh&ouml;ren, verwenden Sie bitte ReadSpeaker webReader\" href=\"https:\/\/app-eu.readspeaker.com\/cgi-bin\/rsent?customerid=10610&amp;lang=de_de&amp;readid=READIDveranstaltungen1DE&amp;url=https:\/\/webs.uab.cat\/easit\/de\/veranstaltung-1\/\">\n        <span class=\"rsbtn_left rsimg rspart\"><span class=\"rsbtn_text\"><span>Vorlesen<\/span><\/span><\/span>\n        <span class=\"rsbtn_right rsimg rsplay rspart\"><\/span>\n    <\/a>\n<\/div><p>&nbsp;<\/p>\n<div id=\"READIDveranstaltungen1DE\">\n<p>Sie m\u00f6chten das Programm herunterladen?<\/p>\n<p>Dann klicken Sie\u00a0<a href=\"https:\/\/webs.uab.cat\/easit\/wp-content\/uploads\/sites\/159\/2018\/09\/easit_sdi_e1_agenda_savedate.pdf\">hier<\/a>.<\/p>\n<p>\u00a0<\/p>\n<p>Sie m\u00f6chten die Pr\u00e4sentationen herunterladen?<\/p>\n<p>Dann klicken Sie\u00a0<a href=\"http:\/\/webs.uab.cat\/easit\/en\/content\/event-1-presentations\">hier<\/a>.<\/p>\n<p>\u00a0<\/p>\n<p>Sie m\u00f6chten den Bericht herunterladen?<\/p>\n<p>Dann klicken Sie\u00a0<a href=\"https:\/\/ddd.uab.cat\/record\/204069\">hier<\/a>.<\/p>\n<p>\u00a0<\/p>\n<p>\n  <a href=\"https:\/\/webs.uab.cat\/easit\/wp-content\/uploads\/sites\/159\/2022\/09\/easit-website-event_1-de.mp3\"><img loading=\"lazy\" decoding=\"async\" alt=\"MP3 Downloaden\" height=\"25\" src=\"https:\/\/webs.uab.cat\/easit\/wp-content\/uploads\/sites\/159\/2018\/09\/file-music-download-audio-mp3-sound-44525_1-e1662452321417.png\" width=\"25\" srcset=\"https:\/\/webs.uab.cat\/easit\/wp-content\/uploads\/sites\/159\/2018\/09\/file-music-download-audio-mp3-sound-44525_1-e1662452321417.png 256w, https:\/\/webs.uab.cat\/easit\/wp-content\/uploads\/sites\/159\/2018\/09\/file-music-download-audio-mp3-sound-44525_1-150x150.png 150w\" sizes=\"auto, (max-width: 60px) 100vw, 60px\"><\/a><\/p>\n<p>\u00a0<\/p>\n<p>Die Veranstaltung 1 ist an der Hochschule f\u00fcr Angewandte Sprachen in M\u00fcnchen.<\/p>\n<p>M\u00fcnchen ist eine Stadt in Deutschland.<\/p>\n<p>\u00a0<\/p>\n<p>Die Veranstaltung 1 ist am 7. M\u00e4rz 2019.<\/p>\n<p>\u00a0<\/p>\n<p><strong>Wer kommt zu der Veranstaltung?<\/strong><\/p>\n<p>Alle Partner von dem EASIT-Projekt sind bei Veranstaltung 1.<\/p>\n<p>Die Partner von dem EASIT-Projekt laden auch weitere Personen zu Veranstaltung 1 ein.<\/p>\n<p>Diese Personen interessieren sich auch f\u00fcr leicht verst\u00e4ndliche Inhalte.<\/p>\n<p>\u00a0<\/p>\n<p><strong>Was machen wir bei der Veranstaltung?<\/strong><\/p>\n<p>Wir zeigen Output 1.<\/p>\n<p>Output ist ein anderes Wort f\u00fcr Ergebnis.<\/p>\n<p>Und wir sprechen \u00fcber Output 1.<\/p>\n<p>Sie m\u00f6chten mehr \u00fcber Output 1 wissen?<\/p>\n<p>Dann klicken Sie\u00a0<a href=\"http:\/\/webs.uab.cat\/easit\/de\/content\/output-1\">hier<\/a>.<\/p>\n<p>\u00a0<\/p>\n<p>Sie m\u00f6chten mehr \u00fcber die Veranstaltung wissen?<\/p>\n<p>Dann k\u00f6nnen Sie Roc\u00edo Bernab\u00e9 fragen.<\/p>\n<p>Roc\u00edo Bernab\u00e9 hat diese Informationen geschrieben.<\/p>\n<p>Und Roc\u00edo Bernab\u00e9 ist verantwortlich f\u00fcr Veranstaltung 1.<\/p>\n<p>Hier ist die E-Mail-Adresse von Roc\u00edo Bernab\u00e9:<\/p>\n<p><a href=\"mailto:Rocio.Bernabe@sdi-muenchen.de\">Rocio.Bernabe@sdi-muenchen.de<\/a><\/p>\n<\/div>\n","protected":false},"excerpt":{"rendered":"<p>Vorlesen &nbsp; Sie m\u00f6chten das Programm herunterladen? Dann klicken Sie\u00a0hier. \u00a0 Sie m\u00f6chten die Pr\u00e4sentationen herunterladen? Dann klicken Sie\u00a0hier. \u00a0 Sie m\u00f6chten den Bericht herunterladen? Dann klicken Sie\u00a0hier. \u00a0 \u00a0 Die Veranstaltung 1 ist an der Hochschule f\u00fcr Angewandte Sprachen in M\u00fcnchen. M\u00fcnchen ist eine Stadt in Deutschland. \u00a0 Die Veranstaltung 1 ist am 7. [&hellip;]<\/p>\n","protected":false},"author":20,"featured_media":0,"parent":0,"menu_order":0,"comment_status":"closed","ping_status":"closed","template":"","meta":{"footnotes":""},"class_list":["post-255","page","type-page","status-publish","hentry"],"_links":{"self":[{"href":"https:\/\/webs.uab.cat\/easit\/de\/wp-json\/wp\/v2\/pages\/255","targetHints":{"allow":["GET"]}}],"collection":[{"href":"https:\/\/webs.uab.cat\/easit\/de\/wp-json\/wp\/v2\/pages"}],"about":[{"href":"https:\/\/webs.uab.cat\/easit\/de\/wp-json\/wp\/v2\/types\/page"}],"author":[{"embeddable":true,"href":"https:\/\/webs.uab.cat\/easit\/de\/wp-json\/wp\/v2\/users\/20"}],"replies":[{"embeddable":true,"href":"https:\/\/webs.uab.cat\/easit\/de\/wp-json\/wp\/v2\/comments?post=255"}],"version-history":[{"count":4,"href":"https:\/\/webs.uab.cat\/easit\/de\/wp-json\/wp\/v2\/pages\/255\/revisions"}],"predecessor-version":[{"id":4221,"href":"https:\/\/webs.uab.cat\/easit\/de\/wp-json\/wp\/v2\/pages\/255\/revisions\/4221"}],"wp:attachment":[{"href":"https:\/\/webs.uab.cat\/easit\/de\/wp-json\/wp\/v2\/media?parent=255"}],"curies":[{"name":"wp","href":"https:\/\/api.w.org\/{rel}","templated":true}]}}