{"id":261,"date":"2018-09-03T15:17:02","date_gmt":"2018-09-03T15:17:02","guid":{"rendered":"https:\/\/webs.uab.cat\/easit\/kontakt\/"},"modified":"2024-05-16T08:04:00","modified_gmt":"2024-05-16T08:04:00","slug":"kontakt","status":"publish","type":"page","link":"https:\/\/webs.uab.cat\/easit\/de\/kontakt\/","title":{"rendered":"Kontakt"},"content":{"rendered":"\n<script src=\"https:\/\/cdn-eu.readspeaker.com\/script\/10610\/webReader\/webReader.js?pids=wr\" type=\"text\/javascript\" id=\"rs_req_Init\"><\/script>\n\n<div class=\"rs_skip rsbtn rs_preserve\" id=\"readspeaker_button1\">\n  <a rel=\"nofollow\" class=\"rsbtn_play\" title=\"Um den Text anzuh&ouml;ren, verwenden Sie bitte ReadSpeaker webReader\" href=\"https:\/\/app-eu.readspeaker.com\/cgi-bin\/rsent?customerid=10610&amp;lang=de_de&amp;readid=READIDkontaktDE&amp;url=https:\/\/webs.uab.cat\/easit\/de\/kontakt\/\">\n        <span class=\"rsbtn_left rsimg rspart\"><span class=\"rsbtn_text\"><span>Vorlesen<\/span><\/span><\/span>\n        <span class=\"rsbtn_right rsimg rsplay rspart\"><\/span>\n    <\/a>\n<\/div><p>&nbsp;<\/p>\n<div id=\"READIDkontaktDE\">\n  <table border=\"3\" cellpadding=\"1\" cellspacing=\"1\">\n    <tbody>\n      <tr>\n        <td><p>Sie m\u00f6chten mehr \u00fcber das Projekt wissen?<\/p>\n          <p>Dann k\u00f6nnen Sie Anna Matamala eine E-Mail schreiben.<\/p>\n          <p>Anna Matamala leitet das EASIT-Projekt.<\/p>\n          <p>Hier ist die E-Mail-Adresse von Anna Matamala:<\/p>\n          <p><a href=\"mailto:anna.matamala@uab.cat\">anna.matamala@uab.cat<\/a><\/p><\/td>\n      <\/tr>\n    <\/tbody>\n  <\/table>\n  <p>\u00a0<\/p>\n  <p><strong>Datenschutz<\/strong><\/p>\n  <p>Sie schreiben uns eine E-Mail?<\/p>\n  <p>Dann beh\u00e4lt Anna Matamala Ihre\u00a0<strong>pers\u00f6nlichen Daten<\/strong>.<\/p>\n  <p><strong>Pers\u00f6nlichen Daten<\/strong>\u00a0sind Ihr Name.<\/p>\n  <p>Und Ihre E-Mail-Adresse.<\/p>\n  <p>Mit Ihren\u00a0<strong>pers\u00f6nlichen Daten<\/strong>\u00a0kann Anna Matamala Ihre Fragen zum EASIT-Projekt beantworten.<\/p>\n  <p>\u00a0<\/p>\n  <p>Wir geben Ihre pers\u00f6nlichen Daten\u00a0<strong>nicht<\/strong>\u00a0an andere Personen weiter.<\/p>\n  <p>Und wir geben Ihre pers\u00f6nlichen Daten\u00a0<strong>nicht<\/strong>\u00a0an andere Unternehmen weiter.<\/p>\n  <p>Und wir geben Ihre pers\u00f6nlichen Daten\u00a0<strong>nicht<\/strong>\u00a0an andere Organisationen weiter.<\/p>\n  <p>\u00a0<\/p>\n  <ul>\n    <li>Sie wollen eine Kopie von Ihren pers\u00f6nlichen Daten?<\/li>\n  <\/ul>\n  <ul>\n    <li>Sie wollen Ihre pers\u00f6nlichen Daten \u00e4ndern?<\/li>\n  <\/ul>\n  <ul>\n    <li>Wir sollen Ihre pers\u00f6nlichen Daten l\u00f6schen?<\/li>\n  <\/ul>\n  <p>Dann schreiben Sie uns.<\/p>\n  <p>\u00a0<\/p>\n  <p>Sie haben Fragen zum Datenschutz?<\/p>\n  <p>Dann k\u00f6nnen Sie die katalanische Beh\u00f6rde f\u00fcr Datenschutz ansprechen.<\/p>\n  <p>Hier ist der Link zu der Seite:<\/p>\n  <p><a href=\"http:\/\/apdcat.gencat.cat\/\">http:\/\/apdcat.gencat.cat<\/a><\/p>\n  <p>\u00a0<\/p>\n  <p>Die EASIT-Seite geh\u00f6rt der Autonomen Universit\u00e4t Barcelona.<\/p>\n  <p>Sie haben Fragen?<\/p>\n  <p>Dann k\u00f6nnen Sie dem Datenschutz\u00b7beauftragten an der Autonomen Universit\u00e4t Barcelona eine E-Mail schreiben.<\/p>\n  <p>Hier ist die E-Mail-Adresse:<\/p>\n  <p><a href=\"mailto:proteccio.dades@uab.cat\">proteccio.dades@uab.cat<\/a><\/p>\n  <p>Sie wollen mehr Informationen zum Schutz von Ihren pers\u00f6nlichen Daten?<\/p>\n  <p>Dann klicken Sie\u00a0<a href=\"http:\/\/www.uab.cat\/web\/about-the-uab\/itineraries\/proteccio-de-dades-1345672265358.html\">hier<\/a>.<\/p>\n  <p>&nbsp;<\/p>\n<\/div>\n","protected":false},"excerpt":{"rendered":"<p>Vorlesen &nbsp; Sie m\u00f6chten mehr \u00fcber das Projekt wissen? Dann k\u00f6nnen Sie Anna Matamala eine E-Mail schreiben. Anna Matamala leitet das EASIT-Projekt. Hier ist die E-Mail-Adresse von Anna Matamala: anna.matamala@uab.cat \u00a0 Datenschutz Sie schreiben uns eine E-Mail? Dann beh\u00e4lt Anna Matamala Ihre\u00a0pers\u00f6nlichen Daten. Pers\u00f6nlichen Daten\u00a0sind Ihr Name. Und Ihre E-Mail-Adresse. Mit Ihren\u00a0pers\u00f6nlichen Daten\u00a0kann Anna Matamala [&hellip;]<\/p>\n","protected":false},"author":20,"featured_media":0,"parent":0,"menu_order":0,"comment_status":"closed","ping_status":"closed","template":"","meta":{"footnotes":""},"class_list":["post-261","page","type-page","status-publish","hentry"],"_links":{"self":[{"href":"https:\/\/webs.uab.cat\/easit\/de\/wp-json\/wp\/v2\/pages\/261","targetHints":{"allow":["GET"]}}],"collection":[{"href":"https:\/\/webs.uab.cat\/easit\/de\/wp-json\/wp\/v2\/pages"}],"about":[{"href":"https:\/\/webs.uab.cat\/easit\/de\/wp-json\/wp\/v2\/types\/page"}],"author":[{"embeddable":true,"href":"https:\/\/webs.uab.cat\/easit\/de\/wp-json\/wp\/v2\/users\/20"}],"replies":[{"embeddable":true,"href":"https:\/\/webs.uab.cat\/easit\/de\/wp-json\/wp\/v2\/comments?post=261"}],"version-history":[{"count":1,"href":"https:\/\/webs.uab.cat\/easit\/de\/wp-json\/wp\/v2\/pages\/261\/revisions"}],"predecessor-version":[{"id":3979,"href":"https:\/\/webs.uab.cat\/easit\/de\/wp-json\/wp\/v2\/pages\/261\/revisions\/3979"}],"wp:attachment":[{"href":"https:\/\/webs.uab.cat\/easit\/de\/wp-json\/wp\/v2\/media?parent=261"}],"curies":[{"name":"wp","href":"https:\/\/api.w.org\/{rel}","templated":true}]}}