{"id":335,"date":"2018-12-11T12:45:03","date_gmt":"2018-12-11T12:45:03","guid":{"rendered":"https:\/\/webs.uab.cat\/easit\/berater\/"},"modified":"2024-06-26T10:36:41","modified_gmt":"2024-06-26T10:36:41","slug":"berater","status":"publish","type":"page","link":"https:\/\/webs.uab.cat\/easit\/de\/berater\/","title":{"rendered":"Berater"},"content":{"rendered":"\n<script src=\"https:\/\/cdn-eu.readspeaker.com\/script\/10610\/webReader\/webReader.js?pids=wr\" type=\"text\/javascript\" id=\"rs_req_Init\"><\/script>\n\n<div class=\"rs_skip rsbtn rs_preserve\" id=\"readspeaker_button1\">\n  <a rel=\"nofollow\" class=\"rsbtn_play\" title=\"Um den Text anzuh&ouml;ren, verwenden Sie bitte ReadSpeaker webReader\" href=\"https:\/\/app-eu.readspeaker.com\/cgi-bin\/rsent?customerid=10610&amp;lang=de_de&amp;readid=READIDberaterDE&amp;url=https:\/\/webs.uab.cat\/easit\/de\/berater\/\">\n        <span class=\"rsbtn_left rsimg rspart\"><span class=\"rsbtn_text\"><span>Vorlesen<\/span><\/span><\/span>\n        <span class=\"rsbtn_right rsimg rsplay rspart\"><\/span>\n    <\/a>\n<\/div><p>&nbsp;<\/p>\n<div id=\"READIDberaterDE\">\n<p><strong>Berater<\/strong><\/p>\n<p>6\u00a0<strong>Berater<\/strong>\u00a0helfen beim EASIT-Projekt.<\/p>\n<p>Berater sind Experten.<\/p>\n<p>Diese Experten arbeiten\u00a0<strong>nicht<\/strong>\u00a0im EASIT-Projekt.<\/p>\n<p>Aber die Berater verfolgen das Projekt.<\/p>\n<p>Und unterst\u00fctzen das Projekt.<\/p>\n<p>Und geben uns ihre Meinung zum Projekt.<\/p>\n<p>&nbsp;<\/p>\n<p>Die Berater im EASIT-Projekt sind:<\/p>\n<ul>\n  <li>\u00c5sa Wengelin.<\/li>\n<\/ul>\n<p>\u00c5sa Wengelin arbeitet an der Universit\u00e4t G\u00f6teborg.<\/p>\n<p>G\u00f6teborg ist eine Stadt in Schweden.<\/p>\n<p>&nbsp;<\/p>\n<ul>\n  <li>Carlo Eugeni.<\/li>\n<\/ul>\n<p>Carlo Eugeni arbeitet an der SSML in Pisa.<\/p>\n<p>Die SSML ist eine Hochschule in Pisa.<\/p>\n<p>Pisa ist eine Stadt in Italien.<\/p>\n<p>&nbsp;<\/p>\n<ul>\n  <li>Clara Delgado Santos.<\/li>\n<\/ul>\n<p>Clara Delgado Santos arbeitet im CEAPAT-IMSERSO.<\/p>\n<p>Das CEAPAT-IMSERSO ist das spanische Amt f\u00fcr Teilhabe und Behinderten\u2219hilfe.<\/p>\n<p>&nbsp;<\/p>\n<ul>\n  <li>Iwona Mazur.<\/li>\n<\/ul>\n<p>Iwona Mazur arbeitet an der Adam-Mickiewicz-Universit\u00e4t in Polen.<\/p>\n<p>&nbsp;<\/p>\n<ul>\n  <li>Leealaura Leskel\u00e4.<\/li>\n<\/ul>\n<p>Leaalaura Leskel\u00e4 arbeitet im Finnischen Leichte-Sprache-Zentrum in Finnland.<\/p>\n<p>&nbsp;<\/p>\n<ul>\n  <li>\u00d3scar Garc\u00eda Mu\u00f1oz.<\/li>\n<\/ul>\n<p>\u00d3scar Garc\u00eda Mu\u00f1oz arbeitet in einem Verband.<\/p>\n<p>Der Verband hei\u00dft: Plena Inclusi\u00f3n Madrid.<\/p>\n<p>Plena Inclusi\u00f3n Madrid ist ein Verband f\u00fcr Menschen mit geistiger Behinderung in Madrid.<\/p>\n<p>Madrid ist die Hauptstadt von Spanien.<\/p>\n<p>\u00a0<\/p>\n<p>Anna Matamala hat dieser Text geschrieben.<\/p>\n<p>Sie wollen mehr \u00fcber die Berater im EASIT-Projekt wissen?<\/p>\n<p>Dann schreiben Sie Anna Matamala eine E-Mail..<\/p>\n<p>Hier ist die E-mail-Addresse von Anna Matamala:\u00a0<a href=\"mailto:anna.matamala@uab.cat\">anna.matamala@uab.cat<\/a><\/p>\n<\/div>\n","protected":false},"excerpt":{"rendered":"<p>Vorlesen &nbsp; Berater 6\u00a0Berater\u00a0helfen beim EASIT-Projekt. Berater sind Experten. Diese Experten arbeiten\u00a0nicht\u00a0im EASIT-Projekt. Aber die Berater verfolgen das Projekt. Und unterst\u00fctzen das Projekt. Und geben uns ihre Meinung zum Projekt. &nbsp; Die Berater im EASIT-Projekt sind: \u00c5sa Wengelin. \u00c5sa Wengelin arbeitet an der Universit\u00e4t G\u00f6teborg. G\u00f6teborg ist eine Stadt in Schweden. &nbsp; Carlo Eugeni. Carlo [&hellip;]<\/p>\n","protected":false},"author":20,"featured_media":0,"parent":0,"menu_order":0,"comment_status":"closed","ping_status":"closed","template":"","meta":{"footnotes":""},"class_list":["post-335","page","type-page","status-publish","hentry"],"_links":{"self":[{"href":"https:\/\/webs.uab.cat\/easit\/de\/wp-json\/wp\/v2\/pages\/335","targetHints":{"allow":["GET"]}}],"collection":[{"href":"https:\/\/webs.uab.cat\/easit\/de\/wp-json\/wp\/v2\/pages"}],"about":[{"href":"https:\/\/webs.uab.cat\/easit\/de\/wp-json\/wp\/v2\/types\/page"}],"author":[{"embeddable":true,"href":"https:\/\/webs.uab.cat\/easit\/de\/wp-json\/wp\/v2\/users\/20"}],"replies":[{"embeddable":true,"href":"https:\/\/webs.uab.cat\/easit\/de\/wp-json\/wp\/v2\/comments?post=335"}],"version-history":[{"count":2,"href":"https:\/\/webs.uab.cat\/easit\/de\/wp-json\/wp\/v2\/pages\/335\/revisions"}],"predecessor-version":[{"id":4427,"href":"https:\/\/webs.uab.cat\/easit\/de\/wp-json\/wp\/v2\/pages\/335\/revisions\/4427"}],"wp:attachment":[{"href":"https:\/\/webs.uab.cat\/easit\/de\/wp-json\/wp\/v2\/media?parent=335"}],"curies":[{"name":"wp","href":"https:\/\/api.w.org\/{rel}","templated":true}]}}