{"id":312,"date":"2018-12-11T12:45:03","date_gmt":"2018-12-11T12:45:03","guid":{"rendered":"https:\/\/webs.uab.cat\/easit\/advisors\/"},"modified":"2024-06-25T07:23:51","modified_gmt":"2024-06-25T07:23:51","slug":"advisors","status":"publish","type":"page","link":"https:\/\/webs.uab.cat\/easit\/en\/advisors\/","title":{"rendered":"Advisors"},"content":{"rendered":"\n<script src=\"\/\/cdn1.readspeaker.com\/script\/10610\/webReader\/webReader.js?pids=wr\" type=\"text\/javascript\"><\/script>\n\n<div class=\"rs_skip rsbtn rs_preserve\" id=\"readspeaker_button1\"><a accesskey=\"L\" class=\"rsbtn_play\" href=\"\/\/app-eu.readspeaker.com\/cgi-bin\/rsent?customerid=10610&amp;lang=en_uk&amp;readid=advisorsEN&amp;url=https:\/\/webs.uab.cat\/easit\/en\/advisors\/\" rel=\"nofollow\" title=\"Listen to this page using ReadSpeaker webReader\"><span class=\"rsbtn_left rsimg rspart\"><span class=\"rsbtn_text\"><span>Listen<\/span> <\/a><\/div>\n<p><\/p>\n<div id=\"advisorsEN\">\n<p><strong>Advisors<\/strong><\/p>\n\n<p>6&nbsp;<strong>advisors<\/strong>&nbsp;help in the EASIT project.<\/p>\n\n<p>Advisors are experts who do not work on the project.<\/p>\n\n<p>They follow the project and give us their opinion.<\/p>\n\n<p>&nbsp;<\/p>\n\n<p>The advisors are:<\/p>\n\n<ul>\n\t<li>\u00c5sa Wengelin, from University of Gothenburg, in Sweden<\/li>\n\t<li>Carlo Eugeni, from SSML-Pisa, in Italy<\/li>\n\t<li>Clara Delgado Santos, from CEAPAT-IMSERSO, in Spain<\/li>\n\t<li>Iwona Mazur, from Adam Mickiewicz University, in Poland<\/li>\n\t<li>Leealaura Leskel\u00e4, from The Finnish Center for&nbsp;Easy to Read, in Finnland<\/li>\n\t<li>\u00d3scar Garc\u00eda Mu\u00f1oz, from Plena Inclusi\u00f3n Madrid, in Spain<\/li>\n<\/ul>\n\n<p>&nbsp;<\/p>\n\n<p>Anna Matamala has written this information.<\/p>\n\n<p>If you want to know more about the advisors,<\/p>\n\n<p>you can ask Anna Matamala.<\/p>\n\n<p>Her e-mail-address is:&nbsp;<u><strong><a href=\"mailto:anna.matamala@uab.cat\">anna.matamala@uab.cat<\/a><\/strong><\/u><\/p>\n<\/div>\n\n<p>&nbsp;<\/p>\n","protected":false},"excerpt":{"rendered":"<p>Listen Advisors 6&nbsp;advisors&nbsp;help in the EASIT project. Advisors are experts who do not work on the project. They follow the project and give us their opinion. &nbsp; The advisors are: \u00c5sa Wengelin, from University of Gothenburg, in Sweden Carlo Eugeni, from SSML-Pisa, in Italy Clara Delgado Santos, from CEAPAT-IMSERSO, in Spain Iwona Mazur, from Adam [&hellip;]<\/p>\n","protected":false},"author":20,"featured_media":0,"parent":0,"menu_order":0,"comment_status":"closed","ping_status":"closed","template":"","meta":{"footnotes":""},"class_list":["post-312","page","type-page","status-publish","hentry"],"_links":{"self":[{"href":"https:\/\/webs.uab.cat\/easit\/en\/wp-json\/wp\/v2\/pages\/312","targetHints":{"allow":["GET"]}}],"collection":[{"href":"https:\/\/webs.uab.cat\/easit\/en\/wp-json\/wp\/v2\/pages"}],"about":[{"href":"https:\/\/webs.uab.cat\/easit\/en\/wp-json\/wp\/v2\/types\/page"}],"author":[{"embeddable":true,"href":"https:\/\/webs.uab.cat\/easit\/en\/wp-json\/wp\/v2\/users\/20"}],"replies":[{"embeddable":true,"href":"https:\/\/webs.uab.cat\/easit\/en\/wp-json\/wp\/v2\/comments?post=312"}],"version-history":[{"count":3,"href":"https:\/\/webs.uab.cat\/easit\/en\/wp-json\/wp\/v2\/pages\/312\/revisions"}],"predecessor-version":[{"id":4165,"href":"https:\/\/webs.uab.cat\/easit\/en\/wp-json\/wp\/v2\/pages\/312\/revisions\/4165"}],"wp:attachment":[{"href":"https:\/\/webs.uab.cat\/easit\/en\/wp-json\/wp\/v2\/media?parent=312"}],"curies":[{"name":"wp","href":"https:\/\/api.w.org\/{rel}","templated":true}]}}