{"id":46,"date":"2018-09-03T15:16:03","date_gmt":"2018-09-03T15:16:03","guid":{"rendered":"https:\/\/webs.uab.cat\/easit\/partners\/"},"modified":"2024-06-25T06:51:43","modified_gmt":"2024-06-25T06:51:43","slug":"partners","status":"publish","type":"page","link":"https:\/\/webs.uab.cat\/easit\/en\/partners\/","title":{"rendered":"Partners"},"content":{"rendered":"\n<script src=\"\/\/cdn1.readspeaker.com\/script\/10610\/webReader\/webReader.js?pids=wr\" type=\"text\/javascript\"><\/script>\n\n<div class=\"rs_skip rsbtn rs_preserve\" id=\"readspeaker_button1\"><a accesskey=\"L\" class=\"rsbtn_play\" href=\"\/\/app-eu.readspeaker.com\/cgi-bin\/rsent?customerid=10610&amp;lang=en_uk&amp;readid=partnersEN&amp;url=https:\/\/webs.uab.cat\/easit\/en\/partners\" rel=\"nofollow\" title=\"Listen to this page using ReadSpeaker webReader\"><span class=\"rsbtn_left rsimg rspart\"><span class=\"rsbtn_text\"><span>Listen<\/span> <\/a><\/div>\n<p><\/p>\n<div id=\"partnersEN\">\n<p>8 organisations&nbsp;work on the EASIT project.<\/p>\n\n<p>They are called <strong>partners.<\/strong><\/p>\n\n<p>The partners are:<\/p>\n\n<ul>\n\t<li>5 universities<\/li>\n<\/ul>\n\n<ul>\n\t<li>1 broadcaster<\/li>\n<\/ul>\n\n<ul>\n\t<li>2 user associations<\/li>\n<\/ul>\n\n<p>&nbsp;<\/p>\n\n<p>The names are:<\/p>\n\n<ul>\n\t<li><u><strong><a href=\"https:\/\/webs.uab.cat\/easit\/dyslexiforbundet\/\">Dyslexif\u00f6rbundet<\/a><\/strong><\/u><\/li>\n\t<li><u><strong><a href=\"https:\/\/webs.uab.cat\/easit\/en\/rtv-slovenija\">Radiotelevizija Slovenija Javni Zavod Ljubljana<\/a><\/strong><\/u><\/li>\n\t<li><u><strong><a href=\"https:\/\/webs.uab.cat\/easit\/en\/sdi-m%C3%BCnchen\">SDI M\u00fcnchen<\/a><\/strong><\/u><\/li>\n\t<li><u><strong><a href=\"https:\/\/webs.uab.cat\/easit\/stiftung-universit%C3%A4t-hildesheim\">Stiftung Universit\u00e4t Hildesheim<\/a><\/strong><\/u><\/li>\n\t<li><u><strong><a href=\"https:\/\/webs.uab.cat\/easit\/universidade-de-vigo\/\">Universidade de Vigo<\/a><\/strong><\/u><\/li>\n\t<li><u><strong><a href=\"https:\/\/webs.uab.cat\/easit\/universit%C3%A0-degli-studi-di-trieste\">Universit\u00e0 degli Studi di Trieste<\/a><\/strong><\/u><\/li>\n\t<li><u><strong><a href=\"https:\/\/webs.uab.cat\/easit\/universitat-aut%C3%B2noma-de-barcelona\">Universitat Aut\u00f2noma de Barcelona<\/a><\/strong><\/u><\/li>\n\t<li><u><strong><a href=\"https:\/\/webs.uab.cat\/easit\/zavod-risa\">Zavod RISA<\/a><\/strong><\/u><\/li>\n<\/ul>\n\n<p>&nbsp;<\/p>\n\n<p>To access the information you can:<\/p>\n\n<ul>\n\t<li>use the links<\/li>\n\t<li>use the menu on top of this page<\/li>\n<\/ul>\n<\/div>\n","protected":false},"excerpt":{"rendered":"<p>Listen 8 organisations&nbsp;work on the EASIT project. They are called partners. The partners are: 5 universities 1 broadcaster 2 user associations &nbsp; The names are: Dyslexif\u00f6rbundet Radiotelevizija Slovenija Javni Zavod Ljubljana SDI M\u00fcnchen Stiftung Universit\u00e4t Hildesheim Universidade de Vigo Universit\u00e0 degli Studi di Trieste Universitat Aut\u00f2noma de Barcelona Zavod RISA &nbsp; To access the information [&hellip;]<\/p>\n","protected":false},"author":20,"featured_media":0,"parent":0,"menu_order":0,"comment_status":"closed","ping_status":"closed","template":"","meta":{"footnotes":""},"class_list":["post-46","page","type-page","status-publish","hentry"],"_links":{"self":[{"href":"https:\/\/webs.uab.cat\/easit\/en\/wp-json\/wp\/v2\/pages\/46","targetHints":{"allow":["GET"]}}],"collection":[{"href":"https:\/\/webs.uab.cat\/easit\/en\/wp-json\/wp\/v2\/pages"}],"about":[{"href":"https:\/\/webs.uab.cat\/easit\/en\/wp-json\/wp\/v2\/types\/page"}],"author":[{"embeddable":true,"href":"https:\/\/webs.uab.cat\/easit\/en\/wp-json\/wp\/v2\/users\/20"}],"replies":[{"embeddable":true,"href":"https:\/\/webs.uab.cat\/easit\/en\/wp-json\/wp\/v2\/comments?post=46"}],"version-history":[{"count":19,"href":"https:\/\/webs.uab.cat\/easit\/en\/wp-json\/wp\/v2\/pages\/46\/revisions"}],"predecessor-version":[{"id":4153,"href":"https:\/\/webs.uab.cat\/easit\/en\/wp-json\/wp\/v2\/pages\/46\/revisions\/4153"}],"wp:attachment":[{"href":"https:\/\/webs.uab.cat\/easit\/en\/wp-json\/wp\/v2\/media?parent=46"}],"curies":[{"name":"wp","href":"https:\/\/api.w.org\/{rel}","templated":true}]}}