{"id":104,"date":"2018-09-03T15:14:42","date_gmt":"2018-09-03T15:14:42","guid":{"rendered":"https:\/\/webs.uab.cat\/easit\/inici\/"},"modified":"2024-06-26T05:56:15","modified_gmt":"2024-06-26T05:56:15","slug":"inici","status":"publish","type":"page","link":"https:\/\/webs.uab.cat\/easit\/es\/","title":{"rendered":"Inicio"},"content":{"rendered":"\n<script src=\"https:\/\/cdn-eu.readspeaker.com\/script\/10610\/webReader\/webReader.js?pids=wr\" type=\"text\/javascript\" id=\"rs_req_Init\"><\/script>\n\n\n<div class=\"rs_skip rsbtn rs_preserve\" id=\"readspeaker_button1\">\n    <a rel=\"nofollow\" class=\"rsbtn_play\" title=\"Escucha esta p&aacute;gina utilizando ReadSpeaker webReader\" href=\"https:\/\/app-eu.readspeaker.com\/cgi-bin\/rsent?customerid=10610&amp;lang=es_es&amp;readid=READIDhomeES&amp;url=https:\/\/webs.uab.cat\/easit\/es\/\">\n        <span class=\"rsbtn_left rsimg rspart\"><span class=\"rsbtn_text\"><span>Escuchar<\/span><\/span><\/span>\n        <span class=\"rsbtn_right rsimg rsplay rspart\"><\/span>\n    <\/a>\n<\/div><p>&nbsp;<\/p>\n<div id=\"READIDhomeES\">\n<p>EASIT es un proyecto para crear informaci\u00f3n <strong>f\u00e1cil de comprender<\/strong>.<\/p>\n\n<p>Para crear informaci\u00f3n f\u00e1cil de comprender<\/p>\n\n<p>podemos usar la Lectura F\u00e1cil<\/p>\n\n<p>y el Lenguaje Llano.<\/p>\n<p>&nbsp;<\/p>\n<p>EASIT son las iniciales de las palabras en ingl\u00e9s&nbsp;<strong>E<\/strong>asy <strong>A<\/strong>ccess for <strong>S<\/strong>ocial <strong>I<\/strong>nclusion <strong>T<\/strong>raining.<\/p>\n\n<p>En espa\u00f1ol significa <strong>F<\/strong>ormaci\u00f3n en <strong>A<\/strong>cceso <strong>F<\/strong>\u00e1cil para la <strong>I<\/strong>nclusi\u00f3n <strong>S<\/strong>ocial.<\/p>\n\n<p>El proyecto empez\u00f3 el 1 de septiembre de 2018<\/p>\n\n<p>y termina el 31 de agosto de 2021.<\/p>\n<p>&nbsp;<\/p>\n<p>Esta p\u00e1gina web est\u00e1 escrita en Lectura F\u00e1cil.<\/p>\n\n<p>La Lectura F\u00e1cil usa un lenguaje f\u00e1cil de comprender.<\/p>\n\n<p>Sin embargo, algunas palabras son dif\u00edciles de comprender.<\/p>\n\n<p>Las palabras dif\u00edciles de comprender est\u00e1n escritas en <strong>negrita<\/strong><\/p>\n\n<p>y las hemos explicado en el texto.<\/p>\n<p>&nbsp;<\/p>\n<p>En EASIT, crearemos materiales<\/p>\n\n<p>para ense\u00f1ar a expertos a escribir de una forma f\u00e1cil de comprender.<\/p>\n\n<p>Estos expertos crear\u00e1n <strong>informaci\u00f3n audiovisual <\/strong>f\u00e1cil de comprender.<\/p>\n\n<p><strong>Informaci\u00f3n audiovisual<\/strong> es informaci\u00f3n<\/p>\n\n<p>que podemos ver y escuchar al mismo tiempo.<\/p>\n\n<p>Por ejemplo, la informaci\u00f3n que sale en televisi\u00f3n<\/p>\n\n<p>o v\u00eddeos como los de YouTube.<\/p>\n<p>&nbsp;<\/p>\n<p>En esta p\u00e1gina web:<\/p>\n\n<ul>\n\n  <li>hablamos de las personas que trabajan en el proyecto<\/li>\n\n  <li>presentamos los resultados del proyecto<\/li>\n\n  <li>anunciamos los eventos que se organizar\u00e1n durante el proyecto<\/li>\n\n  <li>publicamos noticias sobre el proyecto<\/li>\n\n  <li>nombramos a las personas que informan sobre el proyecto.<\/li>\n\n<\/ul>\n\n<p>Para leer la informaci\u00f3n de esta p\u00e1gina web puedes elegir entre estas dos posibilidades:<\/p>\n\n<ul>\n\n  <li>usar los enlaces dentro de la p\u00e1gina web<\/li>\n\n  <li>usar el men\u00fa de la parte de arriba de la p\u00e1gina<\/li>\n  <\/ul>\n\n<p>&nbsp;<\/p>\n<p>EASIT es un Proyecto Europeo.<\/p>\n\n<p>El c\u00f3digo del proyecto es 2018-1-ES01-KA203-050275.<\/p>\n\n<p>Si quieres saber m\u00e1s sobre el proyecto,<\/p>\n\n<p>puedes escribirle un correo electr\u00f3nico a Anna Matamala.<\/p>\n\n<p>Anna Matamala est\u00e1 a cargo del proyecto.<\/p>\n<p>&nbsp;<\/p>\n<p>Anna Matamala es la <strong>coordinadora del proyecto<\/strong>.<\/p>\n\n<p>Puedes pedir m\u00e1s informaci\u00f3n sobre el proyecto a Anna Matamala.<\/p>\n\n<p>La direcci\u00f3n de correo electr\u00f3nico es: <a href=\"mailto:anna.matamala@uab.cat\">anna.matamala@uab.cat<\/a><\/p>\n<\/div>\n\n\n\n<p><\/p>\n","protected":false},"excerpt":{"rendered":"<p>Escuchar &nbsp; EASIT es un proyecto para crear informaci\u00f3n f\u00e1cil de comprender. Para crear informaci\u00f3n f\u00e1cil de comprender podemos usar la Lectura F\u00e1cil y el Lenguaje Llano. &nbsp; EASIT son las iniciales de las palabras en ingl\u00e9s&nbsp;Easy Access for Social Inclusion Training. En espa\u00f1ol significa Formaci\u00f3n en Acceso F\u00e1cil para la Inclusi\u00f3n Social. El proyecto [&hellip;]<\/p>\n","protected":false},"author":20,"featured_media":0,"parent":0,"menu_order":0,"comment_status":"closed","ping_status":"closed","template":"","meta":{"footnotes":""},"class_list":["post-104","page","type-page","status-publish","hentry"],"_links":{"self":[{"href":"https:\/\/webs.uab.cat\/easit\/es\/wp-json\/wp\/v2\/pages\/104","targetHints":{"allow":["GET"]}}],"collection":[{"href":"https:\/\/webs.uab.cat\/easit\/es\/wp-json\/wp\/v2\/pages"}],"about":[{"href":"https:\/\/webs.uab.cat\/easit\/es\/wp-json\/wp\/v2\/types\/page"}],"author":[{"embeddable":true,"href":"https:\/\/webs.uab.cat\/easit\/es\/wp-json\/wp\/v2\/users\/20"}],"replies":[{"embeddable":true,"href":"https:\/\/webs.uab.cat\/easit\/es\/wp-json\/wp\/v2\/comments?post=104"}],"version-history":[{"count":20,"href":"https:\/\/webs.uab.cat\/easit\/es\/wp-json\/wp\/v2\/pages\/104\/revisions"}],"predecessor-version":[{"id":4499,"href":"https:\/\/webs.uab.cat\/easit\/es\/wp-json\/wp\/v2\/pages\/104\/revisions\/4499"}],"wp:attachment":[{"href":"https:\/\/webs.uab.cat\/easit\/es\/wp-json\/wp\/v2\/media?parent=104"}],"curies":[{"name":"wp","href":"https:\/\/api.w.org\/{rel}","templated":true}]}}