{"id":148,"date":"2018-09-03T15:16:03","date_gmt":"2018-09-03T15:16:03","guid":{"rendered":"https:\/\/webs.uab.cat\/easit\/socios\/"},"modified":"2024-06-26T05:57:21","modified_gmt":"2024-06-26T05:57:21","slug":"socios","status":"publish","type":"page","link":"https:\/\/webs.uab.cat\/easit\/es\/socios\/","title":{"rendered":"Socios"},"content":{"rendered":"\n<script src=\"https:\/\/cdn-eu.readspeaker.com\/script\/10610\/webReader\/webReader.js?pids=wr\" type=\"text\/javascript\" id=\"rs_req_Init\"><\/script>\n\n\n<div class=\"rs_skip rsbtn rs_preserve\" id=\"readspeaker_button1\">\n    <a rel=\"nofollow\" class=\"rsbtn_play\" title=\"Escucha esta p&aacute;gina utilizando ReadSpeaker webReader\" href=\"https:\/\/app-eu.readspeaker.com\/cgi-bin\/rsent?customerid=10610&amp;lang=es_es&amp;readid=READIDsociosES&amp;url=https:\/\/webs.uab.cat\/easit\/es\/socios\/\">\n        <span class=\"rsbtn_left rsimg rspart\"><span class=\"rsbtn_text\"><span>Escuchar<\/span><\/span><\/span>\n        <span class=\"rsbtn_right rsimg rsplay rspart\"><\/span>\n    <\/a>\n<\/div>  <p>\u00a0<\/p>\n<div id=\"READIDsociosES\">\n<p>En EASIT trabajan 8\u00a0<strong>socios<\/strong>.<\/p>\n<p><strong>Ser socio<\/strong>\u00a0significa trabajar juntos en un proyecto.<\/p>\n<p>Los 8 socios de EASIT son:<\/p>\n<ul>\n  <li>5 universidades<\/li>\n  <li>1 cadena de televisi\u00f3n<\/li>\n  <li>2 asociaciones de personas con discapacidad<\/li>\n<\/ul>\n<p>Los nombres de los socios son:<\/p>\n<ul>\n  <li><a href=\"http:\/\/webs.uab.cat\/easit\/es\/content\/dyslexif%C3%B6rbundet\">Dyslexif\u00f6rbundet<\/a><\/li>\n  <li><a href=\"http:\/\/webs.uab.cat\/easit\/es\/content\/rtv-slovenija\">Radiotelevizija Slovenija Javni\u00a0Zavod Ljubljana<\/a><\/li>\n  <li><a href=\"http:\/\/webs.uab.cat\/easit\/es\/content\/sdi-m%C3%BCnchen\">SDI M\u00fcnchen<\/a><\/li>\n  <li><a href=\"http:\/\/webs.uab.cat\/easit\/es\/content\/stiftung-universit%C3%A4t-hildesheim\">Stiftung Universit\u00e4t Hildesheim<\/a><\/li>\n  <li><a href=\"http:\/\/webs.uab.cat\/easit\/es\/content\/universidade-de-vigo\">Universidade de Vigo<\/a><\/li>\n  <li><a href=\"http:\/\/webs.uab.cat\/easit\/es\/content\/universit%C3%A0-degli-studi-di-trieste\">Universit\u00e0 degli Studi di Trieste<\/a><\/li>\n  <li><a href=\"http:\/\/webs.uab.cat\/easit\/es\/content\/universitat-aut%C3%B2noma-de-barcelona\">Universitat Aut\u00f2noma de Barcelona<\/a><\/li>\n  <li><a href=\"http:\/\/webs.uab.cat\/easit\/es\/content\/zavod-risa\">Zavod RISA<\/a><\/li>\n<\/ul>\n<p>Para leer la informaci\u00f3n de esta p\u00e1gina web puedes elegir entre estas dos posibilidades:<\/p>\n<ul>\n  <li>usar los enlaces dentro de la p\u00e1gina web<\/li>\n  <li>usar el men\u00fa de la parte superior de la p\u00e1gina<\/li>\n<\/ul>\n<\/div>\n","protected":false},"excerpt":{"rendered":"<p>Escuchar \u00a0 En EASIT trabajan 8\u00a0socios. Ser socio\u00a0significa trabajar juntos en un proyecto. Los 8 socios de EASIT son: 5 universidades 1 cadena de televisi\u00f3n 2 asociaciones de personas con discapacidad Los nombres de los socios son: Dyslexif\u00f6rbundet Radiotelevizija Slovenija Javni\u00a0Zavod Ljubljana SDI M\u00fcnchen Stiftung Universit\u00e4t Hildesheim Universidade de Vigo Universit\u00e0 degli Studi di Trieste [&hellip;]<\/p>\n","protected":false},"author":20,"featured_media":0,"parent":0,"menu_order":0,"comment_status":"closed","ping_status":"closed","template":"","meta":{"footnotes":""},"class_list":["post-148","page","type-page","status-publish","hentry"],"_links":{"self":[{"href":"https:\/\/webs.uab.cat\/easit\/es\/wp-json\/wp\/v2\/pages\/148","targetHints":{"allow":["GET"]}}],"collection":[{"href":"https:\/\/webs.uab.cat\/easit\/es\/wp-json\/wp\/v2\/pages"}],"about":[{"href":"https:\/\/webs.uab.cat\/easit\/es\/wp-json\/wp\/v2\/types\/page"}],"author":[{"embeddable":true,"href":"https:\/\/webs.uab.cat\/easit\/es\/wp-json\/wp\/v2\/users\/20"}],"replies":[{"embeddable":true,"href":"https:\/\/webs.uab.cat\/easit\/es\/wp-json\/wp\/v2\/comments?post=148"}],"version-history":[{"count":5,"href":"https:\/\/webs.uab.cat\/easit\/es\/wp-json\/wp\/v2\/pages\/148\/revisions"}],"predecessor-version":[{"id":4338,"href":"https:\/\/webs.uab.cat\/easit\/es\/wp-json\/wp\/v2\/pages\/148\/revisions\/4338"}],"wp:attachment":[{"href":"https:\/\/webs.uab.cat\/easit\/es\/wp-json\/wp\/v2\/media?parent=148"}],"curies":[{"name":"wp","href":"https:\/\/api.w.org\/{rel}","templated":true}]}}